{"id":7258,"date":"2025-08-14T18:38:15","date_gmt":"2025-08-14T18:38:15","guid":{"rendered":"https:\/\/tmasimuladores.com.ar\/?post_type=product&#038;p=7258"},"modified":"2026-04-05T10:25:57","modified_gmt":"2026-04-05T10:25:57","slug":"crp2-performance-kit","status":"publish","type":"product","link":"https:\/\/tmasimuladores.com.ar\/en\/product\/crp2-performance-kit\/","title":{"rendered":"CRP2 Performance Kit"},"content":{"rendered":"<p data-start=\"122\" data-end=\"448\"><strong data-start=\"122\" data-end=\"168\">Kit de Rendimiento para CRP2 \u2013 MOZA Racing<\/strong><br data-start=\"168\" data-end=\"171\" \/>Optimiza tu experiencia de conducci\u00f3n con el <strong data-start=\"216\" data-end=\"245\">Performance Kit para CRP2<\/strong>, dise\u00f1ado para personalizar al m\u00e1ximo la sensaci\u00f3n de frenado de tus pedales. Este kit reproduce la dureza y precisi\u00f3n de los frenos en autos de competici\u00f3n de primer nivel como F\u00f3rmula 1 y F\u00f3rmula 2.<\/p>\n<p data-start=\"450\" data-end=\"662\">Incluye <strong data-start=\"458\" data-end=\"473\">10 resortes<\/strong>, diferentes bloques de amortiguaci\u00f3n y un bloque de aluminio, permitiendo hasta <strong data-start=\"554\" data-end=\"588\">1.764 configuraciones posibles<\/strong> para ajustar la respuesta y recorrido del pedal seg\u00fan tus preferencias.<\/p>\n<p data-start=\"664\" data-end=\"842\">Ya sea que busques una sensaci\u00f3n de frenado <strong data-start=\"708\" data-end=\"718\">lineal<\/strong> o un recorrido m\u00ednimo del pedal, este kit te brinda todas las herramientas para llevar tu rendimiento al siguiente nivel.<\/p>\n<p data-start=\"844\" data-end=\"930\">\u2705 <strong data-start=\"846\" data-end=\"928\">Distribuidor Oficial y Servicio T\u00e9cnico Autorizado de MOZA Racing en Argentina<\/strong><\/p>","protected":false},"excerpt":{"rendered":"<p>Lleva tu simulador al m\u00e1ximo nivel con el <strong data-start=\"201\" data-end=\"230\">Performance Kit MOZA CRP2<\/strong>. Ajusta la dureza y recorrido del pedal de freno con <strong data-start=\"284\" data-end=\"299\">10 resortes<\/strong>, bloques de amortiguaci\u00f3n y bloque de aluminio, logrando hasta <strong data-start=\"363\" data-end=\"386\" data-is-only-node=\"\">1.764 combinaciones<\/strong> para una experiencia realista como en autos de F\u00f3rmula 1 o F\u00f3rmula 2.<br data-start=\"456\" data-end=\"459\" \/><strong data-start=\"459\" data-end=\"538\">Distribuidor Oficial y Servicio T\u00e9cnico Autorizado MOZA Racing en Argentina<\/strong>.<\/p>","protected":false},"featured_media":7259,"template":"","meta":{"site-sidebar-layout":"default","site-content-layout":"","ast-site-content-layout":"default","site-content-style":"default","site-sidebar-style":"default","ast-global-header-display":"","ast-banner-title-visibility":"","ast-main-header-display":"","ast-hfb-above-header-display":"","ast-hfb-below-header-display":"","ast-hfb-mobile-header-display":"","site-post-title":"","ast-breadcrumbs-content":"","ast-featured-img":"","footer-sml-layout":"","theme-transparent-header-meta":"default","adv-header-id-meta":"","stick-header-meta":"","header-above-stick-meta":"","header-main-stick-meta":"","header-below-stick-meta":"","astra-migrate-meta-layouts":"set","ast-page-background-enabled":"default","ast-page-background-meta":{"desktop":{"background-color":"var(--ast-global-color-4)","background-image":"","background-repeat":"repeat","background-position":"center center","background-size":"auto","background-attachment":"scroll","background-type":"","background-media":"","overlay-type":"","overlay-color":"","overlay-opacity":"","overlay-gradient":""},"tablet":{"background-color":"","background-image":"","background-repeat":"repeat","background-position":"center center","background-size":"auto","background-attachment":"scroll","background-type":"","background-media":"","overlay-type":"","overlay-color":"","overlay-opacity":"","overlay-gradient":""},"mobile":{"background-color":"","background-image":"","background-repeat":"repeat","background-position":"center center","background-size":"auto","background-attachment":"scroll","background-type":"","background-media":"","overlay-type":"","overlay-color":"","overlay-opacity":"","overlay-gradient":""}},"ast-content-background-meta":{"desktop":{"background-color":"var(--ast-global-color-5)","background-image":"","background-repeat":"repeat","background-position":"center center","background-size":"auto","background-attachment":"scroll","background-type":"","background-media":"","overlay-type":"","overlay-color":"","overlay-opacity":"","overlay-gradient":""},"tablet":{"background-color":"var(--ast-global-color-5)","background-image":"","background-repeat":"repeat","background-position":"center center","background-size":"auto","background-attachment":"scroll","background-type":"","background-media":"","overlay-type":"","overlay-color":"","overlay-opacity":"","overlay-gradient":""},"mobile":{"background-color":"var(--ast-global-color-5)","background-image":"","background-repeat":"repeat","background-position":"center center","background-size":"auto","background-attachment":"scroll","background-type":"","background-media":"","overlay-type":"","overlay-color":"","overlay-opacity":"","overlay-gradient":""}}},"pwb-brand":[44],"product_brand":[],"product_cat":[36,15,34,59,60],"product_tag":[40],"class_list":{"0":"post-7258","1":"product","2":"type-product","3":"status-publish","4":"has-post-thumbnail","6":"pwb-brand-moza","7":"product_cat-accesorio","8":"product_cat-otros","9":"product_cat-pedal","10":"product_cat-simulador-de-camion","11":"product_cat-simulador-de-carrera","12":"product_tag-simuladores-de-carreras","13":"desktop-align-left","14":"tablet-align-left","15":"mobile-align-left","17":"first","18":"instock","19":"sale","20":"taxable","21":"shipping-taxable","22":"purchasable","23":"product-type-simple"},"brands":[{"id":44,"name":"MOZA","slug":"moza"}],"_links":{"self":[{"href":"https:\/\/tmasimuladores.com.ar\/en\/wp-json\/wp\/v2\/product\/7258","targetHints":{"allow":["GET"]}}],"collection":[{"href":"https:\/\/tmasimuladores.com.ar\/en\/wp-json\/wp\/v2\/product"}],"about":[{"href":"https:\/\/tmasimuladores.com.ar\/en\/wp-json\/wp\/v2\/types\/product"}],"wp:featuredmedia":[{"embeddable":true,"href":"https:\/\/tmasimuladores.com.ar\/en\/wp-json\/wp\/v2\/media\/7259"}],"wp:attachment":[{"href":"https:\/\/tmasimuladores.com.ar\/en\/wp-json\/wp\/v2\/media?parent=7258"}],"wp:term":[{"taxonomy":"pwb-brand","embeddable":true,"href":"https:\/\/tmasimuladores.com.ar\/en\/wp-json\/wp\/v2\/pwb-brand?post=7258"},{"taxonomy":"product_brand","embeddable":true,"href":"https:\/\/tmasimuladores.com.ar\/en\/wp-json\/wp\/v2\/product_brand?post=7258"},{"taxonomy":"product_cat","embeddable":true,"href":"https:\/\/tmasimuladores.com.ar\/en\/wp-json\/wp\/v2\/product_cat?post=7258"},{"taxonomy":"product_tag","embeddable":true,"href":"https:\/\/tmasimuladores.com.ar\/en\/wp-json\/wp\/v2\/product_tag?post=7258"}],"curies":[{"name":"wp","href":"https:\/\/api.w.org\/{rel}","templated":true}]}}