{"id":6986,"date":"2025-07-30T19:48:40","date_gmt":"2025-07-30T19:48:40","guid":{"rendered":"https:\/\/tmasimuladores.com.ar\/?post_type=product&#038;p=6986"},"modified":"2026-01-21T14:14:55","modified_gmt":"2026-01-21T14:14:55","slug":"next-level-racing-flight-simulator-boeing-military-edition","status":"publish","type":"product","link":"https:\/\/tmasimuladores.com.ar\/en\/product\/next-level-racing-flight-simulator-boeing-military-edition\/","title":{"rendered":"Next Level Racing\u00ae Flight Simulator Boeing Military Edition"},"content":{"rendered":"<h3 data-start=\"1168\" data-end=\"1207\">\u2708\ufe0f <span style=\"color: #ffffff;\"><strong data-start=\"1175\" data-end=\"1205\">Caracter\u00edsticas destacadas<\/strong><\/span><\/h3>\n<p data-start=\"1208\" data-end=\"1692\">\u2705 <strong data-start=\"1210\" data-end=\"1250\">Producto con licencia oficial Boeing<\/strong><br data-start=\"1250\" data-end=\"1253\" \/>\u2705 <strong data-start=\"1255\" data-end=\"1286\">Dise\u00f1o inmersivo y realista<\/strong> para una experiencia aut\u00e9ntica<br data-start=\"1317\" data-end=\"1320\" \/>\u2705 <strong data-start=\"1322\" data-end=\"1349\">Ajustes personalizables<\/strong>: posici\u00f3n del asiento, tim\u00f3n, joystick y m\u00e1s<br data-start=\"1394\" data-end=\"1397\" \/>\u2705 <strong data-start=\"1399\" data-end=\"1423\">Compatibilidad total<\/strong> con yokes, joysticks, aceleradores y pedales<br data-start=\"1468\" data-end=\"1471\" \/>\u2705 <strong data-start=\"1473\" data-end=\"1513\">Incluye soporte para teclado y mouse<\/strong> con pads personalizados<br data-start=\"1537\" data-end=\"1540\" \/>\u2705 <strong data-start=\"1542\" data-end=\"1567\">Listo para movimiento<\/strong>: compatible con plataforma Motion Plus<br data-start=\"1606\" data-end=\"1609\" \/>\u2705 <strong data-start=\"1611\" data-end=\"1631\">Extras incluidos<\/strong>: arn\u00e9s de 4 puntos, adaptador Buttkicker\u00ae y soporte lumbar<\/p>\n<hr data-start=\"1694\" data-end=\"1697\" \/>\n<h3 data-start=\"1699\" data-end=\"1732\">\ud83d\udce6<span style=\"color: #ffffff;\"> <strong data-start=\"1706\" data-end=\"1730\">Box contents<\/strong><\/span><\/h3>\n<ul data-start=\"1733\" data-end=\"2165\">\n<li data-start=\"1733\" data-end=\"1827\">\n<p data-start=\"1735\" data-end=\"1827\">Cabina completa Next Level Racing\u00ae Flight \u2013 Boeing Military Edition (estructura + asiento)<\/p>\n<\/li>\n<li data-start=\"1828\" data-end=\"1862\">\n<p data-start=\"1830\" data-end=\"1862\">Arn\u00e9s de seguridad de 4 puntos<\/p>\n<\/li>\n<li data-start=\"1863\" data-end=\"1890\">\n<p data-start=\"1865\" data-end=\"1890\">Deslizadores de asiento<\/p>\n<\/li>\n<li data-start=\"1891\" data-end=\"1935\">\n<p data-start=\"1893\" data-end=\"1935\">Pads personalizados para teclado y mouse<\/p>\n<\/li>\n<li data-start=\"1936\" data-end=\"1971\">\n<p data-start=\"1938\" data-end=\"1971\">Coj\u00edn lumbar Next Level Racing\u00ae<\/p>\n<\/li>\n<li data-start=\"1972\" data-end=\"1997\">\n<p data-start=\"1974\" data-end=\"1997\">Adaptador Buttkicker\u00ae<\/p>\n<\/li>\n<li data-start=\"1998\" data-end=\"2045\">\n<p data-start=\"2000\" data-end=\"2045\">Kit de montaje completo (hardware incluido)<\/p>\n<\/li>\n<\/ul>\n<hr data-start=\"2167\" data-end=\"2170\" \/>\n<h3 data-start=\"2172\" data-end=\"2210\">\u2699\ufe0f <span style=\"color: #ffffff;\"><strong data-start=\"2179\" data-end=\"2208\">Especificaciones t\u00e9cnicas<\/strong><\/span><\/h3>\n<ul data-start=\"2211\" data-end=\"2503\">\n<li data-start=\"2211\" data-end=\"2263\">\n<p data-start=\"2213\" data-end=\"2263\"><strong data-start=\"2213\" data-end=\"2247\">Altura recomendada del usuario<\/strong>: 120 a 210 cm<\/p>\n<\/li>\n<li data-start=\"2264\" data-end=\"2301\">\n<p data-start=\"2266\" data-end=\"2301\"><strong data-start=\"2266\" data-end=\"2291\">Peso m\u00e1ximo soportado<\/strong>: 150 kg<\/p>\n<\/li>\n<li data-start=\"2302\" data-end=\"2353\">\n<p data-start=\"2304\" data-end=\"2353\"><strong data-start=\"2304\" data-end=\"2332\">Dimensiones del producto<\/strong>: 153 x 99 x 122 cm<\/p>\n<\/li>\n<li data-start=\"2354\" data-end=\"2388\">\n<p data-start=\"2356\" data-end=\"2388\"><strong data-start=\"2356\" data-end=\"2377\">Peso del producto<\/strong>: 49,5 kg<\/p>\n<\/li>\n<li data-start=\"2389\" data-end=\"2437\">\n<p data-start=\"2391\" data-end=\"2437\"><strong data-start=\"2391\" data-end=\"2417\">Dimensiones de la caja<\/strong>: 100 x 54 x 48 cm<\/p>\n<\/li>\n<li data-start=\"2438\" data-end=\"2468\">\n<p data-start=\"2440\" data-end=\"2468\"><strong data-start=\"2440\" data-end=\"2457\">Peso con caja<\/strong>: 56,3 kg<\/p>\n<\/li>\n<li data-start=\"2469\" data-end=\"2503\">\n<p data-start=\"2471\" data-end=\"2503\"><strong data-start=\"2471\" data-end=\"2493\">C\u00f3digo de producto<\/strong>: NLR-S028<\/p>\n<\/li>\n<\/ul>\n<hr data-start=\"2505\" data-end=\"2508\" \/>\n<h3 data-start=\"2510\" data-end=\"2553\">\ud83c\udfaf <span style=\"color: #ffffff;\"><strong data-start=\"2517\" data-end=\"2551\">\u00bfPara qui\u00e9n es este simulador?<\/strong><\/span><\/h3>\n<p data-start=\"2554\" data-end=\"2823\">Perfecto para pilotos virtuales que buscan una experiencia <strong data-start=\"2613\" data-end=\"2648\">ultra realista en combate a\u00e9reo<\/strong>, pero tambi\u00e9n adaptable a vuelos comerciales, aviaci\u00f3n general o misiones espaciales. Un <strong data-start=\"2738\" data-end=\"2761\">cockpit todo-en-uno<\/strong> para quienes quieren llevar su simulaci\u00f3n al siguiente nivel.<\/p>","protected":false},"excerpt":{"rendered":"<p data-start=\"367\" data-end=\"790\">Desarrollado en colaboraci\u00f3n con <strong data-start=\"400\" data-end=\"422\">The Boeing Company<\/strong>, el cockpit <strong data-start=\"435\" data-end=\"479\">Flight Simulator Boeing Military Edition<\/strong> de <strong data-start=\"483\" data-end=\"505\">Next Level Racing\u00ae<\/strong> es la primera cabina de vuelo dise\u00f1ada especialmente para la comunidad de simulaci\u00f3n a\u00e9rea. Inspirado en los dise\u00f1os de Boeing, este simulador ofrece una est\u00e9tica militar \u00fanica: revestimiento de lona verde, detalles en verde oliva y acabados que rinden homenaje a la aviaci\u00f3n t\u00e1ctica.<\/p>\n<p data-start=\"792\" data-end=\"1161\">Ideal para quienes buscan <strong data-start=\"818\" data-end=\"856\">una experiencia de vuelo aut\u00e9ntica<\/strong>, ya sea en simulaci\u00f3n de <strong data-start=\"882\" data-end=\"893\">combate<\/strong>, <strong data-start=\"895\" data-end=\"915\">aviaci\u00f3n general<\/strong>, <strong data-start=\"917\" data-end=\"939\">vuelos comerciales<\/strong> o incluso <strong data-start=\"950\" data-end=\"974\">exploraci\u00f3n espacial<\/strong>. Su dise\u00f1o vers\u00e1til permite montar joystick en el centro, tal como en los aviones de combate reales, y es compatible con una amplia variedad de perif\u00e9ricos de marcas l\u00edderes del mercado.<\/p>","protected":false},"featured_media":6988,"template":"","meta":{"site-sidebar-layout":"default","site-content-layout":"","ast-site-content-layout":"default","site-content-style":"default","site-sidebar-style":"default","ast-global-header-display":"","ast-banner-title-visibility":"","ast-main-header-display":"","ast-hfb-above-header-display":"","ast-hfb-below-header-display":"","ast-hfb-mobile-header-display":"","site-post-title":"","ast-breadcrumbs-content":"","ast-featured-img":"","footer-sml-layout":"","theme-transparent-header-meta":"default","adv-header-id-meta":"","stick-header-meta":"","header-above-stick-meta":"","header-main-stick-meta":"","header-below-stick-meta":"","astra-migrate-meta-layouts":"set","ast-page-background-enabled":"default","ast-page-background-meta":{"desktop":{"background-color":"var(--ast-global-color-4)","background-image":"","background-repeat":"repeat","background-position":"center center","background-size":"auto","background-attachment":"scroll","background-type":"","background-media":"","overlay-type":"","overlay-color":"","overlay-opacity":"","overlay-gradient":""},"tablet":{"background-color":"","background-image":"","background-repeat":"repeat","background-position":"center center","background-size":"auto","background-attachment":"scroll","background-type":"","background-media":"","overlay-type":"","overlay-color":"","overlay-opacity":"","overlay-gradient":""},"mobile":{"background-color":"","background-image":"","background-repeat":"repeat","background-position":"center center","background-size":"auto","background-attachment":"scroll","background-type":"","background-media":"","overlay-type":"","overlay-color":"","overlay-opacity":"","overlay-gradient":""}},"ast-content-background-meta":{"desktop":{"background-color":"var(--ast-global-color-5)","background-image":"","background-repeat":"repeat","background-position":"center center","background-size":"auto","background-attachment":"scroll","background-type":"","background-media":"","overlay-type":"","overlay-color":"","overlay-opacity":"","overlay-gradient":""},"tablet":{"background-color":"var(--ast-global-color-5)","background-image":"","background-repeat":"repeat","background-position":"center center","background-size":"auto","background-attachment":"scroll","background-type":"","background-media":"","overlay-type":"","overlay-color":"","overlay-opacity":"","overlay-gradient":""},"mobile":{"background-color":"var(--ast-global-color-5)","background-image":"","background-repeat":"repeat","background-position":"center center","background-size":"auto","background-attachment":"scroll","background-type":"","background-media":"","overlay-type":"","overlay-color":"","overlay-opacity":"","overlay-gradient":""}}},"pwb-brand":[46,56],"product_brand":[],"product_cat":[36,58],"product_tag":[61,39],"class_list":{"0":"post-6986","1":"product","2":"type-product","3":"status-publish","4":"has-post-thumbnail","6":"pwb-brand-tma","7":"pwb-brand-winwing","8":"product_cat-accesorio","9":"product_cat-simulador-de-vuelo","10":"product_tag-periferico-de-vuelo","11":"product_tag-simuladores-de-vuelos","12":"desktop-align-left","13":"tablet-align-left","14":"mobile-align-left","16":"first","17":"instock","18":"taxable","19":"shipping-taxable","20":"purchasable","21":"product-type-simple"},"brands":[{"id":46,"name":"TMA","slug":"tma"},{"id":56,"name":"WINWING","slug":"winwing"}],"_links":{"self":[{"href":"https:\/\/tmasimuladores.com.ar\/en\/wp-json\/wp\/v2\/product\/6986","targetHints":{"allow":["GET"]}}],"collection":[{"href":"https:\/\/tmasimuladores.com.ar\/en\/wp-json\/wp\/v2\/product"}],"about":[{"href":"https:\/\/tmasimuladores.com.ar\/en\/wp-json\/wp\/v2\/types\/product"}],"wp:featuredmedia":[{"embeddable":true,"href":"https:\/\/tmasimuladores.com.ar\/en\/wp-json\/wp\/v2\/media\/6988"}],"wp:attachment":[{"href":"https:\/\/tmasimuladores.com.ar\/en\/wp-json\/wp\/v2\/media?parent=6986"}],"wp:term":[{"taxonomy":"pwb-brand","embeddable":true,"href":"https:\/\/tmasimuladores.com.ar\/en\/wp-json\/wp\/v2\/pwb-brand?post=6986"},{"taxonomy":"product_brand","embeddable":true,"href":"https:\/\/tmasimuladores.com.ar\/en\/wp-json\/wp\/v2\/product_brand?post=6986"},{"taxonomy":"product_cat","embeddable":true,"href":"https:\/\/tmasimuladores.com.ar\/en\/wp-json\/wp\/v2\/product_cat?post=6986"},{"taxonomy":"product_tag","embeddable":true,"href":"https:\/\/tmasimuladores.com.ar\/en\/wp-json\/wp\/v2\/product_tag?post=6986"}],"curies":[{"name":"wp","href":"https:\/\/api.w.org\/{rel}","templated":true}]}}