{"id":6941,"date":"2025-07-29T19:42:06","date_gmt":"2025-07-29T19:42:06","guid":{"rendered":"https:\/\/tmasimuladores.com.ar\/?post_type=product&#038;p=6941"},"modified":"2026-01-14T14:41:23","modified_gmt":"2026-01-14T14:41:23","slug":"gsi-ah50-hub","status":"publish","type":"product","link":"https:\/\/tmasimuladores.com.ar\/en\/product\/gsi-ah50-hub\/","title":{"rendered":"GSI AH50 Hub"},"content":{"rendered":"<h3 data-section-id=\"1vfasix\" data-start=\"462\" data-end=\"485\">\u2699\ufe0f <span style=\"color: #ffffff;\">Specifications<\/span><\/h3>\n<p data-start=\"487\" data-end=\"670\"><strong data-start=\"487\" data-end=\"501\">\ud83d\udccf Altura:<\/strong> 50\u202fmm<br data-start=\"507\" data-end=\"510\" \/><strong data-start=\"510\" data-end=\"534\">\ud83e\uddff Di\u00e1metro del hub:<\/strong> 82\u202fmm<br data-start=\"540\" data-end=\"543\" \/><strong data-start=\"543\" data-end=\"586\">\ud83d\udd29 Di\u00e1metro del patr\u00f3n de pernos (PCD):<\/strong> 70\u202fmm<br data-start=\"592\" data-end=\"595\" \/><strong data-start=\"595\" data-end=\"607\">\u2696\ufe0f Peso:<\/strong> 0.1\u202fkg<br data-start=\"614\" data-end=\"617\" \/><strong data-start=\"617\" data-end=\"634\">\ud83d\udee0\ufe0f Material:<\/strong> Aluminio 6061 mecanizado (billet)<\/p>\n<hr data-start=\"672\" data-end=\"675\" \/>\n<h3 data-section-id=\"yfgyji\" data-start=\"677\" data-end=\"698\">\ud83d\udd27 <span style=\"color: #ffffff;\">Compatibilidad<\/span><\/h3>\n<p data-start=\"700\" data-end=\"928\">\u2705 Compatible con <strong data-start=\"717\" data-end=\"754\">todas las wheelbases direct drive<\/strong> del mercado.<br data-start=\"767\" data-end=\"770\" \/>\u2022 PCD de 70\u202fmm en ambos lados<br data-start=\"799\" data-end=\"802\" \/>\u2022 Un lado con orificios <strong data-start=\"826\" data-end=\"838\">roscados<\/strong><br data-start=\"838\" data-end=\"841\" \/>\u2022 Un lado con orificios <strong data-start=\"865\" data-end=\"878\">sin rosca<\/strong><br data-start=\"878\" data-end=\"881\" \/>\u2192 Permite una <strong data-start=\"895\" data-end=\"917\">versatilidad total<\/strong> de montaje<\/p>","protected":false},"excerpt":{"rendered":"<p data-start=\"193\" data-end=\"455\">El <strong data-start=\"196\" data-end=\"208\">GSI AH50<\/strong> es el complemento ideal para tu volante GSI. A\u00f1ade 50\u202fmm de extensi\u00f3n entre la base y el volante para mejorar la ergonom\u00eda, la personalizaci\u00f3n del setup y la sensaci\u00f3n al manejar. Compacto, robusto y de alta precisi\u00f3n, est\u00e1 construido para durar.<\/p>","protected":false},"featured_media":8381,"template":"","meta":{"site-sidebar-layout":"default","site-content-layout":"","ast-site-content-layout":"default","site-content-style":"default","site-sidebar-style":"default","ast-global-header-display":"","ast-banner-title-visibility":"","ast-main-header-display":"","ast-hfb-above-header-display":"","ast-hfb-below-header-display":"","ast-hfb-mobile-header-display":"","site-post-title":"","ast-breadcrumbs-content":"","ast-featured-img":"","footer-sml-layout":"","theme-transparent-header-meta":"default","adv-header-id-meta":"","stick-header-meta":"","header-above-stick-meta":"","header-main-stick-meta":"","header-below-stick-meta":"","astra-migrate-meta-layouts":"set","ast-page-background-enabled":"default","ast-page-background-meta":{"desktop":{"background-color":"var(--ast-global-color-4)","background-image":"","background-repeat":"repeat","background-position":"center center","background-size":"auto","background-attachment":"scroll","background-type":"","background-media":"","overlay-type":"","overlay-color":"","overlay-opacity":"","overlay-gradient":""},"tablet":{"background-color":"","background-image":"","background-repeat":"repeat","background-position":"center center","background-size":"auto","background-attachment":"scroll","background-type":"","background-media":"","overlay-type":"","overlay-color":"","overlay-opacity":"","overlay-gradient":""},"mobile":{"background-color":"","background-image":"","background-repeat":"repeat","background-position":"center center","background-size":"auto","background-attachment":"scroll","background-type":"","background-media":"","overlay-type":"","overlay-color":"","overlay-opacity":"","overlay-gradient":""}},"ast-content-background-meta":{"desktop":{"background-color":"var(--ast-global-color-5)","background-image":"","background-repeat":"repeat","background-position":"center center","background-size":"auto","background-attachment":"scroll","background-type":"","background-media":"","overlay-type":"","overlay-color":"","overlay-opacity":"","overlay-gradient":""},"tablet":{"background-color":"var(--ast-global-color-5)","background-image":"","background-repeat":"repeat","background-position":"center center","background-size":"auto","background-attachment":"scroll","background-type":"","background-media":"","overlay-type":"","overlay-color":"","overlay-opacity":"","overlay-gradient":""},"mobile":{"background-color":"var(--ast-global-color-5)","background-image":"","background-repeat":"repeat","background-position":"center center","background-size":"auto","background-attachment":"scroll","background-type":"","background-media":"","overlay-type":"","overlay-color":"","overlay-opacity":"","overlay-gradient":""}}},"pwb-brand":[66],"product_brand":[],"product_cat":[36,35],"product_tag":[40],"class_list":{"0":"post-6941","1":"product","2":"type-product","3":"status-publish","4":"has-post-thumbnail","6":"pwb-brand-gomez-sim","7":"product_cat-accesorio","8":"product_cat-volante","9":"product_tag-simuladores-de-carreras","10":"desktop-align-left","11":"tablet-align-left","12":"mobile-align-left","14":"first","15":"instock","16":"taxable","17":"shipping-taxable","18":"purchasable","19":"product-type-simple"},"brands":[{"id":66,"name":"Gomez Sim","slug":"gomez-sim"}],"_links":{"self":[{"href":"https:\/\/tmasimuladores.com.ar\/en\/wp-json\/wp\/v2\/product\/6941","targetHints":{"allow":["GET"]}}],"collection":[{"href":"https:\/\/tmasimuladores.com.ar\/en\/wp-json\/wp\/v2\/product"}],"about":[{"href":"https:\/\/tmasimuladores.com.ar\/en\/wp-json\/wp\/v2\/types\/product"}],"wp:featuredmedia":[{"embeddable":true,"href":"https:\/\/tmasimuladores.com.ar\/en\/wp-json\/wp\/v2\/media\/8381"}],"wp:attachment":[{"href":"https:\/\/tmasimuladores.com.ar\/en\/wp-json\/wp\/v2\/media?parent=6941"}],"wp:term":[{"taxonomy":"pwb-brand","embeddable":true,"href":"https:\/\/tmasimuladores.com.ar\/en\/wp-json\/wp\/v2\/pwb-brand?post=6941"},{"taxonomy":"product_brand","embeddable":true,"href":"https:\/\/tmasimuladores.com.ar\/en\/wp-json\/wp\/v2\/product_brand?post=6941"},{"taxonomy":"product_cat","embeddable":true,"href":"https:\/\/tmasimuladores.com.ar\/en\/wp-json\/wp\/v2\/product_cat?post=6941"},{"taxonomy":"product_tag","embeddable":true,"href":"https:\/\/tmasimuladores.com.ar\/en\/wp-json\/wp\/v2\/product_tag?post=6941"}],"curies":[{"name":"wp","href":"https:\/\/api.w.org\/{rel}","templated":true}]}}