{"id":6937,"date":"2025-07-29T19:09:12","date_gmt":"2025-07-29T19:09:12","guid":{"rendered":"https:\/\/tmasimuladores.com.ar\/?post_type=product&#038;p=6937"},"modified":"2026-01-30T18:16:45","modified_gmt":"2026-01-30T18:16:45","slug":"gsi-hyper-p1-4","status":"publish","type":"product","link":"https:\/\/tmasimuladores.com.ar\/en\/product\/gsi-hyper-p1-4\/","title":{"rendered":"GSI HYPER P1"},"content":{"rendered":"<h3 data-section-id=\"31iee3\" data-start=\"500\" data-end=\"534\">\ud83d\udd27 <span style=\"color: #ffffff;\">Caracter\u00edsticas principales<\/span><\/h3>\n<p data-start=\"536\" data-end=\"905\"><strong data-start=\"536\" data-end=\"565\">\ud83c\udfae Entradas configurables<\/strong><br data-start=\"565\" data-end=\"568\" \/>\u2022 Hasta 72 entradas mapeables<br data-start=\"597\" data-end=\"600\" \/>\u2022 12 botones (500 gf)<br data-start=\"621\" data-end=\"624\" \/>\u2022 4 encoders tipo thumb<br data-start=\"647\" data-end=\"650\" \/>\u2022 5 encoders de 5 v\u00edas (6.5 N\u00b7cm)<br data-start=\"683\" data-end=\"686\" \/>\u2022 3 switches de 7 v\u00edas<br data-start=\"708\" data-end=\"711\" \/>\u2022 Shifters magn\u00e9ticos N52 \u2705<br data-start=\"738\" data-end=\"741\" \/>\u2022 Embrague doble (dual clutch) \u2705<br data-start=\"773\" data-end=\"776\" \/>\u2022 Paddles superiores opcionales<br data-start=\"807\" data-end=\"810\" \/>\u2022 Configuraciones de paddles:<br data-start=\"839\" data-end=\"842\" \/>\u2003\u2003- 4 (Shifters + Dual Clutch)<br data-start=\"872\" data-end=\"875\" \/>\u2003\u2003- 6 (con paddles superiores)<\/p>\n<p data-start=\"907\" data-end=\"1071\"><strong data-start=\"907\" data-end=\"936\">\ud83d\udca1 Iluminaci\u00f3n y pantalla<\/strong><br data-start=\"936\" data-end=\"939\" \/>\u2022 Pantalla t\u00e1ctil de 4.3\u201d<br data-start=\"964\" data-end=\"967\" \/>\u2022 88 LEDs RGB direccionables<br data-start=\"995\" data-end=\"998\" \/>\u2022 Tira de RPM RGB: 3 + 14 + 3<br data-start=\"1027\" data-end=\"1030\" \/>\u2022 Botones RGB \u2705<br data-start=\"1045\" data-end=\"1048\" \/>\u2022 Encoders 5 v\u00edas RGB \u2705<\/p>\n<p data-start=\"1073\" data-end=\"1238\"><strong data-start=\"1073\" data-end=\"1101\">\ud83c\udfd7\ufe0f Construcci\u00f3n premium<\/strong><br data-start=\"1101\" data-end=\"1104\" \/>\u2022 Frente: Fibra de carbono de 5 mm<br data-start=\"1138\" data-end=\"1141\" \/>\u2022 Cuerpo: Aluminio unibody<br data-start=\"1167\" data-end=\"1170\" \/>\u2022 Manijas: Silicona ergon\u00f3mica<br data-start=\"1200\" data-end=\"1203\" \/>\u2022 Botones: Policarbonato anti-rayas<\/p>\n<p data-start=\"1240\" data-end=\"1382\"><strong data-start=\"1240\" data-end=\"1268\">\ud83c\udfa8 Personalizaci\u00f3n total<\/strong><br data-start=\"1268\" data-end=\"1271\" \/>\u2022 Etiquetas y colores configurables<br data-start=\"1306\" data-end=\"1309\" \/>\u2022 Distribuci\u00f3n de botones modificable<br data-start=\"1346\" data-end=\"1349\" \/>\u2022 Knobs rotativos personalizables<\/p>\n<p data-start=\"1384\" data-end=\"1502\"><strong data-start=\"1384\" data-end=\"1398\">\ud83d\udccf Medidas<\/strong><br data-start=\"1398\" data-end=\"1401\" \/>\u2022 Di\u00e1metro: 300 mm<br data-start=\"1419\" data-end=\"1422\" \/>\u2022 PCD: 70 mm (6 x M5)<br data-start=\"1443\" data-end=\"1446\" \/>\u2022 Peso: de 1.68 kg (4 paddles) hasta 1.85 kg (6 paddles)<\/p>\n<hr data-start=\"1504\" data-end=\"1507\" \/>\n<h3 data-section-id=\"c51b8z\" data-start=\"1509\" data-end=\"1531\">\ud83d\udda5\ufe0f <span style=\"color: #ffffff;\">Compatibilidad<\/span><\/h3>\n<p data-start=\"1533\" data-end=\"1770\"><strong data-start=\"1533\" data-end=\"1569\">Bases de volante (PC \u2013 Windows):<\/strong><br data-start=\"1569\" data-end=\"1572\" \/>\u2022 Simucube<br data-start=\"1582\" data-end=\"1585\" \/>\u2022 VRS DirectForce Pro<br data-start=\"1606\" data-end=\"1609\" \/>\u2022 Fanatec DD (v\u00eda Podium Hub)<br data-start=\"1638\" data-end=\"1641\" \/>\u2022 Moza (v\u00eda Moza QR)<br data-start=\"1661\" data-end=\"1664\" \/>\u2022 Asetek (v\u00eda Invicta QR)<br data-start=\"1689\" data-end=\"1692\" \/>\u2022 Simagic (v\u00eda Simagic QR)<br data-start=\"1718\" data-end=\"1721\" \/>\u2022 Compatible con la mayor\u00eda de wheelbases de +8Nm<\/p>\n<p data-start=\"1772\" data-end=\"1906\"><strong data-start=\"1772\" data-end=\"1800\">\ud83d\udd0c Conexi\u00f3n recomendada:<\/strong><br data-start=\"1800\" data-end=\"1803\" \/>GSI Coiled Cable \u2192 Hub USB con alimentaci\u00f3n \u2192 PC<br data-start=\"1851\" data-end=\"1854\" \/>\u26a0\ufe0f No se recomienda el uso de extensores USB pasivos<\/p>\n<hr data-start=\"1908\" data-end=\"1911\" \/>\n<h3 data-section-id=\"1b3gufl\" data-start=\"1913\" data-end=\"1933\">\ud83d\udce6 <span style=\"color: #ffffff;\">Incluye<\/span><\/h3>\n<p data-start=\"1935\" data-end=\"2010\">\u2022 GSI Hyper P1<br data-start=\"1949\" data-end=\"1952\" \/>\u2022 Cable USB espiral GSI &#8220;Spec 3&#8221;<br data-start=\"1984\" data-end=\"1987\" \/>\u2022 \u274c <em data-start=\"1991\" data-end=\"2010\">QRS-1 no incluido<\/em><\/p>","protected":false},"excerpt":{"rendered":"<p>El GSI Hyper P1 es el producto m\u00e1s avanzado de GSI hasta la fecha. Dise\u00f1ado con una est\u00e9tica inspirada en el automovilismo profesional, este volante fue creado para sim racers que buscan el m\u00e1ximo nivel de tecnolog\u00eda, control y personalizaci\u00f3n. Con una construcci\u00f3n robusta, una impresionante cantidad de entradas configurables y una iluminaci\u00f3n completamente personalizable, el Hyper P1 se posiciona como el modelo tope de gama dentro del ecosistema GSI.<\/p>","protected":false},"featured_media":8386,"template":"","meta":{"site-sidebar-layout":"default","site-content-layout":"","ast-site-content-layout":"default","site-content-style":"default","site-sidebar-style":"default","ast-global-header-display":"","ast-banner-title-visibility":"","ast-main-header-display":"","ast-hfb-above-header-display":"","ast-hfb-below-header-display":"","ast-hfb-mobile-header-display":"","site-post-title":"","ast-breadcrumbs-content":"","ast-featured-img":"","footer-sml-layout":"","theme-transparent-header-meta":"default","adv-header-id-meta":"","stick-header-meta":"","header-above-stick-meta":"","header-main-stick-meta":"","header-below-stick-meta":"","astra-migrate-meta-layouts":"set","ast-page-background-enabled":"default","ast-page-background-meta":{"desktop":{"background-color":"var(--ast-global-color-4)","background-image":"","background-repeat":"repeat","background-position":"center center","background-size":"auto","background-attachment":"scroll","background-type":"","background-media":"","overlay-type":"","overlay-color":"","overlay-opacity":"","overlay-gradient":""},"tablet":{"background-color":"","background-image":"","background-repeat":"repeat","background-position":"center center","background-size":"auto","background-attachment":"scroll","background-type":"","background-media":"","overlay-type":"","overlay-color":"","overlay-opacity":"","overlay-gradient":""},"mobile":{"background-color":"","background-image":"","background-repeat":"repeat","background-position":"center center","background-size":"auto","background-attachment":"scroll","background-type":"","background-media":"","overlay-type":"","overlay-color":"","overlay-opacity":"","overlay-gradient":""}},"ast-content-background-meta":{"desktop":{"background-color":"var(--ast-global-color-5)","background-image":"","background-repeat":"repeat","background-position":"center center","background-size":"auto","background-attachment":"scroll","background-type":"","background-media":"","overlay-type":"","overlay-color":"","overlay-opacity":"","overlay-gradient":""},"tablet":{"background-color":"var(--ast-global-color-5)","background-image":"","background-repeat":"repeat","background-position":"center center","background-size":"auto","background-attachment":"scroll","background-type":"","background-media":"","overlay-type":"","overlay-color":"","overlay-opacity":"","overlay-gradient":""},"mobile":{"background-color":"var(--ast-global-color-5)","background-image":"","background-repeat":"repeat","background-position":"center center","background-size":"auto","background-attachment":"scroll","background-type":"","background-media":"","overlay-type":"","overlay-color":"","overlay-opacity":"","overlay-gradient":""}}},"pwb-brand":[66],"product_brand":[],"product_cat":[35],"product_tag":[40],"class_list":{"0":"post-6937","1":"product","2":"type-product","3":"status-publish","4":"has-post-thumbnail","6":"pwb-brand-gomez-sim","7":"product_cat-volante","8":"product_tag-simuladores-de-carreras","9":"desktop-align-left","10":"tablet-align-left","11":"mobile-align-left","13":"first","14":"instock","15":"taxable","16":"shipping-taxable","17":"purchasable","18":"product-type-simple"},"brands":[{"id":66,"name":"Gomez Sim","slug":"gomez-sim"}],"_links":{"self":[{"href":"https:\/\/tmasimuladores.com.ar\/en\/wp-json\/wp\/v2\/product\/6937","targetHints":{"allow":["GET"]}}],"collection":[{"href":"https:\/\/tmasimuladores.com.ar\/en\/wp-json\/wp\/v2\/product"}],"about":[{"href":"https:\/\/tmasimuladores.com.ar\/en\/wp-json\/wp\/v2\/types\/product"}],"wp:featuredmedia":[{"embeddable":true,"href":"https:\/\/tmasimuladores.com.ar\/en\/wp-json\/wp\/v2\/media\/8386"}],"wp:attachment":[{"href":"https:\/\/tmasimuladores.com.ar\/en\/wp-json\/wp\/v2\/media?parent=6937"}],"wp:term":[{"taxonomy":"pwb-brand","embeddable":true,"href":"https:\/\/tmasimuladores.com.ar\/en\/wp-json\/wp\/v2\/pwb-brand?post=6937"},{"taxonomy":"product_brand","embeddable":true,"href":"https:\/\/tmasimuladores.com.ar\/en\/wp-json\/wp\/v2\/product_brand?post=6937"},{"taxonomy":"product_cat","embeddable":true,"href":"https:\/\/tmasimuladores.com.ar\/en\/wp-json\/wp\/v2\/product_cat?post=6937"},{"taxonomy":"product_tag","embeddable":true,"href":"https:\/\/tmasimuladores.com.ar\/en\/wp-json\/wp\/v2\/product_tag?post=6937"}],"curies":[{"name":"wp","href":"https:\/\/api.w.org\/{rel}","templated":true}]}}