{"id":6932,"date":"2025-07-29T18:43:56","date_gmt":"2025-07-29T18:43:56","guid":{"rendered":"https:\/\/tmasimuladores.com.ar\/?post_type=product&#038;p=6932"},"modified":"2026-01-30T18:17:03","modified_gmt":"2026-01-30T18:17:03","slug":"gsi-formula-pro-elite-v2","status":"publish","type":"product","link":"https:\/\/tmasimuladores.com.ar\/en\/product\/gsi-formula-pro-elite-v2\/","title":{"rendered":"GSI FORMULA PRO ELITE V2"},"content":{"rendered":"<h3 data-section-id=\"ni2hah\" data-start=\"590\" data-end=\"625\">\ud83c\udfae <span style=\"color: #ffffff;\">Main Features:<\/span><\/h3>\n<ul data-start=\"627\" data-end=\"835\">\n<li data-start=\"627\" data-end=\"664\">\n<p data-start=\"629\" data-end=\"664\"><strong data-start=\"629\" data-end=\"664\">Hasta 57 entradas configurables<\/strong><\/p>\n<\/li>\n<li data-start=\"665\" data-end=\"694\">\n<p data-start=\"667\" data-end=\"694\"><strong data-start=\"667\" data-end=\"694\">Pantalla t\u00e1ctil de 4.3\u201d<\/strong><\/p>\n<\/li>\n<li data-start=\"695\" data-end=\"727\">\n<p data-start=\"697\" data-end=\"727\"><strong data-start=\"697\" data-end=\"727\">66 LEDs RGB direccionables<\/strong><\/p>\n<\/li>\n<li data-start=\"728\" data-end=\"757\">\n<p data-start=\"730\" data-end=\"757\"><strong data-start=\"730\" data-end=\"757\">Shifters magn\u00e9ticos N52<\/strong><\/p>\n<\/li>\n<li data-start=\"758\" data-end=\"786\">\n<p data-start=\"760\" data-end=\"786\"><strong data-start=\"760\" data-end=\"786\">Dual Clutch disponible<\/strong><\/p>\n<\/li>\n<li data-start=\"787\" data-end=\"809\">\n<p data-start=\"789\" data-end=\"809\"><strong data-start=\"789\" data-end=\"809\">Di\u00e1metro: 300 mm<\/strong><\/p>\n<\/li>\n<li data-start=\"810\" data-end=\"835\">\n<p data-start=\"812\" data-end=\"835\"><strong data-start=\"812\" data-end=\"835\">Peso: desde 1.43 kg<\/strong><\/p>\n<\/li>\n<\/ul>\n<h3 data-section-id=\"1on2zag\" data-start=\"837\" data-end=\"854\">\ud83d\udd18<span style=\"color: #ffffff;\"> Controles:<\/span><\/h3>\n<ul data-start=\"856\" data-end=\"1020\">\n<li data-start=\"856\" data-end=\"890\">\n<p data-start=\"858\" data-end=\"890\">10 botones RGB (fuerza de 500 g)<\/p>\n<\/li>\n<li data-start=\"891\" data-end=\"920\">\n<p data-start=\"893\" data-end=\"920\">5 encoders 5-way (6.5 N\u00b7cm)<\/p>\n<\/li>\n<li data-start=\"921\" data-end=\"939\">\n<p data-start=\"923\" data-end=\"939\">2 thumb encoders<\/p>\n<\/li>\n<li data-start=\"940\" data-end=\"958\">\n<p data-start=\"942\" data-end=\"958\">2 switches 7-way<\/p>\n<\/li>\n<li data-start=\"959\" data-end=\"1020\">\n<p data-start=\"961\" data-end=\"1020\">Iluminaci\u00f3n total: botones, encoders, barra RPM y laterales<\/p>\n<\/li>\n<\/ul>\n<h3 data-section-id=\"1tznvx8\" data-start=\"1022\" data-end=\"1042\">\u2699\ufe0f <span style=\"color: #ffffff;\">Construction:<\/span><\/h3>\n<ul data-start=\"1044\" data-end=\"1198\">\n<li data-start=\"1044\" data-end=\"1065\">\n<p data-start=\"1046\" data-end=\"1065\">Unibody de aluminio<\/p>\n<\/li>\n<li data-start=\"1066\" data-end=\"1102\">\n<p data-start=\"1068\" data-end=\"1102\">Frente de fibra de carbono de 5 mm<\/p>\n<\/li>\n<li data-start=\"1103\" data-end=\"1149\">\n<p data-start=\"1105\" data-end=\"1149\">Grips de silicona con tratamiento anti-polvo<\/p>\n<\/li>\n<li data-start=\"1150\" data-end=\"1198\">\n<p data-start=\"1152\" data-end=\"1198\">Botones en policarbonato resistentes a rayones<\/p>\n<\/li>\n<\/ul>\n<h3 data-section-id=\"nixynz\" data-start=\"1200\" data-end=\"1229\">\ud83d\udca1 <span style=\"color: #ffffff;\">Personalizaci\u00f3n Total:<\/span><\/h3>\n<ul data-start=\"1231\" data-end=\"1373\">\n<li data-start=\"1231\" data-end=\"1295\">\n<p data-start=\"1233\" data-end=\"1295\">Layout de botones, etiquetas, colores y rotaries configurables<\/p>\n<\/li>\n<li data-start=\"1296\" data-end=\"1331\">\n<p data-start=\"1298\" data-end=\"1331\">LED RGB totalmente direccionables<\/p>\n<\/li>\n<li data-start=\"1332\" data-end=\"1373\">\n<p data-start=\"1334\" data-end=\"1373\">Compatible con el software simOS de GSI<\/p>\n<\/li>\n<\/ul>\n<h3 data-section-id=\"1c6gffm\" data-start=\"1375\" data-end=\"1407\">\ud83d\udd0c <span style=\"color: #ffffff;\">Compatibilidad (solo PC):<\/span><\/h3>\n<ul data-start=\"1409\" data-end=\"1573\">\n<li data-start=\"1409\" data-end=\"1573\">\n<p data-start=\"1411\" data-end=\"1573\">Simucube | Asetek | VRS DirectForce Pro | Moza | Fanatec DD | Simagic<br data-start=\"1480\" data-end=\"1483\" \/><em data-start=\"1483\" data-end=\"1518\">(requiere adaptadores seg\u00fan base)<\/em><br data-start=\"1518\" data-end=\"1521\" \/>Recomendado: cable USB GSI \u2192 hub USB alimentado \u2192 PC<\/p>\n<\/li>\n<\/ul>\n<h3 data-section-id=\"9b6tja\" data-start=\"1575\" data-end=\"1590\">\ud83d\udce6<span style=\"color: #ffffff;\"> Includes:<\/span><\/h3>\n<ul data-start=\"1592\" data-end=\"1677\">\n<li data-start=\"1592\" data-end=\"1608\">\n<p data-start=\"1594\" data-end=\"1608\">Volante FPE V2<\/p>\n<\/li>\n<li data-start=\"1609\" data-end=\"1677\">\n<p data-start=\"1611\" data-end=\"1677\">Cable GSI \u201cSpec 3\u201d (coiled USB)<br data-start=\"1642\" data-end=\"1645\" \/><strong data-start=\"1645\" data-end=\"1677\">(Adaptador AH50 no incluido)<\/strong><\/p>\n<\/li>\n<\/ul>","protected":false},"excerpt":{"rendered":"<p>La leyenda est\u00e1 de regreso, completamente renovada. El <strong data-start=\"268\" data-end=\"292\">Formula Pro Elite V2<\/strong> combina lo mejor del dise\u00f1o, la ingenier\u00eda y la tecnolog\u00eda de GSI para llevar tu experiencia de simracing al m\u00e1s alto nivel. Fabricado a mano, con materiales premium y una personalizaci\u00f3n total, el FPE V2 es un volante pensado para quienes buscan precisi\u00f3n, rendimiento y estilo sin compromisos.<\/p>","protected":false},"featured_media":8382,"template":"","meta":{"site-sidebar-layout":"default","site-content-layout":"","ast-site-content-layout":"default","site-content-style":"default","site-sidebar-style":"default","ast-global-header-display":"","ast-banner-title-visibility":"","ast-main-header-display":"","ast-hfb-above-header-display":"","ast-hfb-below-header-display":"","ast-hfb-mobile-header-display":"","site-post-title":"","ast-breadcrumbs-content":"","ast-featured-img":"","footer-sml-layout":"","theme-transparent-header-meta":"default","adv-header-id-meta":"","stick-header-meta":"","header-above-stick-meta":"","header-main-stick-meta":"","header-below-stick-meta":"","astra-migrate-meta-layouts":"set","ast-page-background-enabled":"default","ast-page-background-meta":{"desktop":{"background-color":"var(--ast-global-color-4)","background-image":"","background-repeat":"repeat","background-position":"center center","background-size":"auto","background-attachment":"scroll","background-type":"","background-media":"","overlay-type":"","overlay-color":"","overlay-opacity":"","overlay-gradient":""},"tablet":{"background-color":"","background-image":"","background-repeat":"repeat","background-position":"center center","background-size":"auto","background-attachment":"scroll","background-type":"","background-media":"","overlay-type":"","overlay-color":"","overlay-opacity":"","overlay-gradient":""},"mobile":{"background-color":"","background-image":"","background-repeat":"repeat","background-position":"center center","background-size":"auto","background-attachment":"scroll","background-type":"","background-media":"","overlay-type":"","overlay-color":"","overlay-opacity":"","overlay-gradient":""}},"ast-content-background-meta":{"desktop":{"background-color":"var(--ast-global-color-5)","background-image":"","background-repeat":"repeat","background-position":"center center","background-size":"auto","background-attachment":"scroll","background-type":"","background-media":"","overlay-type":"","overlay-color":"","overlay-opacity":"","overlay-gradient":""},"tablet":{"background-color":"var(--ast-global-color-5)","background-image":"","background-repeat":"repeat","background-position":"center center","background-size":"auto","background-attachment":"scroll","background-type":"","background-media":"","overlay-type":"","overlay-color":"","overlay-opacity":"","overlay-gradient":""},"mobile":{"background-color":"var(--ast-global-color-5)","background-image":"","background-repeat":"repeat","background-position":"center center","background-size":"auto","background-attachment":"scroll","background-type":"","background-media":"","overlay-type":"","overlay-color":"","overlay-opacity":"","overlay-gradient":""}}},"pwb-brand":[66],"product_brand":[],"product_cat":[35],"product_tag":[40],"class_list":{"0":"post-6932","1":"product","2":"type-product","3":"status-publish","4":"has-post-thumbnail","6":"pwb-brand-gomez-sim","7":"product_cat-volante","8":"product_tag-simuladores-de-carreras","9":"desktop-align-left","10":"tablet-align-left","11":"mobile-align-left","13":"first","14":"instock","15":"taxable","16":"shipping-taxable","17":"purchasable","18":"product-type-simple"},"brands":[{"id":66,"name":"Gomez Sim","slug":"gomez-sim"}],"_links":{"self":[{"href":"https:\/\/tmasimuladores.com.ar\/en\/wp-json\/wp\/v2\/product\/6932","targetHints":{"allow":["GET"]}}],"collection":[{"href":"https:\/\/tmasimuladores.com.ar\/en\/wp-json\/wp\/v2\/product"}],"about":[{"href":"https:\/\/tmasimuladores.com.ar\/en\/wp-json\/wp\/v2\/types\/product"}],"wp:featuredmedia":[{"embeddable":true,"href":"https:\/\/tmasimuladores.com.ar\/en\/wp-json\/wp\/v2\/media\/8382"}],"wp:attachment":[{"href":"https:\/\/tmasimuladores.com.ar\/en\/wp-json\/wp\/v2\/media?parent=6932"}],"wp:term":[{"taxonomy":"pwb-brand","embeddable":true,"href":"https:\/\/tmasimuladores.com.ar\/en\/wp-json\/wp\/v2\/pwb-brand?post=6932"},{"taxonomy":"product_brand","embeddable":true,"href":"https:\/\/tmasimuladores.com.ar\/en\/wp-json\/wp\/v2\/product_brand?post=6932"},{"taxonomy":"product_cat","embeddable":true,"href":"https:\/\/tmasimuladores.com.ar\/en\/wp-json\/wp\/v2\/product_cat?post=6932"},{"taxonomy":"product_tag","embeddable":true,"href":"https:\/\/tmasimuladores.com.ar\/en\/wp-json\/wp\/v2\/product_tag?post=6932"}],"curies":[{"name":"wp","href":"https:\/\/api.w.org\/{rel}","templated":true}]}}