{"id":6926,"date":"2025-07-29T18:12:12","date_gmt":"2025-07-29T18:12:12","guid":{"rendered":"https:\/\/tmasimuladores.com.ar\/?post_type=product&#038;p=6926"},"modified":"2026-01-20T18:59:47","modified_gmt":"2026-01-20T18:59:47","slug":"gsi-gt-max32","status":"publish","type":"product","link":"https:\/\/tmasimuladores.com.ar\/en\/product\/gsi-gt-max32\/","title":{"rendered":"GSI GT-MAX32"},"content":{"rendered":"<h4 data-start=\"1003\" data-end=\"1038\">\ud83c\udfae <span style=\"color: #ffffff;\">Caracter\u00edsticas principales<\/span><\/h4>\n<ul data-start=\"1040\" data-end=\"1530\">\n<li data-start=\"1040\" data-end=\"1136\">\n<p data-start=\"1042\" data-end=\"1136\">\ud83d\udcf1 <strong data-start=\"1045\" data-end=\"1078\">Pantalla t\u00e1ctil de 5 pulgadas<\/strong> integrada para telemetr\u00eda, ajustes y control en carrera<\/p>\n<\/li>\n<li data-start=\"1137\" data-end=\"1202\">\n<p data-start=\"1139\" data-end=\"1202\">\ud83d\udd18 <strong data-start=\"1142\" data-end=\"1175\">8 botones retroiluminados RGB<\/strong> con activaci\u00f3n de 500 gf<\/p>\n<\/li>\n<li data-start=\"1203\" data-end=\"1255\">\n<p data-start=\"1205\" data-end=\"1255\">\ud83d\udd04 <strong data-start=\"1208\" data-end=\"1253\">5 encoders rotativos de 5 v\u00edas (3.5 N\u00b7cm)<\/strong><\/p>\n<\/li>\n<li data-start=\"1256\" data-end=\"1301\">\n<p data-start=\"1258\" data-end=\"1301\">\ud83c\udf9a\ufe0f <strong data-start=\"1262\" data-end=\"1299\">3 switches multifunci\u00f3n de 7 v\u00edas<\/strong><\/p>\n<\/li>\n<li data-start=\"1302\" data-end=\"1375\">\n<p data-start=\"1304\" data-end=\"1375\">\ud83d\udee0\ufe0f <strong data-start=\"1308\" data-end=\"1373\">Estructura monobloque de carbono + cuerpo unibody de aluminio<\/strong><\/p>\n<\/li>\n<li data-start=\"1376\" data-end=\"1447\">\n<p data-start=\"1378\" data-end=\"1447\">\ud83d\udfe3 <strong data-start=\"1381\" data-end=\"1418\">Mangos sobremoldeados en silicona<\/strong> para m\u00e1ximo grip y confort<\/p>\n<\/li>\n<li data-start=\"1448\" data-end=\"1530\">\n<p data-start=\"1450\" data-end=\"1530\">\ud83d\udcd0 <strong data-start=\"1453\" data-end=\"1466\">Di\u00e1metro:<\/strong> 320 mm | \u2696\ufe0f Peso: 2.00 a 2.12 kg (seg\u00fan configuraci\u00f3n de levas)<\/p>\n<\/li>\n<\/ul>\n<hr data-start=\"1532\" data-end=\"1535\" \/>\n<h4 data-start=\"1537\" data-end=\"1565\">\u2699\ufe0f <span style=\"color: #ffffff;\">Entradas disponibles<\/span><\/h4>\n<ul data-start=\"1567\" data-end=\"1790\">\n<li data-start=\"1567\" data-end=\"1603\">\n<p data-start=\"1569\" data-end=\"1603\">\u2705 <strong data-start=\"1571\" data-end=\"1603\">Hasta 58 funciones mapeables<\/strong><\/p>\n<\/li>\n<li data-start=\"1604\" data-end=\"1635\">\n<p data-start=\"1606\" data-end=\"1635\">\u2705 <strong data-start=\"1608\" data-end=\"1635\">Shifters magn\u00e9ticos N52<\/strong><\/p>\n<\/li>\n<li data-start=\"1636\" data-end=\"1694\">\n<p data-start=\"1638\" data-end=\"1694\">\u2705 <strong data-start=\"1640\" data-end=\"1694\">Sistema de doble embrague (dual clutch) disponible<\/strong><\/p>\n<\/li>\n<li data-start=\"1695\" data-end=\"1790\">\n<p data-start=\"1697\" data-end=\"1790\">\u2705 <strong data-start=\"1699\" data-end=\"1728\">Configuraciones de levas:<\/strong><br data-start=\"1728\" data-end=\"1731\" \/>\u2003\u2022 2 levas (shifters)<br data-start=\"1752\" data-end=\"1755\" \/>\u2003\u2022 4 levas (shifters + dual clutch)<\/p>\n<\/li>\n<\/ul>\n<hr data-start=\"1792\" data-end=\"1795\" \/>\n<h4 data-start=\"1797\" data-end=\"1838\">\ud83d\udca1 <span style=\"color: #ffffff;\">Iluminaci\u00f3n y telemetr\u00eda avanzada<\/span><\/h4>\n<ul data-start=\"1840\" data-end=\"2064\">\n<li data-start=\"1840\" data-end=\"1875\">\n<p data-start=\"1842\" data-end=\"1875\">\ud83c\udf08 <strong data-start=\"1845\" data-end=\"1873\">76 LEDs RGB programables<\/strong><\/p>\n<\/li>\n<li data-start=\"1876\" data-end=\"1930\">\n<p data-start=\"1878\" data-end=\"1930\">\ud83d\udea5 <strong data-start=\"1881\" data-end=\"1928\">Tira de LEDs para RPM y se\u00f1ales: 4 + 16 + 4<\/strong><\/p>\n<\/li>\n<li data-start=\"1931\" data-end=\"1978\">\n<p data-start=\"1933\" data-end=\"1978\">\ud83d\udca1 <strong data-start=\"1936\" data-end=\"1978\">Botones y encoders RGB retroiluminados<\/strong><\/p>\n<\/li>\n<li data-start=\"1979\" data-end=\"2064\">\n<p data-start=\"1981\" data-end=\"2064\">\ud83d\udcca <strong data-start=\"1984\" data-end=\"2064\">Pantalla t\u00e1ctil con visualizaci\u00f3n de datos en tiempo real y ajustes directos<\/strong><\/p>\n<\/li>\n<\/ul>\n<hr data-start=\"2066\" data-end=\"2069\" \/>\n<h4 data-start=\"2071\" data-end=\"2114\">\ud83d\udd27 <span style=\"color: #ffffff;\">Personalizaci\u00f3n y calidad artesanal<\/span><\/h4>\n<ul data-start=\"2116\" data-end=\"2402\">\n<li data-start=\"2116\" data-end=\"2193\">\n<p data-start=\"2118\" data-end=\"2193\">\ud83c\udfa8 Etiquetas, colores y disposici\u00f3n de botones totalmente personalizables<\/p>\n<\/li>\n<li data-start=\"2194\" data-end=\"2249\">\n<p data-start=\"2196\" data-end=\"2249\">\ud83e\udde9 Encoders intercambiables y distribuci\u00f3n editable<\/p>\n<\/li>\n<li data-start=\"2250\" data-end=\"2348\">\n<p data-start=\"2252\" data-end=\"2348\">\ud83d\udee0\ufe0f Construido con fibra de carbono tejida a mano (puede presentar detalles \u00fanicos de acabado)<\/p>\n<\/li>\n<li data-start=\"2349\" data-end=\"2402\">\n<p data-start=\"2351\" data-end=\"2402\">\u2699\ufe0f Ensamblado manual con control de calidad premium<\/p>\n<\/li>\n<\/ul>\n<hr data-start=\"2404\" data-end=\"2407\" \/>\n<h4 data-start=\"2409\" data-end=\"2449\">\ud83d\udcbb <span style=\"color: #ffffff;\">Compatibilidad (solo Windows PC)<\/span><\/h4>\n<p data-start=\"2451\" data-end=\"2515\">Compatible con las bases direct drive m\u00e1s avanzadas del mercado:<\/p>\n<ul data-start=\"2517\" data-end=\"2815\">\n<li data-start=\"2517\" data-end=\"2531\">\n<p data-start=\"2519\" data-end=\"2531\"><strong data-start=\"2519\" data-end=\"2531\">Simucube<\/strong><\/p>\n<\/li>\n<li data-start=\"2532\" data-end=\"2557\">\n<p data-start=\"2534\" data-end=\"2557\"><strong data-start=\"2534\" data-end=\"2557\">VRS DirectForce Pro<\/strong><\/p>\n<\/li>\n<li data-start=\"2558\" data-end=\"2646\">\n<p data-start=\"2560\" data-end=\"2646\"><strong data-start=\"2560\" data-end=\"2574\">Fanatec DD<\/strong> <em data-start=\"2575\" data-end=\"2646\">(requiere Podium Hub y AH100 para clearance del conector de cableado)<\/em><\/p>\n<\/li>\n<li data-start=\"2647\" data-end=\"2693\">\n<p data-start=\"2649\" data-end=\"2693\"><strong data-start=\"2649\" data-end=\"2664\">Moza Racing<\/strong> <em data-start=\"2665\" data-end=\"2693\">(con adaptador QR de Moza)<\/em><\/p>\n<\/li>\n<li data-start=\"2694\" data-end=\"2735\">\n<p data-start=\"2696\" data-end=\"2735\"><strong data-start=\"2696\" data-end=\"2706\">Asetek<\/strong> <em data-start=\"2707\" data-end=\"2735\">(con adaptador Invicta QR)<\/em><\/p>\n<\/li>\n<li data-start=\"2736\" data-end=\"2771\">\n<p data-start=\"2738\" data-end=\"2771\"><strong data-start=\"2738\" data-end=\"2749\">Simagic<\/strong> <em data-start=\"2750\" data-end=\"2771\">(con QR de Simagic)<\/em><\/p>\n<\/li>\n<li data-start=\"2772\" data-end=\"2815\">\n<p data-start=\"2774\" data-end=\"2815\"><strong data-start=\"2774\" data-end=\"2815\">Wheelbases direct drive de 8 Nm o m\u00e1s<\/strong><\/p>\n<\/li>\n<\/ul>\n<p data-start=\"2817\" data-end=\"2932\">\ud83d\udd0c <strong data-start=\"2820\" data-end=\"2838\">Recomendaci\u00f3n:<\/strong> conectar con cable USB GSI a un <strong data-start=\"2871\" data-end=\"2893\">hub USB alimentado<\/strong> para m\u00e1ximo rendimiento y estabilidad.<\/p>","protected":false},"excerpt":{"rendered":"<p data-start=\"379\" data-end=\"827\">El <strong data-start=\"382\" data-end=\"394\">GT-MAX32<\/strong> es el resultado de toda la experiencia acumulada por GSI, llevado al l\u00edmite en ingenier\u00eda, materiales y tecnolog\u00eda. Es el <strong data-start=\"517\" data-end=\"602\">primer volante del mundo fabricado en una sola pieza de fibra de carbono moldeada<\/strong>, con el frente y el aro exterior integrados en una unidad continua. A eso se le suman <strong data-start=\"689\" data-end=\"726\">mangos sobremoldeados en silicona<\/strong> y una <strong data-start=\"733\" data-end=\"766\">pantalla t\u00e1ctil de 5 pulgadas<\/strong> para una experiencia visual e interactiva de nivel superior.<\/p>\n<p data-start=\"829\" data-end=\"996\">Dise\u00f1ado para los simracers m\u00e1s exigentes, este volante combina est\u00e9tica, precisi\u00f3n, y una sensaci\u00f3n de conducci\u00f3n \u00fanica en un formato robusto y altamente profesional.<\/p>","protected":false},"featured_media":8383,"template":"","meta":{"site-sidebar-layout":"default","site-content-layout":"","ast-site-content-layout":"default","site-content-style":"default","site-sidebar-style":"default","ast-global-header-display":"","ast-banner-title-visibility":"","ast-main-header-display":"","ast-hfb-above-header-display":"","ast-hfb-below-header-display":"","ast-hfb-mobile-header-display":"","site-post-title":"","ast-breadcrumbs-content":"","ast-featured-img":"","footer-sml-layout":"","theme-transparent-header-meta":"default","adv-header-id-meta":"","stick-header-meta":"","header-above-stick-meta":"","header-main-stick-meta":"","header-below-stick-meta":"","astra-migrate-meta-layouts":"set","ast-page-background-enabled":"default","ast-page-background-meta":{"desktop":{"background-color":"var(--ast-global-color-4)","background-image":"","background-repeat":"repeat","background-position":"center center","background-size":"auto","background-attachment":"scroll","background-type":"","background-media":"","overlay-type":"","overlay-color":"","overlay-opacity":"","overlay-gradient":""},"tablet":{"background-color":"","background-image":"","background-repeat":"repeat","background-position":"center center","background-size":"auto","background-attachment":"scroll","background-type":"","background-media":"","overlay-type":"","overlay-color":"","overlay-opacity":"","overlay-gradient":""},"mobile":{"background-color":"","background-image":"","background-repeat":"repeat","background-position":"center center","background-size":"auto","background-attachment":"scroll","background-type":"","background-media":"","overlay-type":"","overlay-color":"","overlay-opacity":"","overlay-gradient":""}},"ast-content-background-meta":{"desktop":{"background-color":"var(--ast-global-color-5)","background-image":"","background-repeat":"repeat","background-position":"center center","background-size":"auto","background-attachment":"scroll","background-type":"","background-media":"","overlay-type":"","overlay-color":"","overlay-opacity":"","overlay-gradient":""},"tablet":{"background-color":"var(--ast-global-color-5)","background-image":"","background-repeat":"repeat","background-position":"center center","background-size":"auto","background-attachment":"scroll","background-type":"","background-media":"","overlay-type":"","overlay-color":"","overlay-opacity":"","overlay-gradient":""},"mobile":{"background-color":"var(--ast-global-color-5)","background-image":"","background-repeat":"repeat","background-position":"center center","background-size":"auto","background-attachment":"scroll","background-type":"","background-media":"","overlay-type":"","overlay-color":"","overlay-opacity":"","overlay-gradient":""}}},"pwb-brand":[66],"product_brand":[],"product_cat":[35],"product_tag":[40],"class_list":{"0":"post-6926","1":"product","2":"type-product","3":"status-publish","4":"has-post-thumbnail","6":"pwb-brand-gomez-sim","7":"product_cat-volante","8":"product_tag-simuladores-de-carreras","9":"desktop-align-left","10":"tablet-align-left","11":"mobile-align-left","13":"first","14":"instock","15":"taxable","16":"shipping-taxable","17":"purchasable","18":"product-type-simple"},"brands":[{"id":66,"name":"Gomez Sim","slug":"gomez-sim"}],"_links":{"self":[{"href":"https:\/\/tmasimuladores.com.ar\/en\/wp-json\/wp\/v2\/product\/6926","targetHints":{"allow":["GET"]}}],"collection":[{"href":"https:\/\/tmasimuladores.com.ar\/en\/wp-json\/wp\/v2\/product"}],"about":[{"href":"https:\/\/tmasimuladores.com.ar\/en\/wp-json\/wp\/v2\/types\/product"}],"wp:featuredmedia":[{"embeddable":true,"href":"https:\/\/tmasimuladores.com.ar\/en\/wp-json\/wp\/v2\/media\/8383"}],"wp:attachment":[{"href":"https:\/\/tmasimuladores.com.ar\/en\/wp-json\/wp\/v2\/media?parent=6926"}],"wp:term":[{"taxonomy":"pwb-brand","embeddable":true,"href":"https:\/\/tmasimuladores.com.ar\/en\/wp-json\/wp\/v2\/pwb-brand?post=6926"},{"taxonomy":"product_brand","embeddable":true,"href":"https:\/\/tmasimuladores.com.ar\/en\/wp-json\/wp\/v2\/product_brand?post=6926"},{"taxonomy":"product_cat","embeddable":true,"href":"https:\/\/tmasimuladores.com.ar\/en\/wp-json\/wp\/v2\/product_cat?post=6926"},{"taxonomy":"product_tag","embeddable":true,"href":"https:\/\/tmasimuladores.com.ar\/en\/wp-json\/wp\/v2\/product_tag?post=6926"}],"curies":[{"name":"wp","href":"https:\/\/api.w.org\/{rel}","templated":true}]}}