{"id":6919,"date":"2025-07-29T17:37:27","date_gmt":"2025-07-29T17:37:27","guid":{"rendered":"https:\/\/tmasimuladores.com.ar\/?post_type=product&#038;p=6919"},"modified":"2026-01-30T18:17:32","modified_gmt":"2026-01-30T18:17:32","slug":"6919","status":"publish","type":"product","link":"https:\/\/tmasimuladores.com.ar\/en\/product\/6919\/","title":{"rendered":"GSI HYPER SL"},"content":{"rendered":"<h4 data-start=\"936\" data-end=\"971\">\ud83c\udfae <span style=\"color: #ffffff;\">Caracter\u00edsticas principales<\/span><\/h4>\n<ul data-start=\"973\" data-end=\"1554\">\n<li data-start=\"973\" data-end=\"1053\">\n<p data-start=\"975\" data-end=\"1053\">\ud83d\udd18 <strong data-start=\"978\" data-end=\"1012\">12 botones RGB retroiluminados<\/strong> (4 LEDs RGB por bot\u00f3n, fuerza: 500 gf)<\/p>\n<\/li>\n<li data-start=\"1054\" data-end=\"1123\">\n<p data-start=\"1056\" data-end=\"1123\">\ud83d\udd04 <strong data-start=\"1059\" data-end=\"1095\">5 encoders rotativos push-button<\/strong> de alto torque (6.5 N\u00b7cm)<\/p>\n<\/li>\n<li data-start=\"1124\" data-end=\"1169\">\n<p data-start=\"1126\" data-end=\"1169\">\ud83c\udf9a\ufe0f <strong data-start=\"1130\" data-end=\"1167\">3 switches multifunci\u00f3n de 7 v\u00edas<\/strong><\/p>\n<\/li>\n<li data-start=\"1170\" data-end=\"1233\">\n<p data-start=\"1172\" data-end=\"1233\">\ud83d\udd01 <strong data-start=\"1175\" data-end=\"1199\">4 encoders de pulgar<\/strong> para ajustes r\u00e1pidos y precisos<\/p>\n<\/li>\n<li data-start=\"1234\" data-end=\"1311\">\n<p data-start=\"1236\" data-end=\"1311\">\ud83c\udf08 <strong data-start=\"1239\" data-end=\"1269\">86 LEDs RGB direccionables<\/strong> para personalizaci\u00f3n total y telemetr\u00eda<\/p>\n<\/li>\n<li data-start=\"1312\" data-end=\"1392\">\n<p data-start=\"1314\" data-end=\"1392\">\ud83d\udee0\ufe0f <strong data-start=\"1318\" data-end=\"1390\">Frente de fibra de carbono de 5 mm + cuerpo unibody de aluminio 6061<\/strong><\/p>\n<\/li>\n<li data-start=\"1393\" data-end=\"1471\">\n<p data-start=\"1395\" data-end=\"1471\">\ud83d\udfe3 <strong data-start=\"1398\" data-end=\"1420\">Mangos de silicona<\/strong> con f\u00f3rmula resistente al polvo y alta ergonom\u00eda<\/p>\n<\/li>\n<li data-start=\"1472\" data-end=\"1554\">\n<p data-start=\"1474\" data-end=\"1554\">\ud83d\udcd0 <strong data-start=\"1477\" data-end=\"1490\">Di\u00e1metro:<\/strong> 300 mm | \u2696\ufe0f Peso: 1.47 \u2013 1.62 kg (seg\u00fan configuraci\u00f3n de levas)<\/p>\n<\/li>\n<\/ul>\n<hr data-start=\"1556\" data-end=\"1559\" \/>\n<h4 data-start=\"1561\" data-end=\"1589\">\u2699\ufe0f<span style=\"color: #ffffff;\"> Entradas disponibles<\/span><\/h4>\n<ul data-start=\"1591\" data-end=\"1855\">\n<li data-start=\"1591\" data-end=\"1624\">\n<p data-start=\"1593\" data-end=\"1624\">\u2705 <strong data-start=\"1595\" data-end=\"1624\">Hasta 72 inputs mapeables<\/strong><\/p>\n<\/li>\n<li data-start=\"1625\" data-end=\"1656\">\n<p data-start=\"1627\" data-end=\"1656\">\u2705 <strong data-start=\"1629\" data-end=\"1656\">Shifters magn\u00e9ticos N52<\/strong><\/p>\n<\/li>\n<li data-start=\"1657\" data-end=\"1702\">\n<p data-start=\"1659\" data-end=\"1702\">\u2705 <strong data-start=\"1661\" data-end=\"1702\">Doble embrague (dual clutch) de serie<\/strong><\/p>\n<\/li>\n<li data-start=\"1703\" data-end=\"1738\">\n<p data-start=\"1705\" data-end=\"1738\">\u2705 <strong data-start=\"1707\" data-end=\"1738\">Levas superiores opcionales<\/strong><\/p>\n<\/li>\n<li data-start=\"1739\" data-end=\"1855\">\n<p data-start=\"1741\" data-end=\"1855\">\u2705 <strong data-start=\"1743\" data-end=\"1783\">Configuraciones posibles de paletas:<\/strong><br data-start=\"1783\" data-end=\"1786\" \/>\u2003\u2022 4 levas (shifters + dual clutch)<br data-start=\"1821\" data-end=\"1824\" \/>\u2003\u2022 6 levas (agrega top paddles)<\/p>\n<\/li>\n<\/ul>\n<hr data-start=\"1857\" data-end=\"1860\" \/>\n<h4 data-start=\"1862\" data-end=\"1894\">\ud83d\udca1 <span style=\"color: #ffffff;\">Iluminaci\u00f3n y telemetr\u00eda<\/span><\/h4>\n<ul data-start=\"1896\" data-end=\"2143\">\n<li data-start=\"1896\" data-end=\"1957\">\n<p data-start=\"1898\" data-end=\"1957\">\ud83d\udea5 <strong data-start=\"1901\" data-end=\"1957\">Tira LED de RPM + indicadores laterales (3 + 12 + 3)<\/strong><\/p>\n<\/li>\n<li data-start=\"1958\" data-end=\"2006\">\n<p data-start=\"1960\" data-end=\"2006\">\ud83c\udf08 <strong data-start=\"1963\" data-end=\"2006\">86 LEDs RGB programables en tiempo real<\/strong><\/p>\n<\/li>\n<li data-start=\"2007\" data-end=\"2069\">\n<p data-start=\"2009\" data-end=\"2069\">\ud83c\udfae <strong data-start=\"2012\" data-end=\"2069\">Retroiluminaci\u00f3n total en botones, encoders y paneles<\/strong><\/p>\n<\/li>\n<li data-start=\"2070\" data-end=\"2143\">\n<p data-start=\"2072\" data-end=\"2143\">\u26a1 <strong data-start=\"2074\" data-end=\"2143\">Integraci\u00f3n directa con la app simOS para ajustes sobre la marcha<\/strong><\/p>\n<\/li>\n<\/ul>\n<hr data-start=\"2145\" data-end=\"2148\" \/>\n<h4 data-start=\"2150\" data-end=\"2185\">\ud83d\udd27 <span style=\"color: #ffffff;\">Personalizaci\u00f3n profesional<\/span><\/h4>\n<ul data-start=\"2187\" data-end=\"2416\">\n<li data-start=\"2187\" data-end=\"2246\">\n<p data-start=\"2189\" data-end=\"2246\">\ud83c\udfa8 Etiquetas, colores y distribuci\u00f3n 100% personalizables<\/p>\n<\/li>\n<li data-start=\"2247\" data-end=\"2284\">\n<p data-start=\"2249\" data-end=\"2284\">\ud83e\udde9 Encoders y knobs intercambiables<\/p>\n<\/li>\n<li data-start=\"2285\" data-end=\"2342\">\n<p data-start=\"2287\" data-end=\"2342\">\ud83d\udee0\ufe0f Armado artesanal y control de calidad en dos etapas<\/p>\n<\/li>\n<li data-start=\"2343\" data-end=\"2416\">\n<p data-start=\"2345\" data-end=\"2416\">\ud83d\udcf1 Firmware <strong data-start=\"2357\" data-end=\"2366\">simOS<\/strong> optimizado para m\u00e1xima respuesta y compatibilidad<\/p>\n<\/li>\n<\/ul>\n<hr data-start=\"2418\" data-end=\"2421\" \/>\n<h4 data-start=\"2423\" data-end=\"2463\">\ud83d\udcbb <span style=\"color: #ffffff;\">Compatibilidad (solo Windows PC)<\/span><\/h4>\n<p data-start=\"2465\" data-end=\"2528\">Compatible con las bases direct drive m\u00e1s potentes del mercado:<\/p>\n<ul data-start=\"2530\" data-end=\"2844\">\n<li data-start=\"2530\" data-end=\"2544\">\n<p data-start=\"2532\" data-end=\"2544\"><strong data-start=\"2532\" data-end=\"2544\">Simucube<\/strong><\/p>\n<\/li>\n<li data-start=\"2545\" data-end=\"2570\">\n<p data-start=\"2547\" data-end=\"2570\"><strong data-start=\"2547\" data-end=\"2570\">VRS DirectForce Pro<\/strong><\/p>\n<\/li>\n<li data-start=\"2571\" data-end=\"2659\">\n<p data-start=\"2573\" data-end=\"2659\"><strong data-start=\"2573\" data-end=\"2587\">Fanatec DD<\/strong> <em data-start=\"2588\" data-end=\"2659\">(requiere Podium Hub y AH-50 para clearance del conector de cableado)<\/em><\/p>\n<\/li>\n<li data-start=\"2660\" data-end=\"2706\">\n<p data-start=\"2662\" data-end=\"2706\"><strong data-start=\"2662\" data-end=\"2677\">Moza Racing<\/strong> <em data-start=\"2678\" data-end=\"2706\">(con adaptador QR de Moza)<\/em><\/p>\n<\/li>\n<li data-start=\"2707\" data-end=\"2748\">\n<p data-start=\"2709\" data-end=\"2748\"><strong data-start=\"2709\" data-end=\"2719\">Asetek<\/strong> <em data-start=\"2720\" data-end=\"2748\">(con adaptador Invicta QR)<\/em><\/p>\n<\/li>\n<li data-start=\"2749\" data-end=\"2796\">\n<p data-start=\"2751\" data-end=\"2796\"><strong data-start=\"2751\" data-end=\"2762\">Simagic<\/strong> <em data-start=\"2763\" data-end=\"2796\">(con QR espec\u00edfico de la marca)<\/em><\/p>\n<\/li>\n<li data-start=\"2797\" data-end=\"2844\">\n<p data-start=\"2799\" data-end=\"2844\"><strong data-start=\"2799\" data-end=\"2844\">Otras bases direct drive a partir de 8 Nm<\/strong><\/p>\n<\/li>\n<\/ul>\n<p data-start=\"2846\" data-end=\"2939\">\ud83d\udd0c <strong data-start=\"2849\" data-end=\"2867\">Recomendaci\u00f3n:<\/strong> conectar con cable USB GSI a un hub alimentado para m\u00e1xima estabilidad.<\/p>","protected":false},"excerpt":{"rendered":"<p data-start=\"316\" data-end=\"654\">El <strong data-start=\"319\" data-end=\"335\">GSI Hyper SL<\/strong> es el volante screenless m\u00e1s avanzado jam\u00e1s creado por Gomez Sim Industries. Dise\u00f1ado para quienes buscan un control absoluto sin distracciones, combina ingenier\u00eda de precisi\u00f3n, materiales premium y una experiencia de simulaci\u00f3n inmersiva con hasta <strong data-start=\"585\" data-end=\"615\">72 funciones configurables<\/strong> y una iluminaci\u00f3n RGB sin precedentes.<\/p>\n<p data-start=\"656\" data-end=\"929\">Con una estructura de aluminio grado aeroespacial y frente de fibra de carbono, este volante es robusto, r\u00edgido y est\u00e9ticamente impecable. La arquitectura simOS integrada garantiza tiempos de respuesta ultrarr\u00e1pidos y una conexi\u00f3n pura entre el piloto virtual y su m\u00e1quina.<\/p>","protected":false},"featured_media":8387,"template":"","meta":{"site-sidebar-layout":"default","site-content-layout":"","ast-site-content-layout":"default","site-content-style":"default","site-sidebar-style":"default","ast-global-header-display":"","ast-banner-title-visibility":"","ast-main-header-display":"","ast-hfb-above-header-display":"","ast-hfb-below-header-display":"","ast-hfb-mobile-header-display":"","site-post-title":"","ast-breadcrumbs-content":"","ast-featured-img":"","footer-sml-layout":"","theme-transparent-header-meta":"default","adv-header-id-meta":"","stick-header-meta":"","header-above-stick-meta":"","header-main-stick-meta":"","header-below-stick-meta":"","astra-migrate-meta-layouts":"set","ast-page-background-enabled":"default","ast-page-background-meta":{"desktop":{"background-color":"var(--ast-global-color-4)","background-image":"","background-repeat":"repeat","background-position":"center center","background-size":"auto","background-attachment":"scroll","background-type":"","background-media":"","overlay-type":"","overlay-color":"","overlay-opacity":"","overlay-gradient":""},"tablet":{"background-color":"","background-image":"","background-repeat":"repeat","background-position":"center center","background-size":"auto","background-attachment":"scroll","background-type":"","background-media":"","overlay-type":"","overlay-color":"","overlay-opacity":"","overlay-gradient":""},"mobile":{"background-color":"","background-image":"","background-repeat":"repeat","background-position":"center center","background-size":"auto","background-attachment":"scroll","background-type":"","background-media":"","overlay-type":"","overlay-color":"","overlay-opacity":"","overlay-gradient":""}},"ast-content-background-meta":{"desktop":{"background-color":"var(--ast-global-color-5)","background-image":"","background-repeat":"repeat","background-position":"center center","background-size":"auto","background-attachment":"scroll","background-type":"","background-media":"","overlay-type":"","overlay-color":"","overlay-opacity":"","overlay-gradient":""},"tablet":{"background-color":"var(--ast-global-color-5)","background-image":"","background-repeat":"repeat","background-position":"center center","background-size":"auto","background-attachment":"scroll","background-type":"","background-media":"","overlay-type":"","overlay-color":"","overlay-opacity":"","overlay-gradient":""},"mobile":{"background-color":"var(--ast-global-color-5)","background-image":"","background-repeat":"repeat","background-position":"center center","background-size":"auto","background-attachment":"scroll","background-type":"","background-media":"","overlay-type":"","overlay-color":"","overlay-opacity":"","overlay-gradient":""}}},"pwb-brand":[66],"product_brand":[],"product_cat":[35],"product_tag":[40],"class_list":{"0":"post-6919","1":"product","2":"type-product","3":"status-publish","4":"has-post-thumbnail","6":"pwb-brand-gomez-sim","7":"product_cat-volante","8":"product_tag-simuladores-de-carreras","9":"desktop-align-left","10":"tablet-align-left","11":"mobile-align-left","13":"first","14":"instock","15":"taxable","16":"shipping-taxable","17":"purchasable","18":"product-type-simple"},"brands":[{"id":66,"name":"Gomez Sim","slug":"gomez-sim"}],"_links":{"self":[{"href":"https:\/\/tmasimuladores.com.ar\/en\/wp-json\/wp\/v2\/product\/6919","targetHints":{"allow":["GET"]}}],"collection":[{"href":"https:\/\/tmasimuladores.com.ar\/en\/wp-json\/wp\/v2\/product"}],"about":[{"href":"https:\/\/tmasimuladores.com.ar\/en\/wp-json\/wp\/v2\/types\/product"}],"wp:featuredmedia":[{"embeddable":true,"href":"https:\/\/tmasimuladores.com.ar\/en\/wp-json\/wp\/v2\/media\/8387"}],"wp:attachment":[{"href":"https:\/\/tmasimuladores.com.ar\/en\/wp-json\/wp\/v2\/media?parent=6919"}],"wp:term":[{"taxonomy":"pwb-brand","embeddable":true,"href":"https:\/\/tmasimuladores.com.ar\/en\/wp-json\/wp\/v2\/pwb-brand?post=6919"},{"taxonomy":"product_brand","embeddable":true,"href":"https:\/\/tmasimuladores.com.ar\/en\/wp-json\/wp\/v2\/product_brand?post=6919"},{"taxonomy":"product_cat","embeddable":true,"href":"https:\/\/tmasimuladores.com.ar\/en\/wp-json\/wp\/v2\/product_cat?post=6919"},{"taxonomy":"product_tag","embeddable":true,"href":"https:\/\/tmasimuladores.com.ar\/en\/wp-json\/wp\/v2\/product_tag?post=6919"}],"curies":[{"name":"wp","href":"https:\/\/api.w.org\/{rel}","templated":true}]}}