{"id":6914,"date":"2025-07-29T17:09:22","date_gmt":"2025-07-29T17:09:22","guid":{"rendered":"https:\/\/tmasimuladores.com.ar\/?post_type=product&#038;p=6914"},"modified":"2025-12-15T15:25:49","modified_gmt":"2025-12-15T15:25:49","slug":"gsi-gxl-v2","status":"publish","type":"product","link":"https:\/\/tmasimuladores.com.ar\/en\/product\/gsi-gxl-v2\/","title":{"rendered":"GSI GXL V2"},"content":{"rendered":"<h4 data-start=\"1011\" data-end=\"1046\">\ud83c\udfae <span style=\"color: #ffffff;\">Caracter\u00edsticas principales<\/span><\/h4>\n<ul data-start=\"1048\" data-end=\"1676\">\n<li data-start=\"1048\" data-end=\"1124\">\n<p data-start=\"1050\" data-end=\"1124\">\ud83d\udd18 <strong data-start=\"1053\" data-end=\"1087\">10 botones RGB retroiluminados<\/strong> con fuerza de activaci\u00f3n de 500 gf<\/p>\n<\/li>\n<li data-start=\"1125\" data-end=\"1188\">\n<p data-start=\"1127\" data-end=\"1188\">\ud83d\udd04 <strong data-start=\"1130\" data-end=\"1166\">5 encoders rotativos de 6.5 N\u00b7cm<\/strong> de alto rendimiento<\/p>\n<\/li>\n<li data-start=\"1189\" data-end=\"1267\">\n<p data-start=\"1191\" data-end=\"1267\">\ud83c\udf9a\ufe0f <strong data-start=\"1195\" data-end=\"1232\">2 switches multifunci\u00f3n de 7 v\u00edas<\/strong> para navegaci\u00f3n r\u00e1pida y precisa<\/p>\n<\/li>\n<li data-start=\"1268\" data-end=\"1354\">\n<p data-start=\"1270\" data-end=\"1354\">\ud83d\udd01 <strong data-start=\"1273\" data-end=\"1308\">2 encoders de pulgar integrados<\/strong>, accesibles con el dedo en posici\u00f3n natural<\/p>\n<\/li>\n<li data-start=\"1355\" data-end=\"1440\">\n<p data-start=\"1357\" data-end=\"1440\">\ud83c\udf08 <strong data-start=\"1360\" data-end=\"1388\">62 LEDs RGB programables<\/strong>, incluyendo tiras de RPM (3 + 10 + 3) y laterales<\/p>\n<\/li>\n<li data-start=\"1441\" data-end=\"1516\">\n<p data-start=\"1443\" data-end=\"1516\">\ud83d\udee0\ufe0f <strong data-start=\"1447\" data-end=\"1514\">Frente de fibra de carbono de 5 mm + cuerpo unibody de aluminio<\/strong><\/p>\n<\/li>\n<li data-start=\"1517\" data-end=\"1593\">\n<p data-start=\"1519\" data-end=\"1593\">\ud83d\udfe3 <strong data-start=\"1522\" data-end=\"1544\">Mangos de silicona<\/strong> con tratamiento anti-polvo y dise\u00f1o ergon\u00f3mico<\/p>\n<\/li>\n<li data-start=\"1594\" data-end=\"1676\">\n<p data-start=\"1596\" data-end=\"1676\">\ud83d\udcd0 <strong data-start=\"1599\" data-end=\"1612\">Di\u00e1metro:<\/strong> 300 mm | \u2696\ufe0f Peso: 1.30 a 1.40 kg (seg\u00fan configuraci\u00f3n de levas)<\/p>\n<\/li>\n<\/ul>\n<hr data-start=\"1678\" data-end=\"1681\" \/>\n<h4 data-start=\"1683\" data-end=\"1711\">\u2699\ufe0f<span style=\"color: #ffffff;\"> Entradas disponibles<\/span><\/h4>\n<ul data-start=\"1713\" data-end=\"1937\">\n<li data-start=\"1713\" data-end=\"1750\">\n<p data-start=\"1715\" data-end=\"1750\">\u2705 <strong data-start=\"1717\" data-end=\"1750\">Hasta 57 funciones asignables<\/strong><\/p>\n<\/li>\n<li data-start=\"1751\" data-end=\"1782\">\n<p data-start=\"1753\" data-end=\"1782\">\u2705 <strong data-start=\"1755\" data-end=\"1782\">Shifters magn\u00e9ticos N52<\/strong><\/p>\n<\/li>\n<li data-start=\"1783\" data-end=\"1841\">\n<p data-start=\"1785\" data-end=\"1841\">\u2705 <strong data-start=\"1787\" data-end=\"1841\">Sistema de doble embrague (dual clutch) disponible<\/strong><\/p>\n<\/li>\n<li data-start=\"1842\" data-end=\"1937\">\n<p data-start=\"1844\" data-end=\"1937\">\u2705 <strong data-start=\"1846\" data-end=\"1875\">Configuraciones de levas:<\/strong><br data-start=\"1875\" data-end=\"1878\" \/>\u2003\u2022 2 levas (shifters)<br data-start=\"1899\" data-end=\"1902\" \/>\u2003\u2022 4 levas (shifters + dual clutch)<\/p>\n<\/li>\n<\/ul>\n<hr data-start=\"1939\" data-end=\"1942\" \/>\n<h4 data-start=\"1944\" data-end=\"1975\">\ud83d\udca1 <span style=\"color: #ffffff;\">Iluminaci\u00f3n inteligente<\/span><\/h4>\n<ul data-start=\"1977\" data-end=\"2206\">\n<li data-start=\"1977\" data-end=\"2010\">\n<p data-start=\"1979\" data-end=\"2010\">\ud83c\udfaf <strong data-start=\"1982\" data-end=\"2010\">62 LEDs RGB programables<\/strong><\/p>\n<\/li>\n<li data-start=\"2011\" data-end=\"2086\">\n<p data-start=\"2013\" data-end=\"2086\">\ud83d\udea5 <strong data-start=\"2016\" data-end=\"2086\">Tira LED de telemetr\u00eda (3 superiores + 10 centrales + 3 laterales)<\/strong><\/p>\n<\/li>\n<li data-start=\"2087\" data-end=\"2141\">\n<p data-start=\"2089\" data-end=\"2141\">\ud83d\udca1 <strong data-start=\"2092\" data-end=\"2141\">Botones y encoders con retroiluminaci\u00f3n total<\/strong><\/p>\n<\/li>\n<li data-start=\"2142\" data-end=\"2206\">\n<p data-start=\"2144\" data-end=\"2206\">\ud83e\udde0 <strong data-start=\"2147\" data-end=\"2206\">Integraci\u00f3n con telemetr\u00eda del simulador en tiempo real<\/strong><\/p>\n<\/li>\n<\/ul>\n<hr data-start=\"2208\" data-end=\"2211\" \/>\n<h4 data-start=\"2213\" data-end=\"2242\">\ud83d\udd27 <span style=\"color: #ffffff;\">Personalizaci\u00f3n total<\/span><\/h4>\n<ul data-start=\"2244\" data-end=\"2434\">\n<li data-start=\"2244\" data-end=\"2321\">\n<p data-start=\"2246\" data-end=\"2321\">\ud83c\udfa8 Posibilidad de personalizar etiquetas, colores y distribuci\u00f3n de botones<\/p>\n<\/li>\n<li data-start=\"2322\" data-end=\"2356\">\n<p data-start=\"2324\" data-end=\"2356\">\ud83d\udee0\ufe0f Rotary knobs intercambiables<\/p>\n<\/li>\n<li data-start=\"2357\" data-end=\"2434\">\n<p data-start=\"2359\" data-end=\"2434\">\ud83d\udcf1 Compatible con la app <strong data-start=\"2384\" data-end=\"2393\">simOS<\/strong> para ajustes avanzados y actualizaciones<\/p>\n<\/li>\n<\/ul>\n<hr data-start=\"2436\" data-end=\"2439\" \/>\n<h4 data-start=\"2441\" data-end=\"2481\">\ud83d\udcbb <span style=\"color: #ffffff;\">Compatibilidad (solo Windows PC)<\/span><\/h4>\n<p data-start=\"2483\" data-end=\"2543\">Compatible con la mayor\u00eda de bases direct drive del mercado:<\/p>\n<ul data-start=\"2545\" data-end=\"2858\">\n<li data-start=\"2545\" data-end=\"2559\">\n<p data-start=\"2547\" data-end=\"2559\"><strong data-start=\"2547\" data-end=\"2559\">Simucube<\/strong><\/p>\n<\/li>\n<li data-start=\"2560\" data-end=\"2585\">\n<p data-start=\"2562\" data-end=\"2585\"><strong data-start=\"2562\" data-end=\"2585\">VRS DirectForce Pro<\/strong><\/p>\n<\/li>\n<li data-start=\"2586\" data-end=\"2674\">\n<p data-start=\"2588\" data-end=\"2674\"><strong data-start=\"2588\" data-end=\"2602\">Fanatec DD<\/strong> <em data-start=\"2603\" data-end=\"2674\">(requiere Podium Hub y AH-50 para clearance del conector de cableado)<\/em><\/p>\n<\/li>\n<li data-start=\"2675\" data-end=\"2726\">\n<p data-start=\"2677\" data-end=\"2726\"><strong data-start=\"2677\" data-end=\"2692\">Moza Racing<\/strong> <em data-start=\"2693\" data-end=\"2726\">(mediante adaptador QR de Moza)<\/em><\/p>\n<\/li>\n<li data-start=\"2727\" data-end=\"2768\">\n<p data-start=\"2729\" data-end=\"2768\"><strong data-start=\"2729\" data-end=\"2739\">Asetek<\/strong> <em data-start=\"2740\" data-end=\"2768\">(con adaptador Invicta QR)<\/em><\/p>\n<\/li>\n<li data-start=\"2769\" data-end=\"2809\">\n<p data-start=\"2771\" data-end=\"2809\"><strong data-start=\"2771\" data-end=\"2782\">Simagic<\/strong> <em data-start=\"2783\" data-end=\"2809\">(mediante QR de Simagic)<\/em><\/p>\n<\/li>\n<li data-start=\"2810\" data-end=\"2858\">\n<p data-start=\"2812\" data-end=\"2858\">*<em data-start=\"2813\" data-end=\"2858\">Otras wheelbases direct drive de 8 Nm o m\u00e1s<\/em><\/p>\n<\/li>\n<\/ul>","protected":false},"excerpt":{"rendered":"<p data-start=\"352\" data-end=\"752\">El <strong data-start=\"355\" data-end=\"365\">GXL V2<\/strong> representa la nueva generaci\u00f3n de volantes de GSI, redise\u00f1ado desde cero para ofrecer una experiencia de simulaci\u00f3n profesional, sin pantalla pero con el m\u00e1ximo poder de personalizaci\u00f3n. Con <strong data-start=\"557\" data-end=\"586\">57 entradas configurables<\/strong>, <strong data-start=\"588\" data-end=\"617\">62 LED RGB direccionables<\/strong>, materiales premium y una ergonom\u00eda refinada, este modelo es una herramienta de precisi\u00f3n para quienes exigen lo mejor en cada vuelta.<\/p>\n<p data-start=\"754\" data-end=\"1004\">Dise\u00f1ado para simracers exigentes, el GXL V2 mantiene el esp\u00edritu del original pero lo lleva a un nuevo nivel, integrando tecnolog\u00edas de su l\u00ednea Hyper y ejecutado sobre el nuevo firmware <strong data-start=\"942\" data-end=\"951\">simOS<\/strong>, creado espec\u00edficamente para simulaci\u00f3n de carreras.<\/p>","protected":false},"featured_media":8384,"template":"","meta":{"site-sidebar-layout":"default","site-content-layout":"","ast-site-content-layout":"default","site-content-style":"default","site-sidebar-style":"default","ast-global-header-display":"","ast-banner-title-visibility":"","ast-main-header-display":"","ast-hfb-above-header-display":"","ast-hfb-below-header-display":"","ast-hfb-mobile-header-display":"","site-post-title":"","ast-breadcrumbs-content":"","ast-featured-img":"","footer-sml-layout":"","theme-transparent-header-meta":"default","adv-header-id-meta":"","stick-header-meta":"","header-above-stick-meta":"","header-main-stick-meta":"","header-below-stick-meta":"","astra-migrate-meta-layouts":"set","ast-page-background-enabled":"default","ast-page-background-meta":{"desktop":{"background-color":"var(--ast-global-color-4)","background-image":"","background-repeat":"repeat","background-position":"center center","background-size":"auto","background-attachment":"scroll","background-type":"","background-media":"","overlay-type":"","overlay-color":"","overlay-opacity":"","overlay-gradient":""},"tablet":{"background-color":"","background-image":"","background-repeat":"repeat","background-position":"center center","background-size":"auto","background-attachment":"scroll","background-type":"","background-media":"","overlay-type":"","overlay-color":"","overlay-opacity":"","overlay-gradient":""},"mobile":{"background-color":"","background-image":"","background-repeat":"repeat","background-position":"center center","background-size":"auto","background-attachment":"scroll","background-type":"","background-media":"","overlay-type":"","overlay-color":"","overlay-opacity":"","overlay-gradient":""}},"ast-content-background-meta":{"desktop":{"background-color":"var(--ast-global-color-5)","background-image":"","background-repeat":"repeat","background-position":"center center","background-size":"auto","background-attachment":"scroll","background-type":"","background-media":"","overlay-type":"","overlay-color":"","overlay-opacity":"","overlay-gradient":""},"tablet":{"background-color":"var(--ast-global-color-5)","background-image":"","background-repeat":"repeat","background-position":"center center","background-size":"auto","background-attachment":"scroll","background-type":"","background-media":"","overlay-type":"","overlay-color":"","overlay-opacity":"","overlay-gradient":""},"mobile":{"background-color":"var(--ast-global-color-5)","background-image":"","background-repeat":"repeat","background-position":"center center","background-size":"auto","background-attachment":"scroll","background-type":"","background-media":"","overlay-type":"","overlay-color":"","overlay-opacity":"","overlay-gradient":""}}},"pwb-brand":[66],"product_brand":[],"product_cat":[35],"product_tag":[],"class_list":{"0":"post-6914","1":"product","2":"type-product","3":"status-publish","4":"has-post-thumbnail","6":"pwb-brand-gomez-sim","7":"product_cat-volante","8":"desktop-align-left","9":"tablet-align-left","10":"mobile-align-left","12":"first","13":"instock","14":"taxable","15":"shipping-taxable","16":"purchasable","17":"product-type-simple"},"brands":[{"id":66,"name":"Gomez Sim","slug":"gomez-sim"}],"_links":{"self":[{"href":"https:\/\/tmasimuladores.com.ar\/en\/wp-json\/wp\/v2\/product\/6914","targetHints":{"allow":["GET"]}}],"collection":[{"href":"https:\/\/tmasimuladores.com.ar\/en\/wp-json\/wp\/v2\/product"}],"about":[{"href":"https:\/\/tmasimuladores.com.ar\/en\/wp-json\/wp\/v2\/types\/product"}],"wp:featuredmedia":[{"embeddable":true,"href":"https:\/\/tmasimuladores.com.ar\/en\/wp-json\/wp\/v2\/media\/8384"}],"wp:attachment":[{"href":"https:\/\/tmasimuladores.com.ar\/en\/wp-json\/wp\/v2\/media?parent=6914"}],"wp:term":[{"taxonomy":"pwb-brand","embeddable":true,"href":"https:\/\/tmasimuladores.com.ar\/en\/wp-json\/wp\/v2\/pwb-brand?post=6914"},{"taxonomy":"product_brand","embeddable":true,"href":"https:\/\/tmasimuladores.com.ar\/en\/wp-json\/wp\/v2\/product_brand?post=6914"},{"taxonomy":"product_cat","embeddable":true,"href":"https:\/\/tmasimuladores.com.ar\/en\/wp-json\/wp\/v2\/product_cat?post=6914"},{"taxonomy":"product_tag","embeddable":true,"href":"https:\/\/tmasimuladores.com.ar\/en\/wp-json\/wp\/v2\/product_tag?post=6914"}],"curies":[{"name":"wp","href":"https:\/\/api.w.org\/{rel}","templated":true}]}}