{"id":6904,"date":"2025-07-29T16:55:13","date_gmt":"2025-07-29T16:55:13","guid":{"rendered":"https:\/\/tmasimuladores.com.ar\/?post_type=product&#038;p=6904"},"modified":"2026-01-30T18:17:53","modified_gmt":"2026-01-30T18:17:53","slug":"gsi-x-29","status":"publish","type":"product","link":"https:\/\/tmasimuladores.com.ar\/en\/product\/gsi-x-29\/","title":{"rendered":"GSI X-29"},"content":{"rendered":"<h4 data-start=\"977\" data-end=\"1012\">\ud83c\udfae <span style=\"color: #ffffff;\">Caracter\u00edsticas principales<\/span><\/h4>\n<ul data-start=\"1014\" data-end=\"1317\">\n<li data-start=\"1014\" data-end=\"1064\">\n<p data-start=\"1016\" data-end=\"1064\">\ud83d\udd18 <strong data-start=\"1019\" data-end=\"1037\">10 botones RGB<\/strong> totalmente configurables<\/p>\n<\/li>\n<li data-start=\"1065\" data-end=\"1136\">\n<p data-start=\"1067\" data-end=\"1136\">\ud83d\udd04 <strong data-start=\"1070\" data-end=\"1094\">3 encoders rotativos<\/strong> de 5 posiciones (resistencia: 3.5 N\u00b7cm)<\/p>\n<\/li>\n<li data-start=\"1137\" data-end=\"1182\">\n<p data-start=\"1139\" data-end=\"1182\">\ud83c\udf9a\ufe0f <strong data-start=\"1143\" data-end=\"1180\">2 switches multifunci\u00f3n de 7 v\u00edas<\/strong><\/p>\n<\/li>\n<li data-start=\"1183\" data-end=\"1239\">\n<p data-start=\"1185\" data-end=\"1239\">\ud83d\udfe3 <strong data-start=\"1188\" data-end=\"1210\">Mangos de silicona<\/strong> para m\u00e1ximo grip y confort<\/p>\n<\/li>\n<li data-start=\"1240\" data-end=\"1289\">\n<p data-start=\"1242\" data-end=\"1289\">\ud83d\udee0\ufe0f <strong data-start=\"1246\" data-end=\"1287\">Cuerpo unibody de aluminio mecanizado<\/strong><\/p>\n<\/li>\n<li data-start=\"1290\" data-end=\"1317\">\n<p data-start=\"1292\" data-end=\"1317\">\ud83d\udcd0 <strong data-start=\"1295\" data-end=\"1308\">Di\u00e1metro:<\/strong> 290 mm<\/p>\n<\/li>\n<\/ul>\n<hr data-start=\"1319\" data-end=\"1322\" \/>\n<h4 data-start=\"1324\" data-end=\"1352\">\u2699\ufe0f <span style=\"color: #ffffff;\">Entradas disponibles<\/span><\/h4>\n<ul data-start=\"1354\" data-end=\"1582\">\n<li data-start=\"1354\" data-end=\"1391\">\n<p data-start=\"1356\" data-end=\"1391\">\u2705 <strong data-start=\"1358\" data-end=\"1391\">Hasta 43 inputs configurables<\/strong><\/p>\n<\/li>\n<li data-start=\"1392\" data-end=\"1423\">\n<p data-start=\"1394\" data-end=\"1423\">\u2705 <strong data-start=\"1396\" data-end=\"1423\">Shifters magn\u00e9ticos N52<\/strong><\/p>\n<\/li>\n<li data-start=\"1424\" data-end=\"1486\">\n<p data-start=\"1426\" data-end=\"1486\">\u2705 <strong data-start=\"1428\" data-end=\"1486\">Compatible con sistema de doble embrague (dual clutch)<\/strong><\/p>\n<\/li>\n<li data-start=\"1487\" data-end=\"1582\">\n<p data-start=\"1489\" data-end=\"1582\">\u2705 <strong data-start=\"1491\" data-end=\"1520\">Configuraciones de levas:<\/strong><br data-start=\"1520\" data-end=\"1523\" \/>\u2003\u2022 2 levas (shifters)<br data-start=\"1544\" data-end=\"1547\" \/>\u2003\u2022 4 levas (shifters + dual clutch)<\/p>\n<\/li>\n<\/ul>\n<hr data-start=\"1584\" data-end=\"1587\" \/>\n<h4 data-start=\"1589\" data-end=\"1629\">\ud83d\udcbb <span style=\"color: #ffffff;\">Compatibilidad (solo Windows PC)<\/span><\/h4>\n<p data-start=\"1631\" data-end=\"1707\">El GSI X-29 es compatible con la mayor\u00eda de bases direct drive de alta gama:<\/p>\n<ul data-start=\"1709\" data-end=\"2022\">\n<li data-start=\"1709\" data-end=\"1723\">\n<p data-start=\"1711\" data-end=\"1723\"><strong data-start=\"1711\" data-end=\"1723\">Simucube<\/strong><\/p>\n<\/li>\n<li data-start=\"1724\" data-end=\"1749\">\n<p data-start=\"1726\" data-end=\"1749\"><strong data-start=\"1726\" data-end=\"1749\">VRS DirectForce Pro<\/strong><\/p>\n<\/li>\n<li data-start=\"1750\" data-end=\"1838\">\n<p data-start=\"1752\" data-end=\"1838\"><strong data-start=\"1752\" data-end=\"1766\">Fanatec DD<\/strong> <em data-start=\"1767\" data-end=\"1838\">(requiere Podium Hub y AH-50 para clearance del conector de cableado)<\/em><\/p>\n<\/li>\n<li data-start=\"1839\" data-end=\"1890\">\n<p data-start=\"1841\" data-end=\"1890\"><strong data-start=\"1841\" data-end=\"1856\">Moza Racing<\/strong> <em data-start=\"1857\" data-end=\"1890\">(mediante adaptador QR de Moza)<\/em><\/p>\n<\/li>\n<li data-start=\"1891\" data-end=\"1932\">\n<p data-start=\"1893\" data-end=\"1932\"><strong data-start=\"1893\" data-end=\"1903\">Asetek<\/strong> <em data-start=\"1904\" data-end=\"1932\">(con adaptador Invicta QR)<\/em><\/p>\n<\/li>\n<li data-start=\"1933\" data-end=\"1973\">\n<p data-start=\"1935\" data-end=\"1973\"><strong data-start=\"1935\" data-end=\"1946\">Simagic<\/strong> <em data-start=\"1947\" data-end=\"1973\">(mediante QR de Simagic)<\/em><\/p>\n<\/li>\n<li data-start=\"1974\" data-end=\"2022\">\n<p data-start=\"1976\" data-end=\"2022\">*<em data-start=\"1977\" data-end=\"2022\">Otras wheelbases direct drive de 8 Nm o m\u00e1s<\/em><\/p>\n<\/li>\n<\/ul>","protected":false},"excerpt":{"rendered":"<p data-start=\"385\" data-end=\"756\">El <strong data-start=\"388\" data-end=\"400\">GSI X-29<\/strong> es la puerta de entrada perfecta al mundo profesional del sim racing. Dise\u00f1ado para quienes buscan rendimiento y est\u00e9tica en un mismo producto, este volante combina materiales de alta calidad, controles intuitivos y una construcci\u00f3n s\u00f3lida en una pieza de aluminio. Su tama\u00f1o compacto de <strong data-start=\"689\" data-end=\"711\">290 mm de di\u00e1metro<\/strong> lo hace ideal para carreras de f\u00f3rmula y GT. Con una excelente relaci\u00f3n precio-calidad, el X-29 est\u00e1 cargado de funcionalidades avanzadas que lo convierten en una herramienta seria para quienes quieren llevar su experiencia de simulaci\u00f3n al siguiente nivel.<\/p>","protected":false},"featured_media":8389,"template":"","meta":{"site-sidebar-layout":"default","site-content-layout":"","ast-site-content-layout":"default","site-content-style":"default","site-sidebar-style":"default","ast-global-header-display":"","ast-banner-title-visibility":"","ast-main-header-display":"","ast-hfb-above-header-display":"","ast-hfb-below-header-display":"","ast-hfb-mobile-header-display":"","site-post-title":"","ast-breadcrumbs-content":"","ast-featured-img":"","footer-sml-layout":"","theme-transparent-header-meta":"default","adv-header-id-meta":"","stick-header-meta":"","header-above-stick-meta":"","header-main-stick-meta":"","header-below-stick-meta":"","astra-migrate-meta-layouts":"set","ast-page-background-enabled":"default","ast-page-background-meta":{"desktop":{"background-color":"var(--ast-global-color-4)","background-image":"","background-repeat":"repeat","background-position":"center center","background-size":"auto","background-attachment":"scroll","background-type":"","background-media":"","overlay-type":"","overlay-color":"","overlay-opacity":"","overlay-gradient":""},"tablet":{"background-color":"","background-image":"","background-repeat":"repeat","background-position":"center center","background-size":"auto","background-attachment":"scroll","background-type":"","background-media":"","overlay-type":"","overlay-color":"","overlay-opacity":"","overlay-gradient":""},"mobile":{"background-color":"","background-image":"","background-repeat":"repeat","background-position":"center center","background-size":"auto","background-attachment":"scroll","background-type":"","background-media":"","overlay-type":"","overlay-color":"","overlay-opacity":"","overlay-gradient":""}},"ast-content-background-meta":{"desktop":{"background-color":"var(--ast-global-color-5)","background-image":"","background-repeat":"repeat","background-position":"center center","background-size":"auto","background-attachment":"scroll","background-type":"","background-media":"","overlay-type":"","overlay-color":"","overlay-opacity":"","overlay-gradient":""},"tablet":{"background-color":"var(--ast-global-color-5)","background-image":"","background-repeat":"repeat","background-position":"center center","background-size":"auto","background-attachment":"scroll","background-type":"","background-media":"","overlay-type":"","overlay-color":"","overlay-opacity":"","overlay-gradient":""},"mobile":{"background-color":"var(--ast-global-color-5)","background-image":"","background-repeat":"repeat","background-position":"center center","background-size":"auto","background-attachment":"scroll","background-type":"","background-media":"","overlay-type":"","overlay-color":"","overlay-opacity":"","overlay-gradient":""}}},"pwb-brand":[66],"product_brand":[],"product_cat":[35],"product_tag":[40],"class_list":{"0":"post-6904","1":"product","2":"type-product","3":"status-publish","4":"has-post-thumbnail","6":"pwb-brand-gomez-sim","7":"product_cat-volante","8":"product_tag-simuladores-de-carreras","9":"desktop-align-left","10":"tablet-align-left","11":"mobile-align-left","13":"first","14":"instock","15":"taxable","16":"shipping-taxable","17":"purchasable","18":"product-type-simple"},"brands":[{"id":66,"name":"Gomez Sim","slug":"gomez-sim"}],"_links":{"self":[{"href":"https:\/\/tmasimuladores.com.ar\/en\/wp-json\/wp\/v2\/product\/6904","targetHints":{"allow":["GET"]}}],"collection":[{"href":"https:\/\/tmasimuladores.com.ar\/en\/wp-json\/wp\/v2\/product"}],"about":[{"href":"https:\/\/tmasimuladores.com.ar\/en\/wp-json\/wp\/v2\/types\/product"}],"wp:featuredmedia":[{"embeddable":true,"href":"https:\/\/tmasimuladores.com.ar\/en\/wp-json\/wp\/v2\/media\/8389"}],"wp:attachment":[{"href":"https:\/\/tmasimuladores.com.ar\/en\/wp-json\/wp\/v2\/media?parent=6904"}],"wp:term":[{"taxonomy":"pwb-brand","embeddable":true,"href":"https:\/\/tmasimuladores.com.ar\/en\/wp-json\/wp\/v2\/pwb-brand?post=6904"},{"taxonomy":"product_brand","embeddable":true,"href":"https:\/\/tmasimuladores.com.ar\/en\/wp-json\/wp\/v2\/product_brand?post=6904"},{"taxonomy":"product_cat","embeddable":true,"href":"https:\/\/tmasimuladores.com.ar\/en\/wp-json\/wp\/v2\/product_cat?post=6904"},{"taxonomy":"product_tag","embeddable":true,"href":"https:\/\/tmasimuladores.com.ar\/en\/wp-json\/wp\/v2\/product_tag?post=6904"}],"curies":[{"name":"wp","href":"https:\/\/api.w.org\/{rel}","templated":true}]}}