{"id":5977,"date":"2025-06-04T14:52:41","date_gmt":"2025-06-04T14:52:41","guid":{"rendered":"https:\/\/tmasimuladores.com.ar\/?post_type=product&#038;p=5977"},"modified":"2025-09-08T16:13:24","modified_gmt":"2025-09-08T16:13:24","slug":"dof-reality-m2-plataforma-de-simulacion-de-movimiento","status":"publish","type":"product","link":"https:\/\/tmasimuladores.com.ar\/en\/product\/dof-reality-m2-plataforma-de-simulacion-de-movimiento\/","title":{"rendered":"DOF Reality M2 \u2013 Plataforma de Simulaci\u00f3n de Movimiento"},"content":{"rendered":"<h3 data-start=\"150\" data-end=\"175\"><span style=\"color: #ffffff;\">DOF Reality MOVER 2<\/span><\/h3>\n<p data-start=\"252\" data-end=\"540\">El <strong data-start=\"377\" data-end=\"400\">DOF Reality MOVER 2 <\/strong>esta dise\u00f1ado con ingenier\u00eda de primer nivel, este modelo combina calidad, funcionalidad y realismo a un precio inigualable.<\/p>\n<p data-start=\"794\" data-end=\"1080\">Su dise\u00f1o ergon\u00f3mico permite simular fuerzas G mediante puntos de presi\u00f3n muscular, brindando una sensaci\u00f3n aut\u00e9ntica de aceleraci\u00f3n, frenado y curvas. A diferencia de otras plataformas, el <strong data-start=\"984\" data-end=\"995\">MOVER 2<\/strong> mueve \u00fanicamente el asiento, mientras que el volante y los pedales permanecen fijos.<\/p>\n<p data-start=\"1082\" data-end=\"1368\">Compatible con estructuras populares como <strong data-start=\"1124\" data-end=\"1140\">PlaySeat EVO<\/strong>, <strong data-start=\"1142\" data-end=\"1168\">Next Level GT Ultimate<\/strong>, <strong data-start=\"1170\" data-end=\"1186\">GT Omega ART<\/strong>, o chasis personalizados tipo <strong data-start=\"1217\" data-end=\"1225\">8020<\/strong>, este modelo est\u00e1 pensado para quienes ya cuentan con una estructura propia y desean incorporar movimiento realista sin cambiar todo su setup.<\/p>\n<p data-start=\"1370\" data-end=\"1609\">Gracias al software <strong data-start=\"1390\" data-end=\"1411\">Sim Racing Studio<\/strong>, el MOVER 2 interpreta la telemetr\u00eda del juego para ofrecerte retroalimentaci\u00f3n detallada del veh\u00edculo: irregularidades del camino, texturas, vibraciones, cambios de marcha, colisiones y mucho m\u00e1s.<\/p>\n<p data-start=\"1611\" data-end=\"1858\">Con dos grados de libertad reales (<strong data-start=\"1646\" data-end=\"1654\">roll<\/strong> y <strong data-start=\"1657\" data-end=\"1666\">pitch<\/strong>), el MOVER 2 simula con precisi\u00f3n aceleraciones, frenadas y fuerzas laterales en curvas, siendo la opci\u00f3n m\u00e1s econ\u00f3mica para disfrutar de una experiencia de simulaci\u00f3n de movimiento completa.<\/p>\n<h3 data-start=\"163\" data-end=\"214\"><span style=\"color: #ffffff;\">Especificaciones T\u00e9cnicas \u2013 DOF Reality MOVER 2<\/span><\/h3>\n<p>&nbsp;<\/p>\n<div class=\"_tableContainer_16hzy_1\">\n<div class=\"_tableWrapper_16hzy_14 group flex w-fit flex-col-reverse\" tabindex=\"-1\">\n<table class=\"w-fit min-w-(--thread-content-width)\" data-start=\"216\" data-end=\"1459\">\n<thead data-start=\"216\" data-end=\"299\">\n<tr data-start=\"216\" data-end=\"299\">\n<th data-start=\"216\" data-end=\"250\" data-col-size=\"sm\">Caracter\u00edstica<\/th>\n<th data-start=\"250\" data-end=\"299\" data-col-size=\"sm\">Detalle<\/th>\n<\/tr>\n<\/thead>\n<tbody data-start=\"382\" data-end=\"1459\">\n<tr data-start=\"382\" data-end=\"463\">\n<td data-start=\"382\" data-end=\"414\" data-col-size=\"sm\"><strong data-start=\"384\" data-end=\"413\">Grados de Libertad (Ejes)<\/strong><\/td>\n<td data-start=\"414\" data-end=\"463\" data-col-size=\"sm\">2 DOF (Pitch + Roll)<\/td>\n<\/tr>\n<tr data-start=\"464\" data-end=\"545\">\n<td data-start=\"464\" data-end=\"504\" data-col-size=\"sm\"><strong data-start=\"466\" data-end=\"503\">Movimiento de Plataforma Completa<\/strong><\/td>\n<td data-start=\"504\" data-end=\"545\" data-col-size=\"sm\">No<\/td>\n<\/tr>\n<tr data-start=\"546\" data-end=\"628\">\n<td data-start=\"546\" data-end=\"579\" data-col-size=\"sm\"><strong data-start=\"548\" data-end=\"572\">\u00c1ngulo de Movimiento<\/strong><\/td>\n<td data-start=\"579\" data-end=\"628\" data-col-size=\"sm\">16\u00b0<\/td>\n<\/tr>\n<tr data-start=\"629\" data-end=\"711\">\n<td data-start=\"629\" data-end=\"662\" data-col-size=\"sm\"><strong data-start=\"631\" data-end=\"644\">Velocidad<\/strong><\/td>\n<td data-start=\"662\" data-end=\"711\" data-col-size=\"sm\">50 cm\/s (82\u00b0\/s)<\/td>\n<\/tr>\n<tr data-start=\"712\" data-end=\"794\">\n<td data-start=\"712\" data-end=\"745\" data-col-size=\"sm\"><strong data-start=\"714\" data-end=\"724\">Torque<\/strong><\/td>\n<td data-start=\"745\" data-end=\"794\" data-col-size=\"sm\">24 Nm<\/td>\n<\/tr>\n<tr data-start=\"795\" data-end=\"877\">\n<td data-start=\"795\" data-end=\"828\" data-col-size=\"sm\"><strong data-start=\"797\" data-end=\"812\">Aceleraci\u00f3n<\/strong><\/td>\n<td data-start=\"828\" data-end=\"877\" data-col-size=\"sm\">0.3 G<\/td>\n<\/tr>\n<tr data-start=\"878\" data-end=\"960\">\n<td data-start=\"878\" data-end=\"911\" data-col-size=\"sm\"><strong data-start=\"880\" data-end=\"902\">Consumo Energ\u00e9tico<\/strong><\/td>\n<td data-start=\"911\" data-end=\"960\" data-col-size=\"sm\">500 W (m\u00e1ximo)<\/td>\n<\/tr>\n<tr data-start=\"961\" data-end=\"1043\">\n<td data-start=\"961\" data-end=\"994\" data-col-size=\"sm\"><strong data-start=\"963\" data-end=\"991\">Peso y Tama\u00f1o de la Caja<\/strong><\/td>\n<td data-start=\"994\" data-end=\"1043\" data-col-size=\"sm\">22 kg (60 x 40 x 40 cm)<\/td>\n<\/tr>\n<tr data-start=\"1044\" data-end=\"1127\">\n<td data-start=\"1044\" data-end=\"1077\" data-col-size=\"sm\"><strong data-start=\"1046\" data-end=\"1068\">Espacio en el Piso<\/strong><\/td>\n<td data-start=\"1077\" data-end=\"1127\" data-col-size=\"sm\">21 x 42 x 42 cm (8\u201d x 16.5\u201d x 16.5\u201d)<\/td>\n<\/tr>\n<tr data-start=\"1128\" data-end=\"1210\">\n<td data-start=\"1128\" data-end=\"1161\" data-col-size=\"sm\"><strong data-start=\"1130\" data-end=\"1144\">Materiales<\/strong><\/td>\n<td data-start=\"1161\" data-end=\"1210\" data-col-size=\"sm\">Perfiles met\u00e1licos de grado comercial<\/td>\n<\/tr>\n<tr data-start=\"1211\" data-end=\"1293\">\n<td data-start=\"1211\" data-end=\"1244\" data-col-size=\"sm\"><strong data-start=\"1213\" data-end=\"1239\">Peso M\u00e1ximo del Piloto<\/strong><\/td>\n<td data-start=\"1244\" data-end=\"1293\" data-col-size=\"sm\">100 kg (220 lbs)<\/td>\n<\/tr>\n<tr data-start=\"1294\" data-end=\"1376\">\n<td data-start=\"1294\" data-end=\"1327\" data-col-size=\"sm\"><\/td>\n<td data-start=\"1327\" data-end=\"1376\" data-col-size=\"sm\"><\/td>\n<\/tr>\n<tr data-start=\"1377\" data-end=\"1459\">\n<td data-start=\"1377\" data-end=\"1410\" data-col-size=\"sm\"><strong data-start=\"1379\" data-end=\"1408\">Opciones de Actualizaci\u00f3n<\/strong><\/td>\n<td data-start=\"1410\" data-end=\"1459\" data-col-size=\"sm\">Compatible con upgrades a H2, H3 y H6<\/td>\n<\/tr>\n<\/tbody>\n<\/table>\n<\/div>\n<hr data-start=\"551\" data-end=\"554\" \/>\n<h3 data-start=\"556\" data-end=\"602\"><span style=\"color: #ffffff;\">\u00bfQu\u00e9 incluye el MOVER 2 \u2013 Ready to Play?<\/span><\/h3>\n<ul data-start=\"603\" data-end=\"837\">\n<li data-start=\"603\" data-end=\"643\">\n<p data-start=\"605\" data-end=\"643\">Motores integrados de tracci\u00f3n directa<\/p>\n<\/li>\n<li data-start=\"644\" data-end=\"688\">\n<p data-start=\"646\" data-end=\"688\">Soportes para asiento o rieles deslizantes<\/p>\n<\/li>\n<li data-start=\"689\" data-end=\"734\">\n<p data-start=\"691\" data-end=\"734\">Unidad de control 100-240V con conexi\u00f3n USB<\/p>\n<\/li>\n<li data-start=\"735\" data-end=\"777\">\n<p data-start=\"737\" data-end=\"777\">Licencia completa de <strong data-start=\"758\" data-end=\"777\">SimRacingStudio<\/strong><\/p>\n<\/li>\n<li data-start=\"778\" data-end=\"810\">\n<p data-start=\"780\" data-end=\"810\">Herramientas de montaje r\u00e1pido<\/p>\n<\/li>\n<\/ul>\n<hr data-start=\"1309\" data-end=\"1312\" \/>\n<h3 data-start=\"1314\" data-end=\"1341\"><span style=\"color: #ffffff;\">Descripci\u00f3n General<\/span><\/h3>\n<ul data-start=\"1551\" data-end=\"1935\">\n<li data-start=\"1551\" data-end=\"1669\">\n<p data-start=\"1553\" data-end=\"1669\">Sensaciones aut\u00e9nticas de aceleraci\u00f3n, frenado y curvas gracias a sus <strong data-start=\"1623\" data-end=\"1669\">2 grados de libertad reales (pitch y roll)<\/strong><\/p>\n<\/li>\n<li data-start=\"1670\" data-end=\"1734\">\n<p data-start=\"1672\" data-end=\"1734\">Simulaci\u00f3n de fuerzas G a trav\u00e9s de puntos de presi\u00f3n muscular<\/p>\n<\/li>\n<li data-start=\"1735\" data-end=\"1860\">\n<p data-start=\"1737\" data-end=\"1860\">Compatibilidad con estructuras populares como <strong data-start=\"1783\" data-end=\"1837\">PlaySeat EVO, Next Level GT Ultimate, GT Omega ART<\/strong> o chasis tipo <strong data-start=\"1852\" data-end=\"1860\">8020<\/strong><\/p>\n<\/li>\n<li data-start=\"1861\" data-end=\"1935\">\n<p data-start=\"1863\" data-end=\"1935\">Total libertad para armar tu setup sin quedar atado a marcas espec\u00edficas<\/p>\n<\/li>\n<\/ul>\n<blockquote data-start=\"1937\" data-end=\"2143\">\n<p data-start=\"1939\" data-end=\"2143\">A diferencia de otros modelos, el MOVER 2 <strong data-start=\"1981\" data-end=\"2006\">solo mueve el asiento<\/strong>. El volante y los pedales permanecen fijos, lo que lo convierte en una excelente opci\u00f3n de entrada para quien ya tiene parte del equipo.<\/p>\n<\/blockquote>\n<hr data-start=\"2145\" data-end=\"2148\" \/>\n<h3 data-start=\"2150\" data-end=\"2194\"><span style=\"color: #ffffff;\">Inmersi\u00f3n Total con Sim Racing Studio<\/span><\/h3>\n<p data-start=\"2195\" data-end=\"2319\">Gracias al software SimRacingStudio, el MOVER 2 interpreta los datos de telemetr\u00eda del veh\u00edculo en tiempo real para ofrecer:<\/p>\n<ul data-start=\"2320\" data-end=\"2413\">\n<li data-start=\"2320\" data-end=\"2355\">\n<p data-start=\"2322\" data-end=\"2355\">Vibraciones y texturas del camino<\/p>\n<\/li>\n<li data-start=\"2356\" data-end=\"2375\">\n<p data-start=\"2358\" data-end=\"2375\">Cambios de marcha<\/p>\n<\/li>\n<li data-start=\"2376\" data-end=\"2413\">\n<p data-start=\"2378\" data-end=\"2413\">Golpes, colisiones, frenadas, y m\u00e1s<\/p>\n<\/li>\n<\/ul>\n<\/div>","protected":false},"excerpt":{"rendered":"<p>Con dos grados de libertad reales <strong data-start=\"1646\" data-end=\"1654\">roll<\/strong> y <strong data-start=\"1657\" data-end=\"1666\">pitch<\/strong>, el M2 simula con precisi\u00f3n aceleraciones, frenadas y fuerzas laterales en curvas, siendo la opci\u00f3n m\u00e1s econ\u00f3mica para disfrutar de una experiencia de simulaci\u00f3n de movimiento completa.<\/p>","protected":false},"featured_media":5978,"template":"","meta":{"site-sidebar-layout":"default","site-content-layout":"","ast-site-content-layout":"default","site-content-style":"default","site-sidebar-style":"default","ast-global-header-display":"","ast-banner-title-visibility":"","ast-main-header-display":"","ast-hfb-above-header-display":"","ast-hfb-below-header-display":"","ast-hfb-mobile-header-display":"","site-post-title":"","ast-breadcrumbs-content":"","ast-featured-img":"","footer-sml-layout":"","theme-transparent-header-meta":"default","adv-header-id-meta":"","stick-header-meta":"","header-above-stick-meta":"","header-main-stick-meta":"","header-below-stick-meta":"","astra-migrate-meta-layouts":"set","ast-page-background-enabled":"default","ast-page-background-meta":{"desktop":{"background-color":"var(--ast-global-color-4)","background-image":"","background-repeat":"repeat","background-position":"center center","background-size":"auto","background-attachment":"scroll","background-type":"","background-media":"","overlay-type":"","overlay-color":"","overlay-opacity":"","overlay-gradient":""},"tablet":{"background-color":"","background-image":"","background-repeat":"repeat","background-position":"center center","background-size":"auto","background-attachment":"scroll","background-type":"","background-media":"","overlay-type":"","overlay-color":"","overlay-opacity":"","overlay-gradient":""},"mobile":{"background-color":"","background-image":"","background-repeat":"repeat","background-position":"center center","background-size":"auto","background-attachment":"scroll","background-type":"","background-media":"","overlay-type":"","overlay-color":"","overlay-opacity":"","overlay-gradient":""}},"ast-content-background-meta":{"desktop":{"background-color":"var(--ast-global-color-5)","background-image":"","background-repeat":"repeat","background-position":"center center","background-size":"auto","background-attachment":"scroll","background-type":"","background-media":"","overlay-type":"","overlay-color":"","overlay-opacity":"","overlay-gradient":""},"tablet":{"background-color":"var(--ast-global-color-5)","background-image":"","background-repeat":"repeat","background-position":"center center","background-size":"auto","background-attachment":"scroll","background-type":"","background-media":"","overlay-type":"","overlay-color":"","overlay-opacity":"","overlay-gradient":""},"mobile":{"background-color":"var(--ast-global-color-5)","background-image":"","background-repeat":"repeat","background-position":"center center","background-size":"auto","background-attachment":"scroll","background-type":"","background-media":"","overlay-type":"","overlay-color":"","overlay-opacity":"","overlay-gradient":""}}},"pwb-brand":[64],"product_brand":[],"product_cat":[36,52,15,49,59,60,58],"product_tag":[61,41,40,42,39,43],"class_list":{"0":"post-5977","1":"product","2":"type-product","3":"status-publish","4":"has-post-thumbnail","6":"pwb-brand-dof-reality","7":"product_cat-accesorio","8":"product_cat-estructuras-de-manejo","9":"product_cat-otros","10":"product_cat-plataformas","11":"product_cat-simulador-de-camion","12":"product_cat-simulador-de-carrera","13":"product_cat-simulador-de-vuelo","14":"product_tag-periferico-de-vuelo","15":"product_tag-simuladores-de-camiones","16":"product_tag-simuladores-de-carreras","17":"product_tag-simuladores-de-helicopteros","18":"product_tag-simuladores-de-vuelos","19":"product_tag-varios","20":"desktop-align-left","21":"tablet-align-left","22":"mobile-align-left","24":"first","25":"instock","26":"taxable","27":"shipping-taxable","28":"purchasable","29":"product-type-simple"},"brands":[{"id":64,"name":"DOF Reality","slug":"dof-reality"}],"_links":{"self":[{"href":"https:\/\/tmasimuladores.com.ar\/en\/wp-json\/wp\/v2\/product\/5977","targetHints":{"allow":["GET"]}}],"collection":[{"href":"https:\/\/tmasimuladores.com.ar\/en\/wp-json\/wp\/v2\/product"}],"about":[{"href":"https:\/\/tmasimuladores.com.ar\/en\/wp-json\/wp\/v2\/types\/product"}],"wp:featuredmedia":[{"embeddable":true,"href":"https:\/\/tmasimuladores.com.ar\/en\/wp-json\/wp\/v2\/media\/5978"}],"wp:attachment":[{"href":"https:\/\/tmasimuladores.com.ar\/en\/wp-json\/wp\/v2\/media?parent=5977"}],"wp:term":[{"taxonomy":"pwb-brand","embeddable":true,"href":"https:\/\/tmasimuladores.com.ar\/en\/wp-json\/wp\/v2\/pwb-brand?post=5977"},{"taxonomy":"product_brand","embeddable":true,"href":"https:\/\/tmasimuladores.com.ar\/en\/wp-json\/wp\/v2\/product_brand?post=5977"},{"taxonomy":"product_cat","embeddable":true,"href":"https:\/\/tmasimuladores.com.ar\/en\/wp-json\/wp\/v2\/product_cat?post=5977"},{"taxonomy":"product_tag","embeddable":true,"href":"https:\/\/tmasimuladores.com.ar\/en\/wp-json\/wp\/v2\/product_tag?post=5977"}],"curies":[{"name":"wp","href":"https:\/\/api.w.org\/{rel}","templated":true}]}}