{"id":5953,"date":"2025-06-02T20:46:44","date_gmt":"2025-06-02T20:46:44","guid":{"rendered":"https:\/\/tmasimuladores.com.ar\/?post_type=product&#038;p=5953"},"modified":"2025-12-15T16:07:17","modified_gmt":"2025-12-15T16:07:17","slug":"dof-reality-h3-plataforma-de-simulacion-de-movimiento","status":"publish","type":"product","link":"https:\/\/tmasimuladores.com.ar\/en\/product\/dof-reality-h3-plataforma-de-simulacion-de-movimiento\/","title":{"rendered":"DOF Reality H3 \u2013 Plataforma de Simulaci\u00f3n de Movimiento"},"content":{"rendered":"<h3 data-start=\"168\" data-end=\"227\"><span style=\"color: #ffffff;\"><strong data-start=\"172\" data-end=\"227\">Simulador de Carreras H3 \u2013 Plataforma de Movimiento<\/strong><\/span><\/h3>\n<p data-start=\"229\" data-end=\"490\">El <strong data-start=\"299\" data-end=\"321\">DOF Reality HERO 3<\/strong> fue dise\u00f1ado especialmente para vos. Este simulador de movimiento ofrece <strong data-start=\"395\" data-end=\"489\">dise\u00f1o de primer nivel, ingenier\u00eda avanzada, calidad superior y un rendimiento excepcional<\/strong>.<\/p>\n<p data-start=\"492\" data-end=\"648\">Pensado para usuarios exigentes que buscan una <strong data-start=\"539\" data-end=\"558\">inmersi\u00f3n total<\/strong> y la simulaci\u00f3n <strong data-start=\"575\" data-end=\"602\">m\u00e1s realista disponible<\/strong>, el HERO 3 te pone en el centro de la acci\u00f3n.<\/p>\n<p data-start=\"492\" data-end=\"648\">A diferencia de otros equipos, <strong data-start=\"1138\" data-end=\"1161\">todos los controles<\/strong> (volante, pedales, joystick, monitor) se mueven junto con el asiento, <strong data-start=\"1232\" data-end=\"1261\">igual que en un auto real<\/strong>.<\/p>\n<p data-start=\"1264\" data-end=\"1513\">Este dise\u00f1o permite <strong data-start=\"1284\" data-end=\"1321\">simular eficazmente las fuerzas G<\/strong> a trav\u00e9s de los puntos de presi\u00f3n muscular, brindando una experiencia f\u00edsica aut\u00e9ntica. Elegir una plataforma como la HERO 3 significa <strong data-start=\"1457\" data-end=\"1478\">invertir a futuro<\/strong> en tus experiencias de simulaci\u00f3n.<\/p>\n<p data-start=\"1515\" data-end=\"1748\">El software <strong data-start=\"1527\" data-end=\"1548\">Sim Racing Studio<\/strong>, altamente personalizable, ofrece retroalimentaci\u00f3n precisa basada en la <strong data-start=\"1622\" data-end=\"1649\">telemetr\u00eda del veh\u00edculo<\/strong>. Simula <strong data-start=\"1658\" data-end=\"1734\">baches, texturas del asfalto, vibraciones, cambios de marcha, colisiones<\/strong>, y mucho m\u00e1s.<\/p>\n<p data-start=\"1750\" data-end=\"2005\">El <strong data-start=\"1753\" data-end=\"1808\">HERO 3 ofrece verdaderos 3 grados de libertad (DOF)<\/strong>, simulando con precisi\u00f3n la <strong data-start=\"1837\" data-end=\"1893\">inclinaci\u00f3n (pitch), balanceo (roll) y gui\u00f1ada (yaw)<\/strong> mediante un sistema de movimiento central frontal, adem\u00e1s de <strong data-start=\"1955\" data-end=\"2004\">movimientos laterales y longitudinales reales<\/strong>.<\/p>\n<p data-start=\"2007\" data-end=\"2264\">Gracias a su <strong data-start=\"2020\" data-end=\"2062\">sistema trasero de p\u00e9rdida de tracci\u00f3n<\/strong>, el H3 reproduce fielmente las sensaciones de <strong data-start=\"2109\" data-end=\"2159\">aceleraci\u00f3n, subviraje, sobreviraje y derrapes<\/strong>, haciendo que cada din\u00e1mica se sienta \u00fanica, <strong data-start=\"2205\" data-end=\"2222\">como debe ser<\/strong>. Nada en el mercado actual se le compara.<\/p>\n<h3 data-start=\"180\" data-end=\"248\"><span style=\"color: #ffffff;\"><strong data-start=\"184\" data-end=\"248\">Caracter\u00edsticas del H3<\/strong><\/span><\/h3>\n<p data-start=\"250\" data-end=\"374\"><strong data-start=\"250\" data-end=\"280\">Grados de Libertad (Ejes):<\/strong><br data-start=\"280\" data-end=\"283\" \/>3 DOF \u2013 Inclinaci\u00f3n (Pitch) + Balanceo (Roll) + Gui\u00f1ada \/ P\u00e9rdida de tracci\u00f3n trasera (Yaw)<\/p>\n<p data-start=\"376\" data-end=\"421\"><strong data-start=\"376\" data-end=\"414\">Movimiento de Plataforma Completo:<\/strong><br data-start=\"414\" data-end=\"417\" \/>\u2705 S\u00ed<\/p>\n<p data-start=\"423\" data-end=\"454\"><strong data-start=\"423\" data-end=\"448\">\u00c1ngulo de Movimiento:<\/strong><br data-start=\"448\" data-end=\"451\" \/>20\u00b0<\/p>\n<p data-start=\"456\" data-end=\"488\"><strong data-start=\"456\" data-end=\"470\">Velocidad:<\/strong><br data-start=\"470\" data-end=\"473\" \/>50 cm\/s (86\u00b0\/s)<\/p>\n<p data-start=\"490\" data-end=\"510\"><strong data-start=\"490\" data-end=\"501\">Torque:<\/strong><br data-start=\"501\" data-end=\"504\" \/>25 N\u00b7m<\/p>\n<p data-start=\"512\" data-end=\"567\"><strong data-start=\"512\" data-end=\"528\">Aceleraci\u00f3n:<\/strong><br data-start=\"528\" data-end=\"531\" \/>0.7G transversal \/ 0.5G longitudinal<\/p>\n<p data-start=\"569\" data-end=\"618\"><strong data-start=\"569\" data-end=\"599\">Consumo M\u00e1ximo de Energ\u00eda:<\/strong><br data-start=\"599\" data-end=\"602\" \/>750 Watts (pico)<\/p>\n<p data-start=\"620\" data-end=\"653\"><strong data-start=\"620\" data-end=\"651\">Peso y Tama\u00f1o de las Cajas:<\/strong><\/p>\n<ol data-start=\"654\" data-end=\"712\">\n<li data-start=\"654\" data-end=\"682\">\n<p data-start=\"657\" data-end=\"682\">28 kg \u2013 90 \u00d7 33 \u00d7 20 cm<\/p>\n<\/li>\n<li data-start=\"683\" data-end=\"712\">\n<p data-start=\"686\" data-end=\"712\">29.97 kg \u2013 60 \u00d7 40 \u00d7 30 cm<\/p>\n<\/li>\n<\/ol>\n<p data-start=\"714\" data-end=\"775\"><strong data-start=\"714\" data-end=\"744\">\u00c1rea de Apoyo en el Suelo:<\/strong><br data-start=\"744\" data-end=\"747\" \/>100 \u00d7 150 cm (altura: 60 cm)<\/p>\n<p data-start=\"777\" data-end=\"832\"><strong data-start=\"777\" data-end=\"792\">Materiales:<\/strong><br data-start=\"792\" data-end=\"795\" \/>Perfiles met\u00e1licos de grado comercial<\/p>\n<p data-start=\"834\" data-end=\"890\"><strong data-start=\"834\" data-end=\"871\">Peso M\u00e1ximo del Piloto Soportado:<\/strong><br data-start=\"871\" data-end=\"874\" \/>150 kg \/ 330 lbs<\/p>\n<p data-start=\"892\" data-end=\"922\"><strong data-start=\"892\" data-end=\"905\">Garant\u00eda:<\/strong><br data-start=\"905\" data-end=\"908\" \/>1 a\u00f1o completo<\/p>\n<p data-start=\"924\" data-end=\"955\"><strong data-start=\"924\" data-end=\"943\">Actualizable a:<\/strong><br data-start=\"943\" data-end=\"946\" \/>Modelo H6<\/p>\n<hr data-start=\"957\" data-end=\"960\" \/>\n<h3 data-start=\"962\" data-end=\"984\"><span style=\"color: #ffffff;\"><strong data-start=\"966\" data-end=\"984\">Compatibilidad<\/strong><\/span><\/h3>\n<ul data-start=\"985\" data-end=\"1069\">\n<li data-start=\"985\" data-end=\"1002\">\n<p data-start=\"987\" data-end=\"1002\">\ud83d\udda5\ufe0f <strong data-start=\"991\" data-end=\"1002\">Windows<\/strong><\/p>\n<\/li>\n<li data-start=\"1003\" data-end=\"1023\">\n<p data-start=\"1005\" data-end=\"1023\">\ud83c\udfae <strong data-start=\"1008\" data-end=\"1023\">PlayStation<\/strong><\/p>\n<\/li>\n<li data-start=\"1024\" data-end=\"1038\">\n<p data-start=\"1026\" data-end=\"1038\">\ud83d\udd79\ufe0f <strong data-start=\"1030\" data-end=\"1038\">Xbox<\/strong><\/p>\n<\/li>\n<li data-start=\"1039\" data-end=\"1069\">\n<p data-start=\"1041\" data-end=\"1069\">\ud83e\udd7d <strong data-start=\"1044\" data-end=\"1069\">Realidad Virtual (VR)<\/strong><\/p>\n<\/li>\n<\/ul>\n<h3 data-start=\"95\" data-end=\"146\"><span style=\"color: #ffffff;\"><strong data-start=\"99\" data-end=\"146\">Incluye el H3 DOF Reality\u00ae listo para usar:<\/strong><\/span><\/h3>\n<ul data-start=\"148\" data-end=\"465\">\n<li data-start=\"148\" data-end=\"216\">\n<p data-start=\"150\" data-end=\"216\">Estructura met\u00e1lica r\u00edgida compatible con posici\u00f3n est\u00e1ndar y F1<\/p>\n<\/li>\n<li data-start=\"217\" data-end=\"263\">\n<p data-start=\"219\" data-end=\"263\">Soportes para asiento o rieles deslizantes<\/p>\n<\/li>\n<li data-start=\"264\" data-end=\"303\">\n<p data-start=\"266\" data-end=\"303\">Motores de accionamiento integrados<\/p>\n<\/li>\n<li data-start=\"304\" data-end=\"351\">\n<p data-start=\"306\" data-end=\"351\">Unidad de control 100\u2013240V con conexi\u00f3n USB<\/p>\n<\/li>\n<li data-start=\"352\" data-end=\"397\">\n<p data-start=\"354\" data-end=\"397\">Licencia del software <strong data-start=\"376\" data-end=\"395\">SimRacingStudio<\/strong><\/p>\n<\/li>\n<li data-start=\"398\" data-end=\"434\">\n<p data-start=\"400\" data-end=\"434\">Herramientas para montaje r\u00e1pido<\/p>\n<\/li>\n<li data-start=\"435\" data-end=\"465\">\n<p data-start=\"437\" data-end=\"465\">Garant\u00eda completa de 1 a\u00f1o<\/p>\n<\/li>\n<\/ul>\n<hr data-start=\"467\" data-end=\"470\" \/>\n<p data-start=\"472\" data-end=\"729\"><strong data-start=\"472\" data-end=\"487\">Importante:<\/strong><br data-start=\"487\" data-end=\"490\" \/>Solo vendemos la <strong data-start=\"507\" data-end=\"547\">plataforma de movimiento plug &amp; play<\/strong>.<\/p>\n<p data-start=\"731\" data-end=\"924\">Incluimos <strong data-start=\"741\" data-end=\"772\">todos los cables necesarios<\/strong> y el <strong data-start=\"778\" data-end=\"804\">software de movimiento<\/strong>, pero no los juegos.<\/p>\n<h3 data-start=\"1171\" data-end=\"1199\"><span style=\"color: #ffffff;\"><strong data-start=\"1175\" data-end=\"1197\">Juegos Compatibles<\/strong><\/span><\/h3>\n<p>&nbsp;<\/p>\n<h4 data-start=\"1294\" data-end=\"1330\">\ud83c\udfce\ufe0f <span style=\"color: #ffffff;\"><strong data-start=\"1303\" data-end=\"1330\">Simuladores de Carreras<\/strong><\/span><\/h4>\n<ul data-start=\"1331\" data-end=\"2053\">\n<li data-start=\"1331\" data-end=\"1342\">\n<p data-start=\"1333\" data-end=\"1342\">iRacing<\/p>\n<\/li>\n<li data-start=\"1343\" data-end=\"1375\">\n<p data-start=\"1345\" data-end=\"1375\">Assetto Corsa &amp; Competizione<\/p>\n<\/li>\n<li data-start=\"1376\" data-end=\"1402\">\n<p data-start=\"1378\" data-end=\"1402\">Gran Turismo 7 &amp; Sport<\/p>\n<\/li>\n<li data-start=\"1403\" data-end=\"1421\">\n<p data-start=\"1405\" data-end=\"1421\">F1 (2011\u20132024)<\/p>\n<\/li>\n<li data-start=\"1422\" data-end=\"1453\">\n<p data-start=\"1424\" data-end=\"1453\">Project CARS (1, 2, 3, PRO)<\/p>\n<\/li>\n<li data-start=\"1454\" data-end=\"1476\">\n<p data-start=\"1456\" data-end=\"1476\">GRID 2 y GRID 2019<\/p>\n<\/li>\n<li data-start=\"1477\" data-end=\"1500\">\n<p data-start=\"1479\" data-end=\"1500\">Automobilista 1 y 2<\/p>\n<\/li>\n<li data-start=\"1501\" data-end=\"1518\">\n<p data-start=\"1503\" data-end=\"1518\">rFactor 1 y 2<\/p>\n<\/li>\n<li data-start=\"1519\" data-end=\"1549\">\n<p data-start=\"1521\" data-end=\"1549\">RaceRoom Racing Experience<\/p>\n<\/li>\n<li data-start=\"1550\" data-end=\"1593\">\n<p data-start=\"1552\" data-end=\"1593\">DiRT Series (2, 3, 4, Rally, Rally 2.0)<\/p>\n<\/li>\n<li data-start=\"1594\" data-end=\"1631\">\n<p data-start=\"1596\" data-end=\"1631\">WRC (7, 8, 9, Generations, 22\u201324)<\/p>\n<\/li>\n<li data-start=\"1632\" data-end=\"1650\">\n<p data-start=\"1634\" data-end=\"1650\">The Crew 1 y 2<\/p>\n<\/li>\n<li data-start=\"1651\" data-end=\"1689\">\n<p data-start=\"1653\" data-end=\"1689\">Forza Horizon 4 y 5 \/ Motorsport 7<\/p>\n<\/li>\n<li data-start=\"1690\" data-end=\"1733\">\n<p data-start=\"1692\" data-end=\"1733\">Race 07 (incluye paquetes Retro y WTCC)<\/p>\n<\/li>\n<li data-start=\"1734\" data-end=\"1760\">\n<p data-start=\"1736\" data-end=\"1760\">GTR, GTR 2, GT Legends<\/p>\n<\/li>\n<li data-start=\"1761\" data-end=\"1785\">\n<p data-start=\"1763\" data-end=\"1785\">TrackMania 2 \/ Turbo<\/p>\n<\/li>\n<li data-start=\"1786\" data-end=\"1828\">\n<p data-start=\"1788\" data-end=\"1828\">Richard Burns Rally (incluyendo NGP 6)<\/p>\n<\/li>\n<li data-start=\"1829\" data-end=\"1888\">\n<p data-start=\"1831\" data-end=\"1888\">Nascar Heat 4\/5, All American Racing, Sprint Car Racing<\/p>\n<\/li>\n<li data-start=\"1889\" data-end=\"1950\">\n<p data-start=\"1891\" data-end=\"1950\">Game Stock Car \/ Copa Petrobras de Marcas \/ Formula Truck<\/p>\n<\/li>\n<li data-start=\"1951\" data-end=\"2004\">\n<p data-start=\"1953\" data-end=\"2004\">MX Bikes \/ GP Bikes \/ KartKraft \/ Kart Racing Pro<\/p>\n<\/li>\n<li data-start=\"2005\" data-end=\"2053\">\n<p data-start=\"2007\" data-end=\"2053\">Wreckfest \/ Touring Karts \/ Race \u2013 WTCC Game<\/p>\n<\/li>\n<\/ul>\n<h4 data-start=\"2055\" data-end=\"2092\">\ud83d\ude9b<span style=\"color: #ffffff;\"> <strong data-start=\"2063\" data-end=\"2092\">Simuladores de Transporte<\/strong><\/span><\/h4>\n<ul data-start=\"2093\" data-end=\"2223\">\n<li data-start=\"2093\" data-end=\"2121\">\n<p data-start=\"2095\" data-end=\"2121\">American Truck Simulator<\/p>\n<\/li>\n<li data-start=\"2122\" data-end=\"2148\">\n<p data-start=\"2124\" data-end=\"2148\">Euro Truck Simulator 2<\/p>\n<\/li>\n<li data-start=\"2149\" data-end=\"2174\">\n<p data-start=\"2151\" data-end=\"2174\">Tourist Bus Simulator<\/p>\n<\/li>\n<li data-start=\"2175\" data-end=\"2202\">\n<p data-start=\"2177\" data-end=\"2202\">Fernbus Coach Simulator<\/p>\n<\/li>\n<li data-start=\"2203\" data-end=\"2223\">\n<p data-start=\"2205\" data-end=\"2223\">City Car Driving<\/p>\n<\/li>\n<\/ul>\n<h4 data-start=\"2225\" data-end=\"2257\">\u2708\ufe0f <span style=\"color: #ffffff;\"><strong data-start=\"2233\" data-end=\"2257\">Simuladores de Vuelo<\/strong><\/span><\/h4>\n<ul data-start=\"2258\" data-end=\"2660\">\n<li data-start=\"2258\" data-end=\"2300\">\n<p data-start=\"2260\" data-end=\"2300\">Microsoft Flight Simulator 2020 y 2024<\/p>\n<\/li>\n<li data-start=\"2301\" data-end=\"2333\">\n<p data-start=\"2303\" data-end=\"2333\">Microsoft Flight Simulator X<\/p>\n<\/li>\n<li data-start=\"2334\" data-end=\"2356\">\n<p data-start=\"2336\" data-end=\"2356\">X-Plane 10, 11, 12<\/p>\n<\/li>\n<li data-start=\"2357\" data-end=\"2397\">\n<p data-start=\"2359\" data-end=\"2397\">DCS World (Digital Combat Simulator)<\/p>\n<\/li>\n<li data-start=\"2398\" data-end=\"2424\">\n<p data-start=\"2400\" data-end=\"2424\">IL-2 Sturmovik (serie)<\/p>\n<\/li>\n<li data-start=\"2425\" data-end=\"2441\">\n<p data-start=\"2427\" data-end=\"2441\">Aerofly FS 2<\/p>\n<\/li>\n<li data-start=\"2442\" data-end=\"2456\">\n<p data-start=\"2444\" data-end=\"2456\">Falcon BMS<\/p>\n<\/li>\n<li data-start=\"2457\" data-end=\"2496\">\n<p data-start=\"2459\" data-end=\"2496\">Lockheed Martin Prepar3D (v4.5 y 5)<\/p>\n<\/li>\n<li data-start=\"2497\" data-end=\"2514\">\n<p data-start=\"2499\" data-end=\"2514\">ACES HIGH III<\/p>\n<\/li>\n<li data-start=\"2515\" data-end=\"2542\">\n<p data-start=\"2517\" data-end=\"2542\">Silent Wings \/ Condor 2<\/p>\n<\/li>\n<li data-start=\"2543\" data-end=\"2573\">\n<p data-start=\"2545\" data-end=\"2573\">War Thunder (solo aviones)<\/p>\n<\/li>\n<li data-start=\"2574\" data-end=\"2614\">\n<p data-start=\"2576\" data-end=\"2614\">VTOL VR \/ FlyInside \/ Warplanes: WW1<\/p>\n<\/li>\n<li data-start=\"2615\" data-end=\"2639\">\n<p data-start=\"2617\" data-end=\"2639\">Star Wars: Squadrons<\/p>\n<\/li>\n<li data-start=\"2640\" data-end=\"2660\">\n<p data-start=\"2642\" data-end=\"2660\">Elite: Dangerous<\/p>\n<\/li>\n<\/ul>\n<h4 data-start=\"2662\" data-end=\"2679\">\ud83c\udfa2 <span style=\"color: #ffffff;\"><strong data-start=\"2670\" data-end=\"2679\">Otros<\/strong><\/span><\/h4>\n<ul data-start=\"2680\" data-end=\"2879\">\n<li data-start=\"2680\" data-end=\"2702\">\n<p data-start=\"2682\" data-end=\"2702\">NoLimits 2 (Steam)<\/p>\n<\/li>\n<li data-start=\"2703\" data-end=\"2734\">\n<p data-start=\"2705\" data-end=\"2734\">Epic Roller Coaster (Steam)<\/p>\n<\/li>\n<li data-start=\"2735\" data-end=\"2764\">\n<p data-start=\"2737\" data-end=\"2764\">Farming Simulator 19 y 22<\/p>\n<\/li>\n<li data-start=\"2765\" data-end=\"2808\">\n<p data-start=\"2767\" data-end=\"2808\">Red Rover \u2013 Planetary Driving Simulator<\/p>\n<\/li>\n<li data-start=\"2809\" data-end=\"2823\">\n<p data-start=\"2811\" data-end=\"2823\">Simraceway<\/p>\n<\/li>\n<li data-start=\"2824\" data-end=\"2848\">\n<p data-start=\"2826\" data-end=\"2848\">AplusB Simuride &amp; PE<\/p>\n<\/li>\n<li data-start=\"2849\" data-end=\"2879\">\n<p data-start=\"2851\" data-end=\"2879\">GTA V (Grand Theft Auto V)<\/p>\n<\/li>\n<\/ul>","protected":false},"excerpt":{"rendered":"<p data-start=\"143\" data-end=\"400\"><span data-start=\"223\" data-end=\"233\">El <\/span><strong data-start=\"223\" data-end=\"233\">HERO 3<\/strong> ofrece <strong data-start=\"241\" data-end=\"268\">tres ejes de movimiento<\/strong>: <strong data-start=\"270\" data-end=\"326\">inclinaci\u00f3n (pitch), balanceo (roll) y gui\u00f1ada (yaw)<\/strong>, adem\u00e1s de <strong data-start=\"338\" data-end=\"361\">p\u00e9rdida de tracci\u00f3n<\/strong>.<br data-start=\"362\" data-end=\"365\" \/>Brinda una experiencia inigualable. Una de sus grandes ventajas es su sistema trasero de p\u00e9rdida de tracci\u00f3n, que reproduce de forma precisa las sensaciones de <strong data-start=\"526\" data-end=\"562\">subviraje, sobreviraje y derrape<\/strong>, llevando la simulaci\u00f3n a otro nivel.<\/p>","protected":false},"featured_media":5954,"template":"","meta":{"site-sidebar-layout":"default","site-content-layout":"","ast-site-content-layout":"default","site-content-style":"default","site-sidebar-style":"default","ast-global-header-display":"","ast-banner-title-visibility":"","ast-main-header-display":"","ast-hfb-above-header-display":"","ast-hfb-below-header-display":"","ast-hfb-mobile-header-display":"","site-post-title":"","ast-breadcrumbs-content":"","ast-featured-img":"","footer-sml-layout":"","theme-transparent-header-meta":"default","adv-header-id-meta":"","stick-header-meta":"","header-above-stick-meta":"","header-main-stick-meta":"","header-below-stick-meta":"","astra-migrate-meta-layouts":"set","ast-page-background-enabled":"default","ast-page-background-meta":{"desktop":{"background-color":"var(--ast-global-color-4)","background-image":"","background-repeat":"repeat","background-position":"center center","background-size":"auto","background-attachment":"scroll","background-type":"","background-media":"","overlay-type":"","overlay-color":"","overlay-opacity":"","overlay-gradient":""},"tablet":{"background-color":"","background-image":"","background-repeat":"repeat","background-position":"center center","background-size":"auto","background-attachment":"scroll","background-type":"","background-media":"","overlay-type":"","overlay-color":"","overlay-opacity":"","overlay-gradient":""},"mobile":{"background-color":"","background-image":"","background-repeat":"repeat","background-position":"center center","background-size":"auto","background-attachment":"scroll","background-type":"","background-media":"","overlay-type":"","overlay-color":"","overlay-opacity":"","overlay-gradient":""}},"ast-content-background-meta":{"desktop":{"background-color":"var(--ast-global-color-5)","background-image":"","background-repeat":"repeat","background-position":"center center","background-size":"auto","background-attachment":"scroll","background-type":"","background-media":"","overlay-type":"","overlay-color":"","overlay-opacity":"","overlay-gradient":""},"tablet":{"background-color":"var(--ast-global-color-5)","background-image":"","background-repeat":"repeat","background-position":"center center","background-size":"auto","background-attachment":"scroll","background-type":"","background-media":"","overlay-type":"","overlay-color":"","overlay-opacity":"","overlay-gradient":""},"mobile":{"background-color":"var(--ast-global-color-5)","background-image":"","background-repeat":"repeat","background-position":"center center","background-size":"auto","background-attachment":"scroll","background-type":"","background-media":"","overlay-type":"","overlay-color":"","overlay-opacity":"","overlay-gradient":""}}},"pwb-brand":[64],"product_brand":[],"product_cat":[15,36,51,52,21,49,59,60,58],"product_tag":[61,41,42,39,43],"class_list":{"0":"post-5953","1":"product","2":"type-product","3":"status-publish","4":"has-post-thumbnail","6":"pwb-brand-dof-reality","7":"product_cat-otros","8":"product_cat-accesorio","9":"product_cat-combos-bundles","10":"product_cat-estructuras-de-manejo","11":"product_cat-perifericos-de-vuelo","12":"product_cat-plataformas","13":"product_cat-simulador-de-camion","14":"product_cat-simulador-de-carrera","15":"product_cat-simulador-de-vuelo","16":"product_tag-periferico-de-vuelo","17":"product_tag-simuladores-de-camiones","18":"product_tag-simuladores-de-helicopteros","19":"product_tag-simuladores-de-vuelos","20":"product_tag-varios","21":"desktop-align-left","22":"tablet-align-left","23":"mobile-align-left","25":"first","26":"instock","27":"taxable","28":"shipping-taxable","29":"purchasable","30":"product-type-simple"},"brands":[{"id":64,"name":"DOF Reality","slug":"dof-reality"}],"_links":{"self":[{"href":"https:\/\/tmasimuladores.com.ar\/en\/wp-json\/wp\/v2\/product\/5953","targetHints":{"allow":["GET"]}}],"collection":[{"href":"https:\/\/tmasimuladores.com.ar\/en\/wp-json\/wp\/v2\/product"}],"about":[{"href":"https:\/\/tmasimuladores.com.ar\/en\/wp-json\/wp\/v2\/types\/product"}],"wp:featuredmedia":[{"embeddable":true,"href":"https:\/\/tmasimuladores.com.ar\/en\/wp-json\/wp\/v2\/media\/5954"}],"wp:attachment":[{"href":"https:\/\/tmasimuladores.com.ar\/en\/wp-json\/wp\/v2\/media?parent=5953"}],"wp:term":[{"taxonomy":"pwb-brand","embeddable":true,"href":"https:\/\/tmasimuladores.com.ar\/en\/wp-json\/wp\/v2\/pwb-brand?post=5953"},{"taxonomy":"product_brand","embeddable":true,"href":"https:\/\/tmasimuladores.com.ar\/en\/wp-json\/wp\/v2\/product_brand?post=5953"},{"taxonomy":"product_cat","embeddable":true,"href":"https:\/\/tmasimuladores.com.ar\/en\/wp-json\/wp\/v2\/product_cat?post=5953"},{"taxonomy":"product_tag","embeddable":true,"href":"https:\/\/tmasimuladores.com.ar\/en\/wp-json\/wp\/v2\/product_tag?post=5953"}],"curies":[{"name":"wp","href":"https:\/\/api.w.org\/{rel}","templated":true}]}}