{"id":5948,"date":"2025-06-02T19:17:00","date_gmt":"2025-06-02T19:17:00","guid":{"rendered":"https:\/\/tmasimuladores.com.ar\/?post_type=product&#038;p=5948"},"modified":"2026-01-06T14:50:28","modified_gmt":"2026-01-06T14:50:28","slug":"dof-reality-h2-plataforma-de-simulacion-de-movimiento","status":"publish","type":"product","link":"https:\/\/tmasimuladores.com.ar\/en\/product\/dof-reality-h2-plataforma-de-simulacion-de-movimiento\/","title":{"rendered":"DOF Reality H2 &#8211; Plataforma de Simulaci\u00f3n de Movimiento"},"content":{"rendered":"<h3 data-start=\"172\" data-end=\"255\"><span style=\"color: #ffffff;\"><strong data-start=\"176\" data-end=\"255\">Sumergite en la Simulaci\u00f3n de Carreras Definitiva con el DOF Reality HERO 2<\/strong><\/span><\/h3>\n<p data-start=\"257\" data-end=\"485\">Si est\u00e1s buscando la experiencia de simulaci\u00f3n perfecta, el <strong data-start=\"329\" data-end=\"351\">DOF Reality HERO 2<\/strong> es para vos. Este simulador destaca por su dise\u00f1o de alto nivel, ingenier\u00eda precisa, calidad superior y un rendimiento impresionante.<\/p>\n<p data-start=\"487\" data-end=\"641\">Dise\u00f1ado para quienes buscan una inmersi\u00f3n total y una simulaci\u00f3n incre\u00edblemente realista, esta plataforma de movimiento ofrece una experiencia sin igual.<\/p>\n<p data-start=\"1239\" data-end=\"1486\">Este dise\u00f1o permite simular de manera efectiva las fuerzas G a trav\u00e9s de los puntos de presi\u00f3n muscular, brindando una experiencia f\u00edsica aut\u00e9ntica. Al elegir la mejor plataforma del mercado, est\u00e1s invirtiendo en el futuro de tu experiencia gamer.<\/p>\n<p data-start=\"1488\" data-end=\"1961\">El software altamente personalizable <strong data-start=\"1525\" data-end=\"1546\">Sim Racing Studio<\/strong> proporciona retroalimentaci\u00f3n precisa del juego basada en la telemetr\u00eda del veh\u00edculo, simulando baches, texturas de la pista, vibraciones, cambios de marcha, impactos y mucho m\u00e1s. El HERO 2 ofrece verdaderos <strong data-start=\"1755\" data-end=\"1787\">dos grados de libertad (DOF)<\/strong>, replicando con precisi\u00f3n la inclinaci\u00f3n (pitch) y el balanceo (roll). Esto se traduce en una simulaci\u00f3n fiel de la aceleraci\u00f3n, el frenado y las fuerzas durante las curvas.<\/p>\n<p data-start=\"1963\" data-end=\"2175\">La plataforma alcanza un nivel de realismo revolucionario, estableciendo un nuevo est\u00e1ndar en tecnolog\u00eda de simulaci\u00f3n tanto para usuarios dom\u00e9sticos como profesionales. No tiene comparaci\u00f3n en el mercado actual.<\/p>\n<h3 data-start=\"172\" data-end=\"220\"><span style=\"color: #ffffff;\"><strong data-start=\"176\" data-end=\"220\">Incluye el DOF Reality\u00ae H2 Ready to Play<\/strong><\/span><\/h3>\n<ul data-start=\"222\" data-end=\"550\">\n<li data-start=\"222\" data-end=\"289\">\n<p data-start=\"224\" data-end=\"289\">Estructura met\u00e1lica r\u00edgida compatible con postura est\u00e1ndar y F1<\/p>\n<\/li>\n<li data-start=\"290\" data-end=\"335\">\n<p data-start=\"292\" data-end=\"335\">Soportes para asiento o gu\u00edas deslizantes<\/p>\n<\/li>\n<li data-start=\"336\" data-end=\"387\">\n<p data-start=\"338\" data-end=\"387\">Motores de movimiento con transmisi\u00f3n integrada<\/p>\n<\/li>\n<li data-start=\"388\" data-end=\"435\">\n<p data-start=\"390\" data-end=\"435\">Unidad de control 100\u2013240V con conexi\u00f3n USB<\/p>\n<\/li>\n<li data-start=\"436\" data-end=\"476\">\n<p data-start=\"438\" data-end=\"476\">Licencia de software SimRacingStudio<\/p>\n<\/li>\n<li data-start=\"477\" data-end=\"519\">\n<p data-start=\"479\" data-end=\"519\">Herramientas para un ensamblado r\u00e1pido<\/p>\n<\/li>\n<\/ul>\n<p data-start=\"552\" data-end=\"818\"><strong data-start=\"552\" data-end=\"567\">Importante:<\/strong><br data-start=\"567\" data-end=\"570\" \/>Vendemos \u00fanicamente la <strong data-start=\"593\" data-end=\"633\">plataforma de movimiento plug &amp; play<\/strong>.<\/p>\n<p data-start=\"820\" data-end=\"1016\">Incluimos todos los cables necesarios y el software de movimiento. <strong data-start=\"887\" data-end=\"920\">Los juegos no est\u00e1n incluidos<\/strong>.<\/p>\n<p data-start=\"1018\" data-end=\"1164\">Nuestro equipo est\u00e1 disponible para asesorarte y ayudarte a elegir los mejores componentes para tu sistema, tanto por <strong data-start=\"1136\" data-end=\"1163\">email como por tel\u00e9fono<\/strong>.<\/p>\n<hr data-start=\"1166\" data-end=\"1169\" \/>\n<h3 data-start=\"1171\" data-end=\"1199\"><span style=\"color: #ffffff;\"><strong data-start=\"1175\" data-end=\"1197\">Juegos Compatibles<\/strong><\/span><\/h3>\n<p data-start=\"1200\" data-end=\"1292\"><strong data-start=\"1200\" data-end=\"1292\">Viv\u00ed la emoci\u00f3n de las carreras y simulaciones en movimiento real con el H2 DOF Reality\u00ae<\/strong><\/p>\n<h4 data-start=\"1294\" data-end=\"1330\">\ud83c\udfce\ufe0f <span style=\"color: #ffffff;\"><strong data-start=\"1303\" data-end=\"1330\">Simuladores de Carreras<\/strong><\/span><\/h4>\n<ul data-start=\"1331\" data-end=\"2053\">\n<li data-start=\"1331\" data-end=\"1342\">\n<p data-start=\"1333\" data-end=\"1342\">iRacing<\/p>\n<\/li>\n<li data-start=\"1343\" data-end=\"1375\">\n<p data-start=\"1345\" data-end=\"1375\">Assetto Corsa &amp; Competizione<\/p>\n<\/li>\n<li data-start=\"1376\" data-end=\"1402\">\n<p data-start=\"1378\" data-end=\"1402\">Gran Turismo 7 &amp; Sport<\/p>\n<\/li>\n<li data-start=\"1403\" data-end=\"1421\">\n<p data-start=\"1405\" data-end=\"1421\">F1 (2011\u20132024)<\/p>\n<\/li>\n<li data-start=\"1422\" data-end=\"1453\">\n<p data-start=\"1424\" data-end=\"1453\">Project CARS (1, 2, 3, PRO)<\/p>\n<\/li>\n<li data-start=\"1454\" data-end=\"1476\">\n<p data-start=\"1456\" data-end=\"1476\">GRID 2 y GRID 2019<\/p>\n<\/li>\n<li data-start=\"1477\" data-end=\"1500\">\n<p data-start=\"1479\" data-end=\"1500\">Automobilista 1 y 2<\/p>\n<\/li>\n<li data-start=\"1501\" data-end=\"1518\">\n<p data-start=\"1503\" data-end=\"1518\">rFactor 1 y 2<\/p>\n<\/li>\n<li data-start=\"1519\" data-end=\"1549\">\n<p data-start=\"1521\" data-end=\"1549\">RaceRoom Racing Experience<\/p>\n<\/li>\n<li data-start=\"1550\" data-end=\"1593\">\n<p data-start=\"1552\" data-end=\"1593\">DiRT Series (2, 3, 4, Rally, Rally 2.0)<\/p>\n<\/li>\n<li data-start=\"1594\" data-end=\"1631\">\n<p data-start=\"1596\" data-end=\"1631\">WRC (7, 8, 9, Generations, 22\u201324)<\/p>\n<\/li>\n<li data-start=\"1632\" data-end=\"1650\">\n<p data-start=\"1634\" data-end=\"1650\">The Crew 1 y 2<\/p>\n<\/li>\n<li data-start=\"1651\" data-end=\"1689\">\n<p data-start=\"1653\" data-end=\"1689\">Forza Horizon 4 y 5 \/ Motorsport 7<\/p>\n<\/li>\n<li data-start=\"1690\" data-end=\"1733\">\n<p data-start=\"1692\" data-end=\"1733\">Race 07 (incluye paquetes Retro y WTCC)<\/p>\n<\/li>\n<li data-start=\"1734\" data-end=\"1760\">\n<p data-start=\"1736\" data-end=\"1760\">GTR, GTR 2, GT Legends<\/p>\n<\/li>\n<li data-start=\"1761\" data-end=\"1785\">\n<p data-start=\"1763\" data-end=\"1785\">TrackMania 2 \/ Turbo<\/p>\n<\/li>\n<li data-start=\"1786\" data-end=\"1828\">\n<p data-start=\"1788\" data-end=\"1828\">Richard Burns Rally (incluyendo NGP 6)<\/p>\n<\/li>\n<li data-start=\"1829\" data-end=\"1888\">\n<p data-start=\"1831\" data-end=\"1888\">Nascar Heat 4\/5, All American Racing, Sprint Car Racing<\/p>\n<\/li>\n<li data-start=\"1889\" data-end=\"1950\">\n<p data-start=\"1891\" data-end=\"1950\">Game Stock Car \/ Copa Petrobras de Marcas \/ Formula Truck<\/p>\n<\/li>\n<li data-start=\"1951\" data-end=\"2004\">\n<p data-start=\"1953\" data-end=\"2004\">MX Bikes \/ GP Bikes \/ KartKraft \/ Kart Racing Pro<\/p>\n<\/li>\n<li data-start=\"2005\" data-end=\"2053\">\n<p data-start=\"2007\" data-end=\"2053\">Wreckfest \/ Touring Karts \/ Race \u2013 WTCC Game<\/p>\n<\/li>\n<\/ul>\n<h4 data-start=\"2055\" data-end=\"2092\">\ud83d\ude9b <span style=\"color: #ffffff;\"><strong data-start=\"2063\" data-end=\"2092\">Simuladores de Transporte<\/strong><\/span><\/h4>\n<ul data-start=\"2093\" data-end=\"2223\">\n<li data-start=\"2093\" data-end=\"2121\">\n<p data-start=\"2095\" data-end=\"2121\">American Truck Simulator<\/p>\n<\/li>\n<li data-start=\"2122\" data-end=\"2148\">\n<p data-start=\"2124\" data-end=\"2148\">Euro Truck Simulator 2<\/p>\n<\/li>\n<li data-start=\"2149\" data-end=\"2174\">\n<p data-start=\"2151\" data-end=\"2174\">Tourist Bus Simulator<\/p>\n<\/li>\n<li data-start=\"2175\" data-end=\"2202\">\n<p data-start=\"2177\" data-end=\"2202\">Fernbus Coach Simulator<\/p>\n<\/li>\n<li data-start=\"2203\" data-end=\"2223\">\n<p data-start=\"2205\" data-end=\"2223\">City Car Driving<\/p>\n<\/li>\n<\/ul>\n<h4 data-start=\"2225\" data-end=\"2257\">\u2708\ufe0f<span style=\"color: #ffffff;\"> <strong data-start=\"2233\" data-end=\"2257\">Simuladores de Vuelo<\/strong><\/span><\/h4>\n<ul data-start=\"2258\" data-end=\"2660\">\n<li data-start=\"2258\" data-end=\"2300\">\n<p data-start=\"2260\" data-end=\"2300\">Microsoft Flight Simulator 2020 y 2024<\/p>\n<\/li>\n<li data-start=\"2301\" data-end=\"2333\">\n<p data-start=\"2303\" data-end=\"2333\">Microsoft Flight Simulator X<\/p>\n<\/li>\n<li data-start=\"2334\" data-end=\"2356\">\n<p data-start=\"2336\" data-end=\"2356\">X-Plane 10, 11, 12<\/p>\n<\/li>\n<li data-start=\"2357\" data-end=\"2397\">\n<p data-start=\"2359\" data-end=\"2397\">DCS World (Digital Combat Simulator)<\/p>\n<\/li>\n<li data-start=\"2398\" data-end=\"2424\">\n<p data-start=\"2400\" data-end=\"2424\">IL-2 Sturmovik (serie)<\/p>\n<\/li>\n<li data-start=\"2425\" data-end=\"2441\">\n<p data-start=\"2427\" data-end=\"2441\">Aerofly FS 2<\/p>\n<\/li>\n<li data-start=\"2442\" data-end=\"2456\">\n<p data-start=\"2444\" data-end=\"2456\">Falcon BMS<\/p>\n<\/li>\n<li data-start=\"2457\" data-end=\"2496\">\n<p data-start=\"2459\" data-end=\"2496\">Lockheed Martin Prepar3D (v4.5 y 5)<\/p>\n<\/li>\n<li data-start=\"2497\" data-end=\"2514\">\n<p data-start=\"2499\" data-end=\"2514\">ACES HIGH III<\/p>\n<\/li>\n<li data-start=\"2515\" data-end=\"2542\">\n<p data-start=\"2517\" data-end=\"2542\">Silent Wings \/ Condor 2<\/p>\n<\/li>\n<li data-start=\"2543\" data-end=\"2573\">\n<p data-start=\"2545\" data-end=\"2573\">War Thunder (solo aviones)<\/p>\n<\/li>\n<li data-start=\"2574\" data-end=\"2614\">\n<p data-start=\"2576\" data-end=\"2614\">VTOL VR \/ FlyInside \/ Warplanes: WW1<\/p>\n<\/li>\n<li data-start=\"2615\" data-end=\"2639\">\n<p data-start=\"2617\" data-end=\"2639\">Star Wars: Squadrons<\/p>\n<\/li>\n<li data-start=\"2640\" data-end=\"2660\">\n<p data-start=\"2642\" data-end=\"2660\">Elite: Dangerous<\/p>\n<\/li>\n<\/ul>\n<h4 data-start=\"2662\" data-end=\"2679\">\ud83c\udfa2<span style=\"color: #ffffff;\"> <strong data-start=\"2670\" data-end=\"2679\">Otros<\/strong><\/span><\/h4>\n<ul data-start=\"2680\" data-end=\"2879\">\n<li data-start=\"2680\" data-end=\"2702\">\n<p data-start=\"2682\" data-end=\"2702\">NoLimits 2 (Steam)<\/p>\n<\/li>\n<li data-start=\"2703\" data-end=\"2734\">\n<p data-start=\"2705\" data-end=\"2734\">Epic Roller Coaster (Steam)<\/p>\n<\/li>\n<li data-start=\"2735\" data-end=\"2764\">\n<p data-start=\"2737\" data-end=\"2764\">Farming Simulator 19 y 22<\/p>\n<\/li>\n<li data-start=\"2765\" data-end=\"2808\">\n<p data-start=\"2767\" data-end=\"2808\">Red Rover \u2013 Planetary Driving Simulator<\/p>\n<\/li>\n<li data-start=\"2809\" data-end=\"2823\">\n<p data-start=\"2811\" data-end=\"2823\">Simraceway<\/p>\n<\/li>\n<li data-start=\"2824\" data-end=\"2848\">\n<p data-start=\"2826\" data-end=\"2848\">AplusB Simuride &amp; PE<\/p>\n<\/li>\n<li data-start=\"2849\" data-end=\"2879\">\n<p data-start=\"2851\" data-end=\"2879\">GTA V (Grand Theft Auto V)<\/p>\n<\/li>\n<\/ul>\n<h3 data-start=\"174\" data-end=\"228\"><span style=\"color: #ffffff;\"><strong data-start=\"178\" data-end=\"228\">Caracter\u00edsticas del Simulador de Movimiento H2<\/strong><\/span><\/h3>\n<p data-start=\"230\" data-end=\"308\"><strong data-start=\"230\" data-end=\"260\">Grados de Libertad (Ejes):<\/strong><br data-start=\"260\" data-end=\"263\" \/>2 DOF (Inclinaci\u00f3n <em data-start=\"282\" data-end=\"289\">Pitch<\/em> + Balanceo <em data-start=\"301\" data-end=\"307\">Roll<\/em>)<\/p>\n<p data-start=\"310\" data-end=\"353\"><strong data-start=\"310\" data-end=\"348\">Movimiento Total de la Plataforma:<\/strong><br data-start=\"348\" data-end=\"351\" \/>Yes<\/p>\n<p data-start=\"355\" data-end=\"386\"><strong data-start=\"355\" data-end=\"380\">\u00c1ngulo de Movimiento:<\/strong><br data-start=\"380\" data-end=\"383\" \/>20\u00b0<\/p>\n<p data-start=\"388\" data-end=\"420\"><strong data-start=\"388\" data-end=\"402\">Velocidad:<\/strong><br data-start=\"402\" data-end=\"405\" \/>50 cm\/s (86\u00b0\/s)<\/p>\n<p data-start=\"422\" data-end=\"442\"><strong data-start=\"422\" data-end=\"433\">Torque:<\/strong><br data-start=\"433\" data-end=\"436\" \/>25 N\u00b7m<\/p>\n<p data-start=\"444\" data-end=\"499\"><strong data-start=\"444\" data-end=\"460\">Aceleraci\u00f3n:<\/strong><br data-start=\"460\" data-end=\"463\" \/>0.7G Transversal \/ 0.5G Longitudinal<\/p>\n<p data-start=\"501\" data-end=\"543\"><strong data-start=\"501\" data-end=\"524\">Consumo de Energ\u00eda:<\/strong><br data-start=\"524\" data-end=\"527\" \/>500 Watts (pico)<\/p>\n<p data-start=\"545\" data-end=\"587\"><strong data-start=\"545\" data-end=\"585\">Peso y Dimensiones de los Embalajes:<\/strong><\/p>\n<ol data-start=\"588\" data-end=\"645\">\n<li data-start=\"588\" data-end=\"618\">\n<p data-start=\"591\" data-end=\"618\">20.5 kg (90 x 33 x 20 cm)<\/p>\n<\/li>\n<li data-start=\"619\" data-end=\"645\">\n<p data-start=\"622\" data-end=\"645\">20 kg (60 x 40 x 40 cm)<\/p>\n<\/li>\n<\/ol>\n<p data-start=\"647\" data-end=\"738\"><strong data-start=\"647\" data-end=\"680\">Espacio Requerido en el Piso:<\/strong><br data-start=\"680\" data-end=\"683\" \/>2 x 5 pies, 2 pies de alto (59 x 150 cm, 60 cm de alto)<\/p>\n<p data-start=\"740\" data-end=\"797\"><strong data-start=\"740\" data-end=\"755\">Materiales:<\/strong><br data-start=\"755\" data-end=\"758\" \/>Perfiles met\u00e1licos de calidad comercial<\/p>\n<p data-start=\"799\" data-end=\"855\"><strong data-start=\"799\" data-end=\"836\">Peso M\u00e1ximo del Piloto Soportado:<\/strong><br data-start=\"836\" data-end=\"839\" \/>150 kg \/ 330 lbs<\/p>\n<p data-start=\"857\" data-end=\"887\"><strong data-start=\"857\" data-end=\"870\">Garant\u00eda:<\/strong><br data-start=\"870\" data-end=\"873\" \/>1 a\u00f1o completo<\/p>\n<p data-start=\"889\" data-end=\"974\"><strong data-start=\"889\" data-end=\"927\">Actualizable a Modelos Superiores:<\/strong><br data-start=\"927\" data-end=\"930\" \/>Compatibilidad con actualizaciones a H3 y H6<\/p>","protected":false},"excerpt":{"rendered":"<p>El modelo <strong data-start=\"153\" data-end=\"163\">HERO 2<\/strong> est\u00e1 dise\u00f1ado para mover no solo el asiento, sino tambi\u00e9n todos tus controles (volante, joystick, pedales, acelerador, etc.) montados en la plataforma de movimiento. Puedes sentir la aceleraci\u00f3n, el frenado y las fuerzas G durante las curvas.<\/p>","protected":false},"featured_media":5954,"template":"","meta":{"site-sidebar-layout":"default","site-content-layout":"","ast-site-content-layout":"default","site-content-style":"default","site-sidebar-style":"default","ast-global-header-display":"","ast-banner-title-visibility":"","ast-main-header-display":"","ast-hfb-above-header-display":"","ast-hfb-below-header-display":"","ast-hfb-mobile-header-display":"","site-post-title":"","ast-breadcrumbs-content":"","ast-featured-img":"","footer-sml-layout":"","theme-transparent-header-meta":"default","adv-header-id-meta":"","stick-header-meta":"","header-above-stick-meta":"","header-main-stick-meta":"","header-below-stick-meta":"","astra-migrate-meta-layouts":"set","ast-page-background-enabled":"default","ast-page-background-meta":{"desktop":{"background-color":"var(--ast-global-color-4)","background-image":"","background-repeat":"repeat","background-position":"center center","background-size":"auto","background-attachment":"scroll","background-type":"","background-media":"","overlay-type":"","overlay-color":"","overlay-opacity":"","overlay-gradient":""},"tablet":{"background-color":"","background-image":"","background-repeat":"repeat","background-position":"center center","background-size":"auto","background-attachment":"scroll","background-type":"","background-media":"","overlay-type":"","overlay-color":"","overlay-opacity":"","overlay-gradient":""},"mobile":{"background-color":"","background-image":"","background-repeat":"repeat","background-position":"center center","background-size":"auto","background-attachment":"scroll","background-type":"","background-media":"","overlay-type":"","overlay-color":"","overlay-opacity":"","overlay-gradient":""}},"ast-content-background-meta":{"desktop":{"background-color":"var(--ast-global-color-5)","background-image":"","background-repeat":"repeat","background-position":"center center","background-size":"auto","background-attachment":"scroll","background-type":"","background-media":"","overlay-type":"","overlay-color":"","overlay-opacity":"","overlay-gradient":""},"tablet":{"background-color":"var(--ast-global-color-5)","background-image":"","background-repeat":"repeat","background-position":"center center","background-size":"auto","background-attachment":"scroll","background-type":"","background-media":"","overlay-type":"","overlay-color":"","overlay-opacity":"","overlay-gradient":""},"mobile":{"background-color":"var(--ast-global-color-5)","background-image":"","background-repeat":"repeat","background-position":"center center","background-size":"auto","background-attachment":"scroll","background-type":"","background-media":"","overlay-type":"","overlay-color":"","overlay-opacity":"","overlay-gradient":""}}},"pwb-brand":[64],"product_brand":[],"product_cat":[15,36,51,52,21,49,59,60,58],"product_tag":[61,41,42,39,43],"class_list":{"0":"post-5948","1":"product","2":"type-product","3":"status-publish","4":"has-post-thumbnail","6":"pwb-brand-dof-reality","7":"product_cat-otros","8":"product_cat-accesorio","9":"product_cat-combos-bundles","10":"product_cat-estructuras-de-manejo","11":"product_cat-perifericos-de-vuelo","12":"product_cat-plataformas","13":"product_cat-simulador-de-camion","14":"product_cat-simulador-de-carrera","15":"product_cat-simulador-de-vuelo","16":"product_tag-periferico-de-vuelo","17":"product_tag-simuladores-de-camiones","18":"product_tag-simuladores-de-helicopteros","19":"product_tag-simuladores-de-vuelos","20":"product_tag-varios","21":"desktop-align-left","22":"tablet-align-left","23":"mobile-align-left","25":"first","26":"instock","27":"taxable","28":"shipping-taxable","29":"purchasable","30":"product-type-simple"},"brands":[{"id":64,"name":"DOF Reality","slug":"dof-reality"}],"_links":{"self":[{"href":"https:\/\/tmasimuladores.com.ar\/en\/wp-json\/wp\/v2\/product\/5948","targetHints":{"allow":["GET"]}}],"collection":[{"href":"https:\/\/tmasimuladores.com.ar\/en\/wp-json\/wp\/v2\/product"}],"about":[{"href":"https:\/\/tmasimuladores.com.ar\/en\/wp-json\/wp\/v2\/types\/product"}],"wp:featuredmedia":[{"embeddable":true,"href":"https:\/\/tmasimuladores.com.ar\/en\/wp-json\/wp\/v2\/media\/5954"}],"wp:attachment":[{"href":"https:\/\/tmasimuladores.com.ar\/en\/wp-json\/wp\/v2\/media?parent=5948"}],"wp:term":[{"taxonomy":"pwb-brand","embeddable":true,"href":"https:\/\/tmasimuladores.com.ar\/en\/wp-json\/wp\/v2\/pwb-brand?post=5948"},{"taxonomy":"product_brand","embeddable":true,"href":"https:\/\/tmasimuladores.com.ar\/en\/wp-json\/wp\/v2\/product_brand?post=5948"},{"taxonomy":"product_cat","embeddable":true,"href":"https:\/\/tmasimuladores.com.ar\/en\/wp-json\/wp\/v2\/product_cat?post=5948"},{"taxonomy":"product_tag","embeddable":true,"href":"https:\/\/tmasimuladores.com.ar\/en\/wp-json\/wp\/v2\/product_tag?post=5948"}],"curies":[{"name":"wp","href":"https:\/\/api.w.org\/{rel}","templated":true}]}}