{"id":519,"date":"2024-07-09T10:17:33","date_gmt":"2024-07-09T10:17:33","guid":{"rendered":"https:\/\/tmasimuladores.com.ar\/product\/moza-sequential-shifter-sgp-sequential-shifter\/"},"modified":"2026-03-30T15:43:19","modified_gmt":"2026-03-30T15:43:19","slug":"moza-sequential-shifter-sgp-sequential-shifter","status":"publish","type":"product","link":"https:\/\/tmasimuladores.com.ar\/en\/product\/moza-sequential-shifter-sgp-sequential-shifter\/","title":{"rendered":"Moza SGP Sequential Shifter"},"content":{"rendered":"<p><a href=\"https:\/\/tmasimuladores.com.ar\/wp-content\/uploads\/2024\/07\/Moza-SGP-Sequential-Shifter.jpg\"><img fetchpriority=\"high\" decoding=\"async\" class=\"alignnone wp-image-8353\" src=\"https:\/\/tmasimuladores.com.ar\/wp-content\/uploads\/2024\/07\/Moza-SGP-Sequential-Shifter-300x213.jpg\" alt=\"\" width=\"1947\" height=\"1382\" srcset=\"https:\/\/tmasimuladores.com.ar\/wp-content\/uploads\/2024\/07\/Moza-SGP-Sequential-Shifter-300x213.jpg 300w, https:\/\/tmasimuladores.com.ar\/wp-content\/uploads\/2024\/07\/Moza-SGP-Sequential-Shifter-1024x727.jpg 1024w, https:\/\/tmasimuladores.com.ar\/wp-content\/uploads\/2024\/07\/Moza-SGP-Sequential-Shifter-768x545.jpg 768w, https:\/\/tmasimuladores.com.ar\/wp-content\/uploads\/2024\/07\/Moza-SGP-Sequential-Shifter-18x12.jpg 18w, https:\/\/tmasimuladores.com.ar\/wp-content\/uploads\/2024\/07\/Moza-SGP-Sequential-Shifter-600x426.jpg 600w, https:\/\/tmasimuladores.com.ar\/wp-content\/uploads\/2024\/07\/Moza-SGP-Sequential-Shifter.jpg 1195w\" sizes=\"(max-width: 1947px) 100vw, 1947px\" \/><\/a><\/p>\n<p>Characteristics<br \/>\nConstrucci\u00f3n totalmente met\u00e1lica: Fabricado con una aleaci\u00f3n de aluminio de grado aeroespacial y acero de alta resistencia mediante tecnolog\u00eda de corte CNC de alto brillo, el shifter presenta una textura met\u00e1lica elegante y una durabilidad inigualable para una sensaci\u00f3n verdaderamente premium.<\/p>\n<p>Realismo inmersivo: La precisi\u00f3n en el dise\u00f1o estructural garantiza cambios de marcha exactos, ofreciendo cambios de marcha suaves con r\u00e1pidos rebotes para una experiencia de carreras inmersiva que refleja la sensaci\u00f3n superior de las cajas de cambios secuenciales de los coches de carreras reales.<\/p>\n<p>Mango multifuncional vers\u00e1til: Equipado con un mango multifuncional, el shifter permite cambios r\u00e1pidos a neutral o reversa, con opciones personalizables para otras funciones de uso com\u00fan, proporcionando una flexibilidad definitiva.<\/p>\n<p>Sensor Hall sin contacto estable: La tecnolog\u00eda del sensor Hall sin contacto garantiza una alta estabilidad sin desgaste, asegurando cambios de marcha consistentes y fiables una y otra vez.<\/p>\n<p>Botones mec\u00e1nicos retroiluminados RGB: Eleva tu configuraci\u00f3n de juego con dos botones mec\u00e1nicos retroiluminados RGB, que ofrecen ocho opciones de color y una personalizaci\u00f3n pr\u00e1ctica para funciones de uso com\u00fan.<\/p>\n<p>Ajustabilidad personalizada: Personaliza tu experiencia con la resistencia ajustable del cambio y disfruta de una mayor personalizaci\u00f3n con la altura del mango, ajustable dentro de un rango de 64 mm para una comodidad personalizada.<\/p>\n<p>Perilla de cambio personalizable: La perilla del cambio presenta una rosca est\u00e1ndar de la industria automotriz M12, lo que permite una f\u00e1cil sustituci\u00f3n con la mayor\u00eda de las cabezas de cambio del mercado, proporcionando un toque personalizado a tu configuraci\u00f3n.<\/p>\n<p>Conectividad perfecta: Con\u00e9ctate f\u00e1cilmente a tu PC a trav\u00e9s de USB o bases MOZA compatibles, proporcionando una conexi\u00f3n directa y sin complicaciones para un rendimiento \u00f3ptimo.<\/p>\n<p>Totalmente personalizable: Personaliza tu shifter MOZA SGP a trav\u00e9s del software MOZA Pit House. Personaliza los colores y el brillo de los botones, sincroniza el paddle de cambio y la configuraci\u00f3n secuencial sin esfuerzo. La caracter\u00edstica de montaje reversible flexible permite que el SGP se adapte f\u00e1cilmente a tu equipo de carreras.<\/p>\n<p>Durabilidad garantizada: Rigurosamente probado a trav\u00e9s de millones de ciclos, el mecanismo del shifter pas\u00f3 todas las pruebas de durabilidad sin ning\u00fan signo de problemas estructurales o electr\u00f3nicos. Disfruta de una experiencia de alta calidad consistentemente con cada uso.<\/p>\n<p>Specifications<br \/>\nDimensiones: 320 mm x 182 mm x 52 mm<br \/>\nMaterial de la carcasa: Aleaci\u00f3n de aluminio de grado aeroespacial y acero de alta resistencia<br \/>\nMaterial de la palanca: Aleaci\u00f3n de aluminio de grado aeroespacial<br \/>\nMaterial de la perilla: Aleaci\u00f3n de aluminio de grado aeroespacial<br \/>\nAmortiguador ajustable: S\u00ed<br \/>\nMango multifuncional: S\u00ed<br \/>\nBotones retroiluminados: 2<br \/>\nColor options: 8<br \/>\nRango de ajuste de altura: 64 mm<br \/>\nM\u00e9todo de montaje: Adelante o atr\u00e1s<br \/>\nM\u00e9todo de conexi\u00f3n: Conexi\u00f3n USB directa a la PC o bases MOZA compatibles<br \/>\nRosca de la perilla de cambio: M12 x 1.5<\/p>","protected":false},"excerpt":{"rendered":"<p>Experimenta la m\u00e1xima inmersi\u00f3n en las carreras con el Moza SGP Sequential Shifter, un cambio de marchas premium de construcci\u00f3n totalmente met\u00e1lica, dise\u00f1ado con aluminio de grado aeroespacial y acero de alta resistencia. Su dise\u00f1o preciso ofrece cambios de marcha suaves y exactos, replicando la sensaci\u00f3n de una verdadera caja de cambios secuencial. Este shifter cuenta con un mango multifuncional vers\u00e1til, un sensor Hall sin contacto para un rendimiento constante, botones retroiluminados RGB personalizables y ajustes personalizados para mayor comodidad. Mejora tu experiencia con una perilla de cambio f\u00e1cil de reemplazar y disfruta de una conectividad perfecta con la PC. Probado para garantizar durabilidad y rendimiento de alta calidad en cada carrera.<\/p>","protected":false},"featured_media":8567,"template":"","meta":{"site-sidebar-layout":"default","site-content-layout":"","ast-site-content-layout":"default","site-content-style":"default","site-sidebar-style":"default","ast-global-header-display":"","ast-banner-title-visibility":"","ast-main-header-display":"","ast-hfb-above-header-display":"","ast-hfb-below-header-display":"","ast-hfb-mobile-header-display":"","site-post-title":"","ast-breadcrumbs-content":"","ast-featured-img":"","footer-sml-layout":"","theme-transparent-header-meta":"default","adv-header-id-meta":"","stick-header-meta":"","header-above-stick-meta":"","header-main-stick-meta":"","header-below-stick-meta":"","astra-migrate-meta-layouts":"set","ast-page-background-enabled":"default","ast-page-background-meta":{"desktop":{"background-color":"var(--ast-global-color-4)","background-image":"","background-repeat":"repeat","background-position":"center center","background-size":"auto","background-attachment":"scroll","background-type":"","background-media":"","overlay-type":"","overlay-color":"","overlay-opacity":"","overlay-gradient":""},"tablet":{"background-color":"","background-image":"","background-repeat":"repeat","background-position":"center center","background-size":"auto","background-attachment":"scroll","background-type":"","background-media":"","overlay-type":"","overlay-color":"","overlay-opacity":"","overlay-gradient":""},"mobile":{"background-color":"","background-image":"","background-repeat":"repeat","background-position":"center center","background-size":"auto","background-attachment":"scroll","background-type":"","background-media":"","overlay-type":"","overlay-color":"","overlay-opacity":"","overlay-gradient":""}},"ast-content-background-meta":{"desktop":{"background-color":"var(--ast-global-color-5)","background-image":"","background-repeat":"repeat","background-position":"center center","background-size":"auto","background-attachment":"scroll","background-type":"","background-media":"","overlay-type":"","overlay-color":"","overlay-opacity":"","overlay-gradient":""},"tablet":{"background-color":"var(--ast-global-color-5)","background-image":"","background-repeat":"repeat","background-position":"center center","background-size":"auto","background-attachment":"scroll","background-type":"","background-media":"","overlay-type":"","overlay-color":"","overlay-opacity":"","overlay-gradient":""},"mobile":{"background-color":"var(--ast-global-color-5)","background-image":"","background-repeat":"repeat","background-position":"center center","background-size":"auto","background-attachment":"scroll","background-type":"","background-media":"","overlay-type":"","overlay-color":"","overlay-opacity":"","overlay-gradient":""}}},"pwb-brand":[44],"product_brand":[],"product_cat":[36],"product_tag":[40],"class_list":{"0":"post-519","1":"product","2":"type-product","3":"status-publish","4":"has-post-thumbnail","6":"pwb-brand-moza","7":"product_cat-accesorio","8":"product_tag-simuladores-de-carreras","9":"desktop-align-left","10":"tablet-align-left","11":"mobile-align-left","13":"first","14":"instock","15":"taxable","16":"shipping-taxable","17":"purchasable","18":"product-type-simple"},"brands":[{"id":44,"name":"MOZA","slug":"moza"}],"_links":{"self":[{"href":"https:\/\/tmasimuladores.com.ar\/en\/wp-json\/wp\/v2\/product\/519","targetHints":{"allow":["GET"]}}],"collection":[{"href":"https:\/\/tmasimuladores.com.ar\/en\/wp-json\/wp\/v2\/product"}],"about":[{"href":"https:\/\/tmasimuladores.com.ar\/en\/wp-json\/wp\/v2\/types\/product"}],"wp:featuredmedia":[{"embeddable":true,"href":"https:\/\/tmasimuladores.com.ar\/en\/wp-json\/wp\/v2\/media\/8567"}],"wp:attachment":[{"href":"https:\/\/tmasimuladores.com.ar\/en\/wp-json\/wp\/v2\/media?parent=519"}],"wp:term":[{"taxonomy":"pwb-brand","embeddable":true,"href":"https:\/\/tmasimuladores.com.ar\/en\/wp-json\/wp\/v2\/pwb-brand?post=519"},{"taxonomy":"product_brand","embeddable":true,"href":"https:\/\/tmasimuladores.com.ar\/en\/wp-json\/wp\/v2\/product_brand?post=519"},{"taxonomy":"product_cat","embeddable":true,"href":"https:\/\/tmasimuladores.com.ar\/en\/wp-json\/wp\/v2\/product_cat?post=519"},{"taxonomy":"product_tag","embeddable":true,"href":"https:\/\/tmasimuladores.com.ar\/en\/wp-json\/wp\/v2\/product_tag?post=519"}],"curies":[{"name":"wp","href":"https:\/\/api.w.org\/{rel}","templated":true}]}}