{"id":515,"date":"2024-07-09T10:17:31","date_gmt":"2024-07-09T10:17:31","guid":{"rendered":"https:\/\/tmasimuladores.com.ar\/product\/moza-universal-hub-kit\/"},"modified":"2026-01-06T15:08:05","modified_gmt":"2026-01-06T15:08:05","slug":"moza-universal-hub-kit","status":"publish","type":"product","link":"https:\/\/tmasimuladores.com.ar\/en\/product\/moza-universal-hub-kit\/","title":{"rendered":"MOZA Universal Hub Kit"},"content":{"rendered":"<p class=\"translation-block\">Cuerpo de Aluminio de Grado Aeron\u00e1utico<br>\r\nEl MOZA Universal Hub presenta un dise\u00f1o totalmente met\u00e1lico con una rigidez y durabilidad excepcionales, fabricado mediante t\u00e9cnicas de mecanizado CNC para garantizar una conexi\u00f3n s\u00f3lida y precisa, as\u00ed como un proceso de liberaci\u00f3n suave.<\/p>\n<p>Dual Power Supply System<br \/>\nThe dual power supply system ensures stable operation of power-intensive devices. This system is especially recommended when connected via USB 2.0.<\/p>\n<p>Multiple Ports of Entry Multiple Ports of Entry<br \/>\nCon cuatro puertos de entrada, incluyendo tres puertos de expansi\u00f3n y un puerto para pedales, permite la conexi\u00f3n de m\u00faltiples dispositivos MOZA Racing a un solo puerto USB.<\/p>\n<p>Increased Compatibility<br \/>\nThe adapter is compatible with multiple steering wheel bases thanks to its 50mm and 70mm threaded hole patterns, allowing the adapter to be mounted on two different third-party steering wheel bases.<\/p>\n<p>Quick Installation and Release<br \/>\nThe steering wheel base adapter is quick and easy to install and release, making it easy to use in different configurations.<\/p>\n<p>Special Notes<br \/>\nThe MOZA FSR Formula steering wheel requires the universal hub and steering wheel base adapter to work with steering wheel bases outside of the MOZA ecosystem.<br \/>\nPara bases de volante que requieren comunicaci\u00f3n con el chip FSR, se necesita un adaptador de liberaci\u00f3n r\u00e1pida compatible.<br \/>\nSpecifications:<br \/>\nHub Body: Aircraft grade aluminum<br \/>\nPower System: Dual<br \/>\nInput Ports: 4 (three expansion ports and one pedal port)<br \/>\nThreaded Hole Patterns: 50mm and 70mm<br \/>\nAdapter Material: CNC Machined Aluminum<br \/>\nCompatibility: Direct PC connectivity for KS steering wheel, FSR steering wheel and SR-P Lite pedals<br \/>\nIncludes:<br \/>\nSteering Wheel Base Mount Adapter<br \/>\nExtension Hub<br \/>\nFSR Retractable Steering Wheel Coil Cable (3m)<br \/>\nUSB Type-B Cable (1.8m)<br \/>\nUSB Type-C Cable (1.8m)<br \/>\n3M adhesive<\/p>","protected":false},"excerpt":{"rendered":"<p>The MOZA Universal HUB BUNDLE is a versatile solution designed to increase the compatibility of MOZA products with different systems. This adapter can be mounted on two different third-party steering wheel bases and allows you to connect the KS Steering Wheel, FSR Formula Wheel and SR-P Lite pedals directly to the PC.<\/p>","protected":false},"featured_media":8573,"template":"","meta":{"site-sidebar-layout":"default","site-content-layout":"","ast-site-content-layout":"default","site-content-style":"default","site-sidebar-style":"default","ast-global-header-display":"","ast-banner-title-visibility":"","ast-main-header-display":"","ast-hfb-above-header-display":"","ast-hfb-below-header-display":"","ast-hfb-mobile-header-display":"","site-post-title":"","ast-breadcrumbs-content":"","ast-featured-img":"","footer-sml-layout":"","theme-transparent-header-meta":"default","adv-header-id-meta":"","stick-header-meta":"","header-above-stick-meta":"","header-main-stick-meta":"","header-below-stick-meta":"","astra-migrate-meta-layouts":"set","ast-page-background-enabled":"default","ast-page-background-meta":{"desktop":{"background-color":"var(--ast-global-color-4)","background-image":"","background-repeat":"repeat","background-position":"center center","background-size":"auto","background-attachment":"scroll","background-type":"","background-media":"","overlay-type":"","overlay-color":"","overlay-opacity":"","overlay-gradient":""},"tablet":{"background-color":"","background-image":"","background-repeat":"repeat","background-position":"center center","background-size":"auto","background-attachment":"scroll","background-type":"","background-media":"","overlay-type":"","overlay-color":"","overlay-opacity":"","overlay-gradient":""},"mobile":{"background-color":"","background-image":"","background-repeat":"repeat","background-position":"center center","background-size":"auto","background-attachment":"scroll","background-type":"","background-media":"","overlay-type":"","overlay-color":"","overlay-opacity":"","overlay-gradient":""}},"ast-content-background-meta":{"desktop":{"background-color":"var(--ast-global-color-5)","background-image":"","background-repeat":"repeat","background-position":"center center","background-size":"auto","background-attachment":"scroll","background-type":"","background-media":"","overlay-type":"","overlay-color":"","overlay-opacity":"","overlay-gradient":""},"tablet":{"background-color":"var(--ast-global-color-5)","background-image":"","background-repeat":"repeat","background-position":"center center","background-size":"auto","background-attachment":"scroll","background-type":"","background-media":"","overlay-type":"","overlay-color":"","overlay-opacity":"","overlay-gradient":""},"mobile":{"background-color":"var(--ast-global-color-5)","background-image":"","background-repeat":"repeat","background-position":"center center","background-size":"auto","background-attachment":"scroll","background-type":"","background-media":"","overlay-type":"","overlay-color":"","overlay-opacity":"","overlay-gradient":""}}},"pwb-brand":[44],"product_brand":[],"product_cat":[36],"product_tag":[41,40],"class_list":{"0":"post-515","1":"product","2":"type-product","3":"status-publish","4":"has-post-thumbnail","6":"pwb-brand-moza","7":"product_cat-accesorio","8":"product_tag-simuladores-de-camiones","9":"product_tag-simuladores-de-carreras","10":"desktop-align-left","11":"tablet-align-left","12":"mobile-align-left","14":"first","15":"instock","16":"taxable","17":"shipping-taxable","18":"purchasable","19":"product-type-simple"},"brands":[{"id":44,"name":"MOZA","slug":"moza"}],"_links":{"self":[{"href":"https:\/\/tmasimuladores.com.ar\/en\/wp-json\/wp\/v2\/product\/515","targetHints":{"allow":["GET"]}}],"collection":[{"href":"https:\/\/tmasimuladores.com.ar\/en\/wp-json\/wp\/v2\/product"}],"about":[{"href":"https:\/\/tmasimuladores.com.ar\/en\/wp-json\/wp\/v2\/types\/product"}],"wp:featuredmedia":[{"embeddable":true,"href":"https:\/\/tmasimuladores.com.ar\/en\/wp-json\/wp\/v2\/media\/8573"}],"wp:attachment":[{"href":"https:\/\/tmasimuladores.com.ar\/en\/wp-json\/wp\/v2\/media?parent=515"}],"wp:term":[{"taxonomy":"pwb-brand","embeddable":true,"href":"https:\/\/tmasimuladores.com.ar\/en\/wp-json\/wp\/v2\/pwb-brand?post=515"},{"taxonomy":"product_brand","embeddable":true,"href":"https:\/\/tmasimuladores.com.ar\/en\/wp-json\/wp\/v2\/product_brand?post=515"},{"taxonomy":"product_cat","embeddable":true,"href":"https:\/\/tmasimuladores.com.ar\/en\/wp-json\/wp\/v2\/product_cat?post=515"},{"taxonomy":"product_tag","embeddable":true,"href":"https:\/\/tmasimuladores.com.ar\/en\/wp-json\/wp\/v2\/product_tag?post=515"}],"curies":[{"name":"wp","href":"https:\/\/api.w.org\/{rel}","templated":true}]}}