{"id":513,"date":"2024-07-09T10:17:31","date_gmt":"2024-07-09T10:17:31","guid":{"rendered":"https:\/\/tmasimuladores.com.ar\/product\/moza-r12-wheel-base\/"},"modified":"2025-11-04T20:59:34","modified_gmt":"2025-11-04T20:59:34","slug":"moza-r12-wheel-base","status":"publish","type":"product","link":"https:\/\/tmasimuladores.com.ar\/en\/product\/moza-r12-wheel-base\/","title":{"rendered":"Moza R12 wheel base"},"content":{"rendered":"<p><a href=\"https:\/\/tmasimuladores.com.ar\/wp-content\/uploads\/2024\/07\/Moza-R12-V2-Direct-Drive-Wheel-Base.jpg\"><img fetchpriority=\"high\" decoding=\"async\" class=\"alignnone wp-image-8349\" src=\"https:\/\/tmasimuladores.com.ar\/wp-content\/uploads\/2024\/07\/Moza-R12-V2-Direct-Drive-Wheel-Base-300x213.jpg\" alt=\"\" width=\"1581\" height=\"1122\" srcset=\"https:\/\/tmasimuladores.com.ar\/wp-content\/uploads\/2024\/07\/Moza-R12-V2-Direct-Drive-Wheel-Base-300x213.jpg 300w, https:\/\/tmasimuladores.com.ar\/wp-content\/uploads\/2024\/07\/Moza-R12-V2-Direct-Drive-Wheel-Base-1024x727.jpg 1024w, https:\/\/tmasimuladores.com.ar\/wp-content\/uploads\/2024\/07\/Moza-R12-V2-Direct-Drive-Wheel-Base-768x545.jpg 768w, https:\/\/tmasimuladores.com.ar\/wp-content\/uploads\/2024\/07\/Moza-R12-V2-Direct-Drive-Wheel-Base-18x12.jpg 18w, https:\/\/tmasimuladores.com.ar\/wp-content\/uploads\/2024\/07\/Moza-R12-V2-Direct-Drive-Wheel-Base-600x426.jpg 600w, https:\/\/tmasimuladores.com.ar\/wp-content\/uploads\/2024\/07\/Moza-R12-V2-Direct-Drive-Wheel-Base.jpg 1195w\" sizes=\"(max-width: 1581px) 100vw, 1581px\" \/><\/a><\/p>\n<p>Motor Servo Direct Drive con Dise\u00f1o de Polo Inclinado<br \/>\nEl motor del R12 incorpora tecnolog\u00eda de vanguardia derivada de la base R21, utilizando un dise\u00f1o \u00fanico de polo inclinado. El rotor est\u00e1 segmentado en tres secciones con \u00e1ngulos calculados con precisi\u00f3n, resultando en un dise\u00f1o revolucionario que reduce significativamente el torque de engranaje, las ondulaciones de torque, la vibraci\u00f3n electromagn\u00e9tica y los niveles de ruido en comparaci\u00f3n con los motores convencionales. Este dise\u00f1o innovador permite que el motor R12 funcione de manera fluida y silenciosa, ofreciendo una suavidad y un nivel de ruido y vibraci\u00f3n m\u00ednimos durante la operaci\u00f3n.<\/p>\n<p>Filosof\u00eda de Dise\u00f1o M\u00ednimo<br \/>\nLa base R12 DD est\u00e1 dise\u00f1ada con una alta tasa de llenado de ranuras, utilizando n\u00facleos magn\u00e9ticos de alta permeabilidad y imanes de neodimio hierro boro de alta resistencia para lograr caracter\u00edsticas de alta energ\u00eda y baja densidad de corriente. Con su cuerpo compacto y bajo consumo de energ\u00eda, ofrece un par de torsi\u00f3n m\u00e1ximo, mejorando significativamente la conveniencia y el rendimiento del control de temperatura.<\/p>\n<p>Rendimiento de Ondulaci\u00f3n de Torque Ultra Bajo<br \/>\nEl motor en la base R12 DD utiliza un dise\u00f1o de alta ranura de 18 ranuras y 16 polos, que cuenta con el mayor n\u00famero de polos en su clase. Este dise\u00f1o resulta en una ondulaci\u00f3n de torque ultra baja y un rendimiento excepcional de absorci\u00f3n de golpes, proporcionando una experiencia de direcci\u00f3n suave y continua.<\/p>\n<p>Amplio Rango de Velocidad de Alto Torque<br \/>\nLa base R12 DD utiliza un dise\u00f1o de baja fuerza electromotriz inversa, lo que permite un amplio rango de velocidad incluso durante operaciones de alto torque. Esta caracter\u00edstica permite una salida de alto torque a altas velocidades y elimina las ca\u00eddas de torque al corregir r\u00e1pidamente la direcci\u00f3n, asegurando una experiencia de direcci\u00f3n suave y consistente.<\/p>\n<p>Latencia y Respuesta de Direcci\u00f3n<br \/>\nDisfruta de una latencia de retroalimentaci\u00f3n de fuerza ultra baja y una respuesta de direcci\u00f3n con nuestro chip procesador de 280 MHz y algoritmos optimizados. Esta tecnolog\u00eda avanzada facilita a los conductores controlar sus veh\u00edculos con precisi\u00f3n y facilidad, ofreciendo una experiencia de conducci\u00f3n inmersiva y receptiva.<\/p>\n<p>Algoritmo de Filtrado de Retroalimentaci\u00f3n de Fuerza de Nueva Generaci\u00f3n<br \/>\nLa base R12 DD est\u00e1 impulsada por el \u00faltimo algoritmo de filtrado de retroalimentaci\u00f3n de fuerza de MOZA, proporcionando una retroalimentaci\u00f3n din\u00e1mica mejorada que representa el sobreviraje y el subviraje con mayor claridad y riqueza.<\/p>\n<p>Aluminio de Grado Aeron\u00e1utico<br \/>\nExperimenta una calidad y durabilidad inigualables con la MOZA R12. Toda su carcasa est\u00e1 construida de aleaci\u00f3n de aluminio de grado aeron\u00e1utico, utilizando pintura de grado automotriz y grabado l\u00e1ser, proporcionando un acabado duradero y extremadamente resistente.<\/p>\n<p>Sistema de Control de Temperatura Inteligente<br \/>\nNuestro sistema avanzado monitorea continuamente la temperatura del motor y los componentes electr\u00f3nicos en tiempo real, empleando estrategias de control de temperatura inteligente para ofrecer un rendimiento estable y confiable en todas las circunstancias.<\/p>\n<p>Anillo Deslizante Conductivo Industrial<br \/>\nLa base y el volante est\u00e1n conectados a trav\u00e9s de un anillo deslizante conductivo de grado automotriz con una vida \u00fatil de m\u00e1s de 5 millones de revoluciones. El dise\u00f1o patentado \u00fanico ofrece una alta estabilidad y durabilidad, permitiendo una rotaci\u00f3n infinita a alta velocidad.<\/p>\n<p>Dise\u00f1o Compacto<br \/>\nEl dise\u00f1o del motor integrado resulta en un tama\u00f1o compacto que a\u00fan retiene un patr\u00f3n de montaje inferior est\u00e1ndar de 4 agujeros. Puede ser instalado f\u00e1cilmente en la mayor\u00eda de los rigs dedicados y soportes de piso. En espacios m\u00e1s peque\u00f1os, la base puede ser ensamblada con una abrazadera de escritorio, ahorrando espacio y proporcionando una experiencia de conducci\u00f3n conveniente y placentera en cualquier momento y lugar.<\/p>\n<p>Control de Aplicaci\u00f3n M\u00f3vil Basado en la Nube<br \/>\nDisfruta de cambios en tiempo real usando la aplicaci\u00f3n MOZA. La retroalimentaci\u00f3n de fuerza, los ajustes de los pedales y m\u00e1s se pueden cambiar en tiempo real. La importaci\u00f3n con un solo clic permite una configuraci\u00f3n f\u00e1cil y sin complicaciones en nuevos dispositivos.<\/p>\n<p>Protecci\u00f3n de Manos Fuera<br \/>\nEsta funci\u00f3n puede evitar eficazmente el riesgo de lesiones y ayudar r\u00e1pidamente a restaurar el control al detectar que las manos est\u00e1n fuera del volante. Una vez activada, detendr\u00e1 r\u00e1pidamente cualquier oscilaci\u00f3n y centrar\u00e1 el volante de manera segura.<\/p>\n<p>Specifications:<br \/>\nTipo de Conducci\u00f3n: Direct Drive<br \/>\nMaximum Steering Wheel Rotation: Unlimited<br \/>\nMaterial de la Carcasa: Aluminio<br \/>\nColor de la Carcasa: Negro<br \/>\nTorque M\u00e1ximo: 12 Nm<br \/>\nPotencia M\u00e1xima: 216W<br \/>\nVoltaje de Entrada: 110V~220V AC -&gt; 36V DC<br \/>\nFrecuencia de Actualizaci\u00f3n USB: 1000 Hz<br \/>\nFunciones de la App: Soportadas<br \/>\nSistema de Liberaci\u00f3n R\u00e1pida: Soportado<br \/>\nPuertos de Conexi\u00f3n: Alimentaci\u00f3n, USB, Pedal, Dash, Cambiador, Freno de mano, Parada de emergencia<br \/>\nAccesorios: Manual de usuario, adaptador de corriente, cable, kit de herramientas<br \/>\nM\u00e9todo de Fijaci\u00f3n: Montaje inferior de 4 agujeros<br \/>\nDesk Clamp: Optional<br \/>\nParada de Emergencia: Opcional<br \/>\nActualizaci\u00f3n de Firmware en L\u00ednea: Soportada<br \/>\nDimensiones (mm): 225.87 x 156.68 x 123.99<\/p>","protected":false},"excerpt":{"rendered":"<p>La base de volante R12 Direct Drive ofrece un sistema de 12 Nm de potencia DD, dise\u00f1ado espec\u00edficamente para simular autos de carrera. Este sistema proporciona un par de torsi\u00f3n estable y realista de 12 Nm, replicando con precisi\u00f3n la fuerza de direcci\u00f3n presente en autos de carretera y de carreras. Proporciona una retroalimentaci\u00f3n detallada e inmersiva del veh\u00edculo virtual y la superficie de la pista directamente a las manos del conductor.<\/p>","protected":false},"featured_media":8540,"template":"","meta":{"site-sidebar-layout":"default","site-content-layout":"","ast-site-content-layout":"default","site-content-style":"default","site-sidebar-style":"default","ast-global-header-display":"","ast-banner-title-visibility":"","ast-main-header-display":"","ast-hfb-above-header-display":"","ast-hfb-below-header-display":"","ast-hfb-mobile-header-display":"","site-post-title":"","ast-breadcrumbs-content":"","ast-featured-img":"","footer-sml-layout":"","theme-transparent-header-meta":"default","adv-header-id-meta":"","stick-header-meta":"","header-above-stick-meta":"","header-main-stick-meta":"","header-below-stick-meta":"","astra-migrate-meta-layouts":"set","ast-page-background-enabled":"default","ast-page-background-meta":{"desktop":{"background-color":"var(--ast-global-color-4)","background-image":"","background-repeat":"repeat","background-position":"center center","background-size":"auto","background-attachment":"scroll","background-type":"","background-media":"","overlay-type":"","overlay-color":"","overlay-opacity":"","overlay-gradient":""},"tablet":{"background-color":"","background-image":"","background-repeat":"repeat","background-position":"center center","background-size":"auto","background-attachment":"scroll","background-type":"","background-media":"","overlay-type":"","overlay-color":"","overlay-opacity":"","overlay-gradient":""},"mobile":{"background-color":"","background-image":"","background-repeat":"repeat","background-position":"center center","background-size":"auto","background-attachment":"scroll","background-type":"","background-media":"","overlay-type":"","overlay-color":"","overlay-opacity":"","overlay-gradient":""}},"ast-content-background-meta":{"desktop":{"background-color":"var(--ast-global-color-5)","background-image":"","background-repeat":"repeat","background-position":"center center","background-size":"auto","background-attachment":"scroll","background-type":"","background-media":"","overlay-type":"","overlay-color":"","overlay-opacity":"","overlay-gradient":""},"tablet":{"background-color":"var(--ast-global-color-5)","background-image":"","background-repeat":"repeat","background-position":"center center","background-size":"auto","background-attachment":"scroll","background-type":"","background-media":"","overlay-type":"","overlay-color":"","overlay-opacity":"","overlay-gradient":""},"mobile":{"background-color":"var(--ast-global-color-5)","background-image":"","background-repeat":"repeat","background-position":"center center","background-size":"auto","background-attachment":"scroll","background-type":"","background-media":"","overlay-type":"","overlay-color":"","overlay-opacity":"","overlay-gradient":""}}},"pwb-brand":[44],"product_brand":[],"product_cat":[47],"product_tag":[40],"class_list":{"0":"post-513","1":"product","2":"type-product","3":"status-publish","4":"has-post-thumbnail","6":"pwb-brand-moza","7":"product_cat-bases-direct-drive","8":"product_tag-simuladores-de-carreras","9":"desktop-align-left","10":"tablet-align-left","11":"mobile-align-left","13":"first","14":"instock","15":"taxable","16":"shipping-taxable","17":"purchasable","18":"product-type-simple"},"brands":[{"id":44,"name":"MOZA","slug":"moza"}],"_links":{"self":[{"href":"https:\/\/tmasimuladores.com.ar\/en\/wp-json\/wp\/v2\/product\/513","targetHints":{"allow":["GET"]}}],"collection":[{"href":"https:\/\/tmasimuladores.com.ar\/en\/wp-json\/wp\/v2\/product"}],"about":[{"href":"https:\/\/tmasimuladores.com.ar\/en\/wp-json\/wp\/v2\/types\/product"}],"wp:featuredmedia":[{"embeddable":true,"href":"https:\/\/tmasimuladores.com.ar\/en\/wp-json\/wp\/v2\/media\/8540"}],"wp:attachment":[{"href":"https:\/\/tmasimuladores.com.ar\/en\/wp-json\/wp\/v2\/media?parent=513"}],"wp:term":[{"taxonomy":"pwb-brand","embeddable":true,"href":"https:\/\/tmasimuladores.com.ar\/en\/wp-json\/wp\/v2\/pwb-brand?post=513"},{"taxonomy":"product_brand","embeddable":true,"href":"https:\/\/tmasimuladores.com.ar\/en\/wp-json\/wp\/v2\/product_brand?post=513"},{"taxonomy":"product_cat","embeddable":true,"href":"https:\/\/tmasimuladores.com.ar\/en\/wp-json\/wp\/v2\/product_cat?post=513"},{"taxonomy":"product_tag","embeddable":true,"href":"https:\/\/tmasimuladores.com.ar\/en\/wp-json\/wp\/v2\/product_tag?post=513"}],"curies":[{"name":"wp","href":"https:\/\/api.w.org\/{rel}","templated":true}]}}