{"id":498,"date":"2024-07-09T10:17:31","date_gmt":"2024-07-09T10:17:31","guid":{"rendered":"https:\/\/tmasimuladores.com.ar\/product\/cs-v2-steering-wheel\/"},"modified":"2026-01-20T14:45:08","modified_gmt":"2026-01-20T14:45:08","slug":"cs-v2-steering-wheel","status":"publish","type":"product","link":"https:\/\/tmasimuladores.com.ar\/en\/product\/cs-v2-steering-wheel\/","title":{"rendered":"CS V2P Steering Wheel"},"content":{"rendered":"<p data-start=\"359\" data-end=\"634\"><a href=\"https:\/\/tmasimuladores.com.ar\/wp-content\/uploads\/2024\/07\/Moza-CS-V2P-Wheel.jpg\"><img fetchpriority=\"high\" decoding=\"async\" class=\"alignnone wp-image-8334\" src=\"https:\/\/tmasimuladores.com.ar\/wp-content\/uploads\/2024\/07\/Moza-CS-V2P-Wheel-300x213.jpg\" alt=\"\" width=\"1810\" height=\"1285\" srcset=\"https:\/\/tmasimuladores.com.ar\/wp-content\/uploads\/2024\/07\/Moza-CS-V2P-Wheel-300x213.jpg 300w, https:\/\/tmasimuladores.com.ar\/wp-content\/uploads\/2024\/07\/Moza-CS-V2P-Wheel-1024x727.jpg 1024w, https:\/\/tmasimuladores.com.ar\/wp-content\/uploads\/2024\/07\/Moza-CS-V2P-Wheel-768x545.jpg 768w, https:\/\/tmasimuladores.com.ar\/wp-content\/uploads\/2024\/07\/Moza-CS-V2P-Wheel-18x12.jpg 18w, https:\/\/tmasimuladores.com.ar\/wp-content\/uploads\/2024\/07\/Moza-CS-V2P-Wheel-600x426.jpg 600w, https:\/\/tmasimuladores.com.ar\/wp-content\/uploads\/2024\/07\/Moza-CS-V2P-Wheel.jpg 1195w\" sizes=\"(max-width: 1810px) 100vw, 1810px\" \/><\/a><\/p>\n<p data-start=\"359\" data-end=\"634\">Construido con un chasis de aleaci\u00f3n de aluminio grado aeron\u00e1utico, este volante combina <strong data-start=\"448\" data-end=\"501\">resistencia, est\u00e9tica premium y precisi\u00f3n extrema<\/strong>. Su sistema <strong data-start=\"514\" data-end=\"545\">Quick Release personalizado<\/strong> permite una instalaci\u00f3n y extracci\u00f3n r\u00e1pida, ideal para pilotos que buscan versatilidad.<\/p>\n<p data-start=\"636\" data-end=\"913\">Sus <strong data-start=\"640\" data-end=\"698\">levas de cambio magn\u00e9ticas en fibra de carbono forjada<\/strong> ofrecen cambios de marcha <strong data-start=\"725\" data-end=\"760\">r\u00e1pidos, silenciosos y precisos<\/strong>, mientras que las luces LED RGB secuenciales te brindan informaci\u00f3n visual en tiempo real sobre las RPM, totalmente ajustables desde <strong data-start=\"894\" data-end=\"912\">MOZA Pit House<\/strong>.<\/p>\n<p data-start=\"915\" data-end=\"1068\">Adem\u00e1s, cuenta con <strong data-start=\"934\" data-end=\"968\">botones mec\u00e1nicos programables<\/strong>, <strong data-start=\"970\" data-end=\"990\">joysticks duales<\/strong> y <strong data-start=\"993\" data-end=\"1016\">encoders giratorios<\/strong>, permiti\u00e9ndote personalizar completamente tu setup.<\/p>\n<h3 data-start=\"1075\" data-end=\"1111\"><\/h3>\n<h3 data-start=\"1075\" data-end=\"1111\">\ud83e\udde9 <span style=\"color: #ffffff;\"><strong data-start=\"1082\" data-end=\"1111\">Technical Characteristics:<\/strong><\/span><\/h3>\n<ul data-start=\"1113\" data-end=\"1803\">\n<li data-start=\"1113\" data-end=\"1156\">\n<p data-start=\"1115\" data-end=\"1156\">\ud83e\uddf5 <strong data-start=\"1118\" data-end=\"1133\">Empu\u00f1aduras<\/strong>: Cuero de microfibra<\/p>\n<\/li>\n<li data-start=\"1157\" data-end=\"1203\">\n<p data-start=\"1159\" data-end=\"1203\">\ud83e\uddf1 <strong data-start=\"1162\" data-end=\"1179\">Placa frontal<\/strong>: Aleaci\u00f3n de aluminio<\/p>\n<\/li>\n<li data-start=\"1204\" data-end=\"1250\">\n<p data-start=\"1206\" data-end=\"1250\">\ud83d\udd29 <strong data-start=\"1209\" data-end=\"1226\">Placa trasera<\/strong>: Aleaci\u00f3n de aluminio<\/p>\n<\/li>\n<li data-start=\"1251\" data-end=\"1303\">\n<p data-start=\"1253\" data-end=\"1303\">\u2699\ufe0f <strong data-start=\"1256\" data-end=\"1275\">Levas de cambio<\/strong>: Fibra de carbono forjada<\/p>\n<\/li>\n<li data-start=\"1304\" data-end=\"1334\">\n<p data-start=\"1306\" data-end=\"1334\">\ud83d\udccf <strong data-start=\"1309\" data-end=\"1319\">Tama\u00f1o<\/strong>: 13 pulgadas<\/p>\n<\/li>\n<li data-start=\"1335\" data-end=\"1377\">\n<p data-start=\"1337\" data-end=\"1377\">\ud83e\uddf2 <strong data-start=\"1340\" data-end=\"1363\">Shifters magn\u00e9ticos<\/strong>: 2 unidades<\/p>\n<\/li>\n<li data-start=\"1378\" data-end=\"1422\">\n<p data-start=\"1380\" data-end=\"1422\">\ud83c\udfae <strong data-start=\"1383\" data-end=\"1404\">Botones mec\u00e1nicos<\/strong>: 6 programables<\/p>\n<\/li>\n<li data-start=\"1423\" data-end=\"1447\">\n<p data-start=\"1425\" data-end=\"1447\">\ud83d\udd79\ufe0f <strong data-start=\"1429\" data-end=\"1442\">Joysticks<\/strong>: 2<\/p>\n<\/li>\n<li data-start=\"1448\" data-end=\"1480\">\n<p data-start=\"1450\" data-end=\"1480\">\ud83d\udd04 <strong data-start=\"1453\" data-end=\"1475\">Encoders rotativos<\/strong>: 2<\/p>\n<\/li>\n<li data-start=\"1481\" data-end=\"1509\">\n<p data-start=\"1483\" data-end=\"1509\">\ud83c\udf08 <strong data-start=\"1486\" data-end=\"1503\">Luces LED RGB<\/strong>: 10<\/p>\n<\/li>\n<li data-start=\"1510\" data-end=\"1555\">\n<p data-start=\"1512\" data-end=\"1555\">\ud83c\udfa8 <strong data-start=\"1515\" data-end=\"1541\">Colores seleccionables<\/strong>: 7 opciones<\/p>\n<\/li>\n<li data-start=\"1556\" data-end=\"1593\">\n<p data-start=\"1558\" data-end=\"1593\">\ud83d\udce1 <strong data-start=\"1561\" data-end=\"1587\">Telemetr\u00eda inteligente<\/strong>: S\u00ed<\/p>\n<\/li>\n<li data-start=\"1594\" data-end=\"1659\">\n<p data-start=\"1596\" data-end=\"1659\">\ud83c\udf1f <strong data-start=\"1599\" data-end=\"1626\">Luces RPM configurables<\/strong>: Compatible con MOZA Pit House<\/p>\n<\/li>\n<li data-start=\"1660\" data-end=\"1712\">\n<p data-start=\"1662\" data-end=\"1712\">\ud83e\uddf7 <strong data-start=\"1665\" data-end=\"1690\">Sistema de liberaci\u00f3n<\/strong>: MOZA Quick Release<\/p>\n<\/li>\n<li data-start=\"1713\" data-end=\"1749\">\n<p data-start=\"1715\" data-end=\"1749\">\ud83d\udd0c <strong data-start=\"1718\" data-end=\"1734\">Conectividad<\/strong>: Inal\u00e1mbrica<\/p>\n<\/li>\n<li data-start=\"1750\" data-end=\"1803\">\n<p data-start=\"1752\" data-end=\"1803\">\ud83d\udef0\ufe0f <strong data-start=\"1756\" data-end=\"1775\">Sensor de levas<\/strong>: Fotoel\u00e9ctrico sin contacto<\/p>\n<\/li>\n<\/ul>","protected":false},"excerpt":{"rendered":"<h3 data-start=\"159\" data-end=\"215\"><strong data-start=\"166\" data-end=\"215\">Volante de Carreras Profesional<\/strong><\/h3>\n<p data-start=\"217\" data-end=\"357\">Llev\u00e1 tu experiencia de sim racing al siguiente nivel con el <strong data-start=\"278\" data-end=\"288\">CS V2P<\/strong>, dise\u00f1ado para ofrecer <strong data-start=\"312\" data-end=\"356\">m\u00e1ximo rendimiento, durabilidad y estilo<\/strong>.<\/p>","protected":false},"featured_media":6571,"template":"","meta":{"site-sidebar-layout":"default","site-content-layout":"","ast-site-content-layout":"default","site-content-style":"default","site-sidebar-style":"default","ast-global-header-display":"","ast-banner-title-visibility":"","ast-main-header-display":"","ast-hfb-above-header-display":"","ast-hfb-below-header-display":"","ast-hfb-mobile-header-display":"","site-post-title":"","ast-breadcrumbs-content":"","ast-featured-img":"","footer-sml-layout":"","theme-transparent-header-meta":"default","adv-header-id-meta":"","stick-header-meta":"","header-above-stick-meta":"","header-main-stick-meta":"","header-below-stick-meta":"","astra-migrate-meta-layouts":"set","ast-page-background-enabled":"default","ast-page-background-meta":{"desktop":{"background-color":"var(--ast-global-color-4)","background-image":"","background-repeat":"repeat","background-position":"center center","background-size":"auto","background-attachment":"scroll","background-type":"","background-media":"","overlay-type":"","overlay-color":"","overlay-opacity":"","overlay-gradient":""},"tablet":{"background-color":"","background-image":"","background-repeat":"repeat","background-position":"center center","background-size":"auto","background-attachment":"scroll","background-type":"","background-media":"","overlay-type":"","overlay-color":"","overlay-opacity":"","overlay-gradient":""},"mobile":{"background-color":"","background-image":"","background-repeat":"repeat","background-position":"center center","background-size":"auto","background-attachment":"scroll","background-type":"","background-media":"","overlay-type":"","overlay-color":"","overlay-opacity":"","overlay-gradient":""}},"ast-content-background-meta":{"desktop":{"background-color":"var(--ast-global-color-5)","background-image":"","background-repeat":"repeat","background-position":"center center","background-size":"auto","background-attachment":"scroll","background-type":"","background-media":"","overlay-type":"","overlay-color":"","overlay-opacity":"","overlay-gradient":""},"tablet":{"background-color":"var(--ast-global-color-5)","background-image":"","background-repeat":"repeat","background-position":"center center","background-size":"auto","background-attachment":"scroll","background-type":"","background-media":"","overlay-type":"","overlay-color":"","overlay-opacity":"","overlay-gradient":""},"mobile":{"background-color":"var(--ast-global-color-5)","background-image":"","background-repeat":"repeat","background-position":"center center","background-size":"auto","background-attachment":"scroll","background-type":"","background-media":"","overlay-type":"","overlay-color":"","overlay-opacity":"","overlay-gradient":""}}},"pwb-brand":[44],"product_brand":[],"product_cat":[35],"product_tag":[],"class_list":{"0":"post-498","1":"product","2":"type-product","3":"status-publish","4":"has-post-thumbnail","6":"pwb-brand-moza","7":"product_cat-volante","8":"desktop-align-left","9":"tablet-align-left","10":"mobile-align-left","12":"first","13":"instock","14":"sale","15":"taxable","16":"shipping-taxable","17":"purchasable","18":"product-type-simple"},"brands":[{"id":44,"name":"MOZA","slug":"moza"}],"_links":{"self":[{"href":"https:\/\/tmasimuladores.com.ar\/en\/wp-json\/wp\/v2\/product\/498","targetHints":{"allow":["GET"]}}],"collection":[{"href":"https:\/\/tmasimuladores.com.ar\/en\/wp-json\/wp\/v2\/product"}],"about":[{"href":"https:\/\/tmasimuladores.com.ar\/en\/wp-json\/wp\/v2\/types\/product"}],"wp:featuredmedia":[{"embeddable":true,"href":"https:\/\/tmasimuladores.com.ar\/en\/wp-json\/wp\/v2\/media\/6571"}],"wp:attachment":[{"href":"https:\/\/tmasimuladores.com.ar\/en\/wp-json\/wp\/v2\/media?parent=498"}],"wp:term":[{"taxonomy":"pwb-brand","embeddable":true,"href":"https:\/\/tmasimuladores.com.ar\/en\/wp-json\/wp\/v2\/pwb-brand?post=498"},{"taxonomy":"product_brand","embeddable":true,"href":"https:\/\/tmasimuladores.com.ar\/en\/wp-json\/wp\/v2\/product_brand?post=498"},{"taxonomy":"product_cat","embeddable":true,"href":"https:\/\/tmasimuladores.com.ar\/en\/wp-json\/wp\/v2\/product_cat?post=498"},{"taxonomy":"product_tag","embeddable":true,"href":"https:\/\/tmasimuladores.com.ar\/en\/wp-json\/wp\/v2\/product_tag?post=498"}],"curies":[{"name":"wp","href":"https:\/\/api.w.org\/{rel}","templated":true}]}}