{"id":493,"date":"2024-07-09T10:17:31","date_gmt":"2024-07-09T10:17:31","guid":{"rendered":"https:\/\/tmasimuladores.com.ar\/product\/crp-three-pedals-with-base\/"},"modified":"2026-04-14T23:07:11","modified_gmt":"2026-04-14T23:07:11","slug":"crp-three-pedals-with-base","status":"publish","type":"product","link":"https:\/\/tmasimuladores.com.ar\/en\/product\/crp-three-pedals-with-base\/","title":{"rendered":"MOZA CRP2 Load Cell Pedals"},"content":{"rendered":"<p><a href=\"https:\/\/tmasimuladores.com.ar\/wp-content\/uploads\/2024\/07\/Moza-CRP2-Pedals.jpg\"><img fetchpriority=\"high\" decoding=\"async\" class=\"alignnone wp-image-8333\" src=\"https:\/\/tmasimuladores.com.ar\/wp-content\/uploads\/2024\/07\/Moza-CRP2-Pedals-300x213.jpg\" alt=\"\" width=\"2105\" height=\"1494\" srcset=\"https:\/\/tmasimuladores.com.ar\/wp-content\/uploads\/2024\/07\/Moza-CRP2-Pedals-300x213.jpg 300w, https:\/\/tmasimuladores.com.ar\/wp-content\/uploads\/2024\/07\/Moza-CRP2-Pedals-1024x727.jpg 1024w, https:\/\/tmasimuladores.com.ar\/wp-content\/uploads\/2024\/07\/Moza-CRP2-Pedals-768x545.jpg 768w, https:\/\/tmasimuladores.com.ar\/wp-content\/uploads\/2024\/07\/Moza-CRP2-Pedals-18x12.jpg 18w, https:\/\/tmasimuladores.com.ar\/wp-content\/uploads\/2024\/07\/Moza-CRP2-Pedals-600x426.jpg 600w, https:\/\/tmasimuladores.com.ar\/wp-content\/uploads\/2024\/07\/Moza-CRP2-Pedals.jpg 1195w\" sizes=\"(max-width: 2105px) 100vw, 2105px\" \/><\/a><\/p>\n<p>Dise\u00f1o Minimalista<br \/>\nEl dise\u00f1o de los pedales combina curvas suaves con un sofisticado esquema de colores negro y dorado, transmitiendo energ\u00eda competitiva. Los elementos hexagonales en las caras de los pedales simbolizan estabilidad, equilibrio y versatilidad. Los cables, resortes y tornillos est\u00e1n inteligentemente ocultos, logrando un acabado limpio y est\u00e9tico.<\/p>\n<p>Construcci\u00f3n en Aluminio Aeroespacial<br \/>\nComponentes clave est\u00e1n hechos de una aleaci\u00f3n de aluminio aeroespacial, mecanizados con precisi\u00f3n CNC y anodizados para un acabado duradero. Algunas piezas emplean fundici\u00f3n de alta precisi\u00f3n y recubrimientos de calidad automotriz para mayor resistencia. La base est\u00e1 fabricada en acero de alta resistencia para soportar fuerzas extremas durante las carreras.<\/p>\n<p>Placa de Tal\u00f3n de Fibra de Carbono<br \/>\nLa placa de tal\u00f3n, dise\u00f1ada con fibra de carbono 3K de patr\u00f3n twill, no solo a\u00f1ade un toque deportivo, sino que tambi\u00e9n ofrece una superficie con fricci\u00f3n moderada para un control preciso del tal\u00f3n en sesiones intensas.<\/p>\n<p>Sensor de Carga de 200 KG<br \/>\nEl freno incluye un exclusivo sensor de presi\u00f3n de 200 kg, cubriendo casi todo el rango de fuerza de frenado de autos de carreras reales. Esto crea una conexi\u00f3n directa entre la memoria muscular y la aplicaci\u00f3n de fuerza.<\/p>\n<p>Sensor de \u00c1ngulo de Alta Precisi\u00f3n de 15 bits<br \/>\nCon un algoritmo patentado de fusi\u00f3n de sensores, combina un sensor de \u00e1ngulo de 15 bits con el sensor de carga para ofrecer un nivel de precisi\u00f3n excepcional en las entradas de freno.<\/p>\n<p>125 Tipos de Sensaci\u00f3n en el Freno<br \/>\nEl freno est\u00e1ndar incorpora bloques de amortiguaci\u00f3n con opciones de dureza entre 55 y 98, permitiendo hasta 125 combinaciones de sensaci\u00f3n de frenado, ideales para diferentes estilos, desde autos de carretera hasta F3.<\/p>\n<p>Configuraci\u00f3n Vers\u00e1til de Bloques de Amortiguaci\u00f3n<br \/>\nRecrea las caracter\u00edsticas de pedales de diversos autos de carrera mediante combinaciones de 8 bloques de amortiguaci\u00f3n. Puedes optar por configuraciones recomendadas o personalizarlas seg\u00fan tus preferencias.<\/p>\n<p>Ajuste del Acelerador y Embrague<br \/>\nAcelerador: Incluye dos resortes con niveles de resistencia ajustables, ofreciendo una sensaci\u00f3n fluida y adaptable.<br \/>\nEmbrague: Imita la sensaci\u00f3n de un auto de alto rendimiento en tres etapas, con resistencia ajustable y opciones de configuraci\u00f3n.<br \/>\nSilencioso y Suave<br \/>\nGracias a su estructura cerrada y ejes de acero pulidos, el acelerador y el freno funcionan de manera silenciosa y fluida. Adem\u00e1s, los topes amortiguados minimizan el ruido en los puntos de l\u00edmite.<\/p>\n<p>Ajustes Sin Herramientas<br \/>\nEl sistema patentado elimina la necesidad de herramientas para cambiar bloques de amortiguaci\u00f3n y resortes o ajustar niveles de fuerza, facilitando cambios frecuentes.<\/p>\n<p>Ajuste Extensivo<br \/>\n\u00c1ngulo de pedal: 0\u201315\u00b0<br \/>\nAltura del pedal: hasta 30 mm<br \/>\nDistancia entre pedales y posici\u00f3n del reposapi\u00e9s ajustables.<br \/>\nCompatibilidad Mejorada<br \/>\nLos pedales CRP2 se conectan directamente a PC o Xbox (con el volante compatible ESX).<\/p>\n<p>Soporte Profesional de Software<br \/>\nDesde la aplicaci\u00f3n Pit House, puedes ajustar la curva de se\u00f1al, monitorizar el estado del pedal en tiempo real y optimizar su rendimiento.<\/p>\n<p>Construcci\u00f3n Duradera<br \/>\nCada pedal ha superado m\u00e1s de un mill\u00f3n de ciclos de presi\u00f3n, garantizando fiabilidad y consistencia en el control.<\/p>\n<p>Kit de Rendimiento Opcional<br \/>\nEl kit incluye 10 resortes adicionales, bloques de amortiguaci\u00f3n y un bloque met\u00e1lico, ampliando las configuraciones posibles a 1,764.<\/p>\n<p>Pedales MOZA CRP2 Load Cell<br \/>\nMateriales de alta calidad como aleaci\u00f3n de aluminio, fibra de carbono y acero reforzado.<br \/>\n\u00a1Optimiza tu experiencia de simulaci\u00f3n con los pedales CRP2 y lleva tus carreras al siguiente nivel!<\/p>","protected":false},"excerpt":{"rendered":"<p>Presentamos los Pedales MOZA CRP2 Load Cell<\/p>\n<p>Fabricados con aluminio aeroespacial de grado CNC y una placa de tal\u00f3n de fibra de carbono, los pedales MOZA CRP2 ofrecen precisi\u00f3n y durabilidad incomparables. Con un sensor de carga de 200 kg y un sensor de \u00e1ngulo de alta precisi\u00f3n de 15 bits, garantizan una respuesta de frenado precisa y personalizable con hasta 1,764 configuraciones posibles, adapt\u00e1ndose desde autos de carretera hasta rendimiento de nivel F1. El sistema de ajuste sin herramientas permite una configuraci\u00f3n r\u00e1pida y sencilla, mientras que su dise\u00f1o minimalista y elegante se integra perfectamente en cualquier configuraci\u00f3n de simulaci\u00f3n. Compatibles con sistemas PC y Xbox, y con soporte para montaje invertido, estos pedales est\u00e1n dise\u00f1ados para los simuladores m\u00e1s exigentes que buscan un rendimiento de nivel profesional.<\/p>","protected":false},"featured_media":8486,"template":"","meta":{"site-sidebar-layout":"default","site-content-layout":"","ast-site-content-layout":"default","site-content-style":"default","site-sidebar-style":"default","ast-global-header-display":"","ast-banner-title-visibility":"","ast-main-header-display":"","ast-hfb-above-header-display":"","ast-hfb-below-header-display":"","ast-hfb-mobile-header-display":"","site-post-title":"","ast-breadcrumbs-content":"","ast-featured-img":"","footer-sml-layout":"","theme-transparent-header-meta":"default","adv-header-id-meta":"","stick-header-meta":"","header-above-stick-meta":"","header-main-stick-meta":"","header-below-stick-meta":"","astra-migrate-meta-layouts":"set","ast-page-background-enabled":"default","ast-page-background-meta":{"desktop":{"background-color":"var(--ast-global-color-4)","background-image":"","background-repeat":"repeat","background-position":"center center","background-size":"auto","background-attachment":"scroll","background-type":"","background-media":"","overlay-type":"","overlay-color":"","overlay-opacity":"","overlay-gradient":""},"tablet":{"background-color":"","background-image":"","background-repeat":"repeat","background-position":"center center","background-size":"auto","background-attachment":"scroll","background-type":"","background-media":"","overlay-type":"","overlay-color":"","overlay-opacity":"","overlay-gradient":""},"mobile":{"background-color":"","background-image":"","background-repeat":"repeat","background-position":"center center","background-size":"auto","background-attachment":"scroll","background-type":"","background-media":"","overlay-type":"","overlay-color":"","overlay-opacity":"","overlay-gradient":""}},"ast-content-background-meta":{"desktop":{"background-color":"var(--ast-global-color-5)","background-image":"","background-repeat":"repeat","background-position":"center center","background-size":"auto","background-attachment":"scroll","background-type":"","background-media":"","overlay-type":"","overlay-color":"","overlay-opacity":"","overlay-gradient":""},"tablet":{"background-color":"var(--ast-global-color-5)","background-image":"","background-repeat":"repeat","background-position":"center center","background-size":"auto","background-attachment":"scroll","background-type":"","background-media":"","overlay-type":"","overlay-color":"","overlay-opacity":"","overlay-gradient":""},"mobile":{"background-color":"var(--ast-global-color-5)","background-image":"","background-repeat":"repeat","background-position":"center center","background-size":"auto","background-attachment":"scroll","background-type":"","background-media":"","overlay-type":"","overlay-color":"","overlay-opacity":"","overlay-gradient":""}}},"pwb-brand":[44],"product_brand":[],"product_cat":[34],"product_tag":[40],"class_list":{"0":"post-493","1":"product","2":"type-product","3":"status-publish","4":"has-post-thumbnail","6":"pwb-brand-moza","7":"product_cat-pedal","8":"product_tag-simuladores-de-carreras","9":"desktop-align-left","10":"tablet-align-left","11":"mobile-align-left","13":"first","14":"outofstock","15":"taxable","16":"shipping-taxable","17":"purchasable","18":"product-type-simple"},"brands":[{"id":44,"name":"MOZA","slug":"moza"}],"_links":{"self":[{"href":"https:\/\/tmasimuladores.com.ar\/en\/wp-json\/wp\/v2\/product\/493","targetHints":{"allow":["GET"]}}],"collection":[{"href":"https:\/\/tmasimuladores.com.ar\/en\/wp-json\/wp\/v2\/product"}],"about":[{"href":"https:\/\/tmasimuladores.com.ar\/en\/wp-json\/wp\/v2\/types\/product"}],"wp:featuredmedia":[{"embeddable":true,"href":"https:\/\/tmasimuladores.com.ar\/en\/wp-json\/wp\/v2\/media\/8486"}],"wp:attachment":[{"href":"https:\/\/tmasimuladores.com.ar\/en\/wp-json\/wp\/v2\/media?parent=493"}],"wp:term":[{"taxonomy":"pwb-brand","embeddable":true,"href":"https:\/\/tmasimuladores.com.ar\/en\/wp-json\/wp\/v2\/pwb-brand?post=493"},{"taxonomy":"product_brand","embeddable":true,"href":"https:\/\/tmasimuladores.com.ar\/en\/wp-json\/wp\/v2\/product_brand?post=493"},{"taxonomy":"product_cat","embeddable":true,"href":"https:\/\/tmasimuladores.com.ar\/en\/wp-json\/wp\/v2\/product_cat?post=493"},{"taxonomy":"product_tag","embeddable":true,"href":"https:\/\/tmasimuladores.com.ar\/en\/wp-json\/wp\/v2\/product_tag?post=493"}],"curies":[{"name":"wp","href":"https:\/\/api.w.org\/{rel}","templated":true}]}}