{"id":461,"date":"2024-07-09T09:36:33","date_gmt":"2024-07-09T09:36:33","guid":{"rendered":"https:\/\/tmasimuladores.com.ar\/?post_type=product&#038;p=461"},"modified":"2026-01-08T16:59:33","modified_gmt":"2026-01-08T16:59:33","slug":"tma-pedestal-bimotor-tipo-king-air-350","status":"publish","type":"product","link":"https:\/\/tmasimuladores.com.ar\/en\/product\/tma-pedestal-bimotor-tipo-king-air-350\/","title":{"rendered":"Pedestal Bimotor tipo King Air 350 \u2013 Nueva Versi\u00f3n Actualizada"},"content":{"rendered":"<h3 data-start=\"502\" data-end=\"542\"><span style=\"color: #ffffff;\"><strong data-start=\"506\" data-end=\"542\">Funciones y Controles Integrados<\/strong><\/span><\/h3>\n<p data-start=\"544\" data-end=\"570\"><strong data-start=\"544\" data-end=\"568\">Sistemas principales<\/strong><\/p>\n<ul data-start=\"571\" data-end=\"641\">\n<li data-start=\"571\" data-end=\"582\">\n<p data-start=\"573\" data-end=\"582\">Bater\u00eda<\/p>\n<\/li>\n<li data-start=\"583\" data-end=\"597\">\n<p data-start=\"585\" data-end=\"597\">Alternador<\/p>\n<\/li>\n<li data-start=\"598\" data-end=\"617\">\n<p data-start=\"600\" data-end=\"617\">Avionics Master<\/p>\n<\/li>\n<li data-start=\"618\" data-end=\"641\">\n<p data-start=\"620\" data-end=\"641\">Ignici\u00f3n de motores<\/p>\n<\/li>\n<\/ul>\n<p data-start=\"643\" data-end=\"669\"><strong data-start=\"643\" data-end=\"667\">Controles esenciales<\/strong><\/p>\n<ul data-start=\"670\" data-end=\"704\">\n<li data-start=\"670\" data-end=\"686\">\n<p data-start=\"672\" data-end=\"686\">Landing Gear<\/p>\n<\/li>\n<li data-start=\"687\" data-end=\"704\">\n<p data-start=\"689\" data-end=\"704\">Parking Brake<\/p>\n<\/li>\n<\/ul>\n<p data-start=\"706\" data-end=\"732\"><strong data-start=\"706\" data-end=\"730\">Compensadores (Trim)<\/strong><\/p>\n<ul data-start=\"733\" data-end=\"776\">\n<li data-start=\"733\" data-end=\"750\">\n<p data-start=\"735\" data-end=\"750\">Tim\u00f3n de cola<\/p>\n<\/li>\n<li data-start=\"751\" data-end=\"763\">\n<p data-start=\"753\" data-end=\"763\">Alerones<\/p>\n<\/li>\n<li data-start=\"764\" data-end=\"776\">\n<p data-start=\"766\" data-end=\"776\">Elevador<\/p>\n<\/li>\n<\/ul>\n<p data-start=\"778\" data-end=\"803\"><strong data-start=\"778\" data-end=\"801\">Palancas operativas<\/strong><\/p>\n<ul data-start=\"804\" data-end=\"851\">\n<li data-start=\"804\" data-end=\"818\">\n<p data-start=\"806\" data-end=\"818\">Acelerador<\/p>\n<\/li>\n<li data-start=\"819\" data-end=\"830\">\n<p data-start=\"821\" data-end=\"830\">Propela<\/p>\n<\/li>\n<li data-start=\"831\" data-end=\"841\">\n<p data-start=\"833\" data-end=\"841\">Mezcla<\/p>\n<\/li>\n<li data-start=\"842\" data-end=\"851\">\n<p data-start=\"844\" data-end=\"851\">Flaps<\/p>\n<\/li>\n<\/ul>\n<hr data-start=\"853\" data-end=\"856\" \/>\n<h3 data-start=\"858\" data-end=\"880\"><span style=\"color: #ffffff;\"><strong data-start=\"862\" data-end=\"880\">Technical data<\/strong><\/span><\/h3>\n<p data-start=\"882\" data-end=\"900\"><strong data-start=\"882\" data-end=\"898\">Construcci\u00f3n<\/strong><\/p>\n<ul data-start=\"901\" data-end=\"964\">\n<li data-start=\"901\" data-end=\"964\">\n<p data-start=\"903\" data-end=\"964\">Palancas en acero de 3 mm, ofreciendo robustez y durabilidad.<\/p>\n<\/li>\n<\/ul>\n<p data-start=\"966\" data-end=\"991\"><strong data-start=\"966\" data-end=\"989\">Controles incluidos<\/strong><\/p>\n<ul data-start=\"992\" data-end=\"1072\">\n<li data-start=\"992\" data-end=\"1052\">\n<p data-start=\"994\" data-end=\"1052\">Trims de aler\u00f3n (aileron) y tim\u00f3n de direcci\u00f3n (rudder).<\/p>\n<\/li>\n<li data-start=\"1053\" data-end=\"1072\">\n<p data-start=\"1055\" data-end=\"1072\">Control de flaps.<\/p>\n<\/li>\n<\/ul>\n<p data-start=\"1074\" data-end=\"1278\">El Pedestal Bimotor para aeronaves turboh\u00e9lice es una herramienta esencial para quienes buscan una simulaci\u00f3n de vuelo detallada y precisa, replicando de manera fiel los controles de una <strong data-start=\"1261\" data-end=\"1277\">King Air 350<\/strong>.<\/p>\n<hr data-start=\"1280\" data-end=\"1283\" \/>\n<p data-start=\"1350\" data-end=\"1522\">Este producto es <strong data-start=\"1367\" data-end=\"1415\">fabricado a pedido por nuestro equipo de TMA<\/strong>.<br data-start=\"1416\" data-end=\"1419\" \/>El tiempo estimado de entrega es de <strong data-start=\"1455\" data-end=\"1480\">hasta 20 d\u00edas h\u00e1biles<\/strong> a partir de la confirmaci\u00f3n de la compra.<\/p>","protected":false},"excerpt":{"rendered":"<p>El <strong data-start=\"189\" data-end=\"233\">Pedestal Bimotor similar al King Air 350<\/strong> est\u00e1 dise\u00f1ado espec\u00edficamente para aeronaves turboh\u00e9lice. Construido con materiales robustos y mecanismos de alta precisi\u00f3n, ofrece una experiencia de simulaci\u00f3n <strong data-start=\"396\" data-end=\"433\">realista, confiable y profesional<\/strong>, ideal para entrenamiento, academias y centros de simulaci\u00f3n.<\/p>\n<div style=\"width: 1920px;\" class=\"wp-video\"><!--[if lt IE 9]><script>document.createElement('video');<\/script><![endif]--><br \/>\n<video class=\"wp-video-shortcode\" id=\"video-461-1\" width=\"1920\" height=\"1080\" preload=\"metadata\" controls=\"controls\"><source type=\"video\/mp4\" src=\"https:\/\/tmasimuladores.com.ar\/wp-content\/uploads\/2024\/07\/TMA-PEDESTAL-KING-AIR-BE350-FULL.mp4?_=1\" \/><a href=\"https:\/\/tmasimuladores.com.ar\/wp-content\/uploads\/2024\/07\/TMA-PEDESTAL-KING-AIR-BE350-FULL.mp4\">https:\/\/tmasimuladores.com.ar\/wp-content\/uploads\/2024\/07\/TMA-PEDESTAL-KING-AIR-BE350-FULL.mp4<\/a><\/video><\/div>","protected":false},"featured_media":8967,"template":"","meta":{"site-sidebar-layout":"default","site-content-layout":"","ast-site-content-layout":"default","site-content-style":"default","site-sidebar-style":"default","ast-global-header-display":"","ast-banner-title-visibility":"","ast-main-header-display":"","ast-hfb-above-header-display":"","ast-hfb-below-header-display":"","ast-hfb-mobile-header-display":"","site-post-title":"","ast-breadcrumbs-content":"","ast-featured-img":"","footer-sml-layout":"","theme-transparent-header-meta":"default","adv-header-id-meta":"","stick-header-meta":"","header-above-stick-meta":"","header-main-stick-meta":"","header-below-stick-meta":"","astra-migrate-meta-layouts":"set","ast-page-background-enabled":"default","ast-page-background-meta":{"desktop":{"background-color":"var(--ast-global-color-4)","background-image":"","background-repeat":"repeat","background-position":"center center","background-size":"auto","background-attachment":"scroll","background-type":"","background-media":"","overlay-type":"","overlay-color":"","overlay-opacity":"","overlay-gradient":""},"tablet":{"background-color":"","background-image":"","background-repeat":"repeat","background-position":"center center","background-size":"auto","background-attachment":"scroll","background-type":"","background-media":"","overlay-type":"","overlay-color":"","overlay-opacity":"","overlay-gradient":""},"mobile":{"background-color":"","background-image":"","background-repeat":"repeat","background-position":"center center","background-size":"auto","background-attachment":"scroll","background-type":"","background-media":"","overlay-type":"","overlay-color":"","overlay-opacity":"","overlay-gradient":""}},"ast-content-background-meta":{"desktop":{"background-color":"var(--ast-global-color-5)","background-image":"","background-repeat":"repeat","background-position":"center center","background-size":"auto","background-attachment":"scroll","background-type":"","background-media":"","overlay-type":"","overlay-color":"","overlay-opacity":"","overlay-gradient":""},"tablet":{"background-color":"var(--ast-global-color-5)","background-image":"","background-repeat":"repeat","background-position":"center center","background-size":"auto","background-attachment":"scroll","background-type":"","background-media":"","overlay-type":"","overlay-color":"","overlay-opacity":"","overlay-gradient":""},"mobile":{"background-color":"var(--ast-global-color-5)","background-image":"","background-repeat":"repeat","background-position":"center center","background-size":"auto","background-attachment":"scroll","background-type":"","background-media":"","overlay-type":"","overlay-color":"","overlay-opacity":"","overlay-gradient":""}}},"pwb-brand":[46],"product_brand":[],"product_cat":[21],"product_tag":[61],"class_list":{"0":"post-461","1":"product","2":"type-product","3":"status-publish","4":"has-post-thumbnail","6":"pwb-brand-tma","7":"product_cat-perifericos-de-vuelo","8":"product_tag-periferico-de-vuelo","9":"desktop-align-left","10":"tablet-align-left","11":"mobile-align-left","13":"first","14":"instock","15":"taxable","16":"shipping-taxable","17":"purchasable","18":"product-type-simple"},"brands":[{"id":46,"name":"TMA","slug":"tma"}],"_links":{"self":[{"href":"https:\/\/tmasimuladores.com.ar\/en\/wp-json\/wp\/v2\/product\/461","targetHints":{"allow":["GET"]}}],"collection":[{"href":"https:\/\/tmasimuladores.com.ar\/en\/wp-json\/wp\/v2\/product"}],"about":[{"href":"https:\/\/tmasimuladores.com.ar\/en\/wp-json\/wp\/v2\/types\/product"}],"wp:featuredmedia":[{"embeddable":true,"href":"https:\/\/tmasimuladores.com.ar\/en\/wp-json\/wp\/v2\/media\/8967"}],"wp:attachment":[{"href":"https:\/\/tmasimuladores.com.ar\/en\/wp-json\/wp\/v2\/media?parent=461"}],"wp:term":[{"taxonomy":"pwb-brand","embeddable":true,"href":"https:\/\/tmasimuladores.com.ar\/en\/wp-json\/wp\/v2\/pwb-brand?post=461"},{"taxonomy":"product_brand","embeddable":true,"href":"https:\/\/tmasimuladores.com.ar\/en\/wp-json\/wp\/v2\/product_brand?post=461"},{"taxonomy":"product_cat","embeddable":true,"href":"https:\/\/tmasimuladores.com.ar\/en\/wp-json\/wp\/v2\/product_cat?post=461"},{"taxonomy":"product_tag","embeddable":true,"href":"https:\/\/tmasimuladores.com.ar\/en\/wp-json\/wp\/v2\/product_tag?post=461"}],"curies":[{"name":"wp","href":"https:\/\/api.w.org\/{rel}","templated":true}]}}