{"id":4011,"date":"2025-02-17T21:16:41","date_gmt":"2025-02-17T21:16:41","guid":{"rendered":"https:\/\/tmasimuladores.com.ar\/?post_type=product&#038;p=4011"},"modified":"2026-02-10T12:56:02","modified_gmt":"2026-02-10T12:56:02","slug":"cm2-hd-racing-dash","status":"publish","type":"product","link":"https:\/\/tmasimuladores.com.ar\/en\/product\/cm2-hd-racing-dash\/","title":{"rendered":"CM2 HD Racing Dash"},"content":{"rendered":"<h3 data-start=\"608\" data-end=\"650\"><strong data-start=\"612\" data-end=\"648\"><a href=\"https:\/\/tmasimuladores.com.ar\/wp-content\/uploads\/2025\/02\/Moza-CM2-HD-Racing-Dash.jpg\"><img fetchpriority=\"high\" decoding=\"async\" class=\"wp-image-8331 alignnone\" src=\"https:\/\/tmasimuladores.com.ar\/wp-content\/uploads\/2025\/02\/Moza-CM2-HD-Racing-Dash-300x213.jpg\" alt=\"\" width=\"1809\" height=\"1284\" srcset=\"https:\/\/tmasimuladores.com.ar\/wp-content\/uploads\/2025\/02\/Moza-CM2-HD-Racing-Dash-300x213.jpg 300w, https:\/\/tmasimuladores.com.ar\/wp-content\/uploads\/2025\/02\/Moza-CM2-HD-Racing-Dash-1024x727.jpg 1024w, https:\/\/tmasimuladores.com.ar\/wp-content\/uploads\/2025\/02\/Moza-CM2-HD-Racing-Dash-768x545.jpg 768w, https:\/\/tmasimuladores.com.ar\/wp-content\/uploads\/2025\/02\/Moza-CM2-HD-Racing-Dash-18x12.jpg 18w, https:\/\/tmasimuladores.com.ar\/wp-content\/uploads\/2025\/02\/Moza-CM2-HD-Racing-Dash-600x426.jpg 600w, https:\/\/tmasimuladores.com.ar\/wp-content\/uploads\/2025\/02\/Moza-CM2-HD-Racing-Dash.jpg 1195w\" sizes=\"(max-width: 1809px) 100vw, 1809px\" \/><\/a><\/strong><\/h3>\n<h3 data-start=\"608\" data-end=\"650\"><\/h3>\n<h3 data-start=\"608\" data-end=\"650\"><strong data-start=\"612\" data-end=\"648\">Interfaz de Panel Personalizable<\/strong><\/h3>\n<p data-start=\"651\" data-end=\"917\">MOZA es el primer fabricante de hardware de simulaci\u00f3n en ofrecer un <strong data-start=\"720\" data-end=\"752\">sistema de UI personalizable<\/strong>. Los dise\u00f1os creados pueden compartirse en la comunidad de MOZA, permitiendo a los usuarios <strong data-start=\"845\" data-end=\"914\">mostrar sus creaciones o descargar interfaces dise\u00f1adas por otros<\/strong>.<\/p>\n<h3 data-start=\"919\" data-end=\"959\"><strong data-start=\"923\" data-end=\"957\">Control Personalizado y Fluido<\/strong><\/h3>\n<p data-start=\"960\" data-end=\"1151\">A trav\u00e9s del software <strong data-start=\"982\" data-end=\"1000\">MOZA Pit House<\/strong>, los usuarios pueden seleccionar entre m\u00faltiples <strong data-start=\"1050\" data-end=\"1109\">layouts predefinidos o dise\u00f1ar su propia interfaz \u00fanica<\/strong>, adapt\u00e1ndola a su estilo de conducci\u00f3n.<\/p>\n<h3 data-start=\"1153\" data-end=\"1188\"><strong data-start=\"1157\" data-end=\"1186\">Indicadores de Cambio RGB<\/strong><\/h3>\n<p data-start=\"1189\" data-end=\"1512\">El dash cuenta con <strong data-start=\"1208\" data-end=\"1243\">10 luces LED RGB de alto brillo<\/strong>, estrat\u00e9gicamente ubicadas en la parte superior para se\u00f1alar el momento preciso del cambio de marcha, bas\u00e1ndose en datos como la velocidad y las revoluciones del motor. Esto mejora la fluidez y precisi\u00f3n en la conducci\u00f3n, especialmente en carreras de alta exigencia.<\/p>\n<h3 data-start=\"1514\" data-end=\"1559\"><strong data-start=\"1518\" data-end=\"1557\">Luces de Se\u00f1alizaci\u00f3n (Flag Lights)<\/strong><\/h3>\n<p data-start=\"1560\" data-end=\"1906\">Las <strong data-start=\"1564\" data-end=\"1591\">6 luces RGB adicionales<\/strong> permiten m\u00e1s de <strong data-start=\"1608\" data-end=\"1653\">16.7 millones de combinaciones de colores<\/strong> para proporcionar se\u00f1ales en tiempo real, como banderas <strong data-start=\"1710\" data-end=\"1735\">amarilla, azul o roja<\/strong>, indicando condiciones en pista como accidentes o adelantamientos. Estas luces pueden personalizarse para ajustarse a <strong data-start=\"1854\" data-end=\"1903\">reglas espec\u00edficas de cada carrera o circuito<\/strong>.<\/p>\n<h3 data-start=\"1908\" data-end=\"1944\"><strong data-start=\"1912\" data-end=\"1942\">Pantalla T\u00e1ctil HD de 720P<\/strong><\/h3>\n<p data-start=\"1945\" data-end=\"2142\">El <strong data-start=\"1948\" data-end=\"1972\">MOZA CM2 Racing Dash<\/strong> cuenta con una <strong data-start=\"1988\" data-end=\"2055\">pantalla t\u00e1ctil capacitiva de 5 pulgadas y resoluci\u00f3n 1280x720P<\/strong>, con una tasa de refresco de <strong data-start=\"2085\" data-end=\"2093\">60Hz<\/strong>, ofreciendo una visualizaci\u00f3n n\u00edtida y fluida.<\/p>\n<h3 data-start=\"2144\" data-end=\"2178\"><strong data-start=\"2148\" data-end=\"2176\">Universal Compatibility<\/strong><\/h3>\n<p data-start=\"2179\" data-end=\"2404\">Se conecta f\u00e1cilmente a todas las bases de volante MOZA a trav\u00e9s del <strong data-start=\"2248\" data-end=\"2263\">puerto RJ11<\/strong>. Adem\u00e1s, dispone de <strong data-start=\"2284\" data-end=\"2313\">conexi\u00f3n USB directa a PC<\/strong>, lo que lo hace <strong data-start=\"2330\" data-end=\"2401\">totalmente compatible con configuraciones fuera del ecosistema MOZA<\/strong>.<\/p>\n<h3 data-start=\"2406\" data-end=\"2443\"><strong data-start=\"2410\" data-end=\"2441\">Dise\u00f1o Resistente y Moderno<\/strong><\/h3>\n<ul data-start=\"2444\" data-end=\"2819\">\n<li data-start=\"2444\" data-end=\"2565\"><strong data-start=\"2446\" data-end=\"2484\">Estructura en aleaci\u00f3n de aluminio<\/strong> con soporte de acero de alta resistencia, garantizando durabilidad y ligereza.<\/li>\n<li data-start=\"2566\" data-end=\"2692\"><strong data-start=\"2568\" data-end=\"2602\">Dise\u00f1o ultradelgado y flotante<\/strong>, inspirado en pantallas automotrices modernas, con una est\u00e9tica elegante y minimalista.<\/li>\n<li data-start=\"2693\" data-end=\"2819\"><strong data-start=\"2695\" data-end=\"2715\">Altura ajustable<\/strong>, adaptable a diferentes posiciones de conducci\u00f3n para una <strong data-start=\"2774\" data-end=\"2816\">visualizaci\u00f3n \u00f3ptima y mayor comodidad<\/strong>.<\/li>\n<\/ul>\n<h3 data-start=\"2821\" data-end=\"2860\"><strong data-start=\"2825\" data-end=\"2858\">Rendimiento de Alta Velocidad<\/strong><\/h3>\n<p data-start=\"2861\" data-end=\"3063\">Equipado con un <strong data-start=\"2877\" data-end=\"2918\">procesador de cuatro n\u00facleos a 1.3GHz<\/strong>, el dashboard ofrece una <strong data-start=\"2944\" data-end=\"3003\">renderizaci\u00f3n de datos en tiempo real con baja latencia<\/strong>, permitiendo una experiencia de simulaci\u00f3n m\u00e1s inmersiva.<\/p>\n<h3 data-start=\"3065\" data-end=\"3135\"><strong data-start=\"3069\" data-end=\"3133\">Compatibilidad con los Simuladores de Carreras M\u00e1s Populares<\/strong><\/h3>\n<p data-start=\"3136\" data-end=\"3340\">Gracias a <strong data-start=\"3146\" data-end=\"3164\">MOZA Pit House<\/strong>, el dash es <strong data-start=\"3177\" data-end=\"3232\">compatible con los principales juegos de simulaci\u00f3n<\/strong>, incluyendo <strong data-start=\"3245\" data-end=\"3324\">Assetto Corsa, Assetto Corsa Competizione, F1, Project Cars 2, DiRT Rally 2<\/strong>, entre otros.<\/p>\n<h3 data-start=\"3342\" data-end=\"3377\"><strong data-start=\"3346\" data-end=\"3375\">Technical specifications<\/strong><\/h3>\n<ul data-start=\"3378\" data-end=\"3898\">\n<li data-start=\"3378\" data-end=\"3438\"><strong data-start=\"3380\" data-end=\"3415\">Material de la carcasa trasera:<\/strong> Aleaci\u00f3n de aluminio<\/li>\n<li data-start=\"3439\" data-end=\"3477\"><strong data-start=\"3441\" data-end=\"3454\">Pantalla:<\/strong> T\u00e1ctil de 5 pulgadas<\/li>\n<li data-start=\"3478\" data-end=\"3518\"><strong data-start=\"3480\" data-end=\"3495\">Resoluci\u00f3n:<\/strong> 1280 x 720 (HD 720P)<\/li>\n<li data-start=\"3519\" data-end=\"3576\"><strong data-start=\"3521\" data-end=\"3545\">Interfaz de usuario:<\/strong> Completamente personalizable<\/li>\n<li data-start=\"3577\" data-end=\"3630\"><strong data-start=\"3579\" data-end=\"3605\">Indicadores de cambio:<\/strong> 10 LEDs RGB superiores<\/li>\n<li data-start=\"3631\" data-end=\"3682\"><strong data-start=\"3633\" data-end=\"3659\">Luces de se\u00f1alizaci\u00f3n:<\/strong> 6 LEDs RGB laterales<\/li>\n<li data-start=\"3683\" data-end=\"3744\"><strong data-start=\"3685\" data-end=\"3716\">Colores de los indicadores:<\/strong> 16.7 millones de opciones<\/li>\n<li data-start=\"3745\" data-end=\"3802\"><strong data-start=\"3747\" data-end=\"3766\">Compatibility:<\/strong> Funciona con todas las bases MOZA<\/li>\n<li data-start=\"3803\" data-end=\"3840\"><strong data-start=\"3805\" data-end=\"3835\">Conexi\u00f3n directa USB a PC:<\/strong> Yes<\/li>\n<li data-start=\"3841\" data-end=\"3898\"><strong data-start=\"3843\" data-end=\"3865\">Dise\u00f1o de montaje:<\/strong> Se fija directamente a la base<\/li>\n<\/ul>\n<h3 data-start=\"3900\" data-end=\"3930\"><strong data-start=\"3904\" data-end=\"3928\">Box contents<\/strong><\/h3>\n<ul data-start=\"3931\" data-end=\"4020\">\n<li data-start=\"3931\" data-end=\"3947\">Monitor Dash<\/li>\n<li data-start=\"3948\" data-end=\"3967\">Llave hexagonal<\/li>\n<li data-start=\"3968\" data-end=\"3994\">Tornillos M3<em data-start=\"3982\" data-end=\"3990\">8 y M3<\/em>14<\/li>\n<li data-start=\"3995\" data-end=\"4020\">Adhesivo de espuma 3M<\/li>\n<\/ul>","protected":false},"excerpt":{"rendered":"<p>Toma el control con el <strong data-start=\"58\" data-end=\"85\">MOZA CM2 HD Racing Dash<\/strong>, un tablero de simulaci\u00f3n de carreras equipado con una <strong data-start=\"141\" data-end=\"192\">pantalla t\u00e1ctil de 5 pulgadas y resoluci\u00f3n 720P<\/strong>, interfaz personalizable, <strong data-start=\"219\" data-end=\"251\">10 indicadores de cambio RGB<\/strong> y <strong data-start=\"254\" data-end=\"281\">6 luces de se\u00f1alizaci\u00f3n<\/strong>. Dise\u00f1ado para ofrecer <strong data-start=\"305\" data-end=\"361\">datos de carrera en tiempo real con m\u00e1xima precisi\u00f3n<\/strong>, este dash es la adici\u00f3n perfecta para cualquier simulador de carreras. Cuenta con un procesador de <strong data-start=\"462\" data-end=\"480\">cuatro n\u00facleos<\/strong>, asegurando un rendimiento fluido y es <strong data-start=\"520\" data-end=\"603\">compatible tanto con el ecosistema MOZA como con otras configuraciones externas<\/strong>.<\/p>","protected":false},"featured_media":8375,"template":"","meta":{"site-sidebar-layout":"default","site-content-layout":"","ast-site-content-layout":"default","site-content-style":"default","site-sidebar-style":"default","ast-global-header-display":"","ast-banner-title-visibility":"","ast-main-header-display":"","ast-hfb-above-header-display":"","ast-hfb-below-header-display":"","ast-hfb-mobile-header-display":"","site-post-title":"","ast-breadcrumbs-content":"","ast-featured-img":"","footer-sml-layout":"","theme-transparent-header-meta":"default","adv-header-id-meta":"","stick-header-meta":"","header-above-stick-meta":"","header-main-stick-meta":"","header-below-stick-meta":"","astra-migrate-meta-layouts":"set","ast-page-background-enabled":"default","ast-page-background-meta":{"desktop":{"background-color":"var(--ast-global-color-4)","background-image":"","background-repeat":"repeat","background-position":"center center","background-size":"auto","background-attachment":"scroll","background-type":"","background-media":"","overlay-type":"","overlay-color":"","overlay-opacity":"","overlay-gradient":""},"tablet":{"background-color":"","background-image":"","background-repeat":"repeat","background-position":"center center","background-size":"auto","background-attachment":"scroll","background-type":"","background-media":"","overlay-type":"","overlay-color":"","overlay-opacity":"","overlay-gradient":""},"mobile":{"background-color":"","background-image":"","background-repeat":"repeat","background-position":"center center","background-size":"auto","background-attachment":"scroll","background-type":"","background-media":"","overlay-type":"","overlay-color":"","overlay-opacity":"","overlay-gradient":""}},"ast-content-background-meta":{"desktop":{"background-color":"var(--ast-global-color-5)","background-image":"","background-repeat":"repeat","background-position":"center center","background-size":"auto","background-attachment":"scroll","background-type":"","background-media":"","overlay-type":"","overlay-color":"","overlay-opacity":"","overlay-gradient":""},"tablet":{"background-color":"var(--ast-global-color-5)","background-image":"","background-repeat":"repeat","background-position":"center center","background-size":"auto","background-attachment":"scroll","background-type":"","background-media":"","overlay-type":"","overlay-color":"","overlay-opacity":"","overlay-gradient":""},"mobile":{"background-color":"var(--ast-global-color-5)","background-image":"","background-repeat":"repeat","background-position":"center center","background-size":"auto","background-attachment":"scroll","background-type":"","background-media":"","overlay-type":"","overlay-color":"","overlay-opacity":"","overlay-gradient":""}}},"pwb-brand":[44],"product_brand":[],"product_cat":[36,35],"product_tag":[],"class_list":{"0":"post-4011","1":"product","2":"type-product","3":"status-publish","4":"has-post-thumbnail","6":"pwb-brand-moza","7":"product_cat-accesorio","8":"product_cat-volante","9":"desktop-align-left","10":"tablet-align-left","11":"mobile-align-left","13":"first","14":"instock","15":"sale","16":"taxable","17":"shipping-taxable","18":"purchasable","19":"product-type-simple"},"brands":[{"id":44,"name":"MOZA","slug":"moza"}],"_links":{"self":[{"href":"https:\/\/tmasimuladores.com.ar\/en\/wp-json\/wp\/v2\/product\/4011","targetHints":{"allow":["GET"]}}],"collection":[{"href":"https:\/\/tmasimuladores.com.ar\/en\/wp-json\/wp\/v2\/product"}],"about":[{"href":"https:\/\/tmasimuladores.com.ar\/en\/wp-json\/wp\/v2\/types\/product"}],"wp:featuredmedia":[{"embeddable":true,"href":"https:\/\/tmasimuladores.com.ar\/en\/wp-json\/wp\/v2\/media\/8375"}],"wp:attachment":[{"href":"https:\/\/tmasimuladores.com.ar\/en\/wp-json\/wp\/v2\/media?parent=4011"}],"wp:term":[{"taxonomy":"pwb-brand","embeddable":true,"href":"https:\/\/tmasimuladores.com.ar\/en\/wp-json\/wp\/v2\/pwb-brand?post=4011"},{"taxonomy":"product_brand","embeddable":true,"href":"https:\/\/tmasimuladores.com.ar\/en\/wp-json\/wp\/v2\/product_brand?post=4011"},{"taxonomy":"product_cat","embeddable":true,"href":"https:\/\/tmasimuladores.com.ar\/en\/wp-json\/wp\/v2\/product_cat?post=4011"},{"taxonomy":"product_tag","embeddable":true,"href":"https:\/\/tmasimuladores.com.ar\/en\/wp-json\/wp\/v2\/product_tag?post=4011"}],"curies":[{"name":"wp","href":"https:\/\/api.w.org\/{rel}","templated":true}]}}