{"id":372,"date":"2024-07-04T08:53:53","date_gmt":"2024-07-04T08:53:53","guid":{"rendered":"https:\/\/tmasimuladores.com.ar\/?post_type=product&#038;p=372"},"modified":"2026-01-06T19:40:08","modified_gmt":"2026-01-06T19:40:08","slug":"tma-yoke-vuelo","status":"publish","type":"product","link":"https:\/\/tmasimuladores.com.ar\/en\/product\/tma-yoke-vuelo\/","title":{"rendered":"TMA Yoke Vuelo"},"content":{"rendered":"<p>Compatible with:<\/p>\n<p>fs2004<br \/>\nfsx<br \/>\nfsx-steam<br \/>\nprepar3d<br \/>\n2020<br \/>\nxplane<br \/>\nTechnical data<br \/>\nCaracter\u00edsticas del Yoke:<br \/>\nTrim Pitch<br \/>\nAP Disconnect<br \/>\nPTT (Push-To-Talk)<br \/>\nSwitches:<br \/>\nMaster Battery \/ Master Alt<br \/>\nPulsadores de Start Engine 1 &amp; 2<br \/>\nConstruction:<br \/>\n20mm steel shaft<br \/>\nMounted on rectified guides<br \/>\nSelf-centering<br \/>\nAssembly and Connection:<br \/>\nIncludes table supports<br \/>\nPlug &amp; Play<br \/>\nIncludes USB cable<br \/>\nPeso: 10 kg<br \/>\nDimensiones: 80 \u00d7 25 cm<\/p>\n<p>Con este yoke, experimentar\u00e1s una simulaci\u00f3n de vuelo aut\u00e9ntica y precisa, ideal tanto para principiantes como para entusiastas avanzados.<\/p>\n<p>\ud83d\udd27 <strong data-start=\"151\" data-end=\"208\">Producto de fabricaci\u00f3n nacional &#8211; Tiempo de entrega:<\/strong><br data-start=\"208\" data-end=\"211\" \/>Este producto es fabricado a pedido por nuestro equipo de TMA. El tiempo estimado de entrega es de <strong data-start=\"310\" data-end=\"335\">hasta 20 d\u00edas h\u00e1biles<\/strong> a partir de la confirmaci\u00f3n de la compra.<\/p>","protected":false},"excerpt":{"rendered":"<p>The TMA Yoke Flight is designed to recreate the same sensations of a real flight, with progressive tension in its controls and a robust design. It incorporates a digital trim and two assignable buttons, making it an excellent tool for both personal training and recreational use.<\/p>","protected":false},"featured_media":8617,"template":"","meta":{"site-sidebar-layout":"default","site-content-layout":"","ast-site-content-layout":"default","site-content-style":"default","site-sidebar-style":"default","ast-global-header-display":"","ast-banner-title-visibility":"","ast-main-header-display":"","ast-hfb-above-header-display":"","ast-hfb-below-header-display":"","ast-hfb-mobile-header-display":"","site-post-title":"","ast-breadcrumbs-content":"","ast-featured-img":"","footer-sml-layout":"","theme-transparent-header-meta":"default","adv-header-id-meta":"","stick-header-meta":"","header-above-stick-meta":"","header-main-stick-meta":"","header-below-stick-meta":"","astra-migrate-meta-layouts":"set","ast-page-background-enabled":"default","ast-page-background-meta":{"desktop":{"background-color":"var(--ast-global-color-4)","background-image":"","background-repeat":"repeat","background-position":"center center","background-size":"auto","background-attachment":"scroll","background-type":"","background-media":"","overlay-type":"","overlay-color":"","overlay-opacity":"","overlay-gradient":""},"tablet":{"background-color":"","background-image":"","background-repeat":"repeat","background-position":"center center","background-size":"auto","background-attachment":"scroll","background-type":"","background-media":"","overlay-type":"","overlay-color":"","overlay-opacity":"","overlay-gradient":""},"mobile":{"background-color":"","background-image":"","background-repeat":"repeat","background-position":"center center","background-size":"auto","background-attachment":"scroll","background-type":"","background-media":"","overlay-type":"","overlay-color":"","overlay-opacity":"","overlay-gradient":""}},"ast-content-background-meta":{"desktop":{"background-color":"var(--ast-global-color-5)","background-image":"","background-repeat":"repeat","background-position":"center center","background-size":"auto","background-attachment":"scroll","background-type":"","background-media":"","overlay-type":"","overlay-color":"","overlay-opacity":"","overlay-gradient":""},"tablet":{"background-color":"var(--ast-global-color-5)","background-image":"","background-repeat":"repeat","background-position":"center center","background-size":"auto","background-attachment":"scroll","background-type":"","background-media":"","overlay-type":"","overlay-color":"","overlay-opacity":"","overlay-gradient":""},"mobile":{"background-color":"var(--ast-global-color-5)","background-image":"","background-repeat":"repeat","background-position":"center center","background-size":"auto","background-attachment":"scroll","background-type":"","background-media":"","overlay-type":"","overlay-color":"","overlay-opacity":"","overlay-gradient":""}}},"pwb-brand":[46],"product_brand":[],"product_cat":[21],"product_tag":[61],"class_list":{"0":"post-372","1":"product","2":"type-product","3":"status-publish","4":"has-post-thumbnail","6":"pwb-brand-tma","7":"product_cat-perifericos-de-vuelo","8":"product_tag-periferico-de-vuelo","9":"desktop-align-left","10":"tablet-align-left","11":"mobile-align-left","13":"first","14":"instock","15":"taxable","16":"shipping-taxable","17":"purchasable","18":"product-type-simple"},"brands":[{"id":46,"name":"TMA","slug":"tma"}],"_links":{"self":[{"href":"https:\/\/tmasimuladores.com.ar\/en\/wp-json\/wp\/v2\/product\/372","targetHints":{"allow":["GET"]}}],"collection":[{"href":"https:\/\/tmasimuladores.com.ar\/en\/wp-json\/wp\/v2\/product"}],"about":[{"href":"https:\/\/tmasimuladores.com.ar\/en\/wp-json\/wp\/v2\/types\/product"}],"wp:featuredmedia":[{"embeddable":true,"href":"https:\/\/tmasimuladores.com.ar\/en\/wp-json\/wp\/v2\/media\/8617"}],"wp:attachment":[{"href":"https:\/\/tmasimuladores.com.ar\/en\/wp-json\/wp\/v2\/media?parent=372"}],"wp:term":[{"taxonomy":"pwb-brand","embeddable":true,"href":"https:\/\/tmasimuladores.com.ar\/en\/wp-json\/wp\/v2\/pwb-brand?post=372"},{"taxonomy":"product_brand","embeddable":true,"href":"https:\/\/tmasimuladores.com.ar\/en\/wp-json\/wp\/v2\/product_brand?post=372"},{"taxonomy":"product_cat","embeddable":true,"href":"https:\/\/tmasimuladores.com.ar\/en\/wp-json\/wp\/v2\/product_cat?post=372"},{"taxonomy":"product_tag","embeddable":true,"href":"https:\/\/tmasimuladores.com.ar\/en\/wp-json\/wp\/v2\/product_tag?post=372"}],"curies":[{"name":"wp","href":"https:\/\/api.w.org\/{rel}","templated":true}]}}