{"id":2628,"date":"2025-01-02T13:03:03","date_gmt":"2025-01-02T13:03:03","guid":{"rendered":"https:\/\/tmasimuladores.com.ar\/?post_type=product&#038;p=2628"},"modified":"2025-11-17T19:02:32","modified_gmt":"2025-11-17T19:02:32","slug":"viperace-ex-shaker-kit","status":"publish","type":"product","link":"https:\/\/tmasimuladores.com.ar\/en\/product\/viperace-ex-shaker-kit\/","title":{"rendered":"ViperAce EX Shaker Kit"},"content":{"rendered":"<p>Descripci\u00f3n General<br \/>\nEl ViperAce EX Kit es un kit dise\u00f1ado espec\u00edficamente como complemento para el ViperAce Grip. Adem\u00e1s de proporcionar un eje adicional y un interruptor extra, el EX Kit incluye un procesador independiente para gestionar la vibraci\u00f3n. Este sistema de vibraci\u00f3n proporciona se\u00f1ales para eventos como:<\/p>\n<p>Vibraci\u00f3n del tren de aterrizaje.<br \/>\nEfecto de suelo del tren de aterrizaje.<br \/>\nLiberaci\u00f3n de armas.<br \/>\nExplosiones.<br \/>\nP\u00e9rdida de sustentaci\u00f3n (stall).<br \/>\nL\u00edmite alcanzado en las superficies de control.<br \/>\nV\u00f3rtice en helic\u00f3pteros.<\/p>\n<p>Los jugadores que comprendan la configuraci\u00f3n de archivos LUA pueden editar estos archivos y personalizar el control de la vibraci\u00f3n desde su propio equipo.<\/p>\n<p>Aspectos Destacados<br \/>\nDise\u00f1o aerodin\u00e1mico inspirado en el casco del F-35. Cumple con los requisitos ergon\u00f3micos b\u00e1sicos para pilotos.<br \/>\nProcesador MCU independiente integrado para gestionar el motor de vibraci\u00f3n.<\/p>\n<p>Box contents<br \/>\nEX-16 x1<br \/>\nPack de accesorios EX-16 x1<br \/>\nPack de herramientas EX-16 x1<\/p>\n<p>Specifications<br \/>\nModelo de Producci\u00f3n: EX-16<br \/>\nMaterial: Pl\u00e1stico<br \/>\nInterfaz: 1 eje de 4 direcciones (con pulsador) \/ 1 mini joystick (doble eje con pulsador)<br \/>\nDimensiones del paquete: 20 x 13 x 9 cm<br \/>\nPeso del paquete: 0.44 kg<\/p>\n<p>Compatibilidad<br \/>\nCompatible con el ViperAce Metal Joystick Grip o cualquier conjunto que contenga la base ViperAce Metal Joystick Grip Base.<\/p>","protected":false},"excerpt":{"rendered":"<p>Descripci\u00f3n General El ViperAce EX Kit es un kit dise\u00f1ado espec\u00edficamente como complemento para el ViperAce Grip. Adem\u00e1s de proporcionar [&hellip;]<\/p>","protected":false},"featured_media":8594,"template":"","meta":{"site-sidebar-layout":"default","site-content-layout":"","ast-site-content-layout":"default","site-content-style":"default","site-sidebar-style":"default","ast-global-header-display":"","ast-banner-title-visibility":"","ast-main-header-display":"","ast-hfb-above-header-display":"","ast-hfb-below-header-display":"","ast-hfb-mobile-header-display":"","site-post-title":"","ast-breadcrumbs-content":"","ast-featured-img":"","footer-sml-layout":"","theme-transparent-header-meta":"default","adv-header-id-meta":"","stick-header-meta":"","header-above-stick-meta":"","header-main-stick-meta":"","header-below-stick-meta":"","astra-migrate-meta-layouts":"set","ast-page-background-enabled":"default","ast-page-background-meta":{"desktop":{"background-color":"var(--ast-global-color-4)","background-image":"","background-repeat":"repeat","background-position":"center center","background-size":"auto","background-attachment":"scroll","background-type":"","background-media":"","overlay-type":"","overlay-color":"","overlay-opacity":"","overlay-gradient":""},"tablet":{"background-color":"","background-image":"","background-repeat":"repeat","background-position":"center center","background-size":"auto","background-attachment":"scroll","background-type":"","background-media":"","overlay-type":"","overlay-color":"","overlay-opacity":"","overlay-gradient":""},"mobile":{"background-color":"","background-image":"","background-repeat":"repeat","background-position":"center center","background-size":"auto","background-attachment":"scroll","background-type":"","background-media":"","overlay-type":"","overlay-color":"","overlay-opacity":"","overlay-gradient":""}},"ast-content-background-meta":{"desktop":{"background-color":"var(--ast-global-color-5)","background-image":"","background-repeat":"repeat","background-position":"center center","background-size":"auto","background-attachment":"scroll","background-type":"","background-media":"","overlay-type":"","overlay-color":"","overlay-opacity":"","overlay-gradient":""},"tablet":{"background-color":"var(--ast-global-color-5)","background-image":"","background-repeat":"repeat","background-position":"center center","background-size":"auto","background-attachment":"scroll","background-type":"","background-media":"","overlay-type":"","overlay-color":"","overlay-opacity":"","overlay-gradient":""},"mobile":{"background-color":"var(--ast-global-color-5)","background-image":"","background-repeat":"repeat","background-position":"center center","background-size":"auto","background-attachment":"scroll","background-type":"","background-media":"","overlay-type":"","overlay-color":"","overlay-opacity":"","overlay-gradient":""}}},"pwb-brand":[56],"product_brand":[],"product_cat":[21],"product_tag":[61],"class_list":{"0":"post-2628","1":"product","2":"type-product","3":"status-publish","4":"has-post-thumbnail","6":"pwb-brand-winwing","7":"product_cat-perifericos-de-vuelo","8":"product_tag-periferico-de-vuelo","9":"desktop-align-left","10":"tablet-align-left","11":"mobile-align-left","13":"first","14":"instock","15":"taxable","16":"shipping-taxable","17":"purchasable","18":"product-type-simple"},"brands":[{"id":56,"name":"WINWING","slug":"winwing"}],"_links":{"self":[{"href":"https:\/\/tmasimuladores.com.ar\/en\/wp-json\/wp\/v2\/product\/2628","targetHints":{"allow":["GET"]}}],"collection":[{"href":"https:\/\/tmasimuladores.com.ar\/en\/wp-json\/wp\/v2\/product"}],"about":[{"href":"https:\/\/tmasimuladores.com.ar\/en\/wp-json\/wp\/v2\/types\/product"}],"wp:featuredmedia":[{"embeddable":true,"href":"https:\/\/tmasimuladores.com.ar\/en\/wp-json\/wp\/v2\/media\/8594"}],"wp:attachment":[{"href":"https:\/\/tmasimuladores.com.ar\/en\/wp-json\/wp\/v2\/media?parent=2628"}],"wp:term":[{"taxonomy":"pwb-brand","embeddable":true,"href":"https:\/\/tmasimuladores.com.ar\/en\/wp-json\/wp\/v2\/pwb-brand?post=2628"},{"taxonomy":"product_brand","embeddable":true,"href":"https:\/\/tmasimuladores.com.ar\/en\/wp-json\/wp\/v2\/product_brand?post=2628"},{"taxonomy":"product_cat","embeddable":true,"href":"https:\/\/tmasimuladores.com.ar\/en\/wp-json\/wp\/v2\/product_cat?post=2628"},{"taxonomy":"product_tag","embeddable":true,"href":"https:\/\/tmasimuladores.com.ar\/en\/wp-json\/wp\/v2\/product_tag?post=2628"}],"curies":[{"name":"wp","href":"https:\/\/api.w.org\/{rel}","templated":true}]}}