{"id":2623,"date":"2025-01-02T13:01:42","date_gmt":"2025-01-02T13:01:42","guid":{"rendered":"https:\/\/tmasimuladores.com.ar\/?post_type=product&#038;p=2623"},"modified":"2026-03-30T18:08:03","modified_gmt":"2026-03-30T18:08:03","slug":"ursa-minor-fighter-joystick-r","status":"publish","type":"product","link":"https:\/\/tmasimuladores.com.ar\/en\/product\/ursa-minor-fighter-joystick-r\/","title":{"rendered":"URSA MINOR Fighter Joystick R"},"content":{"rendered":"<p>URSA MINOR Fighter Joystick R<\/p>\n<p>Specifications<\/p>\n<p>Inmersi\u00f3n Mejorada<br \/>\nExperimenta retroalimentaci\u00f3n h\u00e1ptica sincronizada con datos de vuelo en el juego mediante un motor de vibraci\u00f3n din\u00e1mico.<br \/>\nSiente el impacto de explosiones, cambios aerodin\u00e1micos y aterrizajes en simuladores de vuelo gracias a la retroalimentaci\u00f3n t\u00e1ctil.<br \/>\nModelo de vibraci\u00f3n desarrollado internamente para una amplia gama de aeronaves, ofreciendo una simulaci\u00f3n realista.<\/p>\n<p>Estructura e Imagen<br \/>\nEquipado con un sistema de p\u00edncer de pl\u00e1stico ABS de ingenier\u00eda (sin CAM) para un control m\u00e1s fluido y una experiencia de juego mejorada.<br \/>\nDise\u00f1o aerodin\u00e1mico con retroiluminaci\u00f3n programable de tipo &#8220;breathing&#8221;.<br \/>\nNo requiere ensamblaje; listo para usar directamente al sacarlo de la caja.<br \/>\nBase con cubierta de liberaci\u00f3n r\u00e1pida para mantenimiento y ajustes sencillos, sin necesidad de desarmado complejo.<br \/>\nAlmohadillas antideslizantes en la base para uso en escritorio y orificios preperforados para montaje en cabina, compatible con ambas configuraciones.<\/p>\n<p>Configuraci\u00f3n HOTAS<br \/>\nURSA MINOR Fighter Joystick<br \/>\nEje de torsi\u00f3n operable en la base: \u00e1ngulo de \u00b120\u00b0.<br \/>\nTodos los ejes X, Y, Z est\u00e1n equipados con sensores magn\u00e9ticos Hall.<br \/>\nRecorrido disponible del eje lineal del acelerador: 38 mm.<br \/>\nRango angular operativo del eje principal: \u00b115\u00b0.<br \/>\nIncluye un eje de potenci\u00f3metro deslizante de largo recorrido para un control preciso del acelerador.<br \/>\nInspirado en el dise\u00f1o de empu\u00f1aduras de aviones de combate de estilo sovi\u00e9tico, con un dise\u00f1o ergon\u00f3mico y evolucionado.<\/p>\n<p>Aplicabilidad<br \/>\nProducto de simulaci\u00f3n de vuelo de nivel inicial con configuraci\u00f3n de funciones clave superior:<br \/>\nDescarga el software WINWING SIMAPP Pro para ajustar f\u00e1cilmente las funciones de los botones mediante configuraciones visuales intuitivas.<\/p>\n<p>Plug and Play.<br \/>\nCompatible con una variedad de simuladores de vuelo, incluidos DCS, Star Citizen, Elite Dangerous, War Thunder, MSFS2020, X-Plane, Prepar3D y m\u00e1s.<br \/>\nCompatible por defecto con los juegos enumerados. Las funciones de vibraci\u00f3n y sincronizaci\u00f3n en la nube est\u00e1n en desarrollo y se adaptar\u00e1n progresivamente.<\/p>\n<p>Tecnolog\u00eda y Durabilidad<br \/>\nConstruido con pl\u00e1stico ABS de grado industrial.<br \/>\nAmortiguador de embrague seco ajustable.<br \/>\nGimbal fabricado con nailon reforzado con fibra de vidrio y equipado con rodamientos de bolas. Los ejes X y Y utilizan sensores de resistencia magn\u00e9tica sin contacto.<\/p>\n<p>Par\u00e1metros T\u00e9cnicos<br \/>\nModelo del Producto: URSA MINOR-Fighter-Joystick R<br \/>\nMaterial del Producto: Pl\u00e1stico (PC+ABS)<br \/>\nDimensiones del Paquete: 227 mm x 217 mm x 246 mm<br \/>\nPeso del Paquete: 1.05 kg<\/p>","protected":false},"excerpt":{"rendered":"<p>URSA MINOR Fighter Joystick R Especificaciones Inmersi\u00f3n Mejorada Experimenta retroalimentaci\u00f3n h\u00e1ptica sincronizada con datos de vuelo en el juego mediante [&hellip;]<\/p>","protected":false},"featured_media":8619,"template":"","meta":{"site-sidebar-layout":"default","site-content-layout":"","ast-site-content-layout":"default","site-content-style":"default","site-sidebar-style":"default","ast-global-header-display":"","ast-banner-title-visibility":"","ast-main-header-display":"","ast-hfb-above-header-display":"","ast-hfb-below-header-display":"","ast-hfb-mobile-header-display":"","site-post-title":"","ast-breadcrumbs-content":"","ast-featured-img":"","footer-sml-layout":"","theme-transparent-header-meta":"default","adv-header-id-meta":"","stick-header-meta":"","header-above-stick-meta":"","header-main-stick-meta":"","header-below-stick-meta":"","astra-migrate-meta-layouts":"set","ast-page-background-enabled":"default","ast-page-background-meta":{"desktop":{"background-color":"var(--ast-global-color-4)","background-image":"","background-repeat":"repeat","background-position":"center center","background-size":"auto","background-attachment":"scroll","background-type":"","background-media":"","overlay-type":"","overlay-color":"","overlay-opacity":"","overlay-gradient":""},"tablet":{"background-color":"","background-image":"","background-repeat":"repeat","background-position":"center center","background-size":"auto","background-attachment":"scroll","background-type":"","background-media":"","overlay-type":"","overlay-color":"","overlay-opacity":"","overlay-gradient":""},"mobile":{"background-color":"","background-image":"","background-repeat":"repeat","background-position":"center center","background-size":"auto","background-attachment":"scroll","background-type":"","background-media":"","overlay-type":"","overlay-color":"","overlay-opacity":"","overlay-gradient":""}},"ast-content-background-meta":{"desktop":{"background-color":"var(--ast-global-color-5)","background-image":"","background-repeat":"repeat","background-position":"center center","background-size":"auto","background-attachment":"scroll","background-type":"","background-media":"","overlay-type":"","overlay-color":"","overlay-opacity":"","overlay-gradient":""},"tablet":{"background-color":"var(--ast-global-color-5)","background-image":"","background-repeat":"repeat","background-position":"center center","background-size":"auto","background-attachment":"scroll","background-type":"","background-media":"","overlay-type":"","overlay-color":"","overlay-opacity":"","overlay-gradient":""},"mobile":{"background-color":"var(--ast-global-color-5)","background-image":"","background-repeat":"repeat","background-position":"center center","background-size":"auto","background-attachment":"scroll","background-type":"","background-media":"","overlay-type":"","overlay-color":"","overlay-opacity":"","overlay-gradient":""}}},"pwb-brand":[56],"product_brand":[],"product_cat":[21],"product_tag":[61],"class_list":{"0":"post-2623","1":"product","2":"type-product","3":"status-publish","4":"has-post-thumbnail","6":"pwb-brand-winwing","7":"product_cat-perifericos-de-vuelo","8":"product_tag-periferico-de-vuelo","9":"desktop-align-left","10":"tablet-align-left","11":"mobile-align-left","13":"first","14":"instock","15":"sale","16":"taxable","17":"shipping-taxable","18":"purchasable","19":"product-type-simple"},"brands":[{"id":56,"name":"WINWING","slug":"winwing"}],"_links":{"self":[{"href":"https:\/\/tmasimuladores.com.ar\/en\/wp-json\/wp\/v2\/product\/2623","targetHints":{"allow":["GET"]}}],"collection":[{"href":"https:\/\/tmasimuladores.com.ar\/en\/wp-json\/wp\/v2\/product"}],"about":[{"href":"https:\/\/tmasimuladores.com.ar\/en\/wp-json\/wp\/v2\/types\/product"}],"wp:featuredmedia":[{"embeddable":true,"href":"https:\/\/tmasimuladores.com.ar\/en\/wp-json\/wp\/v2\/media\/8619"}],"wp:attachment":[{"href":"https:\/\/tmasimuladores.com.ar\/en\/wp-json\/wp\/v2\/media?parent=2623"}],"wp:term":[{"taxonomy":"pwb-brand","embeddable":true,"href":"https:\/\/tmasimuladores.com.ar\/en\/wp-json\/wp\/v2\/pwb-brand?post=2623"},{"taxonomy":"product_brand","embeddable":true,"href":"https:\/\/tmasimuladores.com.ar\/en\/wp-json\/wp\/v2\/product_brand?post=2623"},{"taxonomy":"product_cat","embeddable":true,"href":"https:\/\/tmasimuladores.com.ar\/en\/wp-json\/wp\/v2\/product_cat?post=2623"},{"taxonomy":"product_tag","embeddable":true,"href":"https:\/\/tmasimuladores.com.ar\/en\/wp-json\/wp\/v2\/product_tag?post=2623"}],"curies":[{"name":"wp","href":"https:\/\/api.w.org\/{rel}","templated":true}]}}