{"id":2618,"date":"2025-01-02T12:59:12","date_gmt":"2025-01-02T12:59:12","guid":{"rendered":"https:\/\/tmasimuladores.com.ar\/?post_type=product&#038;p=2618"},"modified":"2026-01-06T19:29:19","modified_gmt":"2026-01-06T19:29:19","slug":"pto-2-panel-of-take-off","status":"publish","type":"product","link":"https:\/\/tmasimuladores.com.ar\/en\/product\/pto-2-panel-of-take-off\/","title":{"rendered":"PTO 2 Panel of Take Off"},"content":{"rendered":"<p>Panel e Imagen:<br \/>\nRecrea fielmente las configuraciones de NavyAce, sistemas de combate, caracter\u00edsticas de iluminaci\u00f3n, funcionalidad de reabastecimiento a\u00e9reo, y m\u00e1s.<br \/>\nDise\u00f1o de botones optimizado para el control en todos los m\u00f3dulos de aeronaves.<br \/>\nManija de tren de aterrizaje retr\u00e1ctil y gancho de frenado totalmente realista.<br \/>\nIndicadores sincronizados con el juego para las luces de la manija del tren de aterrizaje, luces de estado, luces indicadoras de flaps, luces de advertencia Master Caution, luces indicadoras de carga y luces del gancho de frenado.<br \/>\nInterruptores de palanca de grado militar con dise\u00f1o de alta fidelidad (id\u00e9ntico al de la versi\u00f3n WINWING ORION 10th Anniversary), ideales para que los jugadores en VR identifiquen los controles r\u00e1pidamente.<br \/>\nOperaci\u00f3n de eyecci\u00f3n de estaciones altamente realista que replica el comportamiento de los cazas reales.<\/p>\n<p>Manija del freno de estacionamiento y del gancho de frenado dise\u00f1ada con autenticidad, equilibrando versatilidad e inmersi\u00f3n para los jugadores.<br \/>\nLuz Master Caution realista: se apaga cuando no hay advertencias en el juego, simulando completamente las operaciones de control de una aeronave real.<br \/>\nPanel s\u00f3lido esculpido en 3D combinado con retroiluminaci\u00f3n ajustable en red para convertir la simulaci\u00f3n de vuelo en realidad.<\/p>\n<p>Mejor Aplicabilidad:<br \/>\nEl tren de aterrizaje est\u00e1 equipado con un interruptor oculto de 3 posiciones, compatible con una amplia gama de m\u00f3dulos de aeronaves.<br \/>\nLa estructura de movimiento de la manija del freno de estacionamiento y del control de plegado de alas adopta un dise\u00f1o universal, compatible con una mayor variedad de m\u00f3dulos de aeronaves.<\/p>\n<p>Configuraci\u00f3n HOTAS:<br \/>\nInterruptores f\u00edsicos: 41<br \/>\nThumbwheels 6<br \/>\nInterruptores de 5 v\u00edas 1<\/p>\n<p>Tecnolog\u00eda y Durabilidad Excelentes:<br \/>\nEl tren de aterrizaje, el gancho de frenado, el freno de estacionamiento y la manija de control de plegado de alas utilizan sensores Hall, ofreciendo alta precisi\u00f3n y fiabilidad.<br \/>\nGracias a t\u00e9cnicas de fabricaci\u00f3n superiores y funciones mejoradas, el PTO 2 ha pasado de ser un simple &#8220;wingman&#8221; en el Super Taurus a una parte indispensable de la experiencia de cabina para cada entusiasta.<\/p>\n<p>Par\u00e1metro T\u00e9cnico:<br \/>\nModelo del producto: PTO2<br \/>\nMaterial del producto: Carcasa de pl\u00e1stico PC+ABS<br \/>\nTama\u00f1o del paquete: Largo 290 mm \u00d7 Ancho 170 mm \u00d7 Alto 195 mm<br \/>\nPeso del paquete: 1.93 kg (peso volum\u00e9trico)<\/p>","protected":false},"excerpt":{"rendered":"<p>Panel e Imagen: Recrea fielmente las configuraciones de NavyAce, sistemas de combate, caracter\u00edsticas de iluminaci\u00f3n, funcionalidad de reabastecimiento a\u00e9reo, y [&hellip;]<\/p>","protected":false},"featured_media":8581,"template":"","meta":{"site-sidebar-layout":"default","site-content-layout":"","ast-site-content-layout":"default","site-content-style":"default","site-sidebar-style":"default","ast-global-header-display":"","ast-banner-title-visibility":"","ast-main-header-display":"","ast-hfb-above-header-display":"","ast-hfb-below-header-display":"","ast-hfb-mobile-header-display":"","site-post-title":"","ast-breadcrumbs-content":"","ast-featured-img":"","footer-sml-layout":"","theme-transparent-header-meta":"default","adv-header-id-meta":"","stick-header-meta":"","header-above-stick-meta":"","header-main-stick-meta":"","header-below-stick-meta":"","astra-migrate-meta-layouts":"set","ast-page-background-enabled":"default","ast-page-background-meta":{"desktop":{"background-color":"var(--ast-global-color-4)","background-image":"","background-repeat":"repeat","background-position":"center center","background-size":"auto","background-attachment":"scroll","background-type":"","background-media":"","overlay-type":"","overlay-color":"","overlay-opacity":"","overlay-gradient":""},"tablet":{"background-color":"","background-image":"","background-repeat":"repeat","background-position":"center center","background-size":"auto","background-attachment":"scroll","background-type":"","background-media":"","overlay-type":"","overlay-color":"","overlay-opacity":"","overlay-gradient":""},"mobile":{"background-color":"","background-image":"","background-repeat":"repeat","background-position":"center center","background-size":"auto","background-attachment":"scroll","background-type":"","background-media":"","overlay-type":"","overlay-color":"","overlay-opacity":"","overlay-gradient":""}},"ast-content-background-meta":{"desktop":{"background-color":"var(--ast-global-color-5)","background-image":"","background-repeat":"repeat","background-position":"center center","background-size":"auto","background-attachment":"scroll","background-type":"","background-media":"","overlay-type":"","overlay-color":"","overlay-opacity":"","overlay-gradient":""},"tablet":{"background-color":"var(--ast-global-color-5)","background-image":"","background-repeat":"repeat","background-position":"center center","background-size":"auto","background-attachment":"scroll","background-type":"","background-media":"","overlay-type":"","overlay-color":"","overlay-opacity":"","overlay-gradient":""},"mobile":{"background-color":"var(--ast-global-color-5)","background-image":"","background-repeat":"repeat","background-position":"center center","background-size":"auto","background-attachment":"scroll","background-type":"","background-media":"","overlay-type":"","overlay-color":"","overlay-opacity":"","overlay-gradient":""}}},"pwb-brand":[56],"product_brand":[],"product_cat":[21],"product_tag":[61],"class_list":{"0":"post-2618","1":"product","2":"type-product","3":"status-publish","4":"has-post-thumbnail","6":"pwb-brand-winwing","7":"product_cat-perifericos-de-vuelo","8":"product_tag-periferico-de-vuelo","9":"desktop-align-left","10":"tablet-align-left","11":"mobile-align-left","13":"first","14":"instock","15":"taxable","16":"shipping-taxable","17":"purchasable","18":"product-type-simple"},"brands":[{"id":56,"name":"WINWING","slug":"winwing"}],"_links":{"self":[{"href":"https:\/\/tmasimuladores.com.ar\/en\/wp-json\/wp\/v2\/product\/2618","targetHints":{"allow":["GET"]}}],"collection":[{"href":"https:\/\/tmasimuladores.com.ar\/en\/wp-json\/wp\/v2\/product"}],"about":[{"href":"https:\/\/tmasimuladores.com.ar\/en\/wp-json\/wp\/v2\/types\/product"}],"wp:featuredmedia":[{"embeddable":true,"href":"https:\/\/tmasimuladores.com.ar\/en\/wp-json\/wp\/v2\/media\/8581"}],"wp:attachment":[{"href":"https:\/\/tmasimuladores.com.ar\/en\/wp-json\/wp\/v2\/media?parent=2618"}],"wp:term":[{"taxonomy":"pwb-brand","embeddable":true,"href":"https:\/\/tmasimuladores.com.ar\/en\/wp-json\/wp\/v2\/pwb-brand?post=2618"},{"taxonomy":"product_brand","embeddable":true,"href":"https:\/\/tmasimuladores.com.ar\/en\/wp-json\/wp\/v2\/product_brand?post=2618"},{"taxonomy":"product_cat","embeddable":true,"href":"https:\/\/tmasimuladores.com.ar\/en\/wp-json\/wp\/v2\/product_cat?post=2618"},{"taxonomy":"product_tag","embeddable":true,"href":"https:\/\/tmasimuladores.com.ar\/en\/wp-json\/wp\/v2\/product_tag?post=2618"}],"curies":[{"name":"wp","href":"https:\/\/api.w.org\/{rel}","templated":true}]}}