{"id":2612,"date":"2025-01-02T12:56:59","date_gmt":"2025-01-02T12:56:59","guid":{"rendered":"https:\/\/tmasimuladores.com.ar\/?post_type=product&#038;p=2612"},"modified":"2026-01-20T18:01:51","modified_gmt":"2026-01-20T18:01:51","slug":"navyace-ufc-unit1","status":"publish","type":"product","link":"https:\/\/tmasimuladores.com.ar\/en\/product\/navyace-ufc-unit1\/","title":{"rendered":"NavyAce-UFC Unit1"},"content":{"rendered":"<p>Panel e Imagen1<br \/>\nMolde estructurado 1:1 con superficie texturizada 3D.<br \/>\nRetroiluminaci\u00f3n ajustable en m\u00faltiples paneles vinculados, compatible con modos operativos como sincronizaci\u00f3n autom\u00e1tica con el juego y control en red.<br \/>\nPerillas de selector de canal elevables, proporcionando el mismo movimiento f\u00edsico que las perillas reales de la aeronave.<br \/>\nKeycaps personalizados completamente realistas, con teclas retroiluminadas y recorrido de distancia extendida.<\/p>\n<p>Mejor Aplicabilidad<br \/>\n3 botones adicionales tipo balanc\u00edn en la parte superior, disponibles para la simulaci\u00f3n de funciones del panel A10C u otras aeronaves.<br \/>\nComunicaci\u00f3n integrada: los paneles UFC y HUD comparten una \u00fanica interfaz USB, reduciendo el n\u00famero de puertos USB necesarios en la computadora.<br \/>\nInstalaci\u00f3n integrada: los paneles UFC y HUD comparten un conjunto de soportes de montaje para una conexi\u00f3n perfecta y ajustes simplificados.<br \/>\nPantalla digital realista, SIMAPP PRO se sincroniza autom\u00e1ticamente con la pantalla de DCS.<br \/>\nFunci\u00f3n plug-and-play de SIMAPP PRO (soporte en expansi\u00f3n gradual para m\u00e1s m\u00f3dulos de aeronaves y simuladores de vuelo).<\/p>\n<p>Configuraci\u00f3n y Par\u00e1metros:<br \/>\nUFC<br \/>\nInterruptor de retroiluminaci\u00f3n.<br \/>\nSelectores de funciones de retroiluminaci\u00f3n 5.<br \/>\nTeclado num\u00e9rico 12.<br \/>\nPara AP\/IFF\/TCN\/ILS\/DL\/BCN\/ONOFF.<br \/>\nInterruptor de palanca de tres posiciones ADF.<br \/>\nPerillas VOL (eje de potenci\u00f3metro) 2 con indicaci\u00f3n retroiluminada.<br \/>\nPerillas BRT (eje de potenci\u00f3metro) con indicaci\u00f3n retroiluminada.<br \/>\nTecnolog\u00eda y Durabilidad Excelentes<\/p>\n<p>Botones:<br \/>\nRecorrido largo para evitar pulsaciones accidentales.<br \/>\nRetroiluminaci\u00f3n integrada.<br \/>\nKeycaps moldeados industrialmente con alta precisi\u00f3n.<\/p>\n<p>Dise\u00f1o Modular:<\/p>\n<p>M\u00faltiples m\u00f3dulos independientes con diferentes funciones, combinables libremente.<\/p>\n<p>TOP GUN, control legendario, experiencia m\u00e1xima de cabina para NavyAce:<\/p>\n<p>UFC \u00d7 1<br \/>\nHUD \u00d7 1<br \/>\nMFD \u00d7 3<br \/>\nUSB DISPLAY \u00d7 3<br \/>\nMP1 \u00d7 3<\/p>\n<p>NavyAce, integraci\u00f3n humano-m\u00e1quina, experiencia m\u00e1xima de cabina para usuarios de VR:<\/p>\n<p>UFC \u00d7 1<br \/>\nHUD \u00d7 1<br \/>\nMFD \u00d7 3<br \/>\nMP1 \u00d7 3<br \/>\nCombinaci\u00f3n con un soporte central para joystick de intercambio r\u00e1pido integrado y ligero.<\/p>\n<p>(UFC + HUD + MFD + USB DISPLAY)<br \/>\nWSO suite, la maestr\u00eda del StrikeAce E:<\/p>\n<p>(MFD + USB DISPLAY) 4<br \/>\nSuite de escritorio, experiencia inmersiva y ligera:<\/p>\n<p>(MFD + USB DISPLAY + MFD + USB DISPLAY + UFC)<br \/>\nUFC \u00d7 1<br \/>\nMFD \u00d7 2<br \/>\nUSB DISPLAY \u00d7 2<br \/>\nMP1 \u00d7 3<br \/>\nLigero y conveniente para operaciones ampliadas del acelerador:<br \/>\n(MFD + MP1)<\/p>\n<p>Par\u00e1metros T\u00e9cnicos:<br \/>\nModelo del producto: UFC1<br \/>\nMaterial del producto: ABS\/PC<br \/>\nTama\u00f1o del paquete: 23.6 \u00d7 21.6 \u00d7 14.5 cm<br \/>\nPeso del paquete: 1.5 kg<\/p>\n<p>Compatibility:<br \/>\nPanel Mount1 (2 posiciones de instalaci\u00f3n para cada uno).<br \/>\nNavyAce-HUD Unit1<\/p>","protected":false},"excerpt":{"rendered":"<p>Panel e Imagen1 Molde estructurado 1:1 con superficie texturizada 3D. Retroiluminaci\u00f3n ajustable en m\u00faltiples paneles vinculados, compatible con modos operativos [&hellip;]<\/p>","protected":false},"featured_media":8579,"template":"","meta":{"site-sidebar-layout":"default","site-content-layout":"","ast-site-content-layout":"default","site-content-style":"default","site-sidebar-style":"default","ast-global-header-display":"","ast-banner-title-visibility":"","ast-main-header-display":"","ast-hfb-above-header-display":"","ast-hfb-below-header-display":"","ast-hfb-mobile-header-display":"","site-post-title":"","ast-breadcrumbs-content":"","ast-featured-img":"","footer-sml-layout":"","theme-transparent-header-meta":"default","adv-header-id-meta":"","stick-header-meta":"","header-above-stick-meta":"","header-main-stick-meta":"","header-below-stick-meta":"","astra-migrate-meta-layouts":"set","ast-page-background-enabled":"default","ast-page-background-meta":{"desktop":{"background-color":"var(--ast-global-color-4)","background-image":"","background-repeat":"repeat","background-position":"center center","background-size":"auto","background-attachment":"scroll","background-type":"","background-media":"","overlay-type":"","overlay-color":"","overlay-opacity":"","overlay-gradient":""},"tablet":{"background-color":"","background-image":"","background-repeat":"repeat","background-position":"center center","background-size":"auto","background-attachment":"scroll","background-type":"","background-media":"","overlay-type":"","overlay-color":"","overlay-opacity":"","overlay-gradient":""},"mobile":{"background-color":"","background-image":"","background-repeat":"repeat","background-position":"center center","background-size":"auto","background-attachment":"scroll","background-type":"","background-media":"","overlay-type":"","overlay-color":"","overlay-opacity":"","overlay-gradient":""}},"ast-content-background-meta":{"desktop":{"background-color":"var(--ast-global-color-5)","background-image":"","background-repeat":"repeat","background-position":"center center","background-size":"auto","background-attachment":"scroll","background-type":"","background-media":"","overlay-type":"","overlay-color":"","overlay-opacity":"","overlay-gradient":""},"tablet":{"background-color":"var(--ast-global-color-5)","background-image":"","background-repeat":"repeat","background-position":"center center","background-size":"auto","background-attachment":"scroll","background-type":"","background-media":"","overlay-type":"","overlay-color":"","overlay-opacity":"","overlay-gradient":""},"mobile":{"background-color":"var(--ast-global-color-5)","background-image":"","background-repeat":"repeat","background-position":"center center","background-size":"auto","background-attachment":"scroll","background-type":"","background-media":"","overlay-type":"","overlay-color":"","overlay-opacity":"","overlay-gradient":""}}},"pwb-brand":[56],"product_brand":[],"product_cat":[21],"product_tag":[61],"class_list":{"0":"post-2612","1":"product","2":"type-product","3":"status-publish","4":"has-post-thumbnail","6":"pwb-brand-winwing","7":"product_cat-perifericos-de-vuelo","8":"product_tag-periferico-de-vuelo","9":"desktop-align-left","10":"tablet-align-left","11":"mobile-align-left","13":"first","14":"outofstock","15":"taxable","16":"shipping-taxable","17":"purchasable","18":"product-type-simple"},"brands":[{"id":56,"name":"WINWING","slug":"winwing"}],"_links":{"self":[{"href":"https:\/\/tmasimuladores.com.ar\/en\/wp-json\/wp\/v2\/product\/2612","targetHints":{"allow":["GET"]}}],"collection":[{"href":"https:\/\/tmasimuladores.com.ar\/en\/wp-json\/wp\/v2\/product"}],"about":[{"href":"https:\/\/tmasimuladores.com.ar\/en\/wp-json\/wp\/v2\/types\/product"}],"wp:featuredmedia":[{"embeddable":true,"href":"https:\/\/tmasimuladores.com.ar\/en\/wp-json\/wp\/v2\/media\/8579"}],"wp:attachment":[{"href":"https:\/\/tmasimuladores.com.ar\/en\/wp-json\/wp\/v2\/media?parent=2612"}],"wp:term":[{"taxonomy":"pwb-brand","embeddable":true,"href":"https:\/\/tmasimuladores.com.ar\/en\/wp-json\/wp\/v2\/pwb-brand?post=2612"},{"taxonomy":"product_brand","embeddable":true,"href":"https:\/\/tmasimuladores.com.ar\/en\/wp-json\/wp\/v2\/product_brand?post=2612"},{"taxonomy":"product_cat","embeddable":true,"href":"https:\/\/tmasimuladores.com.ar\/en\/wp-json\/wp\/v2\/product_cat?post=2612"},{"taxonomy":"product_tag","embeddable":true,"href":"https:\/\/tmasimuladores.com.ar\/en\/wp-json\/wp\/v2\/product_tag?post=2612"}],"curies":[{"name":"wp","href":"https:\/\/api.w.org\/{rel}","templated":true}]}}