{"id":2606,"date":"2025-01-02T12:55:26","date_gmt":"2025-01-02T12:55:26","guid":{"rendered":"https:\/\/tmasimuladores.com.ar\/?post_type=product&#038;p=2606"},"modified":"2026-01-20T17:59:29","modified_gmt":"2026-01-20T17:59:29","slug":"navyace-hud-unit1","status":"publish","type":"product","link":"https:\/\/tmasimuladores.com.ar\/en\/product\/navyace-hud-unit1\/","title":{"rendered":"NavyAce-HUD Unit1"},"content":{"rendered":"<p>Panel e Imagen:<br \/>\nMolde estructurado 1:1 con superficie texturizada en 3D.<br \/>\nRetroiluminaci\u00f3n vinculada ajustable en m\u00faltiples paneles, compatible con modos operativos como sincronizaci\u00f3n autom\u00e1tica con el juego y control en red.<br \/>\nKeycaps personalizados completamente realistas, con teclas retroiluminadas y mayor recorrido.<\/p>\n<p>Mejor Aplicabilidad:<br \/>\nComunicaci\u00f3n integrada: Los paneles UFC y HUD comparten una sola interfaz USB, reduciendo la cantidad de puertos USB necesarios en el ordenador.<br \/>\nInstalaci\u00f3n integrada: Los paneles UFC y HUD comparten un conjunto de soportes de montaje para una conexi\u00f3n fluida y ajustes simplificados.<br \/>\nFuncionalidad plug-and-play con SIMAPP PRO, que ampl\u00eda gradualmente el soporte para m\u00e1s m\u00f3dulos de aeronaves y simuladores de vuelo.<\/p>\n<p>Configuraci\u00f3n y Par\u00e1metros:<br \/>\nHUD<br \/>\nInterruptores de dos posiciones DAY\/ALT<br \/>\nInterruptores de tres posiciones NORM\/ATT\/VID<br \/>\nInterruptores de tres posiciones con resorte HDG\/CRS<br \/>\nPerillas (eje potenci\u00f3metro) con indicaci\u00f3n retroiluminada para BRT\/BLK LVL\/BAL\/AOA<\/p>\n<p>Dise\u00f1o Modular:<br \/>\nM\u00faltiples m\u00f3dulos independientes con diferentes funciones, combinables libremente.<\/p>\n<p>Experiencia de cabina:<br \/>\nTOP GUN, control legendario, experiencia m\u00e1xima para NavyAce.<\/p>\n<p>UFC \u00d7 1<br \/>\nHUD \u00d7 1<br \/>\nMFD \u00d7 3<br \/>\nUSB DISPLAY \u00d7 3<br \/>\nMP1 \u00d7 3<br \/>\nIntegraci\u00f3n humano-m\u00e1quina:<br \/>\nNavyAce, experiencia m\u00e1xima de cabina para usuarios de VR.<\/p>\n<p>UFC \u00d7 1<br \/>\nHUD \u00d7 1<br \/>\nMFD \u00d7 3<br \/>\nMP1 \u00d7 3<br \/>\nControl central:<br \/>\nCombinaci\u00f3n de un soporte central para joystick con un control central ligero de intercambio r\u00e1pido.<\/p>\n<p>(UFC+HUD+MFD+USB DISPLAY)<br \/>\nSuite WSO:<br \/>\nEl maestro del StrikeAce E.<\/p>\n<p>(MFD+USB DISPLAY) 4<br \/>\nSuite de escritorio:<br \/>\nExperiencia inmersiva ligera.<\/p>\n<p>(MFD+USB DISPLAY+MFD+USB DISPLAY+UFC)<br \/>\nUFC \u00d7 1<br \/>\nMFD \u00d7 2<br \/>\nUSB DISPLAY \u00d7 2<br \/>\nMP1 \u00d7 3<br \/>\nOperaciones expandidas de acelerador:<br \/>\nLigero y conveniente.<br \/>\n(MFD+MP1)<\/p>\n<p>Par\u00e1metro T\u00e9cnico:<br \/>\nModelo del producto: HUD1<br \/>\nMaterial del producto: ABS\/PC<br \/>\nTama\u00f1o del paquete: 23.6 \u00d7 10.6 \u00d7 16.5 cm<br \/>\nPeso del paquete: 1 kg<\/p>\n<p>Compatibility:<br \/>\nPanel Mount1 (2 posiciones de instalaci\u00f3n para cada uno).<br \/>\nNavyAce-UFC Unit1<\/p>","protected":false},"excerpt":{"rendered":"<p>Panel e Imagen: Molde estructurado 1:1 con superficie texturizada en 3D. Retroiluminaci\u00f3n vinculada ajustable en m\u00faltiples paneles, compatible con modos [&hellip;]<\/p>","protected":false},"featured_media":8578,"template":"","meta":{"site-sidebar-layout":"default","site-content-layout":"","ast-site-content-layout":"default","site-content-style":"default","site-sidebar-style":"default","ast-global-header-display":"","ast-banner-title-visibility":"","ast-main-header-display":"","ast-hfb-above-header-display":"","ast-hfb-below-header-display":"","ast-hfb-mobile-header-display":"","site-post-title":"","ast-breadcrumbs-content":"","ast-featured-img":"","footer-sml-layout":"","theme-transparent-header-meta":"default","adv-header-id-meta":"","stick-header-meta":"","header-above-stick-meta":"","header-main-stick-meta":"","header-below-stick-meta":"","astra-migrate-meta-layouts":"set","ast-page-background-enabled":"default","ast-page-background-meta":{"desktop":{"background-color":"var(--ast-global-color-4)","background-image":"","background-repeat":"repeat","background-position":"center center","background-size":"auto","background-attachment":"scroll","background-type":"","background-media":"","overlay-type":"","overlay-color":"","overlay-opacity":"","overlay-gradient":""},"tablet":{"background-color":"","background-image":"","background-repeat":"repeat","background-position":"center center","background-size":"auto","background-attachment":"scroll","background-type":"","background-media":"","overlay-type":"","overlay-color":"","overlay-opacity":"","overlay-gradient":""},"mobile":{"background-color":"","background-image":"","background-repeat":"repeat","background-position":"center center","background-size":"auto","background-attachment":"scroll","background-type":"","background-media":"","overlay-type":"","overlay-color":"","overlay-opacity":"","overlay-gradient":""}},"ast-content-background-meta":{"desktop":{"background-color":"var(--ast-global-color-5)","background-image":"","background-repeat":"repeat","background-position":"center center","background-size":"auto","background-attachment":"scroll","background-type":"","background-media":"","overlay-type":"","overlay-color":"","overlay-opacity":"","overlay-gradient":""},"tablet":{"background-color":"var(--ast-global-color-5)","background-image":"","background-repeat":"repeat","background-position":"center center","background-size":"auto","background-attachment":"scroll","background-type":"","background-media":"","overlay-type":"","overlay-color":"","overlay-opacity":"","overlay-gradient":""},"mobile":{"background-color":"var(--ast-global-color-5)","background-image":"","background-repeat":"repeat","background-position":"center center","background-size":"auto","background-attachment":"scroll","background-type":"","background-media":"","overlay-type":"","overlay-color":"","overlay-opacity":"","overlay-gradient":""}}},"pwb-brand":[56],"product_brand":[],"product_cat":[21],"product_tag":[61],"class_list":{"0":"post-2606","1":"product","2":"type-product","3":"status-publish","4":"has-post-thumbnail","6":"pwb-brand-winwing","7":"product_cat-perifericos-de-vuelo","8":"product_tag-periferico-de-vuelo","9":"desktop-align-left","10":"tablet-align-left","11":"mobile-align-left","13":"first","14":"outofstock","15":"taxable","16":"shipping-taxable","17":"purchasable","18":"product-type-simple"},"brands":[{"id":56,"name":"WINWING","slug":"winwing"}],"_links":{"self":[{"href":"https:\/\/tmasimuladores.com.ar\/en\/wp-json\/wp\/v2\/product\/2606","targetHints":{"allow":["GET"]}}],"collection":[{"href":"https:\/\/tmasimuladores.com.ar\/en\/wp-json\/wp\/v2\/product"}],"about":[{"href":"https:\/\/tmasimuladores.com.ar\/en\/wp-json\/wp\/v2\/types\/product"}],"wp:featuredmedia":[{"embeddable":true,"href":"https:\/\/tmasimuladores.com.ar\/en\/wp-json\/wp\/v2\/media\/8578"}],"wp:attachment":[{"href":"https:\/\/tmasimuladores.com.ar\/en\/wp-json\/wp\/v2\/media?parent=2606"}],"wp:term":[{"taxonomy":"pwb-brand","embeddable":true,"href":"https:\/\/tmasimuladores.com.ar\/en\/wp-json\/wp\/v2\/pwb-brand?post=2606"},{"taxonomy":"product_brand","embeddable":true,"href":"https:\/\/tmasimuladores.com.ar\/en\/wp-json\/wp\/v2\/product_brand?post=2606"},{"taxonomy":"product_cat","embeddable":true,"href":"https:\/\/tmasimuladores.com.ar\/en\/wp-json\/wp\/v2\/product_cat?post=2606"},{"taxonomy":"product_tag","embeddable":true,"href":"https:\/\/tmasimuladores.com.ar\/en\/wp-json\/wp\/v2\/product_tag?post=2606"}],"curies":[{"name":"wp","href":"https:\/\/api.w.org\/{rel}","templated":true}]}}