{"id":2601,"date":"2025-01-02T12:53:38","date_gmt":"2025-01-02T12:53:38","guid":{"rendered":"https:\/\/tmasimuladores.com.ar\/?post_type=product&#038;p=2601"},"modified":"2026-02-06T20:57:48","modified_gmt":"2026-02-06T20:57:48","slug":"mfd1with-usb3-0-display","status":"publish","type":"product","link":"https:\/\/tmasimuladores.com.ar\/en\/product\/mfd1with-usb3-0-display\/","title":{"rendered":"MFD1(With USB3.0 Display)"},"content":{"rendered":"<p>Panel e Imagen<br \/>\nMolde con estructura 1:1, superficie texturizada en 3D.<br \/>\nRetroiluminaci\u00f3n ajustable en paneles m\u00faltiples vinculados, compatible con varios modos de operaci\u00f3n como sincronizaci\u00f3n autom\u00e1tica con el juego y control en red.<br \/>\nTeclas personalizadas totalmente realistas, con retroiluminaci\u00f3n y recorrido extendido.<\/p>\n<p>Mejor Aplicabilidad<br \/>\nCambio con un clic entre 3 paneles personalizados.<br \/>\nLa funci\u00f3n de cambio se refiere a: el bot\u00f3n de tres posiciones puede configurarse para alternar entre tres archivos de configuraci\u00f3n de botones MFD diferentes.<br \/>\nFuncionalidad plug-and-play a trav\u00e9s de SIMAPP PRO (compatible con las plataformas DCS y BMS, con adaptaciones continuas para m\u00e1s m\u00f3dulos de aeronaves).<br \/>\nDise\u00f1o de teclas extendido de 9\u00d79 conforme, que cubre todos los escenarios de control y mejora significativamente la versatilidad.<br \/>\nConfiguraci\u00f3n y Par\u00e1metros<br \/>\nMFD<\/p>\n<p>Perillas deslizantes de tres posiciones<br \/>\nCodificador<br \/>\nBotones basculantes de silicona retroiluminados \u00d74<br \/>\nBotones cuadrados de silicona retroiluminados \u00d720<br \/>\nBotones rectangulares de silicona \u00d716<br \/>\nExcelente Tecnolog\u00eda y Durabilidad<\/p>\n<p>Botones:<br \/>\nLargo recorrido para evitar pulsaciones accidentales<br \/>\nRetroiluminaci\u00f3n integrada<br \/>\nTeclas moldeadas con precisi\u00f3n industrial<\/p>\n<p>Dise\u00f1o Modular<br \/>\nM\u00faltiples m\u00f3dulos independientes con diferentes funciones, combinables libremente:<br \/>\nUFC \u00d7 1<br \/>\nHUD \u00d7 1<br \/>\nMFD \u00d7 3<br \/>\nUSB DISPLAY \u00d7 3<br \/>\nMP1 \u00d7 3<\/p>\n<p>Combinaciones sugeridas:<br \/>\nNavyAce, integraci\u00f3n humano-m\u00e1quina, experiencia m\u00e1xima de cabina para usuarios de VR:<br \/>\nUFC \u00d7 1, HUD \u00d7 1, MFD \u00d7 3, MP1 \u00d7 3<\/p>\n<p>Montura central ligera con control central de cambio r\u00e1pido integrado:<br \/>\n(UFC+HUD+MFD+USB DISPLAY)<\/p>\n<p>Suite WSO, maestro del StrikeAce E:<br \/>\n(MFD+USB DISPLAY) \u00d7 4<\/p>\n<p>Suite de escritorio, experiencia inmersiva ligera:<br \/>\n(MFD+USB DISPLAY+MFD+USB DISPLAY+UFC)<br \/>\nUFC \u00d7 1, MFD \u00d7 2, USB DISPLAY \u00d7 2, MP1 \u00d7 3<\/p>\n<p>Ligera y conveniente para operaciones de acelerador expandidas:<br \/>\n(MFD+MP1)<\/p>\n<p>Par\u00e1metros T\u00e9cnicos<br \/>\nModelo de Producto: MFD1<br \/>\nMaterial del Producto: ABS\/PC\/Aluminio<br \/>\nTama\u00f1o del Paquete: 20.6 \u00d7 9.1 \u00d7 23 cm<br \/>\nPeso del Paquete: 1 kg<\/p>\n<p>Compatibilidad<br \/>\nPanel Mount1 (2 posiciones de instalaci\u00f3n para cada uno).<br \/>\nUSB3.0 Instrument Display1.<\/p>","protected":false},"excerpt":{"rendered":"<p>Panel e Imagen Molde con estructura 1:1, superficie texturizada en 3D. Retroiluminaci\u00f3n ajustable en paneles m\u00faltiples vinculados, compatible con varios [&hellip;]<\/p>","protected":false},"featured_media":8412,"template":"","meta":{"site-sidebar-layout":"default","site-content-layout":"","ast-site-content-layout":"default","site-content-style":"default","site-sidebar-style":"default","ast-global-header-display":"","ast-banner-title-visibility":"","ast-main-header-display":"","ast-hfb-above-header-display":"","ast-hfb-below-header-display":"","ast-hfb-mobile-header-display":"","site-post-title":"","ast-breadcrumbs-content":"","ast-featured-img":"","footer-sml-layout":"","theme-transparent-header-meta":"default","adv-header-id-meta":"","stick-header-meta":"","header-above-stick-meta":"","header-main-stick-meta":"","header-below-stick-meta":"","astra-migrate-meta-layouts":"set","ast-page-background-enabled":"default","ast-page-background-meta":{"desktop":{"background-color":"var(--ast-global-color-4)","background-image":"","background-repeat":"repeat","background-position":"center center","background-size":"auto","background-attachment":"scroll","background-type":"","background-media":"","overlay-type":"","overlay-color":"","overlay-opacity":"","overlay-gradient":""},"tablet":{"background-color":"","background-image":"","background-repeat":"repeat","background-position":"center center","background-size":"auto","background-attachment":"scroll","background-type":"","background-media":"","overlay-type":"","overlay-color":"","overlay-opacity":"","overlay-gradient":""},"mobile":{"background-color":"","background-image":"","background-repeat":"repeat","background-position":"center center","background-size":"auto","background-attachment":"scroll","background-type":"","background-media":"","overlay-type":"","overlay-color":"","overlay-opacity":"","overlay-gradient":""}},"ast-content-background-meta":{"desktop":{"background-color":"var(--ast-global-color-5)","background-image":"","background-repeat":"repeat","background-position":"center center","background-size":"auto","background-attachment":"scroll","background-type":"","background-media":"","overlay-type":"","overlay-color":"","overlay-opacity":"","overlay-gradient":""},"tablet":{"background-color":"var(--ast-global-color-5)","background-image":"","background-repeat":"repeat","background-position":"center center","background-size":"auto","background-attachment":"scroll","background-type":"","background-media":"","overlay-type":"","overlay-color":"","overlay-opacity":"","overlay-gradient":""},"mobile":{"background-color":"var(--ast-global-color-5)","background-image":"","background-repeat":"repeat","background-position":"center center","background-size":"auto","background-attachment":"scroll","background-type":"","background-media":"","overlay-type":"","overlay-color":"","overlay-opacity":"","overlay-gradient":""}}},"pwb-brand":[56],"product_brand":[],"product_cat":[21],"product_tag":[61],"class_list":{"0":"post-2601","1":"product","2":"type-product","3":"status-publish","4":"has-post-thumbnail","6":"pwb-brand-winwing","7":"product_cat-perifericos-de-vuelo","8":"product_tag-periferico-de-vuelo","9":"desktop-align-left","10":"tablet-align-left","11":"mobile-align-left","13":"first","14":"outofstock","15":"taxable","16":"shipping-taxable","17":"purchasable","18":"product-type-simple"},"brands":[{"id":56,"name":"WINWING","slug":"winwing"}],"_links":{"self":[{"href":"https:\/\/tmasimuladores.com.ar\/en\/wp-json\/wp\/v2\/product\/2601","targetHints":{"allow":["GET"]}}],"collection":[{"href":"https:\/\/tmasimuladores.com.ar\/en\/wp-json\/wp\/v2\/product"}],"about":[{"href":"https:\/\/tmasimuladores.com.ar\/en\/wp-json\/wp\/v2\/types\/product"}],"wp:featuredmedia":[{"embeddable":true,"href":"https:\/\/tmasimuladores.com.ar\/en\/wp-json\/wp\/v2\/media\/8412"}],"wp:attachment":[{"href":"https:\/\/tmasimuladores.com.ar\/en\/wp-json\/wp\/v2\/media?parent=2601"}],"wp:term":[{"taxonomy":"pwb-brand","embeddable":true,"href":"https:\/\/tmasimuladores.com.ar\/en\/wp-json\/wp\/v2\/pwb-brand?post=2601"},{"taxonomy":"product_brand","embeddable":true,"href":"https:\/\/tmasimuladores.com.ar\/en\/wp-json\/wp\/v2\/product_brand?post=2601"},{"taxonomy":"product_cat","embeddable":true,"href":"https:\/\/tmasimuladores.com.ar\/en\/wp-json\/wp\/v2\/product_cat?post=2601"},{"taxonomy":"product_tag","embeddable":true,"href":"https:\/\/tmasimuladores.com.ar\/en\/wp-json\/wp\/v2\/product_tag?post=2601"}],"curies":[{"name":"wp","href":"https:\/\/api.w.org\/{rel}","templated":true}]}}