{"id":2595,"date":"2025-01-02T12:52:23","date_gmt":"2025-01-02T12:52:23","guid":{"rendered":"https:\/\/tmasimuladores.com.ar\/?post_type=product&#038;p=2595"},"modified":"2025-10-28T15:18:22","modified_gmt":"2025-10-28T15:18:22","slug":"icp","status":"publish","type":"product","link":"https:\/\/tmasimuladores.com.ar\/en\/product\/icp\/","title":{"rendered":"ICP"},"content":{"rendered":"<p class=\"translation-block\">Panel and Image\nPerfectly replicates 16 ICP bl.50 button layout and integrates DED screen.\nButton layout matches the in-game aircraft versions of DCS and BMS.\nThree-dimensional panel design with authentic positioning, long-travel high-difference buttons, and VR-friendly.\n4 precision-molded injection-molded damped thumbwheels with excellent tactile feedback.\nWARN RESET adopts the single-side self-centering toggle switch, matching the real aircraft.\nBacklight can be adjusted in sync with the game or customized using axes for control.\nDED screen features a 4.58-inch industrial-grade dot matrix display with a resolution of 200*65 and an added transparent acrylic cover for a realistic depth visual experience.\nIn-house developed transmission protocols and firmware programs drive the industrial-grade dot matrix display, faithfully reproducing the authentic representation of classic fighter jets from decades ago, resulting in a distinct realistic dot matrix display experience different from modern digital displays.<\/p>\n<p class=\"translation-block\">Better Applicability:\nThe DED screen can be adapted for generic displays on other aircraft modules (e.g., A10 countermeasure settings and CMS information display).\n*Note: Adaptation for specific modules will be available after release.\nCompatible with both DCS and BMS platforms.\n\n\nConfiguration and Parameters:\nICP\nSilicone backlight buttons * 23, with a key travel of 1.2mm\nThree-position non-self-centering toggle switch * 1\nThree-position single-side self-centering toggle switch * 1\nFive-way hat switch * 1\nAxes * 4, with a single active travel of 220 degrees and a resolution of 0-4095\n4.58-inch dot matrix display, with a resolution of 200*65 and adjustable brightness<\/p>\n<p class=\"translation-block\">Tecnolog\u00eda y Durabilidad Excelentes:<br>\r\nBotones:<br>\r\nRecorrido largo para evitar pulsaciones accidentales.<br>\r\nRetroiluminaci\u00f3n integrada.<br>\r\nKeycaps moldeados industrialmente con alta precisi\u00f3n.<br>\r\nMolde estructurado 1:1 con superficie texturizada 3D.<br>\r\nRetroiluminaci\u00f3n ajustable con soporte para sincronizaci\u00f3n autom\u00e1tica del juego y control en red.<br>\r\nRuedas de pulgar con marcas grabadas mediante tecnolog\u00eda de transparencia hueca, garantizando precisi\u00f3n, limpieza y resistencia al desgaste.<br>\r\nPantalla DED de calidad industrial, matriz de puntos de 4.58 pulgadas con resoluci\u00f3n de 200 \u00d7 65.<\/p>\n<p class=\"translation-block\">Dise\u00f1o Modular:<br>\r\nEl ICP incluye soportes de montaje.<br>\r\nCompatible para combinarse y cambiarse r\u00e1pidamente con UFC.<br>\r\nPuede colocarse sobre el escritorio o montarse de forma segura en el borde de la mesa utilizando el accesorio de sujeci\u00f3n MP1 o instalarse directamente en un marco de perfil de aluminio 4080.<\/p>","protected":false},"excerpt":{"rendered":"<p>Panel e Imagen: R\u00e9plica perfecta de la disposici\u00f3n de botones del ICP bl.50 con integraci\u00f3n de pantalla DED. La disposici\u00f3n [&hellip;]<\/p>","protected":false},"featured_media":8404,"template":"","meta":{"site-sidebar-layout":"default","site-content-layout":"","ast-site-content-layout":"default","site-content-style":"default","site-sidebar-style":"default","ast-global-header-display":"","ast-banner-title-visibility":"","ast-main-header-display":"","ast-hfb-above-header-display":"","ast-hfb-below-header-display":"","ast-hfb-mobile-header-display":"","site-post-title":"","ast-breadcrumbs-content":"","ast-featured-img":"","footer-sml-layout":"","theme-transparent-header-meta":"default","adv-header-id-meta":"","stick-header-meta":"","header-above-stick-meta":"","header-main-stick-meta":"","header-below-stick-meta":"","astra-migrate-meta-layouts":"set","ast-page-background-enabled":"default","ast-page-background-meta":{"desktop":{"background-color":"var(--ast-global-color-4)","background-image":"","background-repeat":"repeat","background-position":"center center","background-size":"auto","background-attachment":"scroll","background-type":"","background-media":"","overlay-type":"","overlay-color":"","overlay-opacity":"","overlay-gradient":""},"tablet":{"background-color":"","background-image":"","background-repeat":"repeat","background-position":"center center","background-size":"auto","background-attachment":"scroll","background-type":"","background-media":"","overlay-type":"","overlay-color":"","overlay-opacity":"","overlay-gradient":""},"mobile":{"background-color":"","background-image":"","background-repeat":"repeat","background-position":"center center","background-size":"auto","background-attachment":"scroll","background-type":"","background-media":"","overlay-type":"","overlay-color":"","overlay-opacity":"","overlay-gradient":""}},"ast-content-background-meta":{"desktop":{"background-color":"var(--ast-global-color-5)","background-image":"","background-repeat":"repeat","background-position":"center center","background-size":"auto","background-attachment":"scroll","background-type":"","background-media":"","overlay-type":"","overlay-color":"","overlay-opacity":"","overlay-gradient":""},"tablet":{"background-color":"var(--ast-global-color-5)","background-image":"","background-repeat":"repeat","background-position":"center center","background-size":"auto","background-attachment":"scroll","background-type":"","background-media":"","overlay-type":"","overlay-color":"","overlay-opacity":"","overlay-gradient":""},"mobile":{"background-color":"var(--ast-global-color-5)","background-image":"","background-repeat":"repeat","background-position":"center center","background-size":"auto","background-attachment":"scroll","background-type":"","background-media":"","overlay-type":"","overlay-color":"","overlay-opacity":"","overlay-gradient":""}}},"pwb-brand":[56],"product_brand":[],"product_cat":[21],"product_tag":[61],"class_list":{"0":"post-2595","1":"product","2":"type-product","3":"status-publish","4":"has-post-thumbnail","6":"pwb-brand-winwing","7":"product_cat-perifericos-de-vuelo","8":"product_tag-periferico-de-vuelo","9":"desktop-align-left","10":"tablet-align-left","11":"mobile-align-left","13":"first","14":"instock","15":"taxable","16":"shipping-taxable","17":"purchasable","18":"product-type-simple"},"brands":[{"id":56,"name":"WINWING","slug":"winwing"}],"_links":{"self":[{"href":"https:\/\/tmasimuladores.com.ar\/en\/wp-json\/wp\/v2\/product\/2595","targetHints":{"allow":["GET"]}}],"collection":[{"href":"https:\/\/tmasimuladores.com.ar\/en\/wp-json\/wp\/v2\/product"}],"about":[{"href":"https:\/\/tmasimuladores.com.ar\/en\/wp-json\/wp\/v2\/types\/product"}],"wp:featuredmedia":[{"embeddable":true,"href":"https:\/\/tmasimuladores.com.ar\/en\/wp-json\/wp\/v2\/media\/8404"}],"wp:attachment":[{"href":"https:\/\/tmasimuladores.com.ar\/en\/wp-json\/wp\/v2\/media?parent=2595"}],"wp:term":[{"taxonomy":"pwb-brand","embeddable":true,"href":"https:\/\/tmasimuladores.com.ar\/en\/wp-json\/wp\/v2\/pwb-brand?post=2595"},{"taxonomy":"product_brand","embeddable":true,"href":"https:\/\/tmasimuladores.com.ar\/en\/wp-json\/wp\/v2\/product_brand?post=2595"},{"taxonomy":"product_cat","embeddable":true,"href":"https:\/\/tmasimuladores.com.ar\/en\/wp-json\/wp\/v2\/product_cat?post=2595"},{"taxonomy":"product_tag","embeddable":true,"href":"https:\/\/tmasimuladores.com.ar\/en\/wp-json\/wp\/v2\/product_tag?post=2595"}],"curies":[{"name":"wp","href":"https:\/\/api.w.org\/{rel}","templated":true}]}}