{"id":2528,"date":"2024-12-30T13:49:35","date_gmt":"2024-12-30T13:49:35","guid":{"rendered":"https:\/\/tmasimuladores.com.ar\/?post_type=product&#038;p=2528"},"modified":"2026-01-06T19:41:36","modified_gmt":"2026-01-06T19:41:36","slug":"winwing-orion-metal-flight-rudder-pedals-with-damper-edition","status":"publish","type":"product","link":"https:\/\/tmasimuladores.com.ar\/en\/product\/winwing-orion-metal-flight-rudder-pedals-with-damper-edition\/","title":{"rendered":"WINWING Orion Metal Flight Rudder Pedals (With Damper Edition)"},"content":{"rendered":"<p>Specifications:<\/p>\n<p>Estructura e Imagen:<br \/>\nMarco completamente met\u00e1lico y estructura de retorno al centro de acero inoxidable, con un ancho de pedal de 54 cm que coincide con la mayor\u00eda de los aviones de combate, proporcionando una experiencia de control realista.<br \/>\nReposapi\u00e9s con modelo realista integrado mediante fundici\u00f3n a presi\u00f3n, permitiendo una colocaci\u00f3n flexible de los pies y una experiencia de vuelo c\u00f3moda durante per\u00edodos prolongados.<br \/>\nEstructura de paralelogramo mejorada que reduce los requisitos de espacio de instalaci\u00f3n, facilitando su configuraci\u00f3n para los usuarios.<\/p>\n<p>Todas las partes m\u00f3viles de los rudder pedals cuentan con dise\u00f1o de amortiguaci\u00f3n integrado, evitando sensaciones de impacto al pedalear.<\/p>\n<p>Mejor Aplicabilidad:<br \/>\nResortes de cambio r\u00e1pido y estructura de retorno al centro personalizada, combinados con un kit de bloqueo del eje principal, que permiten cambiar entre modos de control en 3 segundos sin herramientas:<br \/>\nModo de alta amortiguaci\u00f3n sin retorno al centro para aeronaves de ala rotatoria.<br \/>\nModo de retorno al centro para aeronaves de ala fija.<br \/>\nModo de conducci\u00f3n para veh\u00edculos terrestres.<br \/>\nBase met\u00e1lica antideslizante de alta resistencia y gran tama\u00f1o, con almohadillas antideslizantes (adecuadas para pisos de madera, baldosas y concreto) y orificios de montaje reservados, proporcionando una experiencia segura y amigable para jugadores de escritorio.<br \/>\nOrificios de montaje en perfil reservados en la base y la placa inferior, compatibles con diversos m\u00e9todos de instalaci\u00f3n, ofreciendo una experiencia amigable tanto para jugadores de escritorio como para cabinas de simulaci\u00f3n.<\/p>\n<p>Configuraci\u00f3n y Par\u00e1metros:<br \/>\nDimensiones: 542 mm de largo, 313 mm de ancho, 218 mm de alto.<br \/>\nPeso: 6.6 kg (14.55 lb).<br \/>\nPedales: \u00c1ngulo de inclinaci\u00f3n de 30\u00b0, fuerza de pedal de 7.5 kg.<\/p>\n<p>Eje Principal:<br \/>\n\u00c1ngulo \u00fatil de 38\u00b0 (recorrido \u00fatil de 18 cm).<br \/>\nFuerza del eje principal: 8.5 kg sin amortiguador, 10.3-20 kg con amortiguador.<br \/>\nTornillo limitador del eje principal: Ajuste infinito que controla el recorrido del eje de gui\u00f1ada de 0 a 38\u00b0.<\/p>\n<p>Sensores Hall:<br \/>\nEl \u00e1ngulo de inclinaci\u00f3n del pedal puede ajustarse dentro de un rango de 102\u00b0-148\u00b0, con tres niveles de ajuste preciso para adaptarse a diferentes posiciones de asiento, tanto para usuarios de escritorio como de cabinas de simulaci\u00f3n.<br \/>\nM\u00e1ximo recorrido \u00fatil de 18 cm, l\u00edder en la industria, disponible para ajustes micro o con tope seg\u00fan preferencia personal.<\/p>\n<p>El reposapi\u00e9s utiliza un mecanismo no lineal de rebote joystick en lugar de una estructura simple de resorte, proporcionando una experiencia \u00fanica de pisado y rebote.<br \/>\nAmortiguadores personalizados de nivel de rectificado, compatibles con dos requisitos de amortiguaci\u00f3n:<br \/>\nModo de alta amortiguaci\u00f3n sin retorno al centro para aeronaves de ala rotatoria.<br \/>\nModo de retorno al centro para aeronaves de ala fija.<br \/>\nTanto los ejes principales como los pedales cuentan con sensores Hall que heredan la operaci\u00f3n suave y el control preciso caracter\u00edstico de los productos WINWING.<\/p>\n<p>Tecnolog\u00eda y Durabilidad Excelente:<br \/>\nCuerpo integrado completamente met\u00e1lico de alta precisi\u00f3n mediante fundici\u00f3n a presi\u00f3n. La superficie est\u00e1 recubierta con tecnolog\u00eda de recubrimiento en polvo a alta temperatura, conservando la textura met\u00e1lica y proporcionando una resistencia excepcional al desgaste.<br \/>\nToda la unidad utiliza aleaci\u00f3n de aluminio de grado aeroespacial, con componentes clave de carga fabricados en acero inoxidable SU304.<br \/>\nIncluye 24 rodamientos de rodillos, 8 rodamientos deslizantes (casquillos de bronce) y 4 rodamientos pivotantes, acerc\u00e1ndose a los est\u00e1ndares de productos de aviaci\u00f3n de grado de entrenamiento.<\/p>\n<p>Par\u00e1metros T\u00e9cnicos<br \/>\nModelo del Producto: R1<br \/>\nMaterial del Producto: AL<br \/>\nTama\u00f1o del Paquete: 49 cm x 40 cm x 24.5 cm<br \/>\nPeso del Paquete: 10 kg<\/p>","protected":false},"excerpt":{"rendered":"<p>Especificaciones: Estructura e Imagen: Marco completamente met\u00e1lico y estructura de retorno al centro de acero inoxidable, con un ancho de [&hellip;]<\/p>","protected":false},"featured_media":8593,"template":"","meta":{"site-sidebar-layout":"default","site-content-layout":"","ast-site-content-layout":"default","site-content-style":"default","site-sidebar-style":"default","ast-global-header-display":"","ast-banner-title-visibility":"","ast-main-header-display":"","ast-hfb-above-header-display":"","ast-hfb-below-header-display":"","ast-hfb-mobile-header-display":"","site-post-title":"","ast-breadcrumbs-content":"","ast-featured-img":"","footer-sml-layout":"","theme-transparent-header-meta":"default","adv-header-id-meta":"","stick-header-meta":"","header-above-stick-meta":"","header-main-stick-meta":"","header-below-stick-meta":"","astra-migrate-meta-layouts":"set","ast-page-background-enabled":"default","ast-page-background-meta":{"desktop":{"background-color":"var(--ast-global-color-4)","background-image":"","background-repeat":"repeat","background-position":"center center","background-size":"auto","background-attachment":"scroll","background-type":"","background-media":"","overlay-type":"","overlay-color":"","overlay-opacity":"","overlay-gradient":""},"tablet":{"background-color":"","background-image":"","background-repeat":"repeat","background-position":"center center","background-size":"auto","background-attachment":"scroll","background-type":"","background-media":"","overlay-type":"","overlay-color":"","overlay-opacity":"","overlay-gradient":""},"mobile":{"background-color":"","background-image":"","background-repeat":"repeat","background-position":"center center","background-size":"auto","background-attachment":"scroll","background-type":"","background-media":"","overlay-type":"","overlay-color":"","overlay-opacity":"","overlay-gradient":""}},"ast-content-background-meta":{"desktop":{"background-color":"var(--ast-global-color-5)","background-image":"","background-repeat":"repeat","background-position":"center center","background-size":"auto","background-attachment":"scroll","background-type":"","background-media":"","overlay-type":"","overlay-color":"","overlay-opacity":"","overlay-gradient":""},"tablet":{"background-color":"var(--ast-global-color-5)","background-image":"","background-repeat":"repeat","background-position":"center center","background-size":"auto","background-attachment":"scroll","background-type":"","background-media":"","overlay-type":"","overlay-color":"","overlay-opacity":"","overlay-gradient":""},"mobile":{"background-color":"var(--ast-global-color-5)","background-image":"","background-repeat":"repeat","background-position":"center center","background-size":"auto","background-attachment":"scroll","background-type":"","background-media":"","overlay-type":"","overlay-color":"","overlay-opacity":"","overlay-gradient":""}}},"pwb-brand":[56],"product_brand":[],"product_cat":[21],"product_tag":[61],"class_list":{"0":"post-2528","1":"product","2":"type-product","3":"status-publish","4":"has-post-thumbnail","6":"pwb-brand-winwing","7":"product_cat-perifericos-de-vuelo","8":"product_tag-periferico-de-vuelo","9":"desktop-align-left","10":"tablet-align-left","11":"mobile-align-left","13":"first","14":"instock","15":"sale","16":"taxable","17":"shipping-taxable","18":"purchasable","19":"product-type-simple"},"brands":[{"id":56,"name":"WINWING","slug":"winwing"}],"_links":{"self":[{"href":"https:\/\/tmasimuladores.com.ar\/en\/wp-json\/wp\/v2\/product\/2528","targetHints":{"allow":["GET"]}}],"collection":[{"href":"https:\/\/tmasimuladores.com.ar\/en\/wp-json\/wp\/v2\/product"}],"about":[{"href":"https:\/\/tmasimuladores.com.ar\/en\/wp-json\/wp\/v2\/types\/product"}],"wp:featuredmedia":[{"embeddable":true,"href":"https:\/\/tmasimuladores.com.ar\/en\/wp-json\/wp\/v2\/media\/8593"}],"wp:attachment":[{"href":"https:\/\/tmasimuladores.com.ar\/en\/wp-json\/wp\/v2\/media?parent=2528"}],"wp:term":[{"taxonomy":"pwb-brand","embeddable":true,"href":"https:\/\/tmasimuladores.com.ar\/en\/wp-json\/wp\/v2\/pwb-brand?post=2528"},{"taxonomy":"product_brand","embeddable":true,"href":"https:\/\/tmasimuladores.com.ar\/en\/wp-json\/wp\/v2\/product_brand?post=2528"},{"taxonomy":"product_cat","embeddable":true,"href":"https:\/\/tmasimuladores.com.ar\/en\/wp-json\/wp\/v2\/product_cat?post=2528"},{"taxonomy":"product_tag","embeddable":true,"href":"https:\/\/tmasimuladores.com.ar\/en\/wp-json\/wp\/v2\/product_tag?post=2528"}],"curies":[{"name":"wp","href":"https:\/\/api.w.org\/{rel}","templated":true}]}}