{"id":2520,"date":"2024-12-30T13:45:05","date_gmt":"2024-12-30T13:45:05","guid":{"rendered":"https:\/\/tmasimuladores.com.ar\/?post_type=product&#038;p=2520"},"modified":"2026-01-19T15:42:08","modified_gmt":"2026-01-19T15:42:08","slug":"winwing-orion2-hotas-navyace","status":"publish","type":"product","link":"https:\/\/tmasimuladores.com.ar\/en\/product\/winwing-orion2-hotas-navyace\/","title":{"rendered":"WINWING Orion2 HOTAS NavyAce"},"content":{"rendered":"<p>WINWING Orion2 HOTAS NavyAce<\/p>\n<p>Throttle Base<br \/>\nWINWING Orion2 Throttle Base<br \/>\nWINWING Orion2 Throttle Base 10th Anniversary Limited Version<br \/>\nThrottle Grip<br \/>\nNavyAce Metal Throttle Grip (With Finger Lift):<\/p>\n<p>Aleaci\u00f3n de aluminio prensado con CNC para el exterior.<br \/>\nDise\u00f1o liviano, baja inercia para entradas de control r\u00e1pidas.<br \/>\nR\u00e9plica del NavyAce Throttle Grip.<br \/>\nSuperficie pintada est\u00e1tica, resistente a los ara\u00f1azos.<br \/>\nProcesador MCU para intercambio r\u00e1pido entre eje y bot\u00f3n.<br \/>\nInterruptor direccional multidireccional de recorrido largo, alta resistencia y pulsaci\u00f3n fuerte.<br \/>\nControles incluidos:<br \/>\nDos interruptores de 4 direcciones (Presi\u00f3n).<br \/>\nTres interruptores de presi\u00f3n.<br \/>\nUn mini joystick (Presi\u00f3n).<br \/>\nRueda de pulgar con sensor Hall de resorte.<br \/>\nUn interruptor de 3 etapas.<br \/>\nUn interruptor de resorte lateral (SPD BRK).<br \/>\nNota: Para usar el NavyAce Metal Throttle Grip con WINWING ORION\/WINWING ORION2\/Gemini Throttle Base, es necesario el Finger Lift o un adaptador.<\/p>\n<p>Joystick Base<br \/>\nWINWING Orion2 Joystick Base:<\/p>\n<p>Estructura avanzada de riel deslizante CAM.<br \/>\nDise\u00f1o para intercambio r\u00e1pido de la m\u00e1quina central.<br \/>\nCompatible con 3 juegos de resortes, configuraciones personalizables de CAM y fuerza.<br \/>\nDise\u00f1o radiado con conectores antideslizantes.<br \/>\nCompatible con otros grips de joystick de WINWING:<br \/>\nViperAce EX, ViperAce Joystick Metal Grip, NavyAce Joystick Metal Grip, y A3XX AIRBUS Joystick Grip.<br \/>\nSpecifications<\/p>\n<p>Sensor sin contacto de alta resoluci\u00f3n 16-bit Hall.<br \/>\nDesviaci\u00f3n: \u00b117\u00b0.<br \/>\nMaterial: Aleaci\u00f3n de aluminio y acero inoxidable.<br \/>\nVida \u00fatil extendida con rodamientos de bolas de acero y riel deslizante de acero inoxidable.<br \/>\nJoystick Grip<br \/>\nNavyAce Metal Joystick Grip:<\/p>\n<p>Aleaci\u00f3n de aluminio prensado con CNC para el exterior.<br \/>\nDise\u00f1o liviano, bajo peso inercial para cambios r\u00e1pidos de control.<br \/>\nPintura est\u00e1tica, resistente a los ara\u00f1azos.<br \/>\nProcesador MCU para intercambio r\u00e1pido.<br \/>\nInterruptores personalizados con retroalimentaci\u00f3n t\u00e1ctil y auditiva.<br \/>\nControles incluidos:<\/p>\n<p>Tres interruptores de 4 direcciones (Presi\u00f3n).<br \/>\nUn interruptor de 8 direcciones (Presi\u00f3n).<br \/>\nDos interruptores de presi\u00f3n.<br \/>\nUn freno\/disparador (Interruptor encendido\/apagado).<br \/>\nUn disparador met\u00e1lico de dos etapas y largo recorrido.<br \/>\nSpecifications:<\/p>\n<p>Modelo: JGRIP-18<br \/>\nMaterial: Aleaci\u00f3n de aluminio\/pl\u00e1stico (kit EX).<br \/>\nCompatibility:<br \/>\nWINWING ORION 1 Joystick Base, WINWING ORION 2 Joystick Base, Super Libra Joystick Base.<br \/>\nFinger Lift para WINWING Orion2<br \/>\nVista general:<\/p>\n<p>Finger Lift dise\u00f1ado para la base WINWING ORION2, con sensaci\u00f3n realista de control de aeronaves.<br \/>\nTres posiciones de detente ajustables:<br \/>\nCutoff (Reverse), Mid, y Afterburner (Forward).<br \/>\nSpecifications:<\/p>\n<p>Modelo: T2-FL<br \/>\nMateriales: POM, varilla cromada, materiales polim\u00e9ricos.<br \/>\n\u00c1ngulo ajustable: Cutoff (Reverse) 18\u00b0, Mid 10\u00b0, Afterburner (Forward) 10\u00b0.<br \/>\nCompatibility:<br \/>\nExclusivo para WINWING ORION2 Throttle Base.<br \/>\nWINWING Orion2 Throttle Base<br \/>\nR\u00e9plica de panel s\u00f3lido realista.<br \/>\nRetroiluminaci\u00f3n ajustable.<br \/>\nCompatible con grips como StrikeAce, ViperAce, NavyAce, entre otros.<br \/>\nSpecifications<\/p>\n<p>Ejes gemelos magn\u00e9ticos y cromados sincronizados.<br \/>\nSensores Hall de alta resoluci\u00f3n sin contacto.<br \/>\nCompatible con m\u00f3dulos de detente intercambiables.<br \/>\nDimensiones y peso:<\/p>\n<p>Modelo: T2-2-BASE<br \/>\nMaterial: N\u00facleo met\u00e1lico completo con exterior pl\u00e1stico.<br \/>\nTama\u00f1o: 32.5 \u00d7 21 \u00d7 12.5 cm<br \/>\nPeso: 2.2 kg<br \/>\nCompatibility:<\/p>\n<p>Grips: ViperAce EX, NavyAce Throttle Grip, KA-50 Shark Collective.<\/p>","protected":false},"excerpt":{"rendered":"<p>WINWING Orion2 HOTAS NavyAce Throttle Base WINWING Orion2 Throttle Base WINWING Orion2 Throttle Base 10th Anniversary Limited Version Throttle Grip [&hellip;]<\/p>","protected":false},"featured_media":8591,"template":"","meta":{"site-sidebar-layout":"default","site-content-layout":"","ast-site-content-layout":"default","site-content-style":"default","site-sidebar-style":"default","ast-global-header-display":"","ast-banner-title-visibility":"","ast-main-header-display":"","ast-hfb-above-header-display":"","ast-hfb-below-header-display":"","ast-hfb-mobile-header-display":"","site-post-title":"","ast-breadcrumbs-content":"","ast-featured-img":"","footer-sml-layout":"","theme-transparent-header-meta":"default","adv-header-id-meta":"","stick-header-meta":"","header-above-stick-meta":"","header-main-stick-meta":"","header-below-stick-meta":"","astra-migrate-meta-layouts":"set","ast-page-background-enabled":"default","ast-page-background-meta":{"desktop":{"background-color":"var(--ast-global-color-4)","background-image":"","background-repeat":"repeat","background-position":"center center","background-size":"auto","background-attachment":"scroll","background-type":"","background-media":"","overlay-type":"","overlay-color":"","overlay-opacity":"","overlay-gradient":""},"tablet":{"background-color":"","background-image":"","background-repeat":"repeat","background-position":"center center","background-size":"auto","background-attachment":"scroll","background-type":"","background-media":"","overlay-type":"","overlay-color":"","overlay-opacity":"","overlay-gradient":""},"mobile":{"background-color":"","background-image":"","background-repeat":"repeat","background-position":"center center","background-size":"auto","background-attachment":"scroll","background-type":"","background-media":"","overlay-type":"","overlay-color":"","overlay-opacity":"","overlay-gradient":""}},"ast-content-background-meta":{"desktop":{"background-color":"var(--ast-global-color-5)","background-image":"","background-repeat":"repeat","background-position":"center center","background-size":"auto","background-attachment":"scroll","background-type":"","background-media":"","overlay-type":"","overlay-color":"","overlay-opacity":"","overlay-gradient":""},"tablet":{"background-color":"var(--ast-global-color-5)","background-image":"","background-repeat":"repeat","background-position":"center center","background-size":"auto","background-attachment":"scroll","background-type":"","background-media":"","overlay-type":"","overlay-color":"","overlay-opacity":"","overlay-gradient":""},"mobile":{"background-color":"var(--ast-global-color-5)","background-image":"","background-repeat":"repeat","background-position":"center center","background-size":"auto","background-attachment":"scroll","background-type":"","background-media":"","overlay-type":"","overlay-color":"","overlay-opacity":"","overlay-gradient":""}}},"pwb-brand":[56],"product_brand":[],"product_cat":[21],"product_tag":[61],"class_list":{"0":"post-2520","1":"product","2":"type-product","3":"status-publish","4":"has-post-thumbnail","6":"pwb-brand-winwing","7":"product_cat-perifericos-de-vuelo","8":"product_tag-periferico-de-vuelo","9":"desktop-align-left","10":"tablet-align-left","11":"mobile-align-left","13":"first","14":"instock","15":"taxable","16":"shipping-taxable","17":"purchasable","18":"product-type-simple"},"brands":[{"id":56,"name":"WINWING","slug":"winwing"}],"_links":{"self":[{"href":"https:\/\/tmasimuladores.com.ar\/en\/wp-json\/wp\/v2\/product\/2520","targetHints":{"allow":["GET"]}}],"collection":[{"href":"https:\/\/tmasimuladores.com.ar\/en\/wp-json\/wp\/v2\/product"}],"about":[{"href":"https:\/\/tmasimuladores.com.ar\/en\/wp-json\/wp\/v2\/types\/product"}],"wp:featuredmedia":[{"embeddable":true,"href":"https:\/\/tmasimuladores.com.ar\/en\/wp-json\/wp\/v2\/media\/8591"}],"wp:attachment":[{"href":"https:\/\/tmasimuladores.com.ar\/en\/wp-json\/wp\/v2\/media?parent=2520"}],"wp:term":[{"taxonomy":"pwb-brand","embeddable":true,"href":"https:\/\/tmasimuladores.com.ar\/en\/wp-json\/wp\/v2\/pwb-brand?post=2520"},{"taxonomy":"product_brand","embeddable":true,"href":"https:\/\/tmasimuladores.com.ar\/en\/wp-json\/wp\/v2\/product_brand?post=2520"},{"taxonomy":"product_cat","embeddable":true,"href":"https:\/\/tmasimuladores.com.ar\/en\/wp-json\/wp\/v2\/product_cat?post=2520"},{"taxonomy":"product_tag","embeddable":true,"href":"https:\/\/tmasimuladores.com.ar\/en\/wp-json\/wp\/v2\/product_tag?post=2520"}],"curies":[{"name":"wp","href":"https:\/\/api.w.org\/{rel}","templated":true}]}}