{"id":2507,"date":"2024-12-30T13:41:11","date_gmt":"2024-12-30T13:41:11","guid":{"rendered":"https:\/\/tmasimuladores.com.ar\/?post_type=product&#038;p=2507"},"modified":"2026-01-06T19:42:07","modified_gmt":"2026-01-06T19:42:07","slug":"winwing-orion2-hotas-viperace","status":"publish","type":"product","link":"https:\/\/tmasimuladores.com.ar\/en\/product\/winwing-orion2-hotas-viperace\/","title":{"rendered":"WINWING Orion2 HOTAS ViperAce"},"content":{"rendered":"<p>Throttle Base:<br \/>\nWINWING Orion2 Throttle Base<br \/>\nWINWING Orion2 Throttle Base 10th Anniversary Limited Version<\/p>\n<p>Throttle Grip:<br \/>\nViperAce EX Metal Throttle Grip<\/p>\n<p>Joystick Base:<br \/>\nWINWING Orion2 MFSSB Version (Pre-install)<br \/>\nWINWING Orion2 Joystick Base<\/p>\n<p>Joystick Grip:<br \/>\nViperAce Metal Joystick Grip (None Shaker Kit)<br \/>\nViperAce EX Metal Joystick Grip (with Shaker Kit)<br \/>\nViperAce EX Metal Joystick Grip (with Shaker Kit)<\/p>\n<p>Detalles:<br \/>\nAleaci\u00f3n de aluminio de alta presi\u00f3n con CNC para el exterior. Kit de extensi\u00f3n con molde de pl\u00e1stico inyectado.<br \/>\nLigero y con baja inercia para un control r\u00e1pido en reversa.<br \/>\nLegendary 16 Grip, dise\u00f1ado ergon\u00f3micamente para ser el mejor joystick de vuelo.<br \/>\nS\u00edmbolos grabados con l\u00e1ser para mayor durabilidad.<br \/>\nApoya manos ajustable en etapas infinitas.<br \/>\nMotor de vibraci\u00f3n programable, patrones de vibraci\u00f3n ajustables con perfiles preconfigurados.<br \/>\nSuperficie pintada est\u00e1tica y resistente a rayones.<br \/>\nProcesador de doble MCU para un control de vibraciones de alto rendimiento.<br \/>\nInterruptores de control mejorados con retroalimentaci\u00f3n t\u00e1ctil y audible.<br \/>\nVibraci\u00f3n para avisos de \u201cMaximum Force\u201d.<\/p>\n<p>Specifications:<br \/>\nCinco interruptores de 4 direcciones (con pulsaci\u00f3n).<br \/>\nUn interruptor de 8 direcciones (con pulsaci\u00f3n).<br \/>\n11 interruptores de presi\u00f3n (algunos programables, como Hall Brake Axis y Weapon Release Paddle).<br \/>\nUn mini-joystick (con pulsaci\u00f3n), m\u00e1s uno adicional en el EX kit.<br \/>\nDos disparadores programables con sensor Hall (con el EX kit).<br \/>\nUn gatillo de metal de largo recorrido con sensor fotoel\u00e9ctrico de dos etapas (sin tope).<\/p>\n<p>Contenido:<br \/>\nJGRIP-16 x1<br \/>\nJGRIP-16 Accessory Pack x1<br \/>\nEX-16 x1<br \/>\nEX-16 Accessory Pack x1<br \/>\nEX-16 Tool Pack x1<br \/>\nWINWING Orion2 MFSSB Version (Pre-install)<\/p>\n<p>Estructura e Imagen:<br \/>\nAvanzada estructura de riel deslizante tipo CAM.<br \/>\nDise\u00f1o de n\u00facleo intercambiable para ajustes funcionales r\u00e1pidos con solo quitar 4 tornillos superiores.<br \/>\nM\u00f3dulos de expansi\u00f3n sim\u00e9tricos como CAM y amortiguadores.<\/p>\n<p>Aplicabilidad:<br \/>\n52 tipos de combinaciones mec\u00e1nicas\/fuerza.<br \/>\nCompatible con 3 juegos de resortes, configuraciones de CAM\/fuerza totalmente personalizables.<br \/>\nDise\u00f1ado para control de aeronaves de ala rotatoria con m\u00f3dulos de amortiguaci\u00f3n gemelos \u00fanicos.<br \/>\nMovable Force-Sensitive Sensor para replicar las caracter\u00edsticas de operaci\u00f3n del ViperAce.<\/p>\n<p>Especificaciones T\u00e9cnicas:<br \/>\n\u00c1ngulo de trabajo: 5\u00b0+5\u00b0.<br \/>\nSensor de desplazamiento Hall de 16 bits, con alta precisi\u00f3n y durabilidad.<br \/>\nMaterial: aleaci\u00f3n de aluminio y acero inoxidable.<br \/>\nViperAce EX Metal Throttle Grip<\/p>\n<p>Detalles:<br \/>\nAleaci\u00f3n de aluminio de alta presi\u00f3n con CNC.<br \/>\nDise\u00f1o cl\u00e1sico de 16 rieles gu\u00eda, replicando el arco real del acelerador.<br \/>\nSensaci\u00f3n t\u00e1ctil y audible mejorada, replicando los controles de una aeronave real.<\/p>\n<p>Contenido:<br \/>\nTGRIP-16EX x1<br \/>\nTGRIP-16EX Slide Rail x1<br \/>\nTGRIP-16EX Tool Pack x1<br \/>\nWINWING Orion2 Throttle Base<\/p>\n<p>Panel y Caracter\u00edsticas:<br \/>\nR\u00e9plica de panel s\u00f3lido real, aplicable para aviones como StrikeAce, ViperAce y NavyAce.<br \/>\nCompatible con m\u00f3dulos personalizados para detentes como ab\/cutoff o modos de simulaci\u00f3n sin detente.<br \/>\nDise\u00f1o magn\u00e9tico con ejes gemelos sincronizados para mayor realismo y ergonom\u00eda.<br \/>\nConfiguraci\u00f3n HOTAS:<\/p>\n<p>Panel base equipado con m\u00faltiples interruptores y codificadores programables con retroiluminaci\u00f3n ajustable.<\/p>\n<p>Especificaciones T\u00e9cnicas:<br \/>\nMaterial: N\u00facleo met\u00e1lico completo con exterior pl\u00e1stico.<br \/>\nCompatible con empu\u00f1aduras como ViperAce EX, NavyAce y KA-50 Shark Collective.<\/p>","protected":false},"excerpt":{"rendered":"<p>Throttle Base: WINWING Orion2 Throttle Base WINWING Orion2 Throttle Base 10th Anniversary Limited Version Throttle Grip: ViperAce EX Metal Throttle [&hellip;]<\/p>","protected":false},"featured_media":8590,"template":"","meta":{"site-sidebar-layout":"default","site-content-layout":"","ast-site-content-layout":"default","site-content-style":"default","site-sidebar-style":"default","ast-global-header-display":"","ast-banner-title-visibility":"","ast-main-header-display":"","ast-hfb-above-header-display":"","ast-hfb-below-header-display":"","ast-hfb-mobile-header-display":"","site-post-title":"","ast-breadcrumbs-content":"","ast-featured-img":"","footer-sml-layout":"","theme-transparent-header-meta":"default","adv-header-id-meta":"","stick-header-meta":"","header-above-stick-meta":"","header-main-stick-meta":"","header-below-stick-meta":"","astra-migrate-meta-layouts":"set","ast-page-background-enabled":"default","ast-page-background-meta":{"desktop":{"background-color":"var(--ast-global-color-4)","background-image":"","background-repeat":"repeat","background-position":"center center","background-size":"auto","background-attachment":"scroll","background-type":"","background-media":"","overlay-type":"","overlay-color":"","overlay-opacity":"","overlay-gradient":""},"tablet":{"background-color":"","background-image":"","background-repeat":"repeat","background-position":"center center","background-size":"auto","background-attachment":"scroll","background-type":"","background-media":"","overlay-type":"","overlay-color":"","overlay-opacity":"","overlay-gradient":""},"mobile":{"background-color":"","background-image":"","background-repeat":"repeat","background-position":"center center","background-size":"auto","background-attachment":"scroll","background-type":"","background-media":"","overlay-type":"","overlay-color":"","overlay-opacity":"","overlay-gradient":""}},"ast-content-background-meta":{"desktop":{"background-color":"var(--ast-global-color-5)","background-image":"","background-repeat":"repeat","background-position":"center center","background-size":"auto","background-attachment":"scroll","background-type":"","background-media":"","overlay-type":"","overlay-color":"","overlay-opacity":"","overlay-gradient":""},"tablet":{"background-color":"var(--ast-global-color-5)","background-image":"","background-repeat":"repeat","background-position":"center center","background-size":"auto","background-attachment":"scroll","background-type":"","background-media":"","overlay-type":"","overlay-color":"","overlay-opacity":"","overlay-gradient":""},"mobile":{"background-color":"var(--ast-global-color-5)","background-image":"","background-repeat":"repeat","background-position":"center center","background-size":"auto","background-attachment":"scroll","background-type":"","background-media":"","overlay-type":"","overlay-color":"","overlay-opacity":"","overlay-gradient":""}}},"pwb-brand":[56],"product_brand":[],"product_cat":[21],"product_tag":[61],"class_list":{"0":"post-2507","1":"product","2":"type-product","3":"status-publish","4":"has-post-thumbnail","6":"pwb-brand-winwing","7":"product_cat-perifericos-de-vuelo","8":"product_tag-periferico-de-vuelo","9":"desktop-align-left","10":"tablet-align-left","11":"mobile-align-left","13":"first","14":"instock","15":"taxable","16":"shipping-taxable","17":"purchasable","18":"product-type-simple"},"brands":[{"id":56,"name":"WINWING","slug":"winwing"}],"_links":{"self":[{"href":"https:\/\/tmasimuladores.com.ar\/en\/wp-json\/wp\/v2\/product\/2507","targetHints":{"allow":["GET"]}}],"collection":[{"href":"https:\/\/tmasimuladores.com.ar\/en\/wp-json\/wp\/v2\/product"}],"about":[{"href":"https:\/\/tmasimuladores.com.ar\/en\/wp-json\/wp\/v2\/types\/product"}],"wp:featuredmedia":[{"embeddable":true,"href":"https:\/\/tmasimuladores.com.ar\/en\/wp-json\/wp\/v2\/media\/8590"}],"wp:attachment":[{"href":"https:\/\/tmasimuladores.com.ar\/en\/wp-json\/wp\/v2\/media?parent=2507"}],"wp:term":[{"taxonomy":"pwb-brand","embeddable":true,"href":"https:\/\/tmasimuladores.com.ar\/en\/wp-json\/wp\/v2\/pwb-brand?post=2507"},{"taxonomy":"product_brand","embeddable":true,"href":"https:\/\/tmasimuladores.com.ar\/en\/wp-json\/wp\/v2\/product_brand?post=2507"},{"taxonomy":"product_cat","embeddable":true,"href":"https:\/\/tmasimuladores.com.ar\/en\/wp-json\/wp\/v2\/product_cat?post=2507"},{"taxonomy":"product_tag","embeddable":true,"href":"https:\/\/tmasimuladores.com.ar\/en\/wp-json\/wp\/v2\/product_tag?post=2507"}],"curies":[{"name":"wp","href":"https:\/\/api.w.org\/{rel}","templated":true}]}}