{"id":2449,"date":"2024-12-26T18:48:53","date_gmt":"2024-12-26T18:48:53","guid":{"rendered":"https:\/\/tmasimuladores.com.ar\/?post_type=product&#038;p=2449"},"modified":"2026-02-12T18:58:59","modified_gmt":"2026-02-12T18:58:59","slug":"multi-function-stalks","status":"publish","type":"product","link":"https:\/\/tmasimuladores.com.ar\/en\/product\/multi-function-stalks\/","title":{"rendered":"Multi-function Stalks"},"content":{"rendered":"<p><a href=\"https:\/\/tmasimuladores.com.ar\/wp-content\/uploads\/2024\/12\/Moza-Multi-function-Stalks.jpg\"><img fetchpriority=\"high\" decoding=\"async\" class=\"alignnone wp-image-8344\" src=\"https:\/\/tmasimuladores.com.ar\/wp-content\/uploads\/2024\/12\/Moza-Multi-function-Stalks-300x213.jpg\" alt=\"\" width=\"1737\" height=\"1233\" srcset=\"https:\/\/tmasimuladores.com.ar\/wp-content\/uploads\/2024\/12\/Moza-Multi-function-Stalks-300x213.jpg 300w, https:\/\/tmasimuladores.com.ar\/wp-content\/uploads\/2024\/12\/Moza-Multi-function-Stalks-1024x727.jpg 1024w, https:\/\/tmasimuladores.com.ar\/wp-content\/uploads\/2024\/12\/Moza-Multi-function-Stalks-768x545.jpg 768w, https:\/\/tmasimuladores.com.ar\/wp-content\/uploads\/2024\/12\/Moza-Multi-function-Stalks-18x12.jpg 18w, https:\/\/tmasimuladores.com.ar\/wp-content\/uploads\/2024\/12\/Moza-Multi-function-Stalks-600x426.jpg 600w, https:\/\/tmasimuladores.com.ar\/wp-content\/uploads\/2024\/12\/Moza-Multi-function-Stalks.jpg 1195w\" sizes=\"(max-width: 1737px) 100vw, 1737px\" \/><\/a><\/p>\n<p>Componentes aut\u00e9nticos de calidad automotriz<\/p>\n<p>Construidos con los mismos componentes que los veh\u00edculos reales, los stalks, diales y botones ofrecen una sensaci\u00f3n aut\u00e9ntica, proporcionando una experiencia de conducci\u00f3n realmente inmersiva.<\/p>\n<p>28 botones programables<\/p>\n<p>Los stalks cuentan con hasta 28 botones programables para cubrir todas tus necesidades de conducci\u00f3n. Est\u00e1n equipados con controles de limpiaparabrisas y faros, adem\u00e1s de nuestras funciones \u00fanicas de control de crucero.<\/p>\n<p>Se\u00f1ales de giro que se cancelan autom\u00e1ticamente<\/p>\n<p>Imitando la funcionalidad real de un coche, las se\u00f1ales de giro se cancelan autom\u00e1ticamente despu\u00e9s de girar, mejorando realmente la experiencia de simulaci\u00f3n de conducci\u00f3n.<\/p>\n<p>Dise\u00f1o de tornillo oculto<\/p>\n<p>Para un aspecto limpio y elegante, los tornillos est\u00e1n ocultos debajo de placas magn\u00e9ticas una vez instalados.<\/p>\n<p>Compatibles con todas las bases MOZA<\/p>\n<p>Los Stalks Multifuncionales MOZA son compatibles con todas las bases MOZA, desde R3 hasta R21. Incluyen soportes y varillas de extensi\u00f3n para una instalaci\u00f3n f\u00e1cil, soportando tanto montajes est\u00e1ndar como invertidos. Los stalks se pueden montar directamente en bases con agujeros de montaje frontal y ajustarse para mayor comodidad ergon\u00f3mica. Tambi\u00e9n se conectan directamente a un PC y, con los soportes adecuados, son compatibles con bases de ruedas de terceros.<\/p>\n<p>Qu\u00e9 hay en la caja<\/p>\n<p>Stalks Multifuncionales MOZA x 1<\/p>\n<p>Llave hexagonal x 4<\/p>\n<p>Tornillos M4 x 2<\/p>\n<p>Tornillos M6 x 3 y Studs M6 x 8<\/p>\n<p>Tornillos M8 * 3 y Studs M8 x 8<\/p>\n<p>Tornillos M3 x 2<\/p>\n<p>Llave Allen x 1<\/p>\n<p>Conjunto de varilla de extensi\u00f3n x 1<\/p>\n<p>Cable de datos Type-C x 1<\/p>\n<p>Retorno de direcci\u00f3n<\/p>","protected":false},"excerpt":{"rendered":"<p>Los Stalks Multifuncionales MOZA est\u00e1n dise\u00f1ados para llevar tu experiencia de simulaci\u00f3n de conducci\u00f3n a otro nivel con componentes aut\u00e9nticos de calidad automotriz, ofreciendo una sensaci\u00f3n fiel a la realidad. Con 28 botones programables, incluyendo funciones de limpiaparabrisas, faros y control de crucero, estos stalks cubren todas tus necesidades de conducci\u00f3n. Las direccionales que se cancelan autom\u00e1ticamente imitan el comportamiento real de un coche, a\u00f1adiendo a la inmersi\u00f3n. Compatibles con todas las bases MOZA y algunas bases de terceros, los stalks son f\u00e1ciles de instalar y tienen un aspecto limpio y elegante gracias al dise\u00f1o de tornillo oculto. Ya sea montados en una configuraci\u00f3n est\u00e1ndar o invertida, proporcionan comodidad ergon\u00f3mica y una integraci\u00f3n perfecta a tu setup de carrera.<\/p>","protected":false},"featured_media":8552,"template":"","meta":{"site-sidebar-layout":"default","site-content-layout":"","ast-site-content-layout":"default","site-content-style":"default","site-sidebar-style":"default","ast-global-header-display":"","ast-banner-title-visibility":"","ast-main-header-display":"","ast-hfb-above-header-display":"","ast-hfb-below-header-display":"","ast-hfb-mobile-header-display":"","site-post-title":"","ast-breadcrumbs-content":"","ast-featured-img":"","footer-sml-layout":"","theme-transparent-header-meta":"default","adv-header-id-meta":"","stick-header-meta":"","header-above-stick-meta":"","header-main-stick-meta":"","header-below-stick-meta":"","astra-migrate-meta-layouts":"set","ast-page-background-enabled":"default","ast-page-background-meta":{"desktop":{"background-color":"var(--ast-global-color-4)","background-image":"","background-repeat":"repeat","background-position":"center center","background-size":"auto","background-attachment":"scroll","background-type":"","background-media":"","overlay-type":"","overlay-color":"","overlay-opacity":"","overlay-gradient":""},"tablet":{"background-color":"","background-image":"","background-repeat":"repeat","background-position":"center center","background-size":"auto","background-attachment":"scroll","background-type":"","background-media":"","overlay-type":"","overlay-color":"","overlay-opacity":"","overlay-gradient":""},"mobile":{"background-color":"","background-image":"","background-repeat":"repeat","background-position":"center center","background-size":"auto","background-attachment":"scroll","background-type":"","background-media":"","overlay-type":"","overlay-color":"","overlay-opacity":"","overlay-gradient":""}},"ast-content-background-meta":{"desktop":{"background-color":"var(--ast-global-color-5)","background-image":"","background-repeat":"repeat","background-position":"center center","background-size":"auto","background-attachment":"scroll","background-type":"","background-media":"","overlay-type":"","overlay-color":"","overlay-opacity":"","overlay-gradient":""},"tablet":{"background-color":"var(--ast-global-color-5)","background-image":"","background-repeat":"repeat","background-position":"center center","background-size":"auto","background-attachment":"scroll","background-type":"","background-media":"","overlay-type":"","overlay-color":"","overlay-opacity":"","overlay-gradient":""},"mobile":{"background-color":"var(--ast-global-color-5)","background-image":"","background-repeat":"repeat","background-position":"center center","background-size":"auto","background-attachment":"scroll","background-type":"","background-media":"","overlay-type":"","overlay-color":"","overlay-opacity":"","overlay-gradient":""}}},"pwb-brand":[44],"product_brand":[],"product_cat":[36],"product_tag":[41,40],"class_list":{"0":"post-2449","1":"product","2":"type-product","3":"status-publish","4":"has-post-thumbnail","6":"pwb-brand-moza","7":"product_cat-accesorio","8":"product_tag-simuladores-de-camiones","9":"product_tag-simuladores-de-carreras","10":"desktop-align-left","11":"tablet-align-left","12":"mobile-align-left","14":"first","15":"instock","16":"sale","17":"taxable","18":"shipping-taxable","19":"purchasable","20":"product-type-simple"},"brands":[{"id":44,"name":"MOZA","slug":"moza"}],"_links":{"self":[{"href":"https:\/\/tmasimuladores.com.ar\/en\/wp-json\/wp\/v2\/product\/2449","targetHints":{"allow":["GET"]}}],"collection":[{"href":"https:\/\/tmasimuladores.com.ar\/en\/wp-json\/wp\/v2\/product"}],"about":[{"href":"https:\/\/tmasimuladores.com.ar\/en\/wp-json\/wp\/v2\/types\/product"}],"wp:featuredmedia":[{"embeddable":true,"href":"https:\/\/tmasimuladores.com.ar\/en\/wp-json\/wp\/v2\/media\/8552"}],"wp:attachment":[{"href":"https:\/\/tmasimuladores.com.ar\/en\/wp-json\/wp\/v2\/media?parent=2449"}],"wp:term":[{"taxonomy":"pwb-brand","embeddable":true,"href":"https:\/\/tmasimuladores.com.ar\/en\/wp-json\/wp\/v2\/pwb-brand?post=2449"},{"taxonomy":"product_brand","embeddable":true,"href":"https:\/\/tmasimuladores.com.ar\/en\/wp-json\/wp\/v2\/product_brand?post=2449"},{"taxonomy":"product_cat","embeddable":true,"href":"https:\/\/tmasimuladores.com.ar\/en\/wp-json\/wp\/v2\/product_cat?post=2449"},{"taxonomy":"product_tag","embeddable":true,"href":"https:\/\/tmasimuladores.com.ar\/en\/wp-json\/wp\/v2\/product_tag?post=2449"}],"curies":[{"name":"wp","href":"https:\/\/api.w.org\/{rel}","templated":true}]}}