{"id":1758,"date":"2024-10-23T13:29:47","date_gmt":"2024-10-23T13:29:47","guid":{"rendered":"https:\/\/tmasimuladores.com.ar\/?post_type=product&#038;p=1758"},"modified":"2026-03-13T18:25:54","modified_gmt":"2026-03-13T18:25:54","slug":"essenza-scv12-sim-racing-steering-wheel","status":"publish","type":"product","link":"https:\/\/tmasimuladores.com.ar\/en\/product\/essenza-scv12-sim-racing-steering-wheel\/","title":{"rendered":"Lamborghini Essenza SCV12 Steering Wheel"},"content":{"rendered":"<p><a href=\"https:\/\/tmasimuladores.com.ar\/wp-content\/uploads\/2024\/10\/Moza-Lamborghini.jpg\"><img fetchpriority=\"high\" decoding=\"async\" class=\"alignnone wp-image-8341\" src=\"https:\/\/tmasimuladores.com.ar\/wp-content\/uploads\/2024\/10\/Moza-Lamborghini-300x213.jpg\" alt=\"\" width=\"1561\" height=\"1108\" srcset=\"https:\/\/tmasimuladores.com.ar\/wp-content\/uploads\/2024\/10\/Moza-Lamborghini-300x213.jpg 300w, https:\/\/tmasimuladores.com.ar\/wp-content\/uploads\/2024\/10\/Moza-Lamborghini-1024x727.jpg 1024w, https:\/\/tmasimuladores.com.ar\/wp-content\/uploads\/2024\/10\/Moza-Lamborghini-768x545.jpg 768w, https:\/\/tmasimuladores.com.ar\/wp-content\/uploads\/2024\/10\/Moza-Lamborghini-18x12.jpg 18w, https:\/\/tmasimuladores.com.ar\/wp-content\/uploads\/2024\/10\/Moza-Lamborghini-600x426.jpg 600w, https:\/\/tmasimuladores.com.ar\/wp-content\/uploads\/2024\/10\/Moza-Lamborghini.jpg 1195w\" sizes=\"(max-width: 1561px) 100vw, 1561px\" \/><\/a><\/p>\n<p><strong>Volante de Sim-Racing Automobili Lamborghini Squadra Corse Essenza SCV12<\/strong><\/p>\n<p>Este volante premium para simulaci\u00f3n de carreras es una r\u00e9plica del exclusivo volante del <strong>hiperauto Automobili Lamborghini Essenza SCV12<\/strong>, con solo <strong>40 unidades disponibles en todo el mundo<\/strong>. Dise\u00f1ado con el ADN de carreras caracter\u00edstico de Automobili Lamborghini, destaca por su dise\u00f1o excepcional, materiales de primera calidad y una artesan\u00eda impecable. Como producto con licencia oficial, ofrece una experiencia de simulaci\u00f3n sin igual, ideal para entusiastas de Automobili Lamborghini, propietarios y corredores de simulaci\u00f3n dedicados que buscan el m\u00e1ximo realismo.<\/p>\n<h3><span style=\"color: #ffffff;\">R\u00e9plica con licencia oficial de Automobili Lamborghini Squadra Corse<\/span><\/h3>\n<p>Con un dise\u00f1o elegante, materiales de alta calidad y fabricaci\u00f3n de precisi\u00f3n, este volante trae a la vida el legado de carreras de Lamborghini, ofreciendo a los usuarios una experiencia aut\u00e9ntica e inmersiva.<\/p>\n<ul>\n<li><strong>Estructura de aleaci\u00f3n de aluminio CNC<\/strong>: proporciona una textura met\u00e1lica refinada con gran resistencia y rigidez.<\/li>\n<li><strong>Empu\u00f1aduras de cuero gamuzado<\/strong>: aseguran una sensaci\u00f3n premium y un control excepcional, utilizando los mismos materiales que los autos de carrera reales de Automobili Lamborghini Squadra Corse.<\/li>\n<\/ul>\n<h3><span style=\"color: #ffffff;\">Pantalla t\u00e1ctil de 4.3 pulgadas<\/span><\/h3>\n<p>La pantalla t\u00e1ctil integrada de 4.3 pulgadas mejora tu experiencia mostrando datos de telemetr\u00eda en tiempo real y una selecci\u00f3n de opciones oficiales de Automobili Lamborghini Squadra Corse, proporcionando una interfaz interactiva e inmersiva.<\/p>\n<h3><span style=\"color: #ffffff;\">Sistema de interfaz completamente personalizable<\/span><\/h3>\n<p>Los usuarios pueden personalizar la pantalla para mostrar mapas de pista, entrada de pedales y otra informaci\u00f3n vital, lo que facilita el monitoreo y ajuste del rendimiento en tiempo real. La pantalla t\u00e1ctil permite un cambio intuitivo entre interfaces y una operaci\u00f3n precisa, asegurando que siempre tengas los datos esenciales al alcance de tus manos.<\/p>\n<h3><span style=\"color: #ffffff;\">Procesador de alto rendimiento Quad-Core<\/span><\/h3>\n<p>Equipado con un procesador de cuatro n\u00facleos a 1.3GHz, este volante ofrece una renderizaci\u00f3n compleja en la pantalla en tiempo real sin retrasos. Este procesador garantiza gr\u00e1ficos fluidos y receptivos, brindando una experiencia de carreras inmersiva y sin interrupciones.<\/p>\n<h3><span style=\"color: #ffffff;\">Disposici\u00f3n ergon\u00f3mica de botones y perillas con 72 entradas programables<\/span><\/h3>\n<p>Este volante est\u00e1 dise\u00f1ado para la m\u00e1xima usabilidad, ofreciendo una disposici\u00f3n ergon\u00f3mica con <strong>72 entradas programables<\/strong>, que incluyen ocho botones redondos, cuatro perillas y cuatro perillas rotatorias de 12 posiciones para ajustar f\u00e1cilmente el equilibrio de frenos, control de tracci\u00f3n, ABS y m\u00e1s. Las tapas de perillas de aluminio anodizado CNC aseguran durabilidad y un toque premium.<\/p>\n<h3><span style=\"color: #ffffff;\">Paddle shifters de aleaci\u00f3n de aluminio<\/span><\/h3>\n<p>Fabricados con aleaci\u00f3n de aluminio, los paddle shifters replican el material y la estructura de los autos de carrera reales de Automobili Lamborghini Squadra Corse. Dise\u00f1ados para ofrecer una sensaci\u00f3n aguda y receptiva, han sido probados para soportar millones de ciclos, garantizando un rendimiento duradero y confiable.<\/p>\n<h3><span style=\"color: #ffffff;\">Mecanismo de liberaci\u00f3n r\u00e1pida de grado competici\u00f3n<\/span><\/h3>\n<p>Inspirado en los volantes de carreras reales, el mecanismo de liberaci\u00f3n r\u00e1pida permite intercambiar el volante en segundos con conexiones seguras. Fabricado con precisi\u00f3n en aluminio CNC y cumpliendo con los est\u00e1ndares de seguridad de carreras, asegura una configuraci\u00f3n r\u00e1pida y fiable.<\/p>\n<h3><span style=\"color: #ffffff;\">Indicadores LED de cambio de alta luminosidad<\/span><\/h3>\n<p>Este volante cuenta con diez LEDs de alta luminosidad capaces de mostrar <strong>16.7 millones de colores<\/strong>. Ocho <strong>RevLEDs<\/strong> centrales ofrecen indicadores claros de cambio, mientras que dos LEDs RGB personalizables en cada lado muestran banderas o el estado del veh\u00edculo, mejorando tanto la funcionalidad como la est\u00e9tica.<\/p>\n<h3><span style=\"color: #ffffff;\">Ecosistema abierto<\/span><\/h3>\n<p>Dise\u00f1ado para integrarse sin problemas con el ecosistema m\u00e1s amplio de simulaci\u00f3n de carreras, este volante es compatible con todas las bases de MOZA actualmente en el mercado y tambi\u00e9n puede utilizarse con bases de terceros a trav\u00e9s del kit de hub de MOZA. Esto asegura la m\u00e1xima flexibilidad y facilidad de uso para todos los corredores de simulaci\u00f3n.<\/p>\n<h3><span style=\"color: #ffffff;\">Software MOZA Pit House<\/span><\/h3>\n<p>El software MOZA Pit House cuenta con una interfaz intuitiva que te permite probar la funcionalidad del volante y ajustar configuraciones. Puedes personalizar el color, brillo y sincronizaci\u00f3n de los LEDs de RPM, y configurar completamente la pantalla del tablero para una experiencia personalizada.<\/p>\n<h3><span style=\"color: #ffffff;\">Probado millones de veces<\/span><\/h3>\n<p>Todos los botones y el marco del volante han sido sometidos a hasta un mill\u00f3n de ciclos de prueba rigurosos para garantizar una experiencia de usuario de alta calidad.<\/p>\n<h3><span style=\"color: #ffffff;\">Specifications:<\/span><\/h3>\n<ul>\n<li><strong>Dimensiones<\/strong>: 310mm X 164mm X 175mm<\/li>\n<li><strong>Peso<\/strong>: 1950g<\/li>\n<li><strong>Material de la placa frontal<\/strong>: Fibra de carbono<\/li>\n<li><strong>Material de las empu\u00f1aduras<\/strong>: Cuero gamuzado<\/li>\n<li><strong>Material de la placa trasera<\/strong>: Aleaci\u00f3n de aluminio<\/li>\n<li><strong>Material de los paddle shifters<\/strong>: Aleaci\u00f3n de aluminio<\/li>\n<li><strong>Pantalla del tablero<\/strong>: Pantalla t\u00e1ctil LCD a color de 4.3 pulgadas<\/li>\n<li><strong>Resoluci\u00f3n de pantalla<\/strong>: 800\u00d7480<\/li>\n<li><strong>Shifter paddles<\/strong>: 2<\/li>\n<li><strong>Botones<\/strong>: 8<\/li>\n<li><strong>Encoders para pulgar<\/strong>: 4<\/li>\n<li><strong>Encoders rotatorios<\/strong>: 4 (12 posiciones)<\/li>\n<li><strong>Luces LED de RPM<\/strong>: 10<\/li>\n<li><strong>Colores de luces indicadoras de cambio<\/strong>: 256x256x256 (16.7 millones de colores)<\/li>\n<li><strong>M\u00e9todo de liberaci\u00f3n<\/strong>: Liberaci\u00f3n r\u00e1pida<\/li>\n<li><strong>Material del mecanismo de liberaci\u00f3n r\u00e1pida<\/strong>: Aleaci\u00f3n de aluminio<\/li>\n<li><strong>M\u00e9todo de comunicaci\u00f3n<\/strong>: Inal\u00e1mbrico o cableado<\/li>\n<li><strong>Compatibilidad<\/strong>: Compatible con todas las bases MOZA y bases de terceros a trav\u00e9s del hub de MOZA.<\/li>\n<li><strong>Modos del encoder rotatorio<\/strong>:\n<ul>\n<li><strong>Modo incremental<\/strong>: Dos se\u00f1ales \u2013 aumento y disminuci\u00f3n.<\/li>\n<li><strong>Modo discreto<\/strong>: 12 se\u00f1ales distintas, correspondientes a sus 12 posiciones.<\/li>\n<\/ul>\n<\/li>\n<li><strong>Sistema de interfaz del display<\/strong>: Completamente personalizable con m\u00faltiples configuraciones preestablecidas.<\/li>\n<\/ul>","protected":false},"excerpt":{"rendered":"<p>Preventa exclusiva enero 2025!<br \/>\nLlega el Automobili Lamborghini Squadra Corse Essenza SCV12 Sim-Racing Steering Wheel de MOZA Racing!<br \/>\nUna r\u00e9plica oficial del volante del hiperauto Essenza SCV12 de Lamborghini, dise\u00f1ado para los verdaderos amantes de la simulaci\u00f3n y la velocidad.<\/p>\n<div style=\"width: 1920px;\" class=\"wp-video\"><!--[if lt IE 9]><script>document.createElement('video');<\/script><![endif]--><br \/>\n<video class=\"wp-video-shortcode\" id=\"video-1758-1\" width=\"1920\" height=\"1080\" preload=\"metadata\" controls=\"controls\"><source type=\"video\/mp4\" src=\"https:\/\/tmasimuladores.com.ar\/wp-content\/uploads\/2024\/10\/Tma-lamborghini-moza-wheel-FULL-2.mp4?_=1\" \/><a href=\"https:\/\/tmasimuladores.com.ar\/wp-content\/uploads\/2024\/10\/Tma-lamborghini-moza-wheel-FULL-2.mp4\">https:\/\/tmasimuladores.com.ar\/wp-content\/uploads\/2024\/10\/Tma-lamborghini-moza-wheel-FULL-2.mp4<\/a><\/video><\/div>","protected":false},"featured_media":8411,"template":"","meta":{"site-sidebar-layout":"default","site-content-layout":"","ast-site-content-layout":"default","site-content-style":"default","site-sidebar-style":"default","ast-global-header-display":"","ast-banner-title-visibility":"","ast-main-header-display":"","ast-hfb-above-header-display":"","ast-hfb-below-header-display":"","ast-hfb-mobile-header-display":"","site-post-title":"","ast-breadcrumbs-content":"","ast-featured-img":"","footer-sml-layout":"","theme-transparent-header-meta":"default","adv-header-id-meta":"","stick-header-meta":"","header-above-stick-meta":"","header-main-stick-meta":"","header-below-stick-meta":"","astra-migrate-meta-layouts":"set","ast-page-background-enabled":"default","ast-page-background-meta":{"desktop":{"background-color":"var(--ast-global-color-4)","background-image":"","background-repeat":"repeat","background-position":"center center","background-size":"auto","background-attachment":"scroll","background-type":"","background-media":"","overlay-type":"","overlay-color":"","overlay-opacity":"","overlay-gradient":""},"tablet":{"background-color":"","background-image":"","background-repeat":"repeat","background-position":"center center","background-size":"auto","background-attachment":"scroll","background-type":"","background-media":"","overlay-type":"","overlay-color":"","overlay-opacity":"","overlay-gradient":""},"mobile":{"background-color":"","background-image":"","background-repeat":"repeat","background-position":"center center","background-size":"auto","background-attachment":"scroll","background-type":"","background-media":"","overlay-type":"","overlay-color":"","overlay-opacity":"","overlay-gradient":""}},"ast-content-background-meta":{"desktop":{"background-color":"var(--ast-global-color-5)","background-image":"","background-repeat":"repeat","background-position":"center center","background-size":"auto","background-attachment":"scroll","background-type":"","background-media":"","overlay-type":"","overlay-color":"","overlay-opacity":"","overlay-gradient":""},"tablet":{"background-color":"var(--ast-global-color-5)","background-image":"","background-repeat":"repeat","background-position":"center center","background-size":"auto","background-attachment":"scroll","background-type":"","background-media":"","overlay-type":"","overlay-color":"","overlay-opacity":"","overlay-gradient":""},"mobile":{"background-color":"var(--ast-global-color-5)","background-image":"","background-repeat":"repeat","background-position":"center center","background-size":"auto","background-attachment":"scroll","background-type":"","background-media":"","overlay-type":"","overlay-color":"","overlay-opacity":"","overlay-gradient":""}}},"pwb-brand":[44],"product_brand":[],"product_cat":[35],"product_tag":[],"class_list":{"0":"post-1758","1":"product","2":"type-product","3":"status-publish","4":"has-post-thumbnail","6":"pwb-brand-moza","7":"product_cat-volante","8":"desktop-align-left","9":"tablet-align-left","10":"mobile-align-left","12":"first","13":"outofstock","14":"taxable","15":"shipping-taxable","16":"purchasable","17":"product-type-simple"},"brands":[{"id":44,"name":"MOZA","slug":"moza"}],"_links":{"self":[{"href":"https:\/\/tmasimuladores.com.ar\/en\/wp-json\/wp\/v2\/product\/1758","targetHints":{"allow":["GET"]}}],"collection":[{"href":"https:\/\/tmasimuladores.com.ar\/en\/wp-json\/wp\/v2\/product"}],"about":[{"href":"https:\/\/tmasimuladores.com.ar\/en\/wp-json\/wp\/v2\/types\/product"}],"wp:featuredmedia":[{"embeddable":true,"href":"https:\/\/tmasimuladores.com.ar\/en\/wp-json\/wp\/v2\/media\/8411"}],"wp:attachment":[{"href":"https:\/\/tmasimuladores.com.ar\/en\/wp-json\/wp\/v2\/media?parent=1758"}],"wp:term":[{"taxonomy":"pwb-brand","embeddable":true,"href":"https:\/\/tmasimuladores.com.ar\/en\/wp-json\/wp\/v2\/pwb-brand?post=1758"},{"taxonomy":"product_brand","embeddable":true,"href":"https:\/\/tmasimuladores.com.ar\/en\/wp-json\/wp\/v2\/product_brand?post=1758"},{"taxonomy":"product_cat","embeddable":true,"href":"https:\/\/tmasimuladores.com.ar\/en\/wp-json\/wp\/v2\/product_cat?post=1758"},{"taxonomy":"product_tag","embeddable":true,"href":"https:\/\/tmasimuladores.com.ar\/en\/wp-json\/wp\/v2\/product_tag?post=1758"}],"curies":[{"name":"wp","href":"https:\/\/api.w.org\/{rel}","templated":true}]}}