{"id":1438,"date":"2024-09-02T10:43:48","date_gmt":"2024-09-02T10:43:48","guid":{"rendered":"https:\/\/tmasimuladores.com.ar\/?post_type=product&#038;p=1438"},"modified":"2026-01-06T19:36:41","modified_gmt":"2026-01-06T19:36:41","slug":"tma-switch-panel-multimotor","status":"publish","type":"product","link":"https:\/\/tmasimuladores.com.ar\/en\/product\/tma-switch-panel-multimotor\/","title":{"rendered":"TMA Switch Panel Multimotor"},"content":{"rendered":"<p>Este panel est\u00e1 dise\u00f1ado para brindarte la experiencia de vuelo m\u00e1s realista con funciones esenciales como:<\/p>\n<p>-Doble magneto<br \/>\n-Starter para motor de pist\u00f3n y turbo<br \/>\n-Panel de luces<br \/>\n-Bombas de combustible<br \/>\n-Anti-ice motor 1 y 2<br \/>\n-Switch de autofeather 1 y 2<br \/>\n-Master battery switch<br \/>\n-Master ALT right &amp; left<br \/>\n-Master avionics<br \/>\n-Pitot<br \/>\n-Panel lights<\/p>\n<p>VIDEO: https:\/\/youtu.be\/29FVbpN-zNc<\/p>\n<p>\ud83d\udd27 <strong data-start=\"151\" data-end=\"208\">Producto de fabricaci\u00f3n nacional &#8211; Tiempo de entrega:<\/strong><br data-start=\"208\" data-end=\"211\" \/>Este producto es fabricado a pedido por nuestro equipo de TMA. El tiempo estimado de entrega es de <strong data-start=\"310\" data-end=\"335\">hasta 20 d\u00edas h\u00e1biles<\/strong> a partir de la confirmaci\u00f3n de la compra.<\/p>","protected":false},"excerpt":{"rendered":"<p>Este panel est\u00e1 dise\u00f1ado para brindarte la experiencia de vuelo m\u00e1s realista con funciones esenciales como: -Doble magneto -Starter para [&hellip;]<\/p>","protected":false},"featured_media":8613,"template":"","meta":{"site-sidebar-layout":"default","site-content-layout":"","ast-site-content-layout":"default","site-content-style":"default","site-sidebar-style":"default","ast-global-header-display":"","ast-banner-title-visibility":"","ast-main-header-display":"","ast-hfb-above-header-display":"","ast-hfb-below-header-display":"","ast-hfb-mobile-header-display":"","site-post-title":"","ast-breadcrumbs-content":"","ast-featured-img":"","footer-sml-layout":"","theme-transparent-header-meta":"default","adv-header-id-meta":"","stick-header-meta":"","header-above-stick-meta":"","header-main-stick-meta":"","header-below-stick-meta":"","astra-migrate-meta-layouts":"set","ast-page-background-enabled":"default","ast-page-background-meta":{"desktop":{"background-color":"var(--ast-global-color-4)","background-image":"","background-repeat":"repeat","background-position":"center center","background-size":"auto","background-attachment":"scroll","background-type":"","background-media":"","overlay-type":"","overlay-color":"","overlay-opacity":"","overlay-gradient":""},"tablet":{"background-color":"","background-image":"","background-repeat":"repeat","background-position":"center center","background-size":"auto","background-attachment":"scroll","background-type":"","background-media":"","overlay-type":"","overlay-color":"","overlay-opacity":"","overlay-gradient":""},"mobile":{"background-color":"","background-image":"","background-repeat":"repeat","background-position":"center center","background-size":"auto","background-attachment":"scroll","background-type":"","background-media":"","overlay-type":"","overlay-color":"","overlay-opacity":"","overlay-gradient":""}},"ast-content-background-meta":{"desktop":{"background-color":"var(--ast-global-color-5)","background-image":"","background-repeat":"repeat","background-position":"center center","background-size":"auto","background-attachment":"scroll","background-type":"","background-media":"","overlay-type":"","overlay-color":"","overlay-opacity":"","overlay-gradient":""},"tablet":{"background-color":"var(--ast-global-color-5)","background-image":"","background-repeat":"repeat","background-position":"center center","background-size":"auto","background-attachment":"scroll","background-type":"","background-media":"","overlay-type":"","overlay-color":"","overlay-opacity":"","overlay-gradient":""},"mobile":{"background-color":"var(--ast-global-color-5)","background-image":"","background-repeat":"repeat","background-position":"center center","background-size":"auto","background-attachment":"scroll","background-type":"","background-media":"","overlay-type":"","overlay-color":"","overlay-opacity":"","overlay-gradient":""}}},"pwb-brand":[46],"product_brand":[],"product_cat":[21],"product_tag":[61],"class_list":{"0":"post-1438","1":"product","2":"type-product","3":"status-publish","4":"has-post-thumbnail","6":"pwb-brand-tma","7":"product_cat-perifericos-de-vuelo","8":"product_tag-periferico-de-vuelo","9":"desktop-align-left","10":"tablet-align-left","11":"mobile-align-left","13":"first","14":"instock","15":"taxable","16":"shipping-taxable","17":"purchasable","18":"product-type-simple"},"brands":[{"id":46,"name":"TMA","slug":"tma"}],"_links":{"self":[{"href":"https:\/\/tmasimuladores.com.ar\/en\/wp-json\/wp\/v2\/product\/1438","targetHints":{"allow":["GET"]}}],"collection":[{"href":"https:\/\/tmasimuladores.com.ar\/en\/wp-json\/wp\/v2\/product"}],"about":[{"href":"https:\/\/tmasimuladores.com.ar\/en\/wp-json\/wp\/v2\/types\/product"}],"wp:featuredmedia":[{"embeddable":true,"href":"https:\/\/tmasimuladores.com.ar\/en\/wp-json\/wp\/v2\/media\/8613"}],"wp:attachment":[{"href":"https:\/\/tmasimuladores.com.ar\/en\/wp-json\/wp\/v2\/media?parent=1438"}],"wp:term":[{"taxonomy":"pwb-brand","embeddable":true,"href":"https:\/\/tmasimuladores.com.ar\/en\/wp-json\/wp\/v2\/pwb-brand?post=1438"},{"taxonomy":"product_brand","embeddable":true,"href":"https:\/\/tmasimuladores.com.ar\/en\/wp-json\/wp\/v2\/product_brand?post=1438"},{"taxonomy":"product_cat","embeddable":true,"href":"https:\/\/tmasimuladores.com.ar\/en\/wp-json\/wp\/v2\/product_cat?post=1438"},{"taxonomy":"product_tag","embeddable":true,"href":"https:\/\/tmasimuladores.com.ar\/en\/wp-json\/wp\/v2\/product_tag?post=1438"}],"curies":[{"name":"wp","href":"https:\/\/api.w.org\/{rel}","templated":true}]}}