{"id":10170,"date":"2026-01-30T15:51:09","date_gmt":"2026-01-30T15:51:09","guid":{"rendered":"https:\/\/tmasimuladores.com.ar\/?post_type=product&#038;p=10170"},"modified":"2026-03-13T18:26:35","modified_gmt":"2026-03-13T18:26:35","slug":"moza-mtlp-panel-entrega-10-de-marzo","status":"publish","type":"product","link":"https:\/\/tmasimuladores.com.ar\/en\/product\/moza-mtlp-panel-entrega-10-de-marzo\/","title":{"rendered":"MOZA MTLP Panel"},"content":{"rendered":"<p data-start=\"883\" data-end=\"917\">\n<h2 data-start=\"883\" data-end=\"917\"><span style=\"color: #ffffff;\">Controles de Aeronave Realistas<\/span><\/h2>\n<p data-start=\"918\" data-end=\"1193\">Dise\u00f1ado a partir del panel real del F\/A-18, el MTLP utiliza un layout de switches intuitivo que permite operar los controles al tacto, reduciendo la necesidad de mirar el panel.<br data-start=\"1096\" data-end=\"1099\" \/>Esto mejora la precisi\u00f3n y eficiencia al gestionar el tren de aterrizaje y funciones de vuelo.<\/p>\n<hr data-start=\"1195\" data-end=\"1198\" \/>\n<h2 data-start=\"1200\" data-end=\"1239\"><span style=\"color: #ffffff;\">Mecanismo Aut\u00e9ntico de Parking Brake<\/span><\/h2>\n<p data-start=\"1240\" data-end=\"1462\">MOZA establece un nuevo est\u00e1ndar con una palanca de freno de estacionamiento que replica el movimiento rotacional y el rebote de los controles reales de un caza.<br data-start=\"1401\" data-end=\"1404\" \/>Ofrece un nivel de realismo excepcional en cada operaci\u00f3n.<\/p>\n<hr data-start=\"1464\" data-end=\"1467\" \/>\n<h2 data-start=\"1469\" data-end=\"1504\"><span style=\"color: #ffffff;\">Iluminaci\u00f3n de Panel Programable<\/span><\/h2>\n<p data-start=\"1505\" data-end=\"1717\">Desde los indicadores del tren de aterrizaje hasta la iluminaci\u00f3n ambiental, el sistema reproduce din\u00e1micamente la informaci\u00f3n del simulador mediante <strong data-start=\"1655\" data-end=\"1668\">telemetry<\/strong>, aumentando la inmersi\u00f3n en cada fase del vuelo.<\/p>\n<hr data-start=\"1719\" data-end=\"1722\" \/>\n<h2 data-start=\"1724\" data-end=\"1754\"><span style=\"color: #ffffff;\">Amplias Opciones de Control<\/span><\/h2>\n<p data-start=\"1755\" data-end=\"1935\">Con <strong data-start=\"1759\" data-end=\"1798\">25 se\u00f1ales de switches programables<\/strong>, el MTLP proporciona control completo sobre funciones cr\u00edticas de la aeronave, logrando una experiencia de vuelo totalmente interactiva.<\/p>\n<hr data-start=\"1937\" data-end=\"1940\" \/>\n<h2 data-start=\"1942\" data-end=\"1985\"><span style=\"color: #ffffff;\">Ingenier\u00eda de Precisi\u00f3n con Hall Sensors<\/span><\/h2>\n<p data-start=\"1986\" data-end=\"2095\">Los sensores <strong data-start=\"1999\" data-end=\"2014\">Hall effect<\/strong> de alta precisi\u00f3n en la palanca del tren de aterrizaje y del tailhook ofrecen:<\/p>\n<ul data-start=\"2096\" data-end=\"2189\">\n<li data-start=\"2096\" data-end=\"2123\">\n<p data-start=\"2098\" data-end=\"2123\">Entrada suave y exacta.<\/p>\n<\/li>\n<li data-start=\"2124\" data-end=\"2148\">\n<p data-start=\"2126\" data-end=\"2148\">Respuesta inmediata.<\/p>\n<\/li>\n<li data-start=\"2149\" data-end=\"2189\">\n<p data-start=\"2151\" data-end=\"2189\">Larga vida \u00fatil sin desgaste mec\u00e1nico.<\/p>\n<\/li>\n<\/ul>\n<hr data-start=\"2191\" data-end=\"2194\" \/>\n<h2 data-start=\"2196\" data-end=\"2219\"><span style=\"color: #ffffff;\">Construcci\u00f3n Robusta<\/span><\/h2>\n<p data-start=\"2220\" data-end=\"2303\">Fabricado con aleaci\u00f3n de aluminio de alta resistencia en componentes clave como:<\/p>\n<ul data-start=\"2304\" data-end=\"2383\">\n<li data-start=\"2304\" data-end=\"2338\">\n<p data-start=\"2306\" data-end=\"2338\">Palanca del tren de aterrizaje<\/p>\n<\/li>\n<li data-start=\"2339\" data-end=\"2359\">\n<p data-start=\"2341\" data-end=\"2359\">Palanca de freno<\/p>\n<\/li>\n<li data-start=\"2360\" data-end=\"2383\">\n<p data-start=\"2362\" data-end=\"2383\">Palanca de tailhook<\/p>\n<\/li>\n<\/ul>\n<p data-start=\"2385\" data-end=\"2434\">Dise\u00f1ado para m\u00e1xima durabilidad y confiabilidad.<\/p>\n<hr data-start=\"2436\" data-end=\"2439\" \/>\n<h2 data-start=\"2441\" data-end=\"2466\"><span style=\"color: #ffffff;\">Compatibilidad Modular<\/span><\/h2>\n<p data-start=\"2467\" data-end=\"2606\">Se integra perfectamente con el <strong data-start=\"2499\" data-end=\"2526\">MOZA MTP Throttle Panel<\/strong>, formando un sistema completo de controles para despegue, combate y aterrizaje.<\/p>\n<hr data-start=\"2608\" data-end=\"2611\" \/>\n<h2 data-start=\"2613\" data-end=\"2646\"><span style=\"color: #ffffff;\">Software Avanzado MOZA Cockpit<\/span><\/h2>\n<p data-start=\"2647\" data-end=\"2686\">El software <strong data-start=\"2659\" data-end=\"2675\">MOZA Cockpit<\/strong> permite:<\/p>\n<ul data-start=\"2687\" data-end=\"2801\">\n<li data-start=\"2687\" data-end=\"2724\">\n<p data-start=\"2689\" data-end=\"2724\">Iluminaci\u00f3n guiada por telemetry.<\/p>\n<\/li>\n<li data-start=\"2725\" data-end=\"2761\">\n<p data-start=\"2727\" data-end=\"2761\">Configuraci\u00f3n avanzada de luces.<\/p>\n<\/li>\n<li data-start=\"2762\" data-end=\"2801\">\n<p data-start=\"2764\" data-end=\"2801\">Personalizaci\u00f3n total de funciones.<\/p>\n<\/li>\n<\/ul>\n<p data-start=\"2803\" data-end=\"2854\">Ideal para ajustar cada detalle del setup de vuelo.<\/p>\n<hr data-start=\"2856\" data-end=\"2859\" \/>\n<h2 data-start=\"2861\" data-end=\"2889\"><span style=\"color: #ffffff;\">Technical specifications<\/span><\/h2>\n<p data-start=\"2891\" data-end=\"3224\"><strong data-start=\"2891\" data-end=\"2907\">Dimensions:<\/strong> 196.5 \u00d7 134.7 \u00d7 149 mm<br data-start=\"2930\" data-end=\"2933\" \/><strong data-start=\"2933\" data-end=\"2957\">Material de carcasa:<\/strong> Materiales compuestos<br data-start=\"2979\" data-end=\"2982\" \/><strong data-start=\"2982\" data-end=\"3015\">Material de palanca de freno:<\/strong> Aluminum alloy<br data-start=\"3030\" data-end=\"3033\" \/><strong data-start=\"3033\" data-end=\"3042\">Weight:<\/strong> 680 g<br data-start=\"3048\" data-end=\"3051\" \/><strong data-start=\"3051\" data-end=\"3070\">Switch signals:<\/strong> 25<br data-start=\"3073\" data-end=\"3076\" \/><strong data-start=\"3076\" data-end=\"3099\">Telemetry lighting:<\/strong> S\u00ed (no requiere plugins adicionales)<br data-start=\"3136\" data-end=\"3139\" \/><strong data-start=\"3139\" data-end=\"3164\">Plataforma soportada:<\/strong> PC<br data-start=\"3167\" data-end=\"3170\" \/><strong data-start=\"3170\" data-end=\"3185\">Desk clamp:<\/strong> Accesorio opcional<br data-start=\"3204\" data-end=\"3207\" \/><strong data-start=\"3207\" data-end=\"3220\">Triggers:<\/strong> 2<\/p>","protected":false},"excerpt":{"rendered":"<p data-start=\"272\" data-end=\"666\">El <strong data-start=\"275\" data-end=\"294\">MOZA MTLP Panel<\/strong> es un panel multifunci\u00f3n de aterrizaje de alta fidelidad, dise\u00f1ado para control preciso y m\u00e1xima inmersi\u00f3n en simulaci\u00f3n de vuelo.<br data-start=\"425\" data-end=\"428\" \/>Basado en el panel de aterrizaje del <strong data-start=\"465\" data-end=\"475\">F\/A-18<\/strong>, incorpora un dise\u00f1o intuitivo con <strong data-start=\"511\" data-end=\"537\">25 se\u00f1ales de switches<\/strong>, una palanca de freno de estacionamiento realista y sensores <strong data-start=\"599\" data-end=\"607\">Hall<\/strong> de alta precisi\u00f3n para un funcionamiento suave y duradero.<\/p>\n<p data-start=\"668\" data-end=\"876\">Cuenta con iluminaci\u00f3n programable, indicadores guiados por <strong data-start=\"728\" data-end=\"741\">telemetry<\/strong>, y compatibilidad modular con el <strong data-start=\"775\" data-end=\"802\">MOZA MTP Throttle Panel<\/strong>, ofreciendo realismo, durabilidad y personalizaci\u00f3n de nivel profesional.<\/p>","protected":false},"featured_media":10280,"template":"","meta":{"site-sidebar-layout":"default","site-content-layout":"","ast-site-content-layout":"default","site-content-style":"default","site-sidebar-style":"default","ast-global-header-display":"","ast-banner-title-visibility":"","ast-main-header-display":"","ast-hfb-above-header-display":"","ast-hfb-below-header-display":"","ast-hfb-mobile-header-display":"","site-post-title":"","ast-breadcrumbs-content":"","ast-featured-img":"","footer-sml-layout":"","theme-transparent-header-meta":"default","adv-header-id-meta":"","stick-header-meta":"","header-above-stick-meta":"","header-main-stick-meta":"","header-below-stick-meta":"","astra-migrate-meta-layouts":"set","ast-page-background-enabled":"default","ast-page-background-meta":{"desktop":{"background-color":"var(--ast-global-color-4)","background-image":"","background-repeat":"repeat","background-position":"center center","background-size":"auto","background-attachment":"scroll","background-type":"","background-media":"","overlay-type":"","overlay-color":"","overlay-opacity":"","overlay-gradient":""},"tablet":{"background-color":"","background-image":"","background-repeat":"repeat","background-position":"center center","background-size":"auto","background-attachment":"scroll","background-type":"","background-media":"","overlay-type":"","overlay-color":"","overlay-opacity":"","overlay-gradient":""},"mobile":{"background-color":"","background-image":"","background-repeat":"repeat","background-position":"center center","background-size":"auto","background-attachment":"scroll","background-type":"","background-media":"","overlay-type":"","overlay-color":"","overlay-opacity":"","overlay-gradient":""}},"ast-content-background-meta":{"desktop":{"background-color":"var(--ast-global-color-5)","background-image":"","background-repeat":"repeat","background-position":"center center","background-size":"auto","background-attachment":"scroll","background-type":"","background-media":"","overlay-type":"","overlay-color":"","overlay-opacity":"","overlay-gradient":""},"tablet":{"background-color":"var(--ast-global-color-5)","background-image":"","background-repeat":"repeat","background-position":"center center","background-size":"auto","background-attachment":"scroll","background-type":"","background-media":"","overlay-type":"","overlay-color":"","overlay-opacity":"","overlay-gradient":""},"mobile":{"background-color":"var(--ast-global-color-5)","background-image":"","background-repeat":"repeat","background-position":"center center","background-size":"auto","background-attachment":"scroll","background-type":"","background-media":"","overlay-type":"","overlay-color":"","overlay-opacity":"","overlay-gradient":""}}},"pwb-brand":[44],"product_brand":[],"product_cat":[21],"product_tag":[61,39],"class_list":{"0":"post-10170","1":"product","2":"type-product","3":"status-publish","4":"has-post-thumbnail","6":"pwb-brand-moza","7":"product_cat-perifericos-de-vuelo","8":"product_tag-periferico-de-vuelo","9":"product_tag-simuladores-de-vuelos","10":"desktop-align-left","11":"tablet-align-left","12":"mobile-align-left","14":"first","15":"instock","16":"taxable","17":"shipping-taxable","18":"purchasable","19":"product-type-simple"},"brands":[{"id":44,"name":"MOZA","slug":"moza"}],"_links":{"self":[{"href":"https:\/\/tmasimuladores.com.ar\/en\/wp-json\/wp\/v2\/product\/10170","targetHints":{"allow":["GET"]}}],"collection":[{"href":"https:\/\/tmasimuladores.com.ar\/en\/wp-json\/wp\/v2\/product"}],"about":[{"href":"https:\/\/tmasimuladores.com.ar\/en\/wp-json\/wp\/v2\/types\/product"}],"wp:featuredmedia":[{"embeddable":true,"href":"https:\/\/tmasimuladores.com.ar\/en\/wp-json\/wp\/v2\/media\/10280"}],"wp:attachment":[{"href":"https:\/\/tmasimuladores.com.ar\/en\/wp-json\/wp\/v2\/media?parent=10170"}],"wp:term":[{"taxonomy":"pwb-brand","embeddable":true,"href":"https:\/\/tmasimuladores.com.ar\/en\/wp-json\/wp\/v2\/pwb-brand?post=10170"},{"taxonomy":"product_brand","embeddable":true,"href":"https:\/\/tmasimuladores.com.ar\/en\/wp-json\/wp\/v2\/product_brand?post=10170"},{"taxonomy":"product_cat","embeddable":true,"href":"https:\/\/tmasimuladores.com.ar\/en\/wp-json\/wp\/v2\/product_cat?post=10170"},{"taxonomy":"product_tag","embeddable":true,"href":"https:\/\/tmasimuladores.com.ar\/en\/wp-json\/wp\/v2\/product_tag?post=10170"}],"curies":[{"name":"wp","href":"https:\/\/api.w.org\/{rel}","templated":true}]}}