{"id":10160,"date":"2026-01-30T15:02:44","date_gmt":"2026-01-30T15:02:44","guid":{"rendered":"https:\/\/tmasimuladores.com.ar\/?post_type=product&#038;p=10160"},"modified":"2026-03-13T18:40:56","modified_gmt":"2026-03-13T18:40:56","slug":"moza-r12-v2-entrega-10-de-marzo","status":"publish","type":"product","link":"https:\/\/tmasimuladores.com.ar\/en\/product\/moza-r12-v2-entrega-10-de-marzo\/","title":{"rendered":"Moza R12 V2"},"content":{"rendered":"<h2 data-start=\"1013\" data-end=\"1044\"><span style=\"color: #ffffff;\">Potencia Direct Drive 12Nm<\/span><\/h2>\n<p data-start=\"1045\" data-end=\"1308\">El sistema servo <strong data-start=\"1062\" data-end=\"1087\">Direct Drive de 12 Nm<\/strong> est\u00e1 optimizado para simular autos de calle y de competici\u00f3n, reproduciendo con precisi\u00f3n la fuerza del volante real.<br data-start=\"1205\" data-end=\"1208\" \/>Proporciona feedback detallado del veh\u00edculo y de la superficie de la pista directamente a tus manos.<\/p>\n<hr data-start=\"1310\" data-end=\"1313\" \/>\n<h2 data-start=\"1315\" data-end=\"1364\"><span style=\"color: #ffffff;\">Encoder Magn\u00e9tico 21-Bit + Procesador 280MHz<\/span><\/h2>\n<ul data-start=\"1365\" data-end=\"1559\">\n<li data-start=\"1365\" data-end=\"1422\">\n<p data-start=\"1367\" data-end=\"1422\">Divide cada rotaci\u00f3n completa en <strong data-start=\"1400\" data-end=\"1419\">2.097.152 pasos<\/strong>.<\/p>\n<\/li>\n<li data-start=\"1423\" data-end=\"1467\">\n<p data-start=\"1425\" data-end=\"1467\">Resoluci\u00f3n microsc\u00f3pica de <strong data-start=\"1452\" data-end=\"1464\">0.00017\u00b0<\/strong>.<\/p>\n<\/li>\n<li data-start=\"1468\" data-end=\"1516\">\n<p data-start=\"1470\" data-end=\"1516\">Control ultra suave y respuesta instant\u00e1nea.<\/p>\n<\/li>\n<li data-start=\"1517\" data-end=\"1559\">\n<p data-start=\"1519\" data-end=\"1559\">Force feedback extremadamente detallado.<\/p>\n<\/li>\n<\/ul>\n<hr data-start=\"1561\" data-end=\"1564\" \/>\n<h2 data-start=\"1566\" data-end=\"1604\"><span style=\"color: #ffffff;\">MOZA High-Performance Servo Motor<\/span><\/h2>\n<h3 data-start=\"1605\" data-end=\"1645\"><span style=\"color: #ffffff;\">Rendimiento Racing para Sim Racing<\/span><\/h3>\n<ul data-start=\"1646\" data-end=\"1927\">\n<li data-start=\"1646\" data-end=\"1737\">\n<p data-start=\"1648\" data-end=\"1737\">Dise\u00f1o asim\u00e9trico segmentado que reduce cogging torque y vibraciones electromagn\u00e9ticas.<\/p>\n<\/li>\n<li data-start=\"1738\" data-end=\"1795\">\n<p data-start=\"1740\" data-end=\"1795\">Funcionamiento casi silencioso a cualquier velocidad.<\/p>\n<\/li>\n<li data-start=\"1796\" data-end=\"1829\">\n<p data-start=\"1798\" data-end=\"1829\">Bobinado de cobre optimizado.<\/p>\n<\/li>\n<li data-start=\"1830\" data-end=\"1872\">\n<p data-start=\"1832\" data-end=\"1872\">N\u00facleo de acero de alta permeabilidad.<\/p>\n<\/li>\n<li data-start=\"1873\" data-end=\"1927\">\n<p data-start=\"1875\" data-end=\"1927\">Imanes permanentes <strong data-start=\"1894\" data-end=\"1903\">NdFeB<\/strong> para m\u00e1xima potencia.<\/p>\n<\/li>\n<\/ul>\n<h3 data-start=\"1929\" data-end=\"1966\"><span style=\"color: #ffffff;\">Configuraci\u00f3n 18-Slot \/ 16-Pole<\/span><\/h3>\n<ul data-start=\"1967\" data-end=\"2079\">\n<li data-start=\"1967\" data-end=\"1997\">\n<p data-start=\"1969\" data-end=\"1997\">Minimiza el torque ripple.<\/p>\n<\/li>\n<li data-start=\"1998\" data-end=\"2046\">\n<p data-start=\"2000\" data-end=\"2046\">Mayor amortiguaci\u00f3n para feedback m\u00e1s suave.<\/p>\n<\/li>\n<li data-start=\"2047\" data-end=\"2079\">\n<p data-start=\"2049\" data-end=\"2079\">Direcci\u00f3n precisa y detallada.<\/p>\n<\/li>\n<\/ul>\n<h3 data-start=\"2081\" data-end=\"2109\"><span style=\"color: #ffffff;\">Amplio Rango de Torque<\/span><\/h3>\n<ul data-start=\"2110\" data-end=\"2194\">\n<li data-start=\"2110\" data-end=\"2128\">\n<p data-start=\"2112\" data-end=\"2128\">Bajo back-EMF.<\/p>\n<\/li>\n<li data-start=\"2129\" data-end=\"2162\">\n<p data-start=\"2131\" data-end=\"2162\">Torque constante a altas RPM.<\/p>\n<\/li>\n<li data-start=\"2163\" data-end=\"2194\">\n<ul data-start=\"2110\" data-end=\"2194\">\n<li data-start=\"2163\" data-end=\"2194\">\n<p data-start=\"2165\" data-end=\"2194\">Sin ca\u00eddas bruscas de fuerza.<\/p>\n<\/li>\n<\/ul>\n<hr data-start=\"2196\" data-end=\"2199\" \/>\n<h2 data-start=\"2201\" data-end=\"2240\"><span style=\"color: #ffffff;\">Rotor envuelto en Fibra de Carbono<\/span><\/h2>\n<ul data-start=\"2241\" data-end=\"2368\">\n<li data-start=\"2241\" data-end=\"2273\">\n<p data-start=\"2243\" data-end=\"2273\">Protecci\u00f3n grado automotriz.<\/p>\n<\/li>\n<li data-start=\"2274\" data-end=\"2319\">\n<p data-start=\"2276\" data-end=\"2319\">Reduce p\u00e9rdidas por corrientes par\u00e1sitas.<\/p>\n<\/li>\n<li data-start=\"2320\" data-end=\"2368\">\n<p data-start=\"2322\" data-end=\"2368\">Excelente gesti\u00f3n t\u00e9rmica para uso prolongado.<\/p>\n<\/li>\n<\/ul>\n<hr data-start=\"2370\" data-end=\"2373\" \/>\n<h2 data-start=\"2375\" data-end=\"2425\"><span style=\"color: #ffffff;\">Sistema Inteligente de Control de Temperatura<\/span><\/h2>\n<p data-start=\"2426\" data-end=\"2587\">Monitorea en tiempo real la temperatura del motor y la electr\u00f3nica, ajustando autom\u00e1ticamente el funcionamiento para mantener un rendimiento estable y confiable.<\/p>\n<hr data-start=\"2589\" data-end=\"2592\" \/>\n<h2 data-start=\"2594\" data-end=\"2641\"><span style=\"color: #ffffff;\">Construcci\u00f3n en Aluminio Grado Aeron\u00e1utico<\/span><\/h2>\n<p data-start=\"2642\" data-end=\"2758\">Carcasa completa en aluminio con pintura grado automotriz y grabado l\u00e1ser.<br data-start=\"2716\" data-end=\"2719\" \/>Acabado duradero, resistente y premium.<\/p>\n<hr data-start=\"2760\" data-end=\"2763\" \/>\n<h2 data-start=\"2765\" data-end=\"2801\"><span style=\"color: #ffffff;\">Slip Ring Conductivo Industrial<\/span><\/h2>\n<p data-start=\"2802\" data-end=\"2870\">Conexi\u00f3n entre base y volante mediante slip ring grado automotriz:<\/p>\n<ul data-start=\"2871\" data-end=\"3005\">\n<li data-start=\"2871\" data-end=\"2925\">\n<p data-start=\"2873\" data-end=\"2925\">Vida \u00fatil superior a <strong data-start=\"2894\" data-end=\"2922\">5 millones de rotaciones<\/strong>.<\/p>\n<\/li>\n<li data-start=\"2926\" data-end=\"2967\">\n<p data-start=\"2928\" data-end=\"2967\">Dise\u00f1o patentado de alta estabilidad.<\/p>\n<\/li>\n<li data-start=\"2968\" data-end=\"3005\">\n<p data-start=\"2970\" data-end=\"3005\">Rotaci\u00f3n infinita a alta velocidad.<\/p>\n<\/li>\n<\/ul>\n<hr data-start=\"3007\" data-end=\"3010\" \/>\n<h2 data-start=\"3012\" data-end=\"3058\"><span style=\"color: #ffffff;\">Control mediante App Mobile (Cloud-based)<\/span><\/h2>\n<p data-start=\"3059\" data-end=\"3108\">Con la app MOZA pod\u00e9s modificar en tiempo real:<\/p>\n<ul data-start=\"3109\" data-end=\"3214\">\n<li data-start=\"3109\" data-end=\"3127\">\n<p data-start=\"3111\" data-end=\"3127\">Force feedback<\/p>\n<\/li>\n<li data-start=\"3128\" data-end=\"3150\">\n<p data-start=\"3130\" data-end=\"3150\">Ajustes de pedales<\/p>\n<\/li>\n<li data-start=\"3151\" data-end=\"3174\">\n<p data-start=\"3153\" data-end=\"3174\">Perfiles de usuario<\/p>\n<\/li>\n<li data-start=\"3175\" data-end=\"3214\">\n<p data-start=\"3177\" data-end=\"3214\">Importaci\u00f3n r\u00e1pida de configuraciones<\/p>\n<\/li>\n<\/ul>\n<hr data-start=\"3216\" data-end=\"3219\" \/>\n<h2 data-start=\"3221\" data-end=\"3241\"><span style=\"color: #ffffff;\">Dise\u00f1o Compacto<\/span><\/h2>\n<p data-start=\"3242\" data-end=\"3449\">Motor integrado en un cuerpo compacto con patr\u00f3n est\u00e1ndar de <strong data-start=\"3303\" data-end=\"3329\">4 tornillos inferiores<\/strong>.<br data-start=\"3330\" data-end=\"3333\" \/>Compatible con la mayor\u00eda de rigs y soportes.<br data-start=\"3378\" data-end=\"3381\" \/>Puede montarse con <strong data-start=\"3400\" data-end=\"3414\">desk clamp<\/strong> (opcional) para uso en escritorio.<\/p>\n<hr data-start=\"3451\" data-end=\"3454\" \/>\n<h2 data-start=\"3456\" data-end=\"3480\"><span style=\"color: #ffffff;\">Hand-off Protection<\/span><\/h2>\n<p data-start=\"3481\" data-end=\"3556\">Sistema de seguridad que detecta cuando se sueltan las manos del volante:<\/p>\n<ul data-start=\"3557\" data-end=\"3773\">\n<li data-start=\"3557\" data-end=\"3598\">\n<p data-start=\"3559\" data-end=\"3598\">Detiene oscilaciones autom\u00e1ticamente.<\/p>\n<\/li>\n<li data-start=\"3599\" data-end=\"3637\">\n<p data-start=\"3601\" data-end=\"3637\">Centra el volante de forma segura.<\/p>\n<\/li>\n<li data-start=\"3638\" data-end=\"3718\">\n<p data-start=\"3640\" data-end=\"3718\">Incluye <strong data-start=\"3648\" data-end=\"3678\">Hand-off Protection Mode 2<\/strong>, ideal para drift sin interferencias.<\/p>\n<\/li>\n<li data-start=\"3719\" data-end=\"3773\">\n<p data-start=\"3721\" data-end=\"3773\">Mejora la velocidad de respuesta del force feedback.<\/p>\n<\/li>\n<\/ul>\n<hr data-start=\"3775\" data-end=\"3778\" \/>\n<h2 data-start=\"3780\" data-end=\"3812\"><span style=\"color: #ffffff;\">Compatibilidad de Juegos (PC)<\/span><\/h2>\n<p data-start=\"3813\" data-end=\"4270\">Assetto Corsa<br data-start=\"3826\" data-end=\"3829\" \/>Assetto Corsa Competizione<br data-start=\"3855\" data-end=\"3858\" \/>Forza Horizon 4 <em data-start=\"3874\" data-end=\"3901\">(no compatible con Steam)<\/em><br data-start=\"3901\" data-end=\"3904\" \/>Forza Horizon 5 (Windows 10)<br data-start=\"3932\" data-end=\"3935\" \/>Euro Truck Simulator 2<br data-start=\"3957\" data-end=\"3960\" \/>American Truck Simulator<br data-start=\"3984\" data-end=\"3987\" \/>RaceRoom Racing Experience<br data-start=\"4013\" data-end=\"4016\" \/>Automobilista 2<br data-start=\"4031\" data-end=\"4034\" \/>F1 2018 \u2013 2023<br data-start=\"4048\" data-end=\"4051\" \/>rFactor 2<br data-start=\"4060\" data-end=\"4063\" \/>iRacing<br data-start=\"4070\" data-end=\"4073\" \/>WRC G \/ 9 \/ 10<br data-start=\"4087\" data-end=\"4090\" \/>Dirt Rally \/ Dirt Rally 2.0 \/ Dirt 4<br data-start=\"4126\" data-end=\"4129\" \/>Wreckfest<br data-start=\"4138\" data-end=\"4141\" \/>KartKraft<br data-start=\"4150\" data-end=\"4153\" \/>CarX Drift Racing Online<br data-start=\"4177\" data-end=\"4180\" \/>MudRunner<br data-start=\"4189\" data-end=\"4192\" \/>BeamNG.drive<br data-start=\"4204\" data-end=\"4207\" \/>Project CARS 1 \/ 2 \/ 3<br data-start=\"4229\" data-end=\"4232\" \/>Richard Burns Rally<br data-start=\"4251\" data-end=\"4254\" \/>Live for Speed<\/p>\n<hr data-start=\"4272\" data-end=\"4275\" \/>\n<h2 data-start=\"4277\" data-end=\"4305\"><span style=\"color: #ffffff;\">Technical specifications<\/span><\/h2>\n<p data-start=\"4307\" data-end=\"4920\"><strong data-start=\"4307\" data-end=\"4328\">Tipo de tracci\u00f3n:<\/strong> Direct Drive<br data-start=\"4341\" data-end=\"4344\" \/><strong data-start=\"4344\" data-end=\"4364\">Rotaci\u00f3n m\u00e1xima:<\/strong> 90\u00b0 \u2013 2700\u00b0<br data-start=\"4376\" data-end=\"4379\" \/><strong data-start=\"4379\" data-end=\"4392\">Material:<\/strong> Aluminio<br data-start=\"4401\" data-end=\"4404\" \/><strong data-start=\"4404\" data-end=\"4414\">Color:<\/strong> Negro<br data-start=\"4420\" data-end=\"4423\" \/><strong data-start=\"4423\" data-end=\"4441\">Torque m\u00e1ximo:<\/strong> 12 Nm<br data-start=\"4447\" data-end=\"4450\" \/><strong data-start=\"4450\" data-end=\"4470\">Potencia m\u00e1xima:<\/strong> 216 W<br data-start=\"4476\" data-end=\"4479\" \/><strong data-start=\"4479\" data-end=\"4502\">Voltaje de entrada:<\/strong> 110V\u2013220V AC \u2192 36V DC<br data-start=\"4524\" data-end=\"4527\" \/><strong data-start=\"4527\" data-end=\"4539\">Encoder:<\/strong> 21-Bit Magnetic Encoder + 280MHz processor<br data-start=\"4582\" data-end=\"4585\" \/><strong data-start=\"4585\" data-end=\"4606\">USB Refresh Rate:<\/strong> 1000Hz<br data-start=\"4613\" data-end=\"4616\" \/><strong data-start=\"4616\" data-end=\"4624\">App:<\/strong> Soportada<br data-start=\"4634\" data-end=\"4637\" \/><strong data-start=\"4637\" data-end=\"4655\">Quick Release:<\/strong> Soportado<br data-start=\"4665\" data-end=\"4668\" \/><strong data-start=\"4668\" data-end=\"4680\">Puertos:<\/strong> Power, USB, Pedal, Dash, Shifter, Handbrake, E-stop<br data-start=\"4732\" data-end=\"4735\" \/><strong data-start=\"4735\" data-end=\"4758\">M\u00e9todo de fijaci\u00f3n:<\/strong> 4 tornillos inferiores<br data-start=\"4781\" data-end=\"4784\" \/><strong data-start=\"4784\" data-end=\"4799\">Desk Clamp:<\/strong> Opcional<br data-start=\"4808\" data-end=\"4811\" \/><strong data-start=\"4811\" data-end=\"4822\">E-stop:<\/strong> Opcional<br data-start=\"4831\" data-end=\"4834\" \/><strong data-start=\"4834\" data-end=\"4861\">Firmware update online:<\/strong> Soportado<br data-start=\"4871\" data-end=\"4874\" \/><strong data-start=\"4874\" data-end=\"4890\">Dimensions:<\/strong> 225.87 \u00d7 156.68 \u00d7 123.99 mm<\/p>\n<hr data-start=\"4922\" data-end=\"4925\" \/>\n<h2 data-start=\"4927\" data-end=\"4952\"><span style=\"color: #ffffff;\">Box contents<\/span><\/h2>\n<ul data-start=\"4953\" data-end=\"5087\">\n<li data-start=\"4953\" data-end=\"4976\">\n<p data-start=\"4955\" data-end=\"4976\">MOZA R12 Wheel Base<\/p>\n<\/li>\n<li data-start=\"4977\" data-end=\"4998\">\n<p data-start=\"4979\" data-end=\"4998\">Manual de usuario<\/p>\n<\/li>\n<li data-start=\"4999\" data-end=\"5022\">\n<p data-start=\"5001\" data-end=\"5022\">Tarjeta de garant\u00eda<\/p>\n<\/li>\n<li data-start=\"5023\" data-end=\"5049\">\n<p data-start=\"5025\" data-end=\"5049\">Fuente de alimentaci\u00f3n<\/p>\n<\/li>\n<li data-start=\"5050\" data-end=\"5063\">\n<p data-start=\"5052\" data-end=\"5063\">Cable USB<\/p>\n<\/li>\n<li data-start=\"5064\" data-end=\"5087\">\n<p data-start=\"5066\" data-end=\"5087\">Kit de herramientas<\/p>\n<\/li>\n<\/ul>\n<p data-start=\"2165\" data-end=\"2194\">\n<\/li>\n<\/ul>","protected":false},"excerpt":{"rendered":"<p data-start=\"292\" data-end=\"578\">La <strong data-start=\"295\" data-end=\"310\">MOZA R12 V2<\/strong> es una wheel base <strong data-start=\"329\" data-end=\"353\">Direct Drive de 12Nm<\/strong> dise\u00f1ada para sim racing profesional. Incorpora un <strong data-start=\"405\" data-end=\"437\">encoder magn\u00e9tico de 21 bits<\/strong>, un <strong data-start=\"442\" data-end=\"477\">servo motor de alto rendimiento<\/strong>, y un <strong data-start=\"484\" data-end=\"522\">rotor envuelto en fibra de carbono<\/strong>, logrando una respuesta precisa, potente y consistente.<\/p>\n<p data-start=\"580\" data-end=\"874\">Compatible con <strong data-start=\"595\" data-end=\"609\">NexGen 4.0<\/strong> e <strong data-start=\"612\" data-end=\"629\">iRacing 360Hz<\/strong>, ofrece un force feedback detallado y realista. Su sistema de <strong data-start=\"692\" data-end=\"730\">control inteligente de temperatura<\/strong> garantiza estabilidad incluso en sesiones prolongadas, mientras que su estructura en <strong data-start=\"816\" data-end=\"846\">aluminio grado aeron\u00e1utico<\/strong> asegura m\u00e1xima durabilidad.<\/p>\n<p data-start=\"876\" data-end=\"1006\">Incluye orificios frontales para instalaci\u00f3n de bracket opcional y se configura en tiempo real mediante la app <strong data-start=\"987\" data-end=\"1005\">MOZA Pit House<\/strong>.<\/p>","protected":false},"featured_media":10161,"template":"","meta":{"site-sidebar-layout":"default","site-content-layout":"","ast-site-content-layout":"default","site-content-style":"default","site-sidebar-style":"default","ast-global-header-display":"","ast-banner-title-visibility":"","ast-main-header-display":"","ast-hfb-above-header-display":"","ast-hfb-below-header-display":"","ast-hfb-mobile-header-display":"","site-post-title":"","ast-breadcrumbs-content":"","ast-featured-img":"","footer-sml-layout":"","theme-transparent-header-meta":"default","adv-header-id-meta":"","stick-header-meta":"","header-above-stick-meta":"","header-main-stick-meta":"","header-below-stick-meta":"","astra-migrate-meta-layouts":"set","ast-page-background-enabled":"default","ast-page-background-meta":{"desktop":{"background-color":"var(--ast-global-color-4)","background-image":"","background-repeat":"repeat","background-position":"center center","background-size":"auto","background-attachment":"scroll","background-type":"","background-media":"","overlay-type":"","overlay-color":"","overlay-opacity":"","overlay-gradient":""},"tablet":{"background-color":"","background-image":"","background-repeat":"repeat","background-position":"center center","background-size":"auto","background-attachment":"scroll","background-type":"","background-media":"","overlay-type":"","overlay-color":"","overlay-opacity":"","overlay-gradient":""},"mobile":{"background-color":"","background-image":"","background-repeat":"repeat","background-position":"center center","background-size":"auto","background-attachment":"scroll","background-type":"","background-media":"","overlay-type":"","overlay-color":"","overlay-opacity":"","overlay-gradient":""}},"ast-content-background-meta":{"desktop":{"background-color":"var(--ast-global-color-5)","background-image":"","background-repeat":"repeat","background-position":"center center","background-size":"auto","background-attachment":"scroll","background-type":"","background-media":"","overlay-type":"","overlay-color":"","overlay-opacity":"","overlay-gradient":""},"tablet":{"background-color":"var(--ast-global-color-5)","background-image":"","background-repeat":"repeat","background-position":"center center","background-size":"auto","background-attachment":"scroll","background-type":"","background-media":"","overlay-type":"","overlay-color":"","overlay-opacity":"","overlay-gradient":""},"mobile":{"background-color":"var(--ast-global-color-5)","background-image":"","background-repeat":"repeat","background-position":"center center","background-size":"auto","background-attachment":"scroll","background-type":"","background-media":"","overlay-type":"","overlay-color":"","overlay-opacity":"","overlay-gradient":""}}},"pwb-brand":[44],"product_brand":[],"product_cat":[47],"product_tag":[40],"class_list":{"0":"post-10160","1":"product","2":"type-product","3":"status-publish","4":"has-post-thumbnail","6":"pwb-brand-moza","7":"product_cat-bases-direct-drive","8":"product_tag-simuladores-de-carreras","9":"desktop-align-left","10":"tablet-align-left","11":"mobile-align-left","13":"first","14":"instock","15":"taxable","16":"shipping-taxable","17":"purchasable","18":"product-type-simple"},"brands":[{"id":44,"name":"MOZA","slug":"moza"}],"_links":{"self":[{"href":"https:\/\/tmasimuladores.com.ar\/en\/wp-json\/wp\/v2\/product\/10160","targetHints":{"allow":["GET"]}}],"collection":[{"href":"https:\/\/tmasimuladores.com.ar\/en\/wp-json\/wp\/v2\/product"}],"about":[{"href":"https:\/\/tmasimuladores.com.ar\/en\/wp-json\/wp\/v2\/types\/product"}],"wp:featuredmedia":[{"embeddable":true,"href":"https:\/\/tmasimuladores.com.ar\/en\/wp-json\/wp\/v2\/media\/10161"}],"wp:attachment":[{"href":"https:\/\/tmasimuladores.com.ar\/en\/wp-json\/wp\/v2\/media?parent=10160"}],"wp:term":[{"taxonomy":"pwb-brand","embeddable":true,"href":"https:\/\/tmasimuladores.com.ar\/en\/wp-json\/wp\/v2\/pwb-brand?post=10160"},{"taxonomy":"product_brand","embeddable":true,"href":"https:\/\/tmasimuladores.com.ar\/en\/wp-json\/wp\/v2\/product_brand?post=10160"},{"taxonomy":"product_cat","embeddable":true,"href":"https:\/\/tmasimuladores.com.ar\/en\/wp-json\/wp\/v2\/product_cat?post=10160"},{"taxonomy":"product_tag","embeddable":true,"href":"https:\/\/tmasimuladores.com.ar\/en\/wp-json\/wp\/v2\/product_tag?post=10160"}],"curies":[{"name":"wp","href":"https:\/\/api.w.org\/{rel}","templated":true}]}}