{"id":10046,"date":"2026-01-23T18:29:29","date_gmt":"2026-01-23T18:29:29","guid":{"rendered":"https:\/\/tmasimuladores.com.ar\/?post_type=product&#038;p=10046"},"modified":"2026-01-23T18:43:23","modified_gmt":"2026-01-23T18:43:23","slug":"simulador-tma-f-16-fighting-falcon","status":"publish","type":"product","link":"https:\/\/tmasimuladores.com.ar\/en\/product\/simulador-tma-f-16-fighting-falcon\/","title":{"rendered":"SIMULADOR TMA F-16 FIGHTING FALCON"},"content":{"rendered":"<h3 data-start=\"1007\" data-end=\"1042\"><span style=\"color: #ffffff;\"><strong data-start=\"1011\" data-end=\"1042\">Caracter\u00edsticas Principales<\/strong><\/span><\/h3>\n<p data-start=\"1044\" data-end=\"1072\"><strong data-start=\"1047\" data-end=\"1072\">Mockup de Cabina F-16<\/strong><\/p>\n<ul data-start=\"1073\" data-end=\"1293\">\n<li data-start=\"1073\" data-end=\"1102\">\n<p data-start=\"1075\" data-end=\"1102\">Cabina f\u00edsica a escala real<\/p>\n<\/li>\n<li data-start=\"1103\" data-end=\"1157\">\n<p data-start=\"1105\" data-end=\"1157\">Disposici\u00f3n de controles e instrumentos fiel al F-16<\/p>\n<\/li>\n<li data-start=\"1158\" data-end=\"1238\">\n<p data-start=\"1160\" data-end=\"1238\">Ideal para entrenamiento de procedimientos normales, anormales y de emergencia<\/p>\n<\/li>\n<li data-start=\"1239\" data-end=\"1293\">\n<p data-start=\"1241\" data-end=\"1293\">Enfoque en memoria muscular y conciencia situacional<\/p>\n<\/li>\n<\/ul>\n<p data-start=\"1295\" data-end=\"1331\"><strong data-start=\"1298\" data-end=\"1331\">Plataforma de Movimiento 6DOF<\/strong><\/p>\n<ul data-start=\"1332\" data-end=\"1520\">\n<li data-start=\"1332\" data-end=\"1389\">\n<p data-start=\"1334\" data-end=\"1389\">Movimiento en <strong data-start=\"1348\" data-end=\"1389\">pitch, roll, yaw, surge, sway y heave<\/strong><\/p>\n<\/li>\n<li data-start=\"1390\" data-end=\"1462\">\n<p data-start=\"1392\" data-end=\"1462\">Simulaci\u00f3n realista de maniobras, aceleraciones y condiciones de vuelo<\/p>\n<\/li>\n<li data-start=\"1463\" data-end=\"1520\">\n<p data-start=\"1465\" data-end=\"1520\">Refuerza la percepci\u00f3n espacial y el realismo operativo<\/p>\n<\/li>\n<\/ul>\n<p data-start=\"1522\" data-end=\"1577\"><strong data-start=\"1525\" data-end=\"1577\">Entrenamiento Inmersivo en Realidad Virtual (VR)<\/strong><\/p>\n<ul data-start=\"1578\" data-end=\"1735\">\n<li data-start=\"1578\" data-end=\"1630\">\n<p data-start=\"1580\" data-end=\"1630\">Escenarios de combate y misi\u00f3n altamente realistas<\/p>\n<\/li>\n<li data-start=\"1631\" data-end=\"1688\">\n<p data-start=\"1633\" data-end=\"1688\">Mayor inmersi\u00f3n visual y reducci\u00f3n de costos operativos<\/p>\n<\/li>\n<li data-start=\"1689\" data-end=\"1735\">\n<p data-start=\"1691\" data-end=\"1735\">Ideal para entrenamiento individual o guiado<\/p>\n<\/li>\n<\/ul>\n<p data-start=\"1737\" data-end=\"1768\"><strong data-start=\"1740\" data-end=\"1768\">Simulaci\u00f3n de Alto Nivel<\/strong><\/p>\n<ul data-start=\"1769\" data-end=\"1919\">\n<li data-start=\"1769\" data-end=\"1836\">\n<p data-start=\"1771\" data-end=\"1836\">Modelado avanzado de vuelo, sistemas y comportamiento aeron\u00e1utico<\/p>\n<\/li>\n<li data-start=\"1837\" data-end=\"1891\">\n<p data-start=\"1839\" data-end=\"1891\">Reproducci\u00f3n de misiones Aire-Aire y Aire-Superficie<\/p>\n<\/li>\n<li data-start=\"1892\" data-end=\"1919\">\n<p data-start=\"1894\" data-end=\"1919\">Escenarios VFR y t\u00e1cticos<\/p>\n<\/li>\n<\/ul>\n<hr data-start=\"1921\" data-end=\"1924\" \/>\n<h3 data-start=\"1926\" data-end=\"1963\"><span style=\"color: #ffffff;\"><strong data-start=\"1930\" data-end=\"1963\">Aplicaciones de Entrenamiento<\/strong><\/span><\/h3>\n<p data-start=\"1965\" data-end=\"2171\">\u2714\ufe0f Transici\u00f3n inicial al F-16<br data-start=\"1994\" data-end=\"1997\" \/>\u2714\ufe0f Entrenamiento t\u00e1ctico b\u00e1sico<br data-start=\"2028\" data-end=\"2031\" \/>\u2714\ufe0f Pr\u00e1ctica de procedimientos operativos<br data-start=\"2071\" data-end=\"2074\" \/>\u2714\ufe0f Simulaci\u00f3n de emergencias y fallas<br data-start=\"2111\" data-end=\"2114\" \/>\u2714\ufe0f Refuerzo de toma de decisiones en entornos complejos<\/p>\n<p data-start=\"2173\" data-end=\"2285\">Todo en un <strong data-start=\"2184\" data-end=\"2239\">entorno seguro, controlado y sin riesgos operativos<\/strong>, optimizando tiempos y costos de instrucci\u00f3n.<\/p>\n<hr data-start=\"2287\" data-end=\"2290\" \/>\n<h3 data-start=\"2292\" data-end=\"2335\"><span style=\"color: #ffffff;\"><strong data-start=\"2296\" data-end=\"2335\">Soluci\u00f3n Escalable y Personalizable<\/strong><\/span><\/h3>\n<p data-start=\"2337\" data-end=\"2412\">El simulador F-16 de TMA puede adaptarse seg\u00fan las necesidades del cliente:<\/p>\n<ul data-start=\"2414\" data-end=\"2576\">\n<li data-start=\"2414\" data-end=\"2444\">\n<p data-start=\"2416\" data-end=\"2444\">Configuraci\u00f3n fija o m\u00f3vil<\/p>\n<\/li>\n<li data-start=\"2445\" data-end=\"2486\">\n<p data-start=\"2447\" data-end=\"2486\">Integraci\u00f3n con puestos de instructor<\/p>\n<\/li>\n<li data-start=\"2487\" data-end=\"2531\">\n<p data-start=\"2489\" data-end=\"2531\">Personalizaci\u00f3n de escenarios y misiones<\/p>\n<\/li>\n<li data-start=\"2532\" data-end=\"2576\">\n<p data-start=\"2534\" data-end=\"2576\">Ampliaci\u00f3n futura de hardware y software<\/p>\n<\/li>\n<\/ul>\n<hr data-start=\"2578\" data-end=\"2581\" \/>\n<h3 data-start=\"2583\" data-end=\"2623\"><span style=\"color: #ffffff;\"><strong data-start=\"2587\" data-end=\"2623\">Desarrollado por TMA SIMULADORES<\/strong><\/span><\/h3>","protected":false},"excerpt":{"rendered":"<h3 data-start=\"393\" data-end=\"451\"><strong data-start=\"397\" data-end=\"451\">Mockup F-16 con Plataforma 6DOF y Realidad Virtual<\/strong><\/h3>\n<p data-start=\"453\" data-end=\"769\">El <strong data-start=\"456\" data-end=\"493\">Simulador F-16 de TMA Simuladores<\/strong> es una soluci\u00f3n de entrenamiento avanzado dise\u00f1ada para recrear con m\u00e1ximo realismo la operaci\u00f3n del <strong data-start=\"595\" data-end=\"619\">F-16 Fighting Falcon<\/strong>, combinando <strong data-start=\"632\" data-end=\"659\">mockup f\u00edsico de cabina<\/strong>, <strong data-start=\"661\" data-end=\"717\">plataforma de movimiento 6 grados de libertad (6DOF)<\/strong> y <strong data-start=\"720\" data-end=\"768\">entornos inmersivos en Realidad Virtual (VR)<\/strong>.<\/p>\n<p data-start=\"771\" data-end=\"1000\">Desarrollado para entrenamiento t\u00e1ctico, transici\u00f3n operativa y pr\u00e1ctica de procedimientos, este sistema permite una experiencia altamente inmersiva y segura, alineada a est\u00e1ndares profesionales de instrucci\u00f3n militar y avanzada.<\/p>","protected":false},"featured_media":10047,"template":"","meta":{"site-sidebar-layout":"default","site-content-layout":"","ast-site-content-layout":"default","site-content-style":"default","site-sidebar-style":"default","ast-global-header-display":"","ast-banner-title-visibility":"","ast-main-header-display":"","ast-hfb-above-header-display":"","ast-hfb-below-header-display":"","ast-hfb-mobile-header-display":"","site-post-title":"","ast-breadcrumbs-content":"","ast-featured-img":"","footer-sml-layout":"","theme-transparent-header-meta":"default","adv-header-id-meta":"","stick-header-meta":"","header-above-stick-meta":"","header-main-stick-meta":"","header-below-stick-meta":"","astra-migrate-meta-layouts":"set","ast-page-background-enabled":"default","ast-page-background-meta":{"desktop":{"background-color":"var(--ast-global-color-4)","background-image":"","background-repeat":"repeat","background-position":"center center","background-size":"auto","background-attachment":"scroll","background-type":"","background-media":"","overlay-type":"","overlay-color":"","overlay-opacity":"","overlay-gradient":""},"tablet":{"background-color":"","background-image":"","background-repeat":"repeat","background-position":"center center","background-size":"auto","background-attachment":"scroll","background-type":"","background-media":"","overlay-type":"","overlay-color":"","overlay-opacity":"","overlay-gradient":""},"mobile":{"background-color":"","background-image":"","background-repeat":"repeat","background-position":"center center","background-size":"auto","background-attachment":"scroll","background-type":"","background-media":"","overlay-type":"","overlay-color":"","overlay-opacity":"","overlay-gradient":""}},"ast-content-background-meta":{"desktop":{"background-color":"var(--ast-global-color-5)","background-image":"","background-repeat":"repeat","background-position":"center center","background-size":"auto","background-attachment":"scroll","background-type":"","background-media":"","overlay-type":"","overlay-color":"","overlay-opacity":"","overlay-gradient":""},"tablet":{"background-color":"var(--ast-global-color-5)","background-image":"","background-repeat":"repeat","background-position":"center center","background-size":"auto","background-attachment":"scroll","background-type":"","background-media":"","overlay-type":"","overlay-color":"","overlay-opacity":"","overlay-gradient":""},"mobile":{"background-color":"var(--ast-global-color-5)","background-image":"","background-repeat":"repeat","background-position":"center center","background-size":"auto","background-attachment":"scroll","background-type":"","background-media":"","overlay-type":"","overlay-color":"","overlay-opacity":"","overlay-gradient":""}}},"pwb-brand":[46],"product_brand":[],"product_cat":[58],"product_tag":[39],"class_list":{"0":"post-10046","1":"product","2":"type-product","3":"status-publish","4":"has-post-thumbnail","6":"pwb-brand-tma","7":"product_cat-simulador-de-vuelo","8":"product_tag-simuladores-de-vuelos","9":"desktop-align-left","10":"tablet-align-left","11":"mobile-align-left","13":"first","14":"onbackorder","15":"taxable","16":"shipping-taxable","17":"product-type-simple"},"brands":[{"id":46,"name":"TMA","slug":"tma"}],"_links":{"self":[{"href":"https:\/\/tmasimuladores.com.ar\/en\/wp-json\/wp\/v2\/product\/10046","targetHints":{"allow":["GET"]}}],"collection":[{"href":"https:\/\/tmasimuladores.com.ar\/en\/wp-json\/wp\/v2\/product"}],"about":[{"href":"https:\/\/tmasimuladores.com.ar\/en\/wp-json\/wp\/v2\/types\/product"}],"wp:featuredmedia":[{"embeddable":true,"href":"https:\/\/tmasimuladores.com.ar\/en\/wp-json\/wp\/v2\/media\/10047"}],"wp:attachment":[{"href":"https:\/\/tmasimuladores.com.ar\/en\/wp-json\/wp\/v2\/media?parent=10046"}],"wp:term":[{"taxonomy":"pwb-brand","embeddable":true,"href":"https:\/\/tmasimuladores.com.ar\/en\/wp-json\/wp\/v2\/pwb-brand?post=10046"},{"taxonomy":"product_brand","embeddable":true,"href":"https:\/\/tmasimuladores.com.ar\/en\/wp-json\/wp\/v2\/product_brand?post=10046"},{"taxonomy":"product_cat","embeddable":true,"href":"https:\/\/tmasimuladores.com.ar\/en\/wp-json\/wp\/v2\/product_cat?post=10046"},{"taxonomy":"product_tag","embeddable":true,"href":"https:\/\/tmasimuladores.com.ar\/en\/wp-json\/wp\/v2\/product_tag?post=10046"}],"curies":[{"name":"wp","href":"https:\/\/api.w.org\/{rel}","templated":true}]}}